{"id":118360,"date":"2025-02-15T16:54:51","date_gmt":"2025-02-15T16:54:51","guid":{"rendered":"https:\/\/kinamihealth.com\/product\/fillmed-art-filler-lips-soft-with-lidocaine\/"},"modified":"2025-11-22T18:09:57","modified_gmt":"2025-11-22T18:09:57","slug":"fillmed-art-filler-lips-soft-with-lidocaine","status":"publish","type":"product","link":"https:\/\/kinamihealth.com\/hu\/termek\/fillmed-art-filler-lips-soft-with-lidocaine\/","title":{"rendered":"FILLMED\u00ae ART FILLER\u00ae LIPS SOFT lidokainnal"},"content":{"rendered":"<p><span style=\"font-weight: 400;\">A Fillmed Art Filler Lips Soft lidokainnal egy k\u00e1pr\u00e1zatos term\u00e9k a <\/span><b>speci\u00e1lis derm\u00e1lis t\u00f6lt\u0151anyagok<\/b><span style=\"font-weight: 400;\"> sor\u00e1ban, amelyeket term\u00e9szetes ajakn\u00f6vel\u00e9sre terveztek. Ez az egyed\u00fcl\u00e1ll\u00f3 term\u00e9k hat\u00e9konyan alkalmazhat\u00f3 a v\u00f6r\u00f6s ajak (vermilion border) \u00e9s a feh\u00e9r ajak ter\u00fclet\u00e9n is, hogy maxim\u00e1lisan<\/span><b> fokozza <\/b><span style=\"font-weight: 400;\">az ajkak <\/span><b>puhas\u00e1g\u00e1t \u00e9s feszess\u00e9g\u00e9t.<\/b><\/p>\n","protected":false},"excerpt":{"rendered":"<p>A Fillmed Art Filler Lips Soft lidokainnal egy k\u00e1pr\u00e1zatos term\u00e9k a speci\u00e1lis derm\u00e1lis t\u00f6lt\u0151anyagok sor\u00e1ban, amelyeket term\u00e9szetes ajakn\u00f6vel\u00e9sre terveztek. Ez az egyed\u00fcl\u00e1ll\u00f3 term\u00e9k hat\u00e9konyan alkalmazhat\u00f3 a v\u00f6r\u00f6s ajak (vermilion border) \u00e9s a feh\u00e9r ajak ter\u00fclet\u00e9n is, hogy maxim\u00e1lisan fokozza az ajkak puhas\u00e1g\u00e1t \u00e9s feszess\u00e9g\u00e9t.<\/p>\n","protected":false},"featured_media":118364,"comment_status":"closed","ping_status":"closed","template":"","meta":{"_acf_changed":false,"inline_featured_image":false},"product_brand":[2214],"product_cat":[2997,3002],"product_tag":[2979],"class_list":{"0":"post-118360","1":"product","2":"type-product","3":"status-publish","4":"has-post-thumbnail","6":"product_brand-fillmed","7":"product_cat-dermalis-toltoanyagok","8":"product_cat-ha-borfeltoltok","9":"product_tag-orvostechnikai-eszkozok","11":"first","12":"instock","13":"taxable","14":"shipping-taxable","15":"purchasable","16":"product-type-simple","17":"add-to-wishlist-before_image"},"acf":[],"yoast_head":"<!-- This site is optimized with the Yoast SEO plugin v27.3 - https:\/\/yoast.com\/product\/yoast-seo-wordpress\/ -->\n<title>Fillmed Art Filler Lips Soft ajakfelt\u00f6lt\u0151 lidokainnal Online v\u00e1s\u00e1rl\u00e1s<\/title>\n<meta name=\"description\" content=\"V\u00e1s\u00e1roljon Fillmed Art Filler Soft Lips Lips Lidocainnal Online \u00e9s legyen teljesen term\u00e9szetes, sima \u00e9s rugalmas r\u00f3zsasz\u00edn \u00e9s feh\u00e9r ajka.\" \/>\n<meta name=\"robots\" content=\"index, follow, max-snippet:-1, max-image-preview:large, max-video-preview:-1\" \/>\n<link rel=\"canonical\" href=\"https:\/\/kinamihealth.com\/hu\/wp-json\/wp\/v2\/product\/118360\" \/>\n<meta property=\"og:locale\" content=\"hu_HU\" \/>\n<meta property=\"og:type\" content=\"article\" \/>\n<meta property=\"og:title\" content=\"Fillmed Art Filler Lips Soft ajakfelt\u00f6lt\u0151 lidokainnal Online v\u00e1s\u00e1rl\u00e1s\" \/>\n<meta property=\"og:description\" content=\"V\u00e1s\u00e1roljon Fillmed Art Filler Soft Lips Lips Lidocainnal Online \u00e9s legyen teljesen term\u00e9szetes, sima \u00e9s rugalmas r\u00f3zsasz\u00edn \u00e9s feh\u00e9r ajka.\" \/>\n<meta property=\"og:url\" content=\"https:\/\/kinamihealth.com\/hu\/termek\/fillmed-art-filler-lips-soft-with-lidocaine\/\" \/>\n<meta property=\"og:site_name\" content=\"Kinami Health\" \/>\n<meta property=\"article:modified_time\" content=\"2025-11-22T18:09:57+00:00\" \/>\n<meta property=\"og:image\" content=\"https:\/\/kinamihealth.com\/wp-content\/uploads\/2025\/02\/FILLMED-ARTFILLER-LIPSSOFT-01.jpg\" \/>\n\t<meta property=\"og:image:width\" content=\"800\" \/>\n\t<meta property=\"og:image:height\" content=\"800\" \/>\n\t<meta property=\"og:image:type\" content=\"image\/jpeg\" \/>\n<meta name=\"twitter:card\" content=\"summary_large_image\" \/>\n<meta name=\"twitter:label1\" content=\"Becs\u00fclt olvas\u00e1si id\u0151\" \/>\n\t<meta name=\"twitter:data1\" content=\"1 perc\" \/>\n<!-- \/ Yoast SEO plugin. -->","yoast_head_json":{"title":"Fillmed Art Filler Lips Soft ajakfelt\u00f6lt\u0151 lidokainnal Online v\u00e1s\u00e1rl\u00e1s","description":"V\u00e1s\u00e1roljon Fillmed Art Filler Soft Lips Lips Lidocainnal Online \u00e9s legyen teljesen term\u00e9szetes, sima \u00e9s rugalmas r\u00f3zsasz\u00edn \u00e9s feh\u00e9r ajka.","robots":{"index":"index","follow":"follow","max-snippet":"max-snippet:-1","max-image-preview":"max-image-preview:large","max-video-preview":"max-video-preview:-1"},"canonical":"https:\/\/kinamihealth.com\/hu\/wp-json\/wp\/v2\/product\/118360","og_locale":"hu_HU","og_type":"article","og_title":"Fillmed Art Filler Lips Soft ajakfelt\u00f6lt\u0151 lidokainnal Online v\u00e1s\u00e1rl\u00e1s","og_description":"V\u00e1s\u00e1roljon Fillmed Art Filler Soft Lips Lips Lidocainnal Online \u00e9s legyen teljesen term\u00e9szetes, sima \u00e9s rugalmas r\u00f3zsasz\u00edn \u00e9s feh\u00e9r ajka.","og_url":"https:\/\/kinamihealth.com\/hu\/termek\/fillmed-art-filler-lips-soft-with-lidocaine\/","og_site_name":"Kinami Health","article_modified_time":"2025-11-22T18:09:57+00:00","og_image":[{"width":800,"height":800,"url":"https:\/\/kinamihealth.com\/wp-content\/uploads\/2025\/02\/FILLMED-ARTFILLER-LIPSSOFT-01.jpg","type":"image\/jpeg"}],"twitter_card":"summary_large_image","twitter_misc":{"Becs\u00fclt olvas\u00e1si id\u0151":"1 perc"},"schema":{"@context":"https:\/\/schema.org","@graph":[{"@type":"WebPage","@id":"https:\/\/kinamihealth.com\/hu\/termek\/fillmed-art-filler-lips-soft-with-lidocaine\/","url":"https:\/\/kinamihealth.com\/hu\/termek\/fillmed-art-filler-lips-soft-with-lidocaine\/","name":"Fillmed Art Filler Lips Soft ajakfelt\u00f6lt\u0151 lidokainnal Online v\u00e1s\u00e1rl\u00e1s","isPartOf":{"@id":"https:\/\/kinamihealth.com\/#website"},"primaryImageOfPage":{"@id":"https:\/\/kinamihealth.com\/hu\/termek\/fillmed-art-filler-lips-soft-with-lidocaine\/#primaryimage"},"image":{"@id":"https:\/\/kinamihealth.com\/hu\/termek\/fillmed-art-filler-lips-soft-with-lidocaine\/#primaryimage"},"thumbnailUrl":"https:\/\/kinamihealth.com\/wp-content\/uploads\/2025\/02\/FILLMED-ARTFILLER-LIPSSOFT-01.jpg","datePublished":"2025-02-15T16:54:51+00:00","dateModified":"2025-11-22T18:09:57+00:00","description":"V\u00e1s\u00e1roljon Fillmed Art Filler Soft Lips Lips Lidocainnal Online \u00e9s legyen teljesen term\u00e9szetes, sima \u00e9s rugalmas r\u00f3zsasz\u00edn \u00e9s feh\u00e9r ajka.","breadcrumb":{"@id":"https:\/\/kinamihealth.com\/hu\/termek\/fillmed-art-filler-lips-soft-with-lidocaine\/#breadcrumb"},"inLanguage":"hu","potentialAction":[{"@type":"ReadAction","target":["https:\/\/kinamihealth.com\/hu\/termek\/fillmed-art-filler-lips-soft-with-lidocaine\/"]}]},{"@type":"ImageObject","inLanguage":"hu","@id":"https:\/\/kinamihealth.com\/hu\/termek\/fillmed-art-filler-lips-soft-with-lidocaine\/#primaryimage","url":"https:\/\/kinamihealth.com\/wp-content\/uploads\/2025\/02\/FILLMED-ARTFILLER-LIPSSOFT-01.jpg","contentUrl":"https:\/\/kinamihealth.com\/wp-content\/uploads\/2025\/02\/FILLMED-ARTFILLER-LIPSSOFT-01.jpg","width":800,"height":800},{"@type":"BreadcrumbList","@id":"https:\/\/kinamihealth.com\/hu\/termek\/fillmed-art-filler-lips-soft-with-lidocaine\/#breadcrumb","itemListElement":[{"@type":"ListItem","position":1,"name":"Kezd\u0151lap","item":"https:\/\/kinamihealth.com\/"},{"@type":"ListItem","position":2,"name":"Bolt","item":"https:\/\/kinamihealth.com\/shop\/"},{"@type":"ListItem","position":3,"name":"FILLMED\u00ae ART FILLER\u00ae LIPS SOFT lidokainnal"}]},{"@type":"WebSite","@id":"https:\/\/kinamihealth.com\/#website","url":"https:\/\/kinamihealth.com\/","name":"Kinami Health","description":"","publisher":{"@id":"https:\/\/kinamihealth.com\/#organization"},"potentialAction":[{"@type":"SearchAction","target":{"@type":"EntryPoint","urlTemplate":"https:\/\/kinamihealth.com\/?s={search_term_string}"},"query-input":{"@type":"PropertyValueSpecification","valueRequired":true,"valueName":"search_term_string"}}],"inLanguage":"hu"},{"@type":"Organization","@id":"https:\/\/kinamihealth.com\/#organization","name":"Kinami Health","url":"https:\/\/kinamihealth.com\/","logo":{"@type":"ImageObject","inLanguage":"hu","@id":"https:\/\/kinamihealth.com\/#\/schema\/logo\/image\/","url":"https:\/\/kinamihealth.com\/wp-content\/uploads\/2025\/01\/KH_logo_black_2-1.png","contentUrl":"https:\/\/kinamihealth.com\/wp-content\/uploads\/2025\/01\/KH_logo_black_2-1.png","width":339,"height":34,"caption":"Kinami Health"},"image":{"@id":"https:\/\/kinamihealth.com\/#\/schema\/logo\/image\/"}}]}},"_links":{"self":[{"href":"https:\/\/kinamihealth.com\/hu\/wp-json\/wp\/v2\/product\/118360","targetHints":{"allow":["GET"]}}],"collection":[{"href":"https:\/\/kinamihealth.com\/hu\/wp-json\/wp\/v2\/product"}],"about":[{"href":"https:\/\/kinamihealth.com\/hu\/wp-json\/wp\/v2\/types\/product"}],"replies":[{"embeddable":true,"href":"https:\/\/kinamihealth.com\/hu\/wp-json\/wp\/v2\/comments?post=118360"}],"version-history":[{"count":0,"href":"https:\/\/kinamihealth.com\/hu\/wp-json\/wp\/v2\/product\/118360\/revisions"}],"wp:featuredmedia":[{"embeddable":true,"href":"https:\/\/kinamihealth.com\/hu\/wp-json\/wp\/v2\/media\/118364"}],"wp:attachment":[{"href":"https:\/\/kinamihealth.com\/hu\/wp-json\/wp\/v2\/media?parent=118360"}],"wp:term":[{"taxonomy":"product_brand","embeddable":true,"href":"https:\/\/kinamihealth.com\/hu\/wp-json\/wp\/v2\/product_brand?post=118360"},{"taxonomy":"product_cat","embeddable":true,"href":"https:\/\/kinamihealth.com\/hu\/wp-json\/wp\/v2\/product_cat?post=118360"},{"taxonomy":"product_tag","embeddable":true,"href":"https:\/\/kinamihealth.com\/hu\/wp-json\/wp\/v2\/product_tag?post=118360"}],"curies":[{"name":"wp","href":"https:\/\/api.w.org\/{rel}","templated":true}]}}