{"id":118355,"date":"2025-02-15T16:54:51","date_gmt":"2025-02-15T16:54:51","guid":{"rendered":"https:\/\/kinamihealth.com\/product\/fillmed-art-filler-fine-lines-with-lidocaine\/"},"modified":"2025-11-22T17:49:33","modified_gmt":"2025-11-22T17:49:33","slug":"fillmed-art-filler-fine-lines-with-lidocaine","status":"publish","type":"product","link":"https:\/\/kinamihealth.com\/hu\/termek\/fillmed-art-filler-fine-lines-with-lidocaine\/","title":{"rendered":"FILLMED\u00ae ART FILLER FINE LINES lidokainnal"},"content":{"rendered":"<p><span style=\"font-weight: 400;\">A FILLMED ART FILLER FINE LINES lidokainnal egy fejlett \u00e9s <\/span><b>kiv\u00e1l\u00f3an \u00f6ssze\u00e1ll\u00edtott hialuronsav g\u00e9l<\/b><span style=\"font-weight: 400;\">, amely elk\u00e9peszt\u0151 hat\u00e1st gyakorol a b\u0151r vonalainak kiegyenl\u00edt\u00e9s\u00e9re. Sokoldal\u00fa \u00e9s professzion\u00e1lisan \u00f6ssze\u00e1ll\u00edtott term\u00e9k, amelynek c\u00e9lja a finom r\u00e1ncok kezel\u00e9se \u00e9s az \u00f6reged\u00e9s f\u00e1raszt\u00f3 jeleinek elt\u00fcntet\u00e9se.<\/span><\/p>\n","protected":false},"excerpt":{"rendered":"<p>A FILLMED ART FILLER FINE LINES lidokainnal egy fejlett \u00e9s kiv\u00e1l\u00f3an \u00f6ssze\u00e1ll\u00edtott hialuronsav g\u00e9l, amely elk\u00e9peszt\u0151 hat\u00e1st gyakorol a b\u0151r vonalainak kiegyenl\u00edt\u00e9s\u00e9re. Sokoldal\u00fa \u00e9s professzion\u00e1lisan \u00f6ssze\u00e1ll\u00edtott term\u00e9k, amelynek c\u00e9lja a finom r\u00e1ncok kezel\u00e9se \u00e9s az \u00f6reged\u00e9s f\u00e1raszt\u00f3 jeleinek elt\u00fcntet\u00e9se.<\/p>\n","protected":false},"featured_media":118359,"comment_status":"closed","ping_status":"closed","template":"","meta":{"_acf_changed":false,"inline_featured_image":false},"product_brand":[2214],"product_cat":[2997,3002],"product_tag":[2979],"class_list":{"0":"post-118355","1":"product","2":"type-product","3":"status-publish","4":"has-post-thumbnail","6":"product_brand-fillmed","7":"product_cat-dermalis-toltoanyagok","8":"product_cat-ha-borfeltoltok","9":"product_tag-orvostechnikai-eszkozok","11":"first","12":"instock","13":"taxable","14":"shipping-taxable","15":"purchasable","16":"product-type-simple","17":"add-to-wishlist-before_image"},"acf":[],"yoast_head":"<!-- This site is optimized with the Yoast SEO plugin v27.3 - https:\/\/yoast.com\/product\/yoast-seo-wordpress\/ -->\n<title>V\u00e1s\u00e1roljon FILLMED ART FILLER FINE LINES lidokainnal online<\/title>\n<meta name=\"description\" content=\"V\u00e1s\u00e1roljon FILLMED ART FILLER FINE LINES lidokainnal a k\u00fcl\u00f6nb\u00f6z\u0151 ter\u00fcleteken megjelen\u0151 r\u00e1ncok kezel\u00e9s\u00e9re \u00e9s a fel\u00fcleti red\u0151k k\u00f6nnyed elt\u00fcntet\u00e9s\u00e9re\" \/>\n<meta name=\"robots\" content=\"index, follow, max-snippet:-1, max-image-preview:large, max-video-preview:-1\" \/>\n<link rel=\"canonical\" href=\"https:\/\/kinamihealth.com\/hu\/wp-json\/wp\/v2\/product\/118355\" \/>\n<meta property=\"og:locale\" content=\"hu_HU\" \/>\n<meta property=\"og:type\" content=\"article\" \/>\n<meta property=\"og:title\" content=\"V\u00e1s\u00e1roljon FILLMED ART FILLER FINE LINES lidokainnal online\" \/>\n<meta property=\"og:description\" content=\"V\u00e1s\u00e1roljon FILLMED ART FILLER FINE LINES lidokainnal a k\u00fcl\u00f6nb\u00f6z\u0151 ter\u00fcleteken megjelen\u0151 r\u00e1ncok kezel\u00e9s\u00e9re \u00e9s a fel\u00fcleti red\u0151k k\u00f6nnyed elt\u00fcntet\u00e9s\u00e9re\" \/>\n<meta property=\"og:url\" content=\"https:\/\/kinamihealth.com\/hu\/termek\/fillmed-art-filler-fine-lines-with-lidocaine\/\" \/>\n<meta property=\"og:site_name\" content=\"Kinami Health\" \/>\n<meta property=\"article:modified_time\" content=\"2025-11-22T17:49:33+00:00\" \/>\n<meta property=\"og:image\" content=\"https:\/\/kinamihealth.com\/wp-content\/uploads\/2025\/02\/FILLMED-ARTFILLER-FINELINES-01.jpg\" \/>\n\t<meta property=\"og:image:width\" content=\"800\" \/>\n\t<meta property=\"og:image:height\" content=\"800\" \/>\n\t<meta property=\"og:image:type\" content=\"image\/jpeg\" \/>\n<meta name=\"twitter:card\" content=\"summary_large_image\" \/>\n<meta name=\"twitter:label1\" content=\"Becs\u00fclt olvas\u00e1si id\u0151\" \/>\n\t<meta name=\"twitter:data1\" content=\"1 perc\" \/>\n<!-- \/ Yoast SEO plugin. -->","yoast_head_json":{"title":"V\u00e1s\u00e1roljon FILLMED ART FILLER FINE LINES lidokainnal online","description":"V\u00e1s\u00e1roljon FILLMED ART FILLER FINE LINES lidokainnal a k\u00fcl\u00f6nb\u00f6z\u0151 ter\u00fcleteken megjelen\u0151 r\u00e1ncok kezel\u00e9s\u00e9re \u00e9s a fel\u00fcleti red\u0151k k\u00f6nnyed elt\u00fcntet\u00e9s\u00e9re","robots":{"index":"index","follow":"follow","max-snippet":"max-snippet:-1","max-image-preview":"max-image-preview:large","max-video-preview":"max-video-preview:-1"},"canonical":"https:\/\/kinamihealth.com\/hu\/wp-json\/wp\/v2\/product\/118355","og_locale":"hu_HU","og_type":"article","og_title":"V\u00e1s\u00e1roljon FILLMED ART FILLER FINE LINES lidokainnal online","og_description":"V\u00e1s\u00e1roljon FILLMED ART FILLER FINE LINES lidokainnal a k\u00fcl\u00f6nb\u00f6z\u0151 ter\u00fcleteken megjelen\u0151 r\u00e1ncok kezel\u00e9s\u00e9re \u00e9s a fel\u00fcleti red\u0151k k\u00f6nnyed elt\u00fcntet\u00e9s\u00e9re","og_url":"https:\/\/kinamihealth.com\/hu\/termek\/fillmed-art-filler-fine-lines-with-lidocaine\/","og_site_name":"Kinami Health","article_modified_time":"2025-11-22T17:49:33+00:00","og_image":[{"width":800,"height":800,"url":"https:\/\/kinamihealth.com\/wp-content\/uploads\/2025\/02\/FILLMED-ARTFILLER-FINELINES-01.jpg","type":"image\/jpeg"}],"twitter_card":"summary_large_image","twitter_misc":{"Becs\u00fclt olvas\u00e1si id\u0151":"1 perc"},"schema":{"@context":"https:\/\/schema.org","@graph":[{"@type":"WebPage","@id":"https:\/\/kinamihealth.com\/hu\/termek\/fillmed-art-filler-fine-lines-with-lidocaine\/","url":"https:\/\/kinamihealth.com\/hu\/termek\/fillmed-art-filler-fine-lines-with-lidocaine\/","name":"V\u00e1s\u00e1roljon FILLMED ART FILLER FINE LINES lidokainnal online","isPartOf":{"@id":"https:\/\/kinamihealth.com\/#website"},"primaryImageOfPage":{"@id":"https:\/\/kinamihealth.com\/hu\/termek\/fillmed-art-filler-fine-lines-with-lidocaine\/#primaryimage"},"image":{"@id":"https:\/\/kinamihealth.com\/hu\/termek\/fillmed-art-filler-fine-lines-with-lidocaine\/#primaryimage"},"thumbnailUrl":"https:\/\/kinamihealth.com\/wp-content\/uploads\/2025\/02\/FILLMED-ARTFILLER-FINELINES-01.jpg","datePublished":"2025-02-15T16:54:51+00:00","dateModified":"2025-11-22T17:49:33+00:00","description":"V\u00e1s\u00e1roljon FILLMED ART FILLER FINE LINES lidokainnal a k\u00fcl\u00f6nb\u00f6z\u0151 ter\u00fcleteken megjelen\u0151 r\u00e1ncok kezel\u00e9s\u00e9re \u00e9s a fel\u00fcleti red\u0151k k\u00f6nnyed elt\u00fcntet\u00e9s\u00e9re","breadcrumb":{"@id":"https:\/\/kinamihealth.com\/hu\/termek\/fillmed-art-filler-fine-lines-with-lidocaine\/#breadcrumb"},"inLanguage":"hu","potentialAction":[{"@type":"ReadAction","target":["https:\/\/kinamihealth.com\/hu\/termek\/fillmed-art-filler-fine-lines-with-lidocaine\/"]}]},{"@type":"ImageObject","inLanguage":"hu","@id":"https:\/\/kinamihealth.com\/hu\/termek\/fillmed-art-filler-fine-lines-with-lidocaine\/#primaryimage","url":"https:\/\/kinamihealth.com\/wp-content\/uploads\/2025\/02\/FILLMED-ARTFILLER-FINELINES-01.jpg","contentUrl":"https:\/\/kinamihealth.com\/wp-content\/uploads\/2025\/02\/FILLMED-ARTFILLER-FINELINES-01.jpg","width":800,"height":800},{"@type":"BreadcrumbList","@id":"https:\/\/kinamihealth.com\/hu\/termek\/fillmed-art-filler-fine-lines-with-lidocaine\/#breadcrumb","itemListElement":[{"@type":"ListItem","position":1,"name":"Kezd\u0151lap","item":"https:\/\/kinamihealth.com\/"},{"@type":"ListItem","position":2,"name":"Bolt","item":"https:\/\/kinamihealth.com\/shop\/"},{"@type":"ListItem","position":3,"name":"FILLMED\u00ae ART FILLER FINE LINES lidokainnal"}]},{"@type":"WebSite","@id":"https:\/\/kinamihealth.com\/#website","url":"https:\/\/kinamihealth.com\/","name":"Kinami Health","description":"","publisher":{"@id":"https:\/\/kinamihealth.com\/#organization"},"potentialAction":[{"@type":"SearchAction","target":{"@type":"EntryPoint","urlTemplate":"https:\/\/kinamihealth.com\/?s={search_term_string}"},"query-input":{"@type":"PropertyValueSpecification","valueRequired":true,"valueName":"search_term_string"}}],"inLanguage":"hu"},{"@type":"Organization","@id":"https:\/\/kinamihealth.com\/#organization","name":"Kinami Health","url":"https:\/\/kinamihealth.com\/","logo":{"@type":"ImageObject","inLanguage":"hu","@id":"https:\/\/kinamihealth.com\/#\/schema\/logo\/image\/","url":"https:\/\/kinamihealth.com\/wp-content\/uploads\/2025\/01\/KH_logo_black_2-1.png","contentUrl":"https:\/\/kinamihealth.com\/wp-content\/uploads\/2025\/01\/KH_logo_black_2-1.png","width":339,"height":34,"caption":"Kinami Health"},"image":{"@id":"https:\/\/kinamihealth.com\/#\/schema\/logo\/image\/"}}]}},"_links":{"self":[{"href":"https:\/\/kinamihealth.com\/hu\/wp-json\/wp\/v2\/product\/118355","targetHints":{"allow":["GET"]}}],"collection":[{"href":"https:\/\/kinamihealth.com\/hu\/wp-json\/wp\/v2\/product"}],"about":[{"href":"https:\/\/kinamihealth.com\/hu\/wp-json\/wp\/v2\/types\/product"}],"replies":[{"embeddable":true,"href":"https:\/\/kinamihealth.com\/hu\/wp-json\/wp\/v2\/comments?post=118355"}],"version-history":[{"count":0,"href":"https:\/\/kinamihealth.com\/hu\/wp-json\/wp\/v2\/product\/118355\/revisions"}],"wp:featuredmedia":[{"embeddable":true,"href":"https:\/\/kinamihealth.com\/hu\/wp-json\/wp\/v2\/media\/118359"}],"wp:attachment":[{"href":"https:\/\/kinamihealth.com\/hu\/wp-json\/wp\/v2\/media?parent=118355"}],"wp:term":[{"taxonomy":"product_brand","embeddable":true,"href":"https:\/\/kinamihealth.com\/hu\/wp-json\/wp\/v2\/product_brand?post=118355"},{"taxonomy":"product_cat","embeddable":true,"href":"https:\/\/kinamihealth.com\/hu\/wp-json\/wp\/v2\/product_cat?post=118355"},{"taxonomy":"product_tag","embeddable":true,"href":"https:\/\/kinamihealth.com\/hu\/wp-json\/wp\/v2\/product_tag?post=118355"}],"curies":[{"name":"wp","href":"https:\/\/api.w.org\/{rel}","templated":true}]}}