{"id":118353,"date":"2025-02-15T16:54:50","date_gmt":"2025-02-15T16:54:50","guid":{"rendered":"https:\/\/kinamihealth.com\/product\/mediderma-ferulac-valencia-peel\/"},"modified":"2025-11-23T15:39:19","modified_gmt":"2025-11-23T15:39:19","slug":"mediderma-ferulac-valencia-peel","status":"publish","type":"product","link":"https:\/\/kinamihealth.com\/hu\/termek\/mediderma-ferulac-valencia-peel\/","title":{"rendered":"MEDIDERMA\u00ae FERULAC VALENCIA PEEL"},"content":{"rendered":"<p><span style=\"font-weight: 400;\">A FERULAC VALENCIA PEEL 50 ml egy hat\u00e9kony \u00e9s<\/span><b> sokoldal\u00fa k\u00e9miai h\u00e1mlaszt\u00f3,<\/b><span style=\"font-weight: 400;\"> amelyet a Mediderma fejlesztett ki pigment\u00e1ci\u00f3s probl\u00e9m\u00e1k \u00e9s egy\u00e9b, \u00e9letkorral \u00f6sszef\u00fcgg\u0151 b\u0151rhib\u00e1k kezel\u00e9s\u00e9re. A term\u00e9ket fejlett formul\u00e1j\u00e1val kifejezetten az arc, a nyak \u00e9s a k\u00e9zfej ter\u00fcleteire tervezt\u00e9k. A speci\u00e1lis nanoszemcs\u00e9s \u00f6sszetev\u0151k r\u00e9v\u00e9n ez a h\u00e1mlaszt\u00f3 rendk\u00edv\u00fcl hat\u00e9konyan ind\u00edtja be a b\u0151r meg\u00fajul\u00e1si \u00e9s regener\u00e1ci\u00f3s folyamatait. <\/span><b>Rendeljen Mediderma term\u00e9keket online<\/b><span style=\"font-weight: 400;\">, hogy \u00fcgyfeleinek kiz\u00e1r\u00f3lag a legkiv\u00e1l\u00f3bb b\u0151r\u00e1pol\u00e1si term\u00e9keket k\u00edn\u00e1lhassa.<\/span><\/p>\n","protected":false},"excerpt":{"rendered":"<p>A FERULAC VALENCIA PEEL 50 ml egy hat\u00e9kony \u00e9s sokoldal\u00fa k\u00e9miai h\u00e1mlaszt\u00f3, amelyet a Mediderma fejlesztett ki pigment\u00e1ci\u00f3s probl\u00e9m\u00e1k \u00e9s egy\u00e9b, \u00e9letkorral \u00f6sszef\u00fcgg\u0151 b\u0151rhib\u00e1k kezel\u00e9s\u00e9re. A term\u00e9ket fejlett formul\u00e1j\u00e1val kifejezetten az arc, a nyak \u00e9s a k\u00e9zfej ter\u00fcleteire tervezt\u00e9k. A speci\u00e1lis nanoszemcs\u00e9s \u00f6sszetev\u0151k r\u00e9v\u00e9n ez a h\u00e1mlaszt\u00f3 rendk\u00edv\u00fcl hat\u00e9konyan ind\u00edtja be a b\u0151r meg\u00fajul\u00e1si \u00e9s [&hellip;]<\/p>\n","protected":false},"featured_media":118354,"comment_status":"closed","ping_status":"closed","template":"","meta":{"_acf_changed":false,"inline_featured_image":false},"product_brand":[2846],"product_cat":[2994],"product_tag":[2979],"class_list":{"0":"post-118353","1":"product","2":"type-product","3":"status-publish","4":"has-post-thumbnail","6":"product_brand-mediderma","7":"product_cat-hamlasztok-es-maszkok","8":"product_tag-orvostechnikai-eszkozok","10":"first","11":"instock","12":"taxable","13":"shipping-taxable","14":"purchasable","15":"product-type-simple","16":"add-to-wishlist-before_image"},"acf":[],"yoast_head":"<!-- This site is optimized with the Yoast SEO plugin v27.3 - https:\/\/yoast.com\/product\/yoast-seo-wordpress\/ -->\n<title>FERULAC VALENCIA PEEL 50ml online megv\u00e1s\u00e1rl\u00e1sa<\/title>\n<meta name=\"description\" content=\"V\u00e1s\u00e1roljon FERULAC VALENCIA PEEL 50ml online \u00e9s cs\u00f6kkentse a b\u0151r elsz\u00ednez\u0151d\u00e9s\u00e9t, a napfoltok jeleit, a melaszm\u00e1t \u00e9s a f\u00e9ny\u00f6reged\u00e9s jeleit az arcon, nyakon \u00e9s k\u00e9zen.\" \/>\n<meta name=\"robots\" content=\"index, follow, max-snippet:-1, max-image-preview:large, max-video-preview:-1\" \/>\n<link rel=\"canonical\" href=\"https:\/\/kinamihealth.com\/hu\/wp-json\/wp\/v2\/product\/118353\" \/>\n<meta property=\"og:locale\" content=\"hu_HU\" \/>\n<meta property=\"og:type\" content=\"article\" \/>\n<meta property=\"og:title\" content=\"FERULAC VALENCIA PEEL 50ml online megv\u00e1s\u00e1rl\u00e1sa\" \/>\n<meta property=\"og:description\" content=\"V\u00e1s\u00e1roljon FERULAC VALENCIA PEEL 50ml online \u00e9s cs\u00f6kkentse a b\u0151r elsz\u00ednez\u0151d\u00e9s\u00e9t, a napfoltok jeleit, a melaszm\u00e1t \u00e9s a f\u00e9ny\u00f6reged\u00e9s jeleit az arcon, nyakon \u00e9s k\u00e9zen.\" \/>\n<meta property=\"og:url\" content=\"https:\/\/kinamihealth.com\/hu\/termek\/mediderma-ferulac-valencia-peel\/\" \/>\n<meta property=\"og:site_name\" content=\"Kinami Health\" \/>\n<meta property=\"article:modified_time\" content=\"2025-11-23T15:39:19+00:00\" \/>\n<meta property=\"og:image\" content=\"https:\/\/kinamihealth.com\/wp-content\/uploads\/2025\/02\/MEDIDERMA-FERULAC-VALENCIA-PEEL-01.jpg\" \/>\n\t<meta property=\"og:image:width\" content=\"800\" \/>\n\t<meta property=\"og:image:height\" content=\"800\" \/>\n\t<meta property=\"og:image:type\" content=\"image\/jpeg\" \/>\n<meta name=\"twitter:card\" content=\"summary_large_image\" \/>\n<meta name=\"twitter:label1\" content=\"Becs\u00fclt olvas\u00e1si id\u0151\" \/>\n\t<meta name=\"twitter:data1\" content=\"1 perc\" \/>\n<!-- \/ Yoast SEO plugin. -->","yoast_head_json":{"title":"FERULAC VALENCIA PEEL 50ml online megv\u00e1s\u00e1rl\u00e1sa","description":"V\u00e1s\u00e1roljon FERULAC VALENCIA PEEL 50ml online \u00e9s cs\u00f6kkentse a b\u0151r elsz\u00ednez\u0151d\u00e9s\u00e9t, a napfoltok jeleit, a melaszm\u00e1t \u00e9s a f\u00e9ny\u00f6reged\u00e9s jeleit az arcon, nyakon \u00e9s k\u00e9zen.","robots":{"index":"index","follow":"follow","max-snippet":"max-snippet:-1","max-image-preview":"max-image-preview:large","max-video-preview":"max-video-preview:-1"},"canonical":"https:\/\/kinamihealth.com\/hu\/wp-json\/wp\/v2\/product\/118353","og_locale":"hu_HU","og_type":"article","og_title":"FERULAC VALENCIA PEEL 50ml online megv\u00e1s\u00e1rl\u00e1sa","og_description":"V\u00e1s\u00e1roljon FERULAC VALENCIA PEEL 50ml online \u00e9s cs\u00f6kkentse a b\u0151r elsz\u00ednez\u0151d\u00e9s\u00e9t, a napfoltok jeleit, a melaszm\u00e1t \u00e9s a f\u00e9ny\u00f6reged\u00e9s jeleit az arcon, nyakon \u00e9s k\u00e9zen.","og_url":"https:\/\/kinamihealth.com\/hu\/termek\/mediderma-ferulac-valencia-peel\/","og_site_name":"Kinami Health","article_modified_time":"2025-11-23T15:39:19+00:00","og_image":[{"width":800,"height":800,"url":"https:\/\/kinamihealth.com\/wp-content\/uploads\/2025\/02\/MEDIDERMA-FERULAC-VALENCIA-PEEL-01.jpg","type":"image\/jpeg"}],"twitter_card":"summary_large_image","twitter_misc":{"Becs\u00fclt olvas\u00e1si id\u0151":"1 perc"},"schema":{"@context":"https:\/\/schema.org","@graph":[{"@type":"WebPage","@id":"https:\/\/kinamihealth.com\/hu\/termek\/mediderma-ferulac-valencia-peel\/","url":"https:\/\/kinamihealth.com\/hu\/termek\/mediderma-ferulac-valencia-peel\/","name":"FERULAC VALENCIA PEEL 50ml online megv\u00e1s\u00e1rl\u00e1sa","isPartOf":{"@id":"https:\/\/kinamihealth.com\/#website"},"primaryImageOfPage":{"@id":"https:\/\/kinamihealth.com\/hu\/termek\/mediderma-ferulac-valencia-peel\/#primaryimage"},"image":{"@id":"https:\/\/kinamihealth.com\/hu\/termek\/mediderma-ferulac-valencia-peel\/#primaryimage"},"thumbnailUrl":"https:\/\/kinamihealth.com\/wp-content\/uploads\/2025\/02\/MEDIDERMA-FERULAC-VALENCIA-PEEL-01.jpg","datePublished":"2025-02-15T16:54:50+00:00","dateModified":"2025-11-23T15:39:19+00:00","description":"V\u00e1s\u00e1roljon FERULAC VALENCIA PEEL 50ml online \u00e9s cs\u00f6kkentse a b\u0151r elsz\u00ednez\u0151d\u00e9s\u00e9t, a napfoltok jeleit, a melaszm\u00e1t \u00e9s a f\u00e9ny\u00f6reged\u00e9s jeleit az arcon, nyakon \u00e9s k\u00e9zen.","breadcrumb":{"@id":"https:\/\/kinamihealth.com\/hu\/termek\/mediderma-ferulac-valencia-peel\/#breadcrumb"},"inLanguage":"hu","potentialAction":[{"@type":"ReadAction","target":["https:\/\/kinamihealth.com\/hu\/termek\/mediderma-ferulac-valencia-peel\/"]}]},{"@type":"ImageObject","inLanguage":"hu","@id":"https:\/\/kinamihealth.com\/hu\/termek\/mediderma-ferulac-valencia-peel\/#primaryimage","url":"https:\/\/kinamihealth.com\/wp-content\/uploads\/2025\/02\/MEDIDERMA-FERULAC-VALENCIA-PEEL-01.jpg","contentUrl":"https:\/\/kinamihealth.com\/wp-content\/uploads\/2025\/02\/MEDIDERMA-FERULAC-VALENCIA-PEEL-01.jpg","width":800,"height":800},{"@type":"BreadcrumbList","@id":"https:\/\/kinamihealth.com\/hu\/termek\/mediderma-ferulac-valencia-peel\/#breadcrumb","itemListElement":[{"@type":"ListItem","position":1,"name":"Kezd\u0151lap","item":"https:\/\/kinamihealth.com\/"},{"@type":"ListItem","position":2,"name":"Bolt","item":"https:\/\/kinamihealth.com\/shop\/"},{"@type":"ListItem","position":3,"name":"MEDIDERMA\u00ae FERULAC VALENCIA PEEL"}]},{"@type":"WebSite","@id":"https:\/\/kinamihealth.com\/#website","url":"https:\/\/kinamihealth.com\/","name":"Kinami Health","description":"","publisher":{"@id":"https:\/\/kinamihealth.com\/#organization"},"potentialAction":[{"@type":"SearchAction","target":{"@type":"EntryPoint","urlTemplate":"https:\/\/kinamihealth.com\/?s={search_term_string}"},"query-input":{"@type":"PropertyValueSpecification","valueRequired":true,"valueName":"search_term_string"}}],"inLanguage":"hu"},{"@type":"Organization","@id":"https:\/\/kinamihealth.com\/#organization","name":"Kinami Health","url":"https:\/\/kinamihealth.com\/","logo":{"@type":"ImageObject","inLanguage":"hu","@id":"https:\/\/kinamihealth.com\/#\/schema\/logo\/image\/","url":"https:\/\/kinamihealth.com\/wp-content\/uploads\/2025\/01\/KH_logo_black_2-1.png","contentUrl":"https:\/\/kinamihealth.com\/wp-content\/uploads\/2025\/01\/KH_logo_black_2-1.png","width":339,"height":34,"caption":"Kinami Health"},"image":{"@id":"https:\/\/kinamihealth.com\/#\/schema\/logo\/image\/"}}]}},"_links":{"self":[{"href":"https:\/\/kinamihealth.com\/hu\/wp-json\/wp\/v2\/product\/118353","targetHints":{"allow":["GET"]}}],"collection":[{"href":"https:\/\/kinamihealth.com\/hu\/wp-json\/wp\/v2\/product"}],"about":[{"href":"https:\/\/kinamihealth.com\/hu\/wp-json\/wp\/v2\/types\/product"}],"replies":[{"embeddable":true,"href":"https:\/\/kinamihealth.com\/hu\/wp-json\/wp\/v2\/comments?post=118353"}],"version-history":[{"count":0,"href":"https:\/\/kinamihealth.com\/hu\/wp-json\/wp\/v2\/product\/118353\/revisions"}],"wp:featuredmedia":[{"embeddable":true,"href":"https:\/\/kinamihealth.com\/hu\/wp-json\/wp\/v2\/media\/118354"}],"wp:attachment":[{"href":"https:\/\/kinamihealth.com\/hu\/wp-json\/wp\/v2\/media?parent=118353"}],"wp:term":[{"taxonomy":"product_brand","embeddable":true,"href":"https:\/\/kinamihealth.com\/hu\/wp-json\/wp\/v2\/product_brand?post=118353"},{"taxonomy":"product_cat","embeddable":true,"href":"https:\/\/kinamihealth.com\/hu\/wp-json\/wp\/v2\/product_cat?post=118353"},{"taxonomy":"product_tag","embeddable":true,"href":"https:\/\/kinamihealth.com\/hu\/wp-json\/wp\/v2\/product_tag?post=118353"}],"curies":[{"name":"wp","href":"https:\/\/api.w.org\/{rel}","templated":true}]}}