{"id":118351,"date":"2025-02-15T16:54:49","date_gmt":"2025-02-15T16:54:49","guid":{"rendered":"https:\/\/kinamihealth.com\/product\/mediderma-ferulac-peel-classic\/"},"modified":"2025-11-23T16:07:12","modified_gmt":"2025-11-23T16:07:12","slug":"mediderma-ferulac-peel-classic","status":"publish","type":"product","link":"https:\/\/kinamihealth.com\/hu\/termek\/mediderma-ferulac-peel-classic\/","title":{"rendered":"MEDIDERMA\u00ae FERULAC PEEL CLASSIC"},"content":{"rendered":"<p><span style=\"font-weight: 400;\">A FERULAC PEEL CLASSIC 60ml egy mesterien kifejlesztett k\u00e9miai h\u00e1mlaszt\u00f3 megold\u00e1s, amely a Ferulic savb\u00f3l \u00e9s a Phloretinb\u0151l sz\u00e1rmazik, hogy <\/span><b>elt\u00fcntesse a<\/b><span style=\"font-weight: 400;\"> hiperpigment\u00e1ci\u00f3val kapcsolatos <\/span><b>b\u0151rprobl\u00e9m\u00e1kat<\/b><span style=\"font-weight: 400;\">. Ezt a fejlett term\u00e9ket \u00fagy tervezt\u00e9k, hogy megel\u0151zze \u00e9s cs\u00f6kkentse az elsz\u00ednez\u0151d\u00e9seket a j\u00f6v\u0151ben, \u00e9s <\/span><b>tiszta \u00e9s ragyog\u00f3 b\u0151rt biztos\u00edtson<\/b><span style=\"font-weight: 400;\">.<\/span><\/p>\n","protected":false},"excerpt":{"rendered":"<p>A FERULAC PEEL CLASSIC 60ml egy mesterien kifejlesztett k\u00e9miai h\u00e1mlaszt\u00f3 megold\u00e1s, amely a Ferulic savb\u00f3l \u00e9s a Phloretinb\u0151l sz\u00e1rmazik, hogy elt\u00fcntesse a hiperpigment\u00e1ci\u00f3val kapcsolatos b\u0151rprobl\u00e9m\u00e1kat. Ezt a fejlett term\u00e9ket \u00fagy tervezt\u00e9k, hogy megel\u0151zze \u00e9s cs\u00f6kkentse az elsz\u00ednez\u0151d\u00e9seket a j\u00f6v\u0151ben, \u00e9s tiszta \u00e9s ragyog\u00f3 b\u0151rt biztos\u00edtson.<\/p>\n","protected":false},"featured_media":118352,"comment_status":"closed","ping_status":"closed","template":"","meta":{"_acf_changed":false,"inline_featured_image":false},"product_brand":[2846],"product_cat":[2994],"product_tag":[2979],"class_list":{"0":"post-118351","1":"product","2":"type-product","3":"status-publish","4":"has-post-thumbnail","6":"product_brand-mediderma","7":"product_cat-hamlasztok-es-maszkok","8":"product_tag-orvostechnikai-eszkozok","10":"first","11":"instock","12":"taxable","13":"shipping-taxable","14":"purchasable","15":"product-type-simple","16":"add-to-wishlist-before_image"},"acf":[],"yoast_head":"<!-- This site is optimized with the Yoast SEO plugin v27.4 - https:\/\/yoast.com\/product\/yoast-seo-wordpress\/ -->\n<title>FERULAC PEEL CLASSIC 60ml online megv\u00e1s\u00e1rl\u00e1sa.<\/title>\n<meta name=\"description\" content=\"V\u00e1s\u00e1roljon FERULAC PEEL CLASSIC 60ml online \u00e9s tiszt\u00edtsa meg a f\u00e9ny\u00f6reged\u00e9s, a napfoltok \u00e9s a hiperpigment\u00e1ci\u00f3 okozta b\u0151rbetegs\u00e9geket, emelje fel \u00e9s fiatal\u00edtsa meg a b\u0151rt.\" \/>\n<meta name=\"robots\" content=\"index, follow, max-snippet:-1, max-image-preview:large, max-video-preview:-1\" \/>\n<link rel=\"canonical\" href=\"https:\/\/kinamihealth.com\/hu\/wp-json\/wp\/v2\/product\/118351\" \/>\n<meta property=\"og:locale\" content=\"hu_HU\" \/>\n<meta property=\"og:type\" content=\"article\" \/>\n<meta property=\"og:title\" content=\"FERULAC PEEL CLASSIC 60ml online megv\u00e1s\u00e1rl\u00e1sa.\" \/>\n<meta property=\"og:description\" content=\"V\u00e1s\u00e1roljon FERULAC PEEL CLASSIC 60ml online \u00e9s tiszt\u00edtsa meg a f\u00e9ny\u00f6reged\u00e9s, a napfoltok \u00e9s a hiperpigment\u00e1ci\u00f3 okozta b\u0151rbetegs\u00e9geket, emelje fel \u00e9s fiatal\u00edtsa meg a b\u0151rt.\" \/>\n<meta property=\"og:url\" content=\"https:\/\/kinamihealth.com\/hu\/termek\/mediderma-ferulac-peel-classic\/\" \/>\n<meta property=\"og:site_name\" content=\"Kinami Health\" \/>\n<meta property=\"article:modified_time\" content=\"2025-11-23T16:07:12+00:00\" \/>\n<meta property=\"og:image\" content=\"https:\/\/kinamihealth.com\/wp-content\/uploads\/2025\/02\/MEDIDERMA-FERULAC-PEEL-CLASSIC-01.jpg\" \/>\n\t<meta property=\"og:image:width\" content=\"800\" \/>\n\t<meta property=\"og:image:height\" content=\"800\" \/>\n\t<meta property=\"og:image:type\" content=\"image\/jpeg\" \/>\n<meta name=\"twitter:card\" content=\"summary_large_image\" \/>\n<meta name=\"twitter:label1\" content=\"Becs\u00fclt olvas\u00e1si id\u0151\" \/>\n\t<meta name=\"twitter:data1\" content=\"1 perc\" \/>\n<!-- \/ Yoast SEO plugin. -->","yoast_head_json":{"title":"FERULAC PEEL CLASSIC 60ml online megv\u00e1s\u00e1rl\u00e1sa.","description":"V\u00e1s\u00e1roljon FERULAC PEEL CLASSIC 60ml online \u00e9s tiszt\u00edtsa meg a f\u00e9ny\u00f6reged\u00e9s, a napfoltok \u00e9s a hiperpigment\u00e1ci\u00f3 okozta b\u0151rbetegs\u00e9geket, emelje fel \u00e9s fiatal\u00edtsa meg a b\u0151rt.","robots":{"index":"index","follow":"follow","max-snippet":"max-snippet:-1","max-image-preview":"max-image-preview:large","max-video-preview":"max-video-preview:-1"},"canonical":"https:\/\/kinamihealth.com\/hu\/wp-json\/wp\/v2\/product\/118351","og_locale":"hu_HU","og_type":"article","og_title":"FERULAC PEEL CLASSIC 60ml online megv\u00e1s\u00e1rl\u00e1sa.","og_description":"V\u00e1s\u00e1roljon FERULAC PEEL CLASSIC 60ml online \u00e9s tiszt\u00edtsa meg a f\u00e9ny\u00f6reged\u00e9s, a napfoltok \u00e9s a hiperpigment\u00e1ci\u00f3 okozta b\u0151rbetegs\u00e9geket, emelje fel \u00e9s fiatal\u00edtsa meg a b\u0151rt.","og_url":"https:\/\/kinamihealth.com\/hu\/termek\/mediderma-ferulac-peel-classic\/","og_site_name":"Kinami Health","article_modified_time":"2025-11-23T16:07:12+00:00","og_image":[{"width":800,"height":800,"url":"https:\/\/kinamihealth.com\/wp-content\/uploads\/2025\/02\/MEDIDERMA-FERULAC-PEEL-CLASSIC-01.jpg","type":"image\/jpeg"}],"twitter_card":"summary_large_image","twitter_misc":{"Becs\u00fclt olvas\u00e1si id\u0151":"1 perc"},"schema":{"@context":"https:\/\/schema.org","@graph":[{"@type":"WebPage","@id":"https:\/\/kinamihealth.com\/hu\/termek\/mediderma-ferulac-peel-classic\/","url":"https:\/\/kinamihealth.com\/hu\/termek\/mediderma-ferulac-peel-classic\/","name":"FERULAC PEEL CLASSIC 60ml online megv\u00e1s\u00e1rl\u00e1sa.","isPartOf":{"@id":"https:\/\/kinamihealth.com\/#website"},"primaryImageOfPage":{"@id":"https:\/\/kinamihealth.com\/hu\/termek\/mediderma-ferulac-peel-classic\/#primaryimage"},"image":{"@id":"https:\/\/kinamihealth.com\/hu\/termek\/mediderma-ferulac-peel-classic\/#primaryimage"},"thumbnailUrl":"https:\/\/kinamihealth.com\/wp-content\/uploads\/2025\/02\/MEDIDERMA-FERULAC-PEEL-CLASSIC-01.jpg","datePublished":"2025-02-15T16:54:49+00:00","dateModified":"2025-11-23T16:07:12+00:00","description":"V\u00e1s\u00e1roljon FERULAC PEEL CLASSIC 60ml online \u00e9s tiszt\u00edtsa meg a f\u00e9ny\u00f6reged\u00e9s, a napfoltok \u00e9s a hiperpigment\u00e1ci\u00f3 okozta b\u0151rbetegs\u00e9geket, emelje fel \u00e9s fiatal\u00edtsa meg a b\u0151rt.","breadcrumb":{"@id":"https:\/\/kinamihealth.com\/hu\/termek\/mediderma-ferulac-peel-classic\/#breadcrumb"},"inLanguage":"hu","potentialAction":[{"@type":"ReadAction","target":["https:\/\/kinamihealth.com\/hu\/termek\/mediderma-ferulac-peel-classic\/"]}]},{"@type":"ImageObject","inLanguage":"hu","@id":"https:\/\/kinamihealth.com\/hu\/termek\/mediderma-ferulac-peel-classic\/#primaryimage","url":"https:\/\/kinamihealth.com\/wp-content\/uploads\/2025\/02\/MEDIDERMA-FERULAC-PEEL-CLASSIC-01.jpg","contentUrl":"https:\/\/kinamihealth.com\/wp-content\/uploads\/2025\/02\/MEDIDERMA-FERULAC-PEEL-CLASSIC-01.jpg","width":800,"height":800},{"@type":"BreadcrumbList","@id":"https:\/\/kinamihealth.com\/hu\/termek\/mediderma-ferulac-peel-classic\/#breadcrumb","itemListElement":[{"@type":"ListItem","position":1,"name":"Kezd\u0151lap","item":"https:\/\/kinamihealth.com\/"},{"@type":"ListItem","position":2,"name":"Bolt","item":"https:\/\/kinamihealth.com\/shop\/"},{"@type":"ListItem","position":3,"name":"MEDIDERMA\u00ae FERULAC PEEL CLASSIC"}]},{"@type":"WebSite","@id":"https:\/\/kinamihealth.com\/#website","url":"https:\/\/kinamihealth.com\/","name":"Kinami Health","description":"","publisher":{"@id":"https:\/\/kinamihealth.com\/#organization"},"potentialAction":[{"@type":"SearchAction","target":{"@type":"EntryPoint","urlTemplate":"https:\/\/kinamihealth.com\/?s={search_term_string}"},"query-input":{"@type":"PropertyValueSpecification","valueRequired":true,"valueName":"search_term_string"}}],"inLanguage":"hu"},{"@type":"Organization","@id":"https:\/\/kinamihealth.com\/#organization","name":"Kinami Health","url":"https:\/\/kinamihealth.com\/","logo":{"@type":"ImageObject","inLanguage":"hu","@id":"https:\/\/kinamihealth.com\/#\/schema\/logo\/image\/","url":"https:\/\/kinamihealth.com\/wp-content\/uploads\/2025\/01\/KH_logo_black_2-1.png","contentUrl":"https:\/\/kinamihealth.com\/wp-content\/uploads\/2025\/01\/KH_logo_black_2-1.png","width":339,"height":34,"caption":"Kinami Health"},"image":{"@id":"https:\/\/kinamihealth.com\/#\/schema\/logo\/image\/"}}]}},"_links":{"self":[{"href":"https:\/\/kinamihealth.com\/hu\/wp-json\/wp\/v2\/product\/118351","targetHints":{"allow":["GET"]}}],"collection":[{"href":"https:\/\/kinamihealth.com\/hu\/wp-json\/wp\/v2\/product"}],"about":[{"href":"https:\/\/kinamihealth.com\/hu\/wp-json\/wp\/v2\/types\/product"}],"replies":[{"embeddable":true,"href":"https:\/\/kinamihealth.com\/hu\/wp-json\/wp\/v2\/comments?post=118351"}],"version-history":[{"count":0,"href":"https:\/\/kinamihealth.com\/hu\/wp-json\/wp\/v2\/product\/118351\/revisions"}],"wp:featuredmedia":[{"embeddable":true,"href":"https:\/\/kinamihealth.com\/hu\/wp-json\/wp\/v2\/media\/118352"}],"wp:attachment":[{"href":"https:\/\/kinamihealth.com\/hu\/wp-json\/wp\/v2\/media?parent=118351"}],"wp:term":[{"taxonomy":"product_brand","embeddable":true,"href":"https:\/\/kinamihealth.com\/hu\/wp-json\/wp\/v2\/product_brand?post=118351"},{"taxonomy":"product_cat","embeddable":true,"href":"https:\/\/kinamihealth.com\/hu\/wp-json\/wp\/v2\/product_cat?post=118351"},{"taxonomy":"product_tag","embeddable":true,"href":"https:\/\/kinamihealth.com\/hu\/wp-json\/wp\/v2\/product_tag?post=118351"}],"curies":[{"name":"wp","href":"https:\/\/api.w.org\/{rel}","templated":true}]}}