{"id":118349,"date":"2025-02-15T16:54:44","date_gmt":"2025-02-15T16:54:44","guid":{"rendered":"https:\/\/kinamihealth.com\/product\/sesderma-factor-g-renew-rejuvenating-cream\/"},"modified":"2025-11-23T16:17:21","modified_gmt":"2025-11-23T16:17:21","slug":"sesderma-factor-g-renew-rejuvenating-cream","status":"publish","type":"product","link":"https:\/\/kinamihealth.com\/hu\/termek\/sesderma-factor-g-renew-rejuvenating-cream\/","title":{"rendered":"SESDERMA\u00ae FACTOR G RENEW REJUVENATING CREAM"},"content":{"rendered":"<p>FACTOR G RENEW CREAM with plant-origin growth factors. It rejuvenates the face, smoothens wrinkles, firms the skin, and increases its elasticity. This cream protects the skin against free radi- cals and photo-aging thanks to the antiox booster complex. It is suitable for normal to dry skin.<\/p>\n","protected":false},"excerpt":{"rendered":"<p>FACTOR G RENEW CREAM with plant-origin growth factors. It rejuvenates the face, smoothens wrinkles, firms the skin, and increases its elasticity. This cream protects the skin against free radi- cals and photo-aging thanks to the antiox booster complex. It is suitable for normal to dry skin.<\/p>\n","protected":false},"featured_media":118350,"comment_status":"closed","ping_status":"closed","template":"","meta":{"_acf_changed":false,"inline_featured_image":false},"product_brand":[2254],"product_cat":[2991],"product_tag":[2979],"class_list":{"0":"post-118349","1":"product","2":"type-product","3":"status-publish","4":"has-post-thumbnail","6":"product_brand-sesderma","7":"product_cat-borapolas","8":"product_tag-orvostechnikai-eszkozok","10":"first","11":"instock","12":"taxable","13":"shipping-taxable","14":"purchasable","15":"product-type-simple","16":"add-to-wishlist-before_image"},"acf":[],"yoast_head":"<!-- This site is optimized with the Yoast SEO plugin v27.5 - https:\/\/yoast.com\/product\/yoast-seo-wordpress\/ -->\n<title>Factor G Renew Cream v\u00e1s\u00e1rl\u00e1sa online \u2013 B\u0151rmeg\u00faj\u00edt\u00e1sra<\/title>\n<meta name=\"description\" content=\"V\u00e1s\u00e1rolja meg a Factor G Renew Cream-et online, hogy n\u00f6velje a b\u0151r volumen\u00e9t, valamint korrig\u00e1lja az arc, nyak \u00e9s dekolt\u00e1zs r\u00e1ncait \u00e9s vonalait nanoszemcs\u00e9s hat\u00f3anyagokkal.\" \/>\n<meta name=\"robots\" content=\"index, follow, max-snippet:-1, max-image-preview:large, max-video-preview:-1\" \/>\n<link rel=\"canonical\" href=\"https:\/\/kinamihealth.com\/hu\/wp-json\/wp\/v2\/product\/118349\" \/>\n<meta property=\"og:locale\" content=\"hu_HU\" \/>\n<meta property=\"og:type\" content=\"article\" \/>\n<meta property=\"og:title\" content=\"Factor G Renew Cream v\u00e1s\u00e1rl\u00e1sa online \u2013 B\u0151rmeg\u00faj\u00edt\u00e1sra\" \/>\n<meta property=\"og:description\" content=\"V\u00e1s\u00e1rolja meg a Factor G Renew Cream-et online, hogy n\u00f6velje a b\u0151r volumen\u00e9t, valamint korrig\u00e1lja az arc, nyak \u00e9s dekolt\u00e1zs r\u00e1ncait \u00e9s vonalait nanoszemcs\u00e9s hat\u00f3anyagokkal.\" \/>\n<meta property=\"og:url\" content=\"https:\/\/kinamihealth.com\/hu\/termek\/sesderma-factor-g-renew-rejuvenating-cream\/\" \/>\n<meta property=\"og:site_name\" content=\"Kinami Health\" \/>\n<meta property=\"article:modified_time\" content=\"2025-11-23T16:17:21+00:00\" \/>\n<meta property=\"og:image\" content=\"https:\/\/kinamihealth.com\/wp-content\/uploads\/2025\/02\/SESDERMA-FACTOR-G-RENEW-CREAM-01.jpg\" \/>\n\t<meta property=\"og:image:width\" content=\"800\" \/>\n\t<meta property=\"og:image:height\" content=\"800\" \/>\n\t<meta property=\"og:image:type\" content=\"image\/jpeg\" \/>\n<meta name=\"twitter:card\" content=\"summary_large_image\" \/>\n<meta name=\"twitter:label1\" content=\"Becs\u00fclt olvas\u00e1si id\u0151\" \/>\n\t<meta name=\"twitter:data1\" content=\"1 perc\" \/>\n<!-- \/ Yoast SEO plugin. -->","yoast_head_json":{"title":"Factor G Renew Cream v\u00e1s\u00e1rl\u00e1sa online \u2013 B\u0151rmeg\u00faj\u00edt\u00e1sra","description":"V\u00e1s\u00e1rolja meg a Factor G Renew Cream-et online, hogy n\u00f6velje a b\u0151r volumen\u00e9t, valamint korrig\u00e1lja az arc, nyak \u00e9s dekolt\u00e1zs r\u00e1ncait \u00e9s vonalait nanoszemcs\u00e9s hat\u00f3anyagokkal.","robots":{"index":"index","follow":"follow","max-snippet":"max-snippet:-1","max-image-preview":"max-image-preview:large","max-video-preview":"max-video-preview:-1"},"canonical":"https:\/\/kinamihealth.com\/hu\/wp-json\/wp\/v2\/product\/118349","og_locale":"hu_HU","og_type":"article","og_title":"Factor G Renew Cream v\u00e1s\u00e1rl\u00e1sa online \u2013 B\u0151rmeg\u00faj\u00edt\u00e1sra","og_description":"V\u00e1s\u00e1rolja meg a Factor G Renew Cream-et online, hogy n\u00f6velje a b\u0151r volumen\u00e9t, valamint korrig\u00e1lja az arc, nyak \u00e9s dekolt\u00e1zs r\u00e1ncait \u00e9s vonalait nanoszemcs\u00e9s hat\u00f3anyagokkal.","og_url":"https:\/\/kinamihealth.com\/hu\/termek\/sesderma-factor-g-renew-rejuvenating-cream\/","og_site_name":"Kinami Health","article_modified_time":"2025-11-23T16:17:21+00:00","og_image":[{"width":800,"height":800,"url":"https:\/\/kinamihealth.com\/wp-content\/uploads\/2025\/02\/SESDERMA-FACTOR-G-RENEW-CREAM-01.jpg","type":"image\/jpeg"}],"twitter_card":"summary_large_image","twitter_misc":{"Becs\u00fclt olvas\u00e1si id\u0151":"1 perc"},"schema":{"@context":"https:\/\/schema.org","@graph":[{"@type":"WebPage","@id":"https:\/\/kinamihealth.com\/hu\/termek\/sesderma-factor-g-renew-rejuvenating-cream\/","url":"https:\/\/kinamihealth.com\/hu\/termek\/sesderma-factor-g-renew-rejuvenating-cream\/","name":"Factor G Renew Cream v\u00e1s\u00e1rl\u00e1sa online \u2013 B\u0151rmeg\u00faj\u00edt\u00e1sra","isPartOf":{"@id":"https:\/\/kinamihealth.com\/#website"},"primaryImageOfPage":{"@id":"https:\/\/kinamihealth.com\/hu\/termek\/sesderma-factor-g-renew-rejuvenating-cream\/#primaryimage"},"image":{"@id":"https:\/\/kinamihealth.com\/hu\/termek\/sesderma-factor-g-renew-rejuvenating-cream\/#primaryimage"},"thumbnailUrl":"https:\/\/kinamihealth.com\/wp-content\/uploads\/2025\/02\/SESDERMA-FACTOR-G-RENEW-CREAM-01.jpg","datePublished":"2025-02-15T16:54:44+00:00","dateModified":"2025-11-23T16:17:21+00:00","description":"V\u00e1s\u00e1rolja meg a Factor G Renew Cream-et online, hogy n\u00f6velje a b\u0151r volumen\u00e9t, valamint korrig\u00e1lja az arc, nyak \u00e9s dekolt\u00e1zs r\u00e1ncait \u00e9s vonalait nanoszemcs\u00e9s hat\u00f3anyagokkal.","breadcrumb":{"@id":"https:\/\/kinamihealth.com\/hu\/termek\/sesderma-factor-g-renew-rejuvenating-cream\/#breadcrumb"},"inLanguage":"hu","potentialAction":[{"@type":"ReadAction","target":["https:\/\/kinamihealth.com\/hu\/termek\/sesderma-factor-g-renew-rejuvenating-cream\/"]}]},{"@type":"ImageObject","inLanguage":"hu","@id":"https:\/\/kinamihealth.com\/hu\/termek\/sesderma-factor-g-renew-rejuvenating-cream\/#primaryimage","url":"https:\/\/kinamihealth.com\/wp-content\/uploads\/2025\/02\/SESDERMA-FACTOR-G-RENEW-CREAM-01.jpg","contentUrl":"https:\/\/kinamihealth.com\/wp-content\/uploads\/2025\/02\/SESDERMA-FACTOR-G-RENEW-CREAM-01.jpg","width":800,"height":800},{"@type":"BreadcrumbList","@id":"https:\/\/kinamihealth.com\/hu\/termek\/sesderma-factor-g-renew-rejuvenating-cream\/#breadcrumb","itemListElement":[{"@type":"ListItem","position":1,"name":"Kezd\u0151lap","item":"https:\/\/kinamihealth.com\/"},{"@type":"ListItem","position":2,"name":"Bolt","item":"https:\/\/kinamihealth.com\/shop\/"},{"@type":"ListItem","position":3,"name":"SESDERMA\u00ae FACTOR G RENEW REJUVENATING CREAM"}]},{"@type":"WebSite","@id":"https:\/\/kinamihealth.com\/#website","url":"https:\/\/kinamihealth.com\/","name":"Kinami Health","description":"","publisher":{"@id":"https:\/\/kinamihealth.com\/#organization"},"potentialAction":[{"@type":"SearchAction","target":{"@type":"EntryPoint","urlTemplate":"https:\/\/kinamihealth.com\/?s={search_term_string}"},"query-input":{"@type":"PropertyValueSpecification","valueRequired":true,"valueName":"search_term_string"}}],"inLanguage":"hu"},{"@type":"Organization","@id":"https:\/\/kinamihealth.com\/#organization","name":"Kinami Health","url":"https:\/\/kinamihealth.com\/","logo":{"@type":"ImageObject","inLanguage":"hu","@id":"https:\/\/kinamihealth.com\/#\/schema\/logo\/image\/","url":"https:\/\/kinamihealth.com\/wp-content\/uploads\/2025\/01\/KH_logo_black_2-1.png","contentUrl":"https:\/\/kinamihealth.com\/wp-content\/uploads\/2025\/01\/KH_logo_black_2-1.png","width":339,"height":34,"caption":"Kinami Health"},"image":{"@id":"https:\/\/kinamihealth.com\/#\/schema\/logo\/image\/"}}]}},"_links":{"self":[{"href":"https:\/\/kinamihealth.com\/hu\/wp-json\/wp\/v2\/product\/118349","targetHints":{"allow":["GET"]}}],"collection":[{"href":"https:\/\/kinamihealth.com\/hu\/wp-json\/wp\/v2\/product"}],"about":[{"href":"https:\/\/kinamihealth.com\/hu\/wp-json\/wp\/v2\/types\/product"}],"replies":[{"embeddable":true,"href":"https:\/\/kinamihealth.com\/hu\/wp-json\/wp\/v2\/comments?post=118349"}],"version-history":[{"count":0,"href":"https:\/\/kinamihealth.com\/hu\/wp-json\/wp\/v2\/product\/118349\/revisions"}],"wp:featuredmedia":[{"embeddable":true,"href":"https:\/\/kinamihealth.com\/hu\/wp-json\/wp\/v2\/media\/118350"}],"wp:attachment":[{"href":"https:\/\/kinamihealth.com\/hu\/wp-json\/wp\/v2\/media?parent=118349"}],"wp:term":[{"taxonomy":"product_brand","embeddable":true,"href":"https:\/\/kinamihealth.com\/hu\/wp-json\/wp\/v2\/product_brand?post=118349"},{"taxonomy":"product_cat","embeddable":true,"href":"https:\/\/kinamihealth.com\/hu\/wp-json\/wp\/v2\/product_cat?post=118349"},{"taxonomy":"product_tag","embeddable":true,"href":"https:\/\/kinamihealth.com\/hu\/wp-json\/wp\/v2\/product_tag?post=118349"}],"curies":[{"name":"wp","href":"https:\/\/api.w.org\/{rel}","templated":true}]}}