{"id":118347,"date":"2025-02-15T16:54:44","date_gmt":"2025-02-15T16:54:44","guid":{"rendered":"https:\/\/kinamihealth.com\/product\/exojuv\/"},"modified":"2025-11-23T16:12:59","modified_gmt":"2025-11-23T16:12:59","slug":"exojuv","status":"publish","type":"product","link":"https:\/\/kinamihealth.com\/hu\/termek\/exojuv\/","title":{"rendered":"EXOJUV"},"content":{"rendered":"<p><b>Az Exojuv mezoter\u00e1pi\u00e1s kezel\u00e9sk\u00e9nt <\/b><span style=\"font-weight: 400;\">alkalmazhat\u00f3 az <\/span><b>arc, a fejb\u0151r, a nyak, a dekolt\u00e1zs <\/b><span style=\"font-weight: 400;\">\u00e9s a <\/span><b>k\u00e9zfejek b\u0151r\u00e9nek meg\u00faj\u00edt\u00e1s\u00e1ra <\/b><span style=\"font-weight: 400;\">\u00e9s<\/span><b> regener\u00e1l\u00e1s\u00e1ra. <\/b><span style=\"font-weight: 400;\">Ez a term\u00e9k<\/span><b> k\u00e9t \u00f6sszetev\u0151csoportot <\/b><span style=\"font-weight: 400;\">egyes\u00edt egy<\/span><b> revitaliz\u00e1l\u00f3 oldatban. <\/b><span style=\"font-weight: 400;\">Keverje \u00f6ssze a<\/span><b> n\u00f6v\u00e9nyi \u0151ssejtekb\u0151l sz\u00e1rmaz\u00f3 fagyasztva sz\u00e1r\u00edtott (liofilezett) exosz\u00f3m\u00e1kat <\/b><span style=\"font-weight: 400;\">az aktiv\u00e1tor <\/span><b>hialuronsav\u00e1val <\/b><span style=\"font-weight: 400;\">\u00e9s<\/span><b> aminosavaival, <\/b><span style=\"font-weight: 400;\">hogy fokozza a<\/span><b> hidrat\u00e1l\u00e1st<\/b><span style=\"font-weight: 400;\"> \u00e9s a<\/span><b> kollag\u00e9ntermel\u00e9st. Aktiv\u00e1lja \u00fajra<\/b><span style=\"font-weight: 400;\"> a<\/span><b> hajhagym\u00e1kat <\/b><span style=\"font-weight: 400;\">a<\/span><b> fejb\u0151r eg\u00e9szs\u00e9g\u00e9nek jav\u00edt\u00e1s\u00e1val, <\/b><span style=\"font-weight: 400;\">\u00e9s serkentse <\/span><b>a hajn\u00f6veked\u00e9st. V\u00e1s\u00e1roljon Exojuv-ot <\/b><span style=\"font-weight: 400;\">a<\/span><b> Kinami Health-t\u0151l, \u00e9s rendeljen pr\u00e9mium Exojuv term\u00e9keket.<\/b><\/p>\n","protected":false},"excerpt":{"rendered":"<p>Az Exojuv mezoter\u00e1pi\u00e1s kezel\u00e9sk\u00e9nt alkalmazhat\u00f3 az arc, a fejb\u0151r, a nyak, a dekolt\u00e1zs \u00e9s a k\u00e9zfejek b\u0151r\u00e9nek meg\u00faj\u00edt\u00e1s\u00e1ra \u00e9s regener\u00e1l\u00e1s\u00e1ra. Ez a term\u00e9k k\u00e9t \u00f6sszetev\u0151csoportot egyes\u00edt egy revitaliz\u00e1l\u00f3 oldatban. Keverje \u00f6ssze a n\u00f6v\u00e9nyi \u0151ssejtekb\u0151l sz\u00e1rmaz\u00f3 fagyasztva sz\u00e1r\u00edtott (liofilezett) exosz\u00f3m\u00e1kat az aktiv\u00e1tor hialuronsav\u00e1val \u00e9s aminosavaival, hogy fokozza a hidrat\u00e1l\u00e1st \u00e9s a kollag\u00e9ntermel\u00e9st. Aktiv\u00e1lja \u00fajra a hajhagym\u00e1kat [&hellip;]<\/p>\n","protected":false},"featured_media":118348,"comment_status":"closed","ping_status":"closed","template":"","meta":{"_acf_changed":false,"inline_featured_image":false},"product_brand":[2236],"product_cat":[3577],"product_tag":[2979],"class_list":{"0":"post-118347","1":"product","2":"type-product","3":"status-publish","4":"has-post-thumbnail","6":"product_brand-exojuv","7":"product_cat-exosomes-hu","8":"product_tag-orvostechnikai-eszkozok","10":"first","11":"instock","12":"taxable","13":"shipping-taxable","14":"purchasable","15":"product-type-simple","16":"add-to-wishlist-before_image"},"acf":[],"yoast_head":"<!-- This site is optimized with the Yoast SEO plugin v27.3 - https:\/\/yoast.com\/product\/yoast-seo-wordpress\/ -->\n<title>Sokoldal\u00fa b\u0151rkezel\u00e9s: V\u00e1s\u00e1roljon Exojuv Online - Sokoldal\u00fa b\u0151rkezel\u00e9s<\/title>\n<meta name=\"description\" content=\"V\u00e1s\u00e1roljon Exojuv Online \u00e9s haszn\u00e1lja a n\u00f6v\u00e9nyi alap\u00fa exosz\u00f3m\u00e1kat az arc, a nyak, a dekolt\u00e1zs \u00e9s a k\u00e9z b\u0151r\u00e9nek fiatal\u00edt\u00e1s\u00e1ra. Jav\u00edtsa a fejb\u0151r eg\u00e9szs\u00e9g\u00e9t \u00e9s a haj n\u00f6veked\u00e9s\u00e9t.\" \/>\n<meta name=\"robots\" content=\"index, follow, max-snippet:-1, max-image-preview:large, max-video-preview:-1\" \/>\n<link rel=\"canonical\" href=\"https:\/\/kinamihealth.com\/hu\/wp-json\/wp\/v2\/product\/118347\" \/>\n<meta property=\"og:locale\" content=\"hu_HU\" \/>\n<meta property=\"og:type\" content=\"article\" \/>\n<meta property=\"og:title\" content=\"Sokoldal\u00fa b\u0151rkezel\u00e9s: V\u00e1s\u00e1roljon Exojuv Online - Sokoldal\u00fa b\u0151rkezel\u00e9s\" \/>\n<meta property=\"og:description\" content=\"V\u00e1s\u00e1roljon Exojuv Online \u00e9s haszn\u00e1lja a n\u00f6v\u00e9nyi alap\u00fa exosz\u00f3m\u00e1kat az arc, a nyak, a dekolt\u00e1zs \u00e9s a k\u00e9z b\u0151r\u00e9nek fiatal\u00edt\u00e1s\u00e1ra. Jav\u00edtsa a fejb\u0151r eg\u00e9szs\u00e9g\u00e9t \u00e9s a haj n\u00f6veked\u00e9s\u00e9t.\" \/>\n<meta property=\"og:url\" content=\"https:\/\/kinamihealth.com\/termek\/exojuv\/\" \/>\n<meta property=\"og:site_name\" content=\"Kinami Health\" \/>\n<meta property=\"article:modified_time\" content=\"2025-11-23T16:12:59+00:00\" \/>\n<meta property=\"og:image\" content=\"https:\/\/kinamihealth.com\/wp-content\/uploads\/2025\/02\/exojuv-no-background.webp\" \/>\n\t<meta property=\"og:image:width\" content=\"940\" \/>\n\t<meta property=\"og:image:height\" content=\"788\" \/>\n\t<meta property=\"og:image:type\" content=\"image\/webp\" \/>\n<meta name=\"twitter:card\" content=\"summary_large_image\" \/>\n<meta name=\"twitter:label1\" content=\"Becs\u00fclt olvas\u00e1si id\u0151\" \/>\n\t<meta name=\"twitter:data1\" content=\"1 perc\" \/>\n<!-- \/ Yoast SEO plugin. -->","yoast_head_json":{"title":"Sokoldal\u00fa b\u0151rkezel\u00e9s: V\u00e1s\u00e1roljon Exojuv Online - Sokoldal\u00fa b\u0151rkezel\u00e9s","description":"V\u00e1s\u00e1roljon Exojuv Online \u00e9s haszn\u00e1lja a n\u00f6v\u00e9nyi alap\u00fa exosz\u00f3m\u00e1kat az arc, a nyak, a dekolt\u00e1zs \u00e9s a k\u00e9z b\u0151r\u00e9nek fiatal\u00edt\u00e1s\u00e1ra. Jav\u00edtsa a fejb\u0151r eg\u00e9szs\u00e9g\u00e9t \u00e9s a haj n\u00f6veked\u00e9s\u00e9t.","robots":{"index":"index","follow":"follow","max-snippet":"max-snippet:-1","max-image-preview":"max-image-preview:large","max-video-preview":"max-video-preview:-1"},"canonical":"https:\/\/kinamihealth.com\/hu\/wp-json\/wp\/v2\/product\/118347","og_locale":"hu_HU","og_type":"article","og_title":"Sokoldal\u00fa b\u0151rkezel\u00e9s: V\u00e1s\u00e1roljon Exojuv Online - Sokoldal\u00fa b\u0151rkezel\u00e9s","og_description":"V\u00e1s\u00e1roljon Exojuv Online \u00e9s haszn\u00e1lja a n\u00f6v\u00e9nyi alap\u00fa exosz\u00f3m\u00e1kat az arc, a nyak, a dekolt\u00e1zs \u00e9s a k\u00e9z b\u0151r\u00e9nek fiatal\u00edt\u00e1s\u00e1ra. Jav\u00edtsa a fejb\u0151r eg\u00e9szs\u00e9g\u00e9t \u00e9s a haj n\u00f6veked\u00e9s\u00e9t.","og_url":"https:\/\/kinamihealth.com\/termek\/exojuv\/","og_site_name":"Kinami Health","article_modified_time":"2025-11-23T16:12:59+00:00","og_image":[{"width":940,"height":788,"url":"https:\/\/kinamihealth.com\/wp-content\/uploads\/2025\/02\/exojuv-no-background.webp","type":"image\/webp"}],"twitter_card":"summary_large_image","twitter_misc":{"Becs\u00fclt olvas\u00e1si id\u0151":"1 perc"},"schema":{"@context":"https:\/\/schema.org","@graph":[{"@type":"WebPage","@id":"https:\/\/kinamihealth.com\/termek\/exojuv\/","url":"https:\/\/kinamihealth.com\/termek\/exojuv\/","name":"Sokoldal\u00fa b\u0151rkezel\u00e9s: V\u00e1s\u00e1roljon Exojuv Online - Sokoldal\u00fa b\u0151rkezel\u00e9s","isPartOf":{"@id":"https:\/\/kinamihealth.com\/#website"},"primaryImageOfPage":{"@id":"https:\/\/kinamihealth.com\/termek\/exojuv\/#primaryimage"},"image":{"@id":"https:\/\/kinamihealth.com\/termek\/exojuv\/#primaryimage"},"thumbnailUrl":"https:\/\/kinamihealth.com\/wp-content\/uploads\/2025\/02\/exojuv-no-background.webp","datePublished":"2025-02-15T16:54:44+00:00","dateModified":"2025-11-23T16:12:59+00:00","description":"V\u00e1s\u00e1roljon Exojuv Online \u00e9s haszn\u00e1lja a n\u00f6v\u00e9nyi alap\u00fa exosz\u00f3m\u00e1kat az arc, a nyak, a dekolt\u00e1zs \u00e9s a k\u00e9z b\u0151r\u00e9nek fiatal\u00edt\u00e1s\u00e1ra. Jav\u00edtsa a fejb\u0151r eg\u00e9szs\u00e9g\u00e9t \u00e9s a haj n\u00f6veked\u00e9s\u00e9t.","breadcrumb":{"@id":"https:\/\/kinamihealth.com\/termek\/exojuv\/#breadcrumb"},"inLanguage":"hu","potentialAction":[{"@type":"ReadAction","target":["https:\/\/kinamihealth.com\/termek\/exojuv\/"]}]},{"@type":"ImageObject","inLanguage":"hu","@id":"https:\/\/kinamihealth.com\/termek\/exojuv\/#primaryimage","url":"https:\/\/kinamihealth.com\/wp-content\/uploads\/2025\/02\/exojuv-no-background.webp","contentUrl":"https:\/\/kinamihealth.com\/wp-content\/uploads\/2025\/02\/exojuv-no-background.webp","width":940,"height":788},{"@type":"BreadcrumbList","@id":"https:\/\/kinamihealth.com\/termek\/exojuv\/#breadcrumb","itemListElement":[{"@type":"ListItem","position":1,"name":"Kezd\u0151lap","item":"https:\/\/kinamihealth.com\/"},{"@type":"ListItem","position":2,"name":"Bolt","item":"https:\/\/kinamihealth.com\/shop\/"},{"@type":"ListItem","position":3,"name":"EXOJUV"}]},{"@type":"WebSite","@id":"https:\/\/kinamihealth.com\/#website","url":"https:\/\/kinamihealth.com\/","name":"Kinami Health","description":"","publisher":{"@id":"https:\/\/kinamihealth.com\/#organization"},"potentialAction":[{"@type":"SearchAction","target":{"@type":"EntryPoint","urlTemplate":"https:\/\/kinamihealth.com\/?s={search_term_string}"},"query-input":{"@type":"PropertyValueSpecification","valueRequired":true,"valueName":"search_term_string"}}],"inLanguage":"hu"},{"@type":"Organization","@id":"https:\/\/kinamihealth.com\/#organization","name":"Kinami Health","url":"https:\/\/kinamihealth.com\/","logo":{"@type":"ImageObject","inLanguage":"hu","@id":"https:\/\/kinamihealth.com\/#\/schema\/logo\/image\/","url":"https:\/\/kinamihealth.com\/wp-content\/uploads\/2025\/01\/KH_logo_black_2-1.png","contentUrl":"https:\/\/kinamihealth.com\/wp-content\/uploads\/2025\/01\/KH_logo_black_2-1.png","width":339,"height":34,"caption":"Kinami Health"},"image":{"@id":"https:\/\/kinamihealth.com\/#\/schema\/logo\/image\/"}}]}},"_links":{"self":[{"href":"https:\/\/kinamihealth.com\/hu\/wp-json\/wp\/v2\/product\/118347","targetHints":{"allow":["GET"]}}],"collection":[{"href":"https:\/\/kinamihealth.com\/hu\/wp-json\/wp\/v2\/product"}],"about":[{"href":"https:\/\/kinamihealth.com\/hu\/wp-json\/wp\/v2\/types\/product"}],"replies":[{"embeddable":true,"href":"https:\/\/kinamihealth.com\/hu\/wp-json\/wp\/v2\/comments?post=118347"}],"version-history":[{"count":0,"href":"https:\/\/kinamihealth.com\/hu\/wp-json\/wp\/v2\/product\/118347\/revisions"}],"wp:featuredmedia":[{"embeddable":true,"href":"https:\/\/kinamihealth.com\/hu\/wp-json\/wp\/v2\/media\/118348"}],"wp:attachment":[{"href":"https:\/\/kinamihealth.com\/hu\/wp-json\/wp\/v2\/media?parent=118347"}],"wp:term":[{"taxonomy":"product_brand","embeddable":true,"href":"https:\/\/kinamihealth.com\/hu\/wp-json\/wp\/v2\/product_brand?post=118347"},{"taxonomy":"product_cat","embeddable":true,"href":"https:\/\/kinamihealth.com\/hu\/wp-json\/wp\/v2\/product_cat?post=118347"},{"taxonomy":"product_tag","embeddable":true,"href":"https:\/\/kinamihealth.com\/hu\/wp-json\/wp\/v2\/product_tag?post=118347"}],"curies":[{"name":"wp","href":"https:\/\/api.w.org\/{rel}","templated":true}]}}