{"id":118342,"date":"2025-02-15T16:54:42","date_gmt":"2025-02-15T16:54:42","guid":{"rendered":"https:\/\/kinamihealth.com\/product\/ellanse-m\/"},"modified":"2025-11-23T19:54:54","modified_gmt":"2025-11-23T19:54:54","slug":"ellanse-m","status":"publish","type":"product","link":"https:\/\/kinamihealth.com\/hu\/termek\/ellanse-m\/","title":{"rendered":"ELLANS\u00c9\u2122 M"},"content":{"rendered":"<p><b>Ellanse M <\/b><span style=\"font-weight: 400;\">egy <\/span><b>b\u0151rfelt\u00f6lt\u0151<\/b><span style=\"font-weight: 400;\">, amely <\/span><b>orvosi polimert, <\/b><span style=\"font-weight: 400;\">vagy <\/span><b>PCL polikaprolakton mikrog\u00f6mb\u00f6ket <\/b><span style=\"font-weight: 400;\">haszn\u00e1l a <\/span><b>kollag\u00e9n <\/b><span style=\"font-weight: 400;\">\u00e9s <\/span><b>elasztin termel\u00e9s <\/b><span style=\"font-weight: 400;\">n\u00f6vel\u00e9s\u00e9re a <\/span><b>b\u0151r rugalmass\u00e1g\u00e1nak <\/b><span style=\"font-weight: 400;\">helyre\u00e1ll\u00edt\u00e1sa \u00e9s az <\/span><b>arcb\u0151r hib\u00e1inak<\/b><span style=\"font-weight: 400;\"> kijav\u00edt\u00e1sa \u00e9rdek\u00e9ben. <\/span><b>A karboxi-metil-cellul\u00f3z (CMC) hordoz\u00f3 g\u00e9lk\u00e9nt <\/b><span style=\"font-weight: 400;\">szolg\u00e1l a <\/span><b>PCL g\u00f6mb\u00f6k <\/b><span style=\"font-weight: 400;\">sz\u00e1m\u00e1ra, valamint az <\/span><b>arc<\/b> <b>elvesztett t\u00e9rfogat\u00e1nak <\/b><span style=\"font-weight: 400;\">helyre\u00e1ll\u00edt\u00e1s\u00e1ra. Mivel ezek a <\/span><b>biol\u00f3giailag lebonthat\u00f3 <\/b><span style=\"font-weight: 400;\">\u00f6sszetev\u0151k felold\u00f3dnak a b\u0151rben, stimul\u00e1lj\u00e1k a <\/span><b>k\u00f6t\u0151sz\u00f6vet regenerat\u00edv <\/b><span style=\"font-weight: 400;\">k\u00e9pess\u00e9geit, \u00e9s n\u00f6velik annak <\/span><b>szil\u00e1rds\u00e1g\u00e1t <\/b><span style=\"font-weight: 400;\">\u00e9s <\/span><b>rugalmass\u00e1g\u00e1t<\/b><span style=\"font-weight: 400;\">. <\/span><b>V\u00e1s\u00e1rolja meg az Ellanse M-et <\/b><span style=\"font-weight: 400;\">a <\/span><b>Kinami Health <\/b><span style=\"font-weight: 400;\">weboldal\u00e1n, \u00e9s <\/span><b><i>rendeljen Ellanse m\u00e1rk\u00e1j\u00fa term\u00e9keket<\/i><\/b><i><span style=\"font-weight: 400;\">.<\/span><\/i><\/p>\n","protected":false},"excerpt":{"rendered":"<p>Ellanse M egy b\u0151rfelt\u00f6lt\u0151, amely orvosi polimert, vagy PCL polikaprolakton mikrog\u00f6mb\u00f6ket haszn\u00e1l a kollag\u00e9n \u00e9s elasztin termel\u00e9s n\u00f6vel\u00e9s\u00e9re a b\u0151r rugalmass\u00e1g\u00e1nak helyre\u00e1ll\u00edt\u00e1sa \u00e9s az arcb\u0151r hib\u00e1inak kijav\u00edt\u00e1sa \u00e9rdek\u00e9ben. A karboxi-metil-cellul\u00f3z (CMC) hordoz\u00f3 g\u00e9lk\u00e9nt szolg\u00e1l a PCL g\u00f6mb\u00f6k sz\u00e1m\u00e1ra, valamint az arc elvesztett t\u00e9rfogat\u00e1nak helyre\u00e1ll\u00edt\u00e1s\u00e1ra. Mivel ezek a biol\u00f3giailag lebonthat\u00f3 \u00f6sszetev\u0151k felold\u00f3dnak a b\u0151rben, stimul\u00e1lj\u00e1k a [&hellip;]<\/p>\n","protected":false},"featured_media":118346,"comment_status":"closed","ping_status":"closed","template":"","meta":{"_acf_changed":false,"inline_featured_image":false},"product_brand":[2213],"product_cat":[3246,2997],"product_tag":[2979],"class_list":{"0":"post-118342","1":"product","2":"type-product","3":"status-publish","4":"has-post-thumbnail","6":"product_brand-ellanse","7":"product_cat-biostimulatorok","8":"product_cat-dermalis-toltoanyagok","9":"product_tag-orvostechnikai-eszkozok","11":"first","12":"instock","13":"taxable","14":"shipping-taxable","15":"purchasable","16":"product-type-simple","17":"add-to-wishlist-before_image"},"acf":[],"yoast_head":"<!-- This site is optimized with the Yoast SEO plugin v27.3 - https:\/\/yoast.com\/product\/yoast-seo-wordpress\/ -->\n<title>Ellanse M online v\u00e1s\u00e1rl\u00e1s \u2013 PCL arc t\u00f6lt\u0151anyag<\/title>\n<meta name=\"description\" content=\"V\u00e1s\u00e1roljon Ellanse M-et online, \u00e9s haszn\u00e1lja az orvosi polimer PCL-t az \u00f6reged\u00e9s jeleinek cs\u00f6kkent\u00e9s\u00e9re, a b\u0151r t\u00e9rfogat\u00e1nak helyre\u00e1ll\u00edt\u00e1s\u00e1ra, valamint a kollag\u00e9n \u00e9s elasztin termel\u00e9s\u00e9nek fokoz\u00e1s\u00e1ra.\" \/>\n<meta name=\"robots\" content=\"index, follow, max-snippet:-1, max-image-preview:large, max-video-preview:-1\" \/>\n<link rel=\"canonical\" href=\"https:\/\/kinamihealth.com\/hu\/wp-json\/wp\/v2\/product\/118342\" \/>\n<meta property=\"og:locale\" content=\"hu_HU\" \/>\n<meta property=\"og:type\" content=\"article\" \/>\n<meta property=\"og:title\" content=\"Ellanse M online v\u00e1s\u00e1rl\u00e1s \u2013 PCL arc t\u00f6lt\u0151anyag\" \/>\n<meta property=\"og:description\" content=\"V\u00e1s\u00e1roljon Ellanse M-et online, \u00e9s haszn\u00e1lja az orvosi polimer PCL-t az \u00f6reged\u00e9s jeleinek cs\u00f6kkent\u00e9s\u00e9re, a b\u0151r t\u00e9rfogat\u00e1nak helyre\u00e1ll\u00edt\u00e1s\u00e1ra, valamint a kollag\u00e9n \u00e9s elasztin termel\u00e9s\u00e9nek fokoz\u00e1s\u00e1ra.\" \/>\n<meta property=\"og:url\" content=\"https:\/\/kinamihealth.com\/hu\/termek\/ellanse-m\/\" \/>\n<meta property=\"og:site_name\" content=\"Kinami Health\" \/>\n<meta property=\"article:modified_time\" content=\"2025-11-23T19:54:54+00:00\" \/>\n<meta property=\"og:image\" content=\"https:\/\/kinamihealth.com\/wp-content\/uploads\/2025\/02\/ELLANSE-M-01.jpg\" \/>\n\t<meta property=\"og:image:width\" content=\"800\" \/>\n\t<meta property=\"og:image:height\" content=\"800\" \/>\n\t<meta property=\"og:image:type\" content=\"image\/jpeg\" \/>\n<meta name=\"twitter:card\" content=\"summary_large_image\" \/>\n<meta name=\"twitter:label1\" content=\"Becs\u00fclt olvas\u00e1si id\u0151\" \/>\n\t<meta name=\"twitter:data1\" content=\"1 perc\" \/>\n<!-- \/ Yoast SEO plugin. -->","yoast_head_json":{"title":"Ellanse M online v\u00e1s\u00e1rl\u00e1s \u2013 PCL arc t\u00f6lt\u0151anyag","description":"V\u00e1s\u00e1roljon Ellanse M-et online, \u00e9s haszn\u00e1lja az orvosi polimer PCL-t az \u00f6reged\u00e9s jeleinek cs\u00f6kkent\u00e9s\u00e9re, a b\u0151r t\u00e9rfogat\u00e1nak helyre\u00e1ll\u00edt\u00e1s\u00e1ra, valamint a kollag\u00e9n \u00e9s elasztin termel\u00e9s\u00e9nek fokoz\u00e1s\u00e1ra.","robots":{"index":"index","follow":"follow","max-snippet":"max-snippet:-1","max-image-preview":"max-image-preview:large","max-video-preview":"max-video-preview:-1"},"canonical":"https:\/\/kinamihealth.com\/hu\/wp-json\/wp\/v2\/product\/118342","og_locale":"hu_HU","og_type":"article","og_title":"Ellanse M online v\u00e1s\u00e1rl\u00e1s \u2013 PCL arc t\u00f6lt\u0151anyag","og_description":"V\u00e1s\u00e1roljon Ellanse M-et online, \u00e9s haszn\u00e1lja az orvosi polimer PCL-t az \u00f6reged\u00e9s jeleinek cs\u00f6kkent\u00e9s\u00e9re, a b\u0151r t\u00e9rfogat\u00e1nak helyre\u00e1ll\u00edt\u00e1s\u00e1ra, valamint a kollag\u00e9n \u00e9s elasztin termel\u00e9s\u00e9nek fokoz\u00e1s\u00e1ra.","og_url":"https:\/\/kinamihealth.com\/hu\/termek\/ellanse-m\/","og_site_name":"Kinami Health","article_modified_time":"2025-11-23T19:54:54+00:00","og_image":[{"width":800,"height":800,"url":"https:\/\/kinamihealth.com\/wp-content\/uploads\/2025\/02\/ELLANSE-M-01.jpg","type":"image\/jpeg"}],"twitter_card":"summary_large_image","twitter_misc":{"Becs\u00fclt olvas\u00e1si id\u0151":"1 perc"},"schema":{"@context":"https:\/\/schema.org","@graph":[{"@type":"WebPage","@id":"https:\/\/kinamihealth.com\/hu\/termek\/ellanse-m\/","url":"https:\/\/kinamihealth.com\/hu\/termek\/ellanse-m\/","name":"Ellanse M online v\u00e1s\u00e1rl\u00e1s \u2013 PCL arc t\u00f6lt\u0151anyag","isPartOf":{"@id":"https:\/\/kinamihealth.com\/#website"},"primaryImageOfPage":{"@id":"https:\/\/kinamihealth.com\/hu\/termek\/ellanse-m\/#primaryimage"},"image":{"@id":"https:\/\/kinamihealth.com\/hu\/termek\/ellanse-m\/#primaryimage"},"thumbnailUrl":"https:\/\/kinamihealth.com\/wp-content\/uploads\/2025\/02\/ELLANSE-M-01.jpg","datePublished":"2025-02-15T16:54:42+00:00","dateModified":"2025-11-23T19:54:54+00:00","description":"V\u00e1s\u00e1roljon Ellanse M-et online, \u00e9s haszn\u00e1lja az orvosi polimer PCL-t az \u00f6reged\u00e9s jeleinek cs\u00f6kkent\u00e9s\u00e9re, a b\u0151r t\u00e9rfogat\u00e1nak helyre\u00e1ll\u00edt\u00e1s\u00e1ra, valamint a kollag\u00e9n \u00e9s elasztin termel\u00e9s\u00e9nek fokoz\u00e1s\u00e1ra.","breadcrumb":{"@id":"https:\/\/kinamihealth.com\/hu\/termek\/ellanse-m\/#breadcrumb"},"inLanguage":"hu","potentialAction":[{"@type":"ReadAction","target":["https:\/\/kinamihealth.com\/hu\/termek\/ellanse-m\/"]}]},{"@type":"ImageObject","inLanguage":"hu","@id":"https:\/\/kinamihealth.com\/hu\/termek\/ellanse-m\/#primaryimage","url":"https:\/\/kinamihealth.com\/wp-content\/uploads\/2025\/02\/ELLANSE-M-01.jpg","contentUrl":"https:\/\/kinamihealth.com\/wp-content\/uploads\/2025\/02\/ELLANSE-M-01.jpg","width":800,"height":800},{"@type":"BreadcrumbList","@id":"https:\/\/kinamihealth.com\/hu\/termek\/ellanse-m\/#breadcrumb","itemListElement":[{"@type":"ListItem","position":1,"name":"Kezd\u0151lap","item":"https:\/\/kinamihealth.com\/"},{"@type":"ListItem","position":2,"name":"Bolt","item":"https:\/\/kinamihealth.com\/shop\/"},{"@type":"ListItem","position":3,"name":"ELLANS\u00c9\u2122 M"}]},{"@type":"WebSite","@id":"https:\/\/kinamihealth.com\/#website","url":"https:\/\/kinamihealth.com\/","name":"Kinami Health","description":"","publisher":{"@id":"https:\/\/kinamihealth.com\/#organization"},"potentialAction":[{"@type":"SearchAction","target":{"@type":"EntryPoint","urlTemplate":"https:\/\/kinamihealth.com\/?s={search_term_string}"},"query-input":{"@type":"PropertyValueSpecification","valueRequired":true,"valueName":"search_term_string"}}],"inLanguage":"hu"},{"@type":"Organization","@id":"https:\/\/kinamihealth.com\/#organization","name":"Kinami Health","url":"https:\/\/kinamihealth.com\/","logo":{"@type":"ImageObject","inLanguage":"hu","@id":"https:\/\/kinamihealth.com\/#\/schema\/logo\/image\/","url":"https:\/\/kinamihealth.com\/wp-content\/uploads\/2025\/01\/KH_logo_black_2-1.png","contentUrl":"https:\/\/kinamihealth.com\/wp-content\/uploads\/2025\/01\/KH_logo_black_2-1.png","width":339,"height":34,"caption":"Kinami Health"},"image":{"@id":"https:\/\/kinamihealth.com\/#\/schema\/logo\/image\/"}}]}},"_links":{"self":[{"href":"https:\/\/kinamihealth.com\/hu\/wp-json\/wp\/v2\/product\/118342","targetHints":{"allow":["GET"]}}],"collection":[{"href":"https:\/\/kinamihealth.com\/hu\/wp-json\/wp\/v2\/product"}],"about":[{"href":"https:\/\/kinamihealth.com\/hu\/wp-json\/wp\/v2\/types\/product"}],"replies":[{"embeddable":true,"href":"https:\/\/kinamihealth.com\/hu\/wp-json\/wp\/v2\/comments?post=118342"}],"version-history":[{"count":0,"href":"https:\/\/kinamihealth.com\/hu\/wp-json\/wp\/v2\/product\/118342\/revisions"}],"wp:featuredmedia":[{"embeddable":true,"href":"https:\/\/kinamihealth.com\/hu\/wp-json\/wp\/v2\/media\/118346"}],"wp:attachment":[{"href":"https:\/\/kinamihealth.com\/hu\/wp-json\/wp\/v2\/media?parent=118342"}],"wp:term":[{"taxonomy":"product_brand","embeddable":true,"href":"https:\/\/kinamihealth.com\/hu\/wp-json\/wp\/v2\/product_brand?post=118342"},{"taxonomy":"product_cat","embeddable":true,"href":"https:\/\/kinamihealth.com\/hu\/wp-json\/wp\/v2\/product_cat?post=118342"},{"taxonomy":"product_tag","embeddable":true,"href":"https:\/\/kinamihealth.com\/hu\/wp-json\/wp\/v2\/product_tag?post=118342"}],"curies":[{"name":"wp","href":"https:\/\/api.w.org\/{rel}","templated":true}]}}