{"id":118330,"date":"2025-02-15T16:54:39","date_gmt":"2025-02-15T16:54:39","guid":{"rendered":"https:\/\/kinamihealth.com\/product\/desirial-plus\/"},"modified":"2025-11-23T20:18:46","modified_gmt":"2025-11-23T20:18:46","slug":"desirial-plus","status":"publish","type":"product","link":"https:\/\/kinamihealth.com\/hu\/termek\/desirial-plus\/","title":{"rendered":"DESIRIAL\u00ae PLUS"},"content":{"rendered":"<p><span style=\"font-weight: 400;\">Azoknak a szakembereknek, akik innovat\u00edv megold\u00e1st keresnek \u00fcgyfeleik sorvadt nagyajkainak helyre\u00e1ll\u00edt\u00e1s\u00e1ra \u00e9s form\u00e1z\u00e1s\u00e1ra, \u00e9rdemes online megv\u00e1s\u00e1rolni a Desirial Plus-t, hogy seg\u00edtsenek az embereknek \u00e9letmin\u0151s\u00e9g\u00fck jav\u00edt\u00e1s\u00e1ban.<\/span><\/p>\n","protected":false},"excerpt":{"rendered":"<p>Azoknak a szakembereknek, akik innovat\u00edv megold\u00e1st keresnek \u00fcgyfeleik sorvadt nagyajkainak helyre\u00e1ll\u00edt\u00e1s\u00e1ra \u00e9s form\u00e1z\u00e1s\u00e1ra, \u00e9rdemes online megv\u00e1s\u00e1rolni a Desirial Plus-t, hogy seg\u00edtsenek az embereknek \u00e9letmin\u0151s\u00e9g\u00fck jav\u00edt\u00e1s\u00e1ban.<\/p>\n","protected":false},"featured_media":118331,"comment_status":"closed","ping_status":"closed","template":"","meta":{"_acf_changed":false,"inline_featured_image":false},"product_brand":[2233],"product_cat":[2997],"product_tag":[2979],"class_list":{"0":"post-118330","1":"product","2":"type-product","3":"status-publish","4":"has-post-thumbnail","6":"product_brand-desirial","7":"product_cat-dermalis-toltoanyagok","8":"product_tag-orvostechnikai-eszkozok","10":"first","11":"instock","12":"taxable","13":"shipping-taxable","14":"purchasable","15":"product-type-simple","16":"add-to-wishlist-before_image"},"acf":[],"yoast_head":"<!-- This site is optimized with the Yoast SEO plugin v27.3 - https:\/\/yoast.com\/product\/yoast-seo-wordpress\/ -->\n<title>V\u00e1s\u00e1roljon Desirial Plus k\u00e9sz\u00edtm\u00e9nyt a n\u0151k intim eg\u00e9szs\u00e9g\u00e9nek t\u00e1mogat\u00e1s\u00e1ra<\/title>\n<meta name=\"description\" content=\"V\u00e1s\u00e1rolja meg a Desirial Plus innovat\u00edv hialuronsavas g\u00e9lt a szem\u00e9remajkak sz\u00f6veteinek volumenp\u00f3tl\u00e1s\u00e1ra \u00e9rettebb kor\u00fa h\u00f6lgyek sz\u00e1m\u00e1ra!\" \/>\n<meta name=\"robots\" content=\"index, follow, max-snippet:-1, max-image-preview:large, max-video-preview:-1\" \/>\n<link rel=\"canonical\" href=\"https:\/\/kinamihealth.com\/hu\/wp-json\/wp\/v2\/product\/118330\" \/>\n<meta property=\"og:locale\" content=\"hu_HU\" \/>\n<meta property=\"og:type\" content=\"article\" \/>\n<meta property=\"og:title\" content=\"V\u00e1s\u00e1roljon Desirial Plus k\u00e9sz\u00edtm\u00e9nyt a n\u0151k intim eg\u00e9szs\u00e9g\u00e9nek t\u00e1mogat\u00e1s\u00e1ra\" \/>\n<meta property=\"og:description\" content=\"V\u00e1s\u00e1rolja meg a Desirial Plus innovat\u00edv hialuronsavas g\u00e9lt a szem\u00e9remajkak sz\u00f6veteinek volumenp\u00f3tl\u00e1s\u00e1ra \u00e9rettebb kor\u00fa h\u00f6lgyek sz\u00e1m\u00e1ra!\" \/>\n<meta property=\"og:url\" content=\"https:\/\/kinamihealth.com\/hu\/termek\/desirial-plus\/\" \/>\n<meta property=\"og:site_name\" content=\"Kinami Health\" \/>\n<meta property=\"article:modified_time\" content=\"2025-11-23T20:18:46+00:00\" \/>\n<meta property=\"og:image\" content=\"https:\/\/kinamihealth.com\/wp-content\/uploads\/2025\/02\/VIVACY-DESIRIAL-PLUS-1X2ML-01.jpg\" \/>\n\t<meta property=\"og:image:width\" content=\"800\" \/>\n\t<meta property=\"og:image:height\" content=\"800\" \/>\n\t<meta property=\"og:image:type\" content=\"image\/jpeg\" \/>\n<meta name=\"twitter:card\" content=\"summary_large_image\" \/>\n<meta name=\"twitter:label1\" content=\"Becs\u00fclt olvas\u00e1si id\u0151\" \/>\n\t<meta name=\"twitter:data1\" content=\"1 perc\" \/>\n<!-- \/ Yoast SEO plugin. -->","yoast_head_json":{"title":"V\u00e1s\u00e1roljon Desirial Plus k\u00e9sz\u00edtm\u00e9nyt a n\u0151k intim eg\u00e9szs\u00e9g\u00e9nek t\u00e1mogat\u00e1s\u00e1ra","description":"V\u00e1s\u00e1rolja meg a Desirial Plus innovat\u00edv hialuronsavas g\u00e9lt a szem\u00e9remajkak sz\u00f6veteinek volumenp\u00f3tl\u00e1s\u00e1ra \u00e9rettebb kor\u00fa h\u00f6lgyek sz\u00e1m\u00e1ra!","robots":{"index":"index","follow":"follow","max-snippet":"max-snippet:-1","max-image-preview":"max-image-preview:large","max-video-preview":"max-video-preview:-1"},"canonical":"https:\/\/kinamihealth.com\/hu\/wp-json\/wp\/v2\/product\/118330","og_locale":"hu_HU","og_type":"article","og_title":"V\u00e1s\u00e1roljon Desirial Plus k\u00e9sz\u00edtm\u00e9nyt a n\u0151k intim eg\u00e9szs\u00e9g\u00e9nek t\u00e1mogat\u00e1s\u00e1ra","og_description":"V\u00e1s\u00e1rolja meg a Desirial Plus innovat\u00edv hialuronsavas g\u00e9lt a szem\u00e9remajkak sz\u00f6veteinek volumenp\u00f3tl\u00e1s\u00e1ra \u00e9rettebb kor\u00fa h\u00f6lgyek sz\u00e1m\u00e1ra!","og_url":"https:\/\/kinamihealth.com\/hu\/termek\/desirial-plus\/","og_site_name":"Kinami Health","article_modified_time":"2025-11-23T20:18:46+00:00","og_image":[{"width":800,"height":800,"url":"https:\/\/kinamihealth.com\/wp-content\/uploads\/2025\/02\/VIVACY-DESIRIAL-PLUS-1X2ML-01.jpg","type":"image\/jpeg"}],"twitter_card":"summary_large_image","twitter_misc":{"Becs\u00fclt olvas\u00e1si id\u0151":"1 perc"},"schema":{"@context":"https:\/\/schema.org","@graph":[{"@type":"WebPage","@id":"https:\/\/kinamihealth.com\/hu\/termek\/desirial-plus\/","url":"https:\/\/kinamihealth.com\/hu\/termek\/desirial-plus\/","name":"V\u00e1s\u00e1roljon Desirial Plus k\u00e9sz\u00edtm\u00e9nyt a n\u0151k intim eg\u00e9szs\u00e9g\u00e9nek t\u00e1mogat\u00e1s\u00e1ra","isPartOf":{"@id":"https:\/\/kinamihealth.com\/#website"},"primaryImageOfPage":{"@id":"https:\/\/kinamihealth.com\/hu\/termek\/desirial-plus\/#primaryimage"},"image":{"@id":"https:\/\/kinamihealth.com\/hu\/termek\/desirial-plus\/#primaryimage"},"thumbnailUrl":"https:\/\/kinamihealth.com\/wp-content\/uploads\/2025\/02\/VIVACY-DESIRIAL-PLUS-1X2ML-01.jpg","datePublished":"2025-02-15T16:54:39+00:00","dateModified":"2025-11-23T20:18:46+00:00","description":"V\u00e1s\u00e1rolja meg a Desirial Plus innovat\u00edv hialuronsavas g\u00e9lt a szem\u00e9remajkak sz\u00f6veteinek volumenp\u00f3tl\u00e1s\u00e1ra \u00e9rettebb kor\u00fa h\u00f6lgyek sz\u00e1m\u00e1ra!","breadcrumb":{"@id":"https:\/\/kinamihealth.com\/hu\/termek\/desirial-plus\/#breadcrumb"},"inLanguage":"hu","potentialAction":[{"@type":"ReadAction","target":["https:\/\/kinamihealth.com\/hu\/termek\/desirial-plus\/"]}]},{"@type":"ImageObject","inLanguage":"hu","@id":"https:\/\/kinamihealth.com\/hu\/termek\/desirial-plus\/#primaryimage","url":"https:\/\/kinamihealth.com\/wp-content\/uploads\/2025\/02\/VIVACY-DESIRIAL-PLUS-1X2ML-01.jpg","contentUrl":"https:\/\/kinamihealth.com\/wp-content\/uploads\/2025\/02\/VIVACY-DESIRIAL-PLUS-1X2ML-01.jpg","width":800,"height":800},{"@type":"BreadcrumbList","@id":"https:\/\/kinamihealth.com\/hu\/termek\/desirial-plus\/#breadcrumb","itemListElement":[{"@type":"ListItem","position":1,"name":"Kezd\u0151lap","item":"https:\/\/kinamihealth.com\/"},{"@type":"ListItem","position":2,"name":"Bolt","item":"https:\/\/kinamihealth.com\/shop\/"},{"@type":"ListItem","position":3,"name":"DESIRIAL\u00ae PLUS"}]},{"@type":"WebSite","@id":"https:\/\/kinamihealth.com\/#website","url":"https:\/\/kinamihealth.com\/","name":"Kinami Health","description":"","publisher":{"@id":"https:\/\/kinamihealth.com\/#organization"},"potentialAction":[{"@type":"SearchAction","target":{"@type":"EntryPoint","urlTemplate":"https:\/\/kinamihealth.com\/?s={search_term_string}"},"query-input":{"@type":"PropertyValueSpecification","valueRequired":true,"valueName":"search_term_string"}}],"inLanguage":"hu"},{"@type":"Organization","@id":"https:\/\/kinamihealth.com\/#organization","name":"Kinami Health","url":"https:\/\/kinamihealth.com\/","logo":{"@type":"ImageObject","inLanguage":"hu","@id":"https:\/\/kinamihealth.com\/#\/schema\/logo\/image\/","url":"https:\/\/kinamihealth.com\/wp-content\/uploads\/2025\/01\/KH_logo_black_2-1.png","contentUrl":"https:\/\/kinamihealth.com\/wp-content\/uploads\/2025\/01\/KH_logo_black_2-1.png","width":339,"height":34,"caption":"Kinami Health"},"image":{"@id":"https:\/\/kinamihealth.com\/#\/schema\/logo\/image\/"}}]}},"_links":{"self":[{"href":"https:\/\/kinamihealth.com\/hu\/wp-json\/wp\/v2\/product\/118330","targetHints":{"allow":["GET"]}}],"collection":[{"href":"https:\/\/kinamihealth.com\/hu\/wp-json\/wp\/v2\/product"}],"about":[{"href":"https:\/\/kinamihealth.com\/hu\/wp-json\/wp\/v2\/types\/product"}],"replies":[{"embeddable":true,"href":"https:\/\/kinamihealth.com\/hu\/wp-json\/wp\/v2\/comments?post=118330"}],"version-history":[{"count":0,"href":"https:\/\/kinamihealth.com\/hu\/wp-json\/wp\/v2\/product\/118330\/revisions"}],"wp:featuredmedia":[{"embeddable":true,"href":"https:\/\/kinamihealth.com\/hu\/wp-json\/wp\/v2\/media\/118331"}],"wp:attachment":[{"href":"https:\/\/kinamihealth.com\/hu\/wp-json\/wp\/v2\/media?parent=118330"}],"wp:term":[{"taxonomy":"product_brand","embeddable":true,"href":"https:\/\/kinamihealth.com\/hu\/wp-json\/wp\/v2\/product_brand?post=118330"},{"taxonomy":"product_cat","embeddable":true,"href":"https:\/\/kinamihealth.com\/hu\/wp-json\/wp\/v2\/product_cat?post=118330"},{"taxonomy":"product_tag","embeddable":true,"href":"https:\/\/kinamihealth.com\/hu\/wp-json\/wp\/v2\/product_tag?post=118330"}],"curies":[{"name":"wp","href":"https:\/\/api.w.org\/{rel}","templated":true}]}}