{"id":118323,"date":"2025-02-15T16:54:32","date_gmt":"2025-02-15T16:54:32","guid":{"rendered":"https:\/\/kinamihealth.com\/product\/cytocare-532\/"},"modified":"2025-11-23T20:25:27","modified_gmt":"2025-11-23T20:25:27","slug":"cytocare-532","status":"publish","type":"product","link":"https:\/\/kinamihealth.com\/hu\/termek\/cytocare-532\/","title":{"rendered":"CYTOCARE\u00ae 532"},"content":{"rendered":"<p><span style=\"font-weight: 400;\">A <\/span><b>CYTOCARE 532 egy b\u0151rfiatal\u00edt\u00f3 k\u00e9sz\u00edtm\u00e9ny<\/b><span style=\"font-weight: 400;\">, amely nagy mennyis\u00e9g\u0171, <\/span><b>nem keresztk\u00f6t\u00f6tt hialuronsavat \u00e9s m\u00e1s eg\u00e9szs\u00e9ges t\u00e1panyagokat tartalmaz<\/b><span style=\"font-weight: 400;\">. Ezek c\u00e9lja az \u00e9letkorral \u00f6sszef\u00fcgg\u0151 <\/span><b>b\u0151rhib\u00e1k kijav\u00edt\u00e1sa \u00e9s k\u00e9sleltet\u00e9se az arcon, a nyakon \u00e9s a kezeken<\/b><span style=\"font-weight: 400;\">. Haszn\u00e1lja ki az <\/span><b>50 \u00f6sszetev\u0151t <\/b><span style=\"font-weight: 400;\">egyes\u00edt\u0151 fiatal\u00edt\u00f3 kokt\u00e9l erej\u00e9t, \u00e9s a CT50 komplex seg\u00edts\u00e9g\u00e9vel jav\u00edtsa, valamint v\u00e9dje a b\u0151rt a szabadgy\u00f6k\u00f6k okozta k\u00e1rosod\u00e1sokt\u00f3l. <\/span><b>V\u00e1s\u00e1rolja meg a CYTOCARE 532-t a Kinami Health k\u00edn\u00e1lat\u00e1b\u00f3l, \u00e9s rendeljen olyan CYTOCARE m\u00e1rk\u00e1j\u00fa term\u00e9keket, amelyek legjobban megfelelnek \u00fcgyfelei \u00e9letst\u00edlus\u00e1nak, kor\u00e1nak \u00e9s szok\u00e1sainak.<\/b><\/p>\n","protected":false},"excerpt":{"rendered":"<p>A CYTOCARE 532 egy b\u0151rfiatal\u00edt\u00f3 k\u00e9sz\u00edtm\u00e9ny, amely nagy mennyis\u00e9g\u0171, nem keresztk\u00f6t\u00f6tt hialuronsavat \u00e9s m\u00e1s eg\u00e9szs\u00e9ges t\u00e1panyagokat tartalmaz. Ezek c\u00e9lja az \u00e9letkorral \u00f6sszef\u00fcgg\u0151 b\u0151rhib\u00e1k kijav\u00edt\u00e1sa \u00e9s k\u00e9sleltet\u00e9se az arcon, a nyakon \u00e9s a kezeken. Haszn\u00e1lja ki az 50 \u00f6sszetev\u0151t egyes\u00edt\u0151 fiatal\u00edt\u00f3 kokt\u00e9l erej\u00e9t, \u00e9s a CT50 komplex seg\u00edts\u00e9g\u00e9vel jav\u00edtsa, valamint v\u00e9dje a b\u0151rt a szabadgy\u00f6k\u00f6k okozta [&hellip;]<\/p>\n","protected":false},"featured_media":118327,"comment_status":"closed","ping_status":"closed","template":"","meta":{"_acf_changed":false,"inline_featured_image":false},"product_brand":[2232],"product_cat":[2997],"product_tag":[2979],"class_list":{"0":"post-118323","1":"product","2":"type-product","3":"status-publish","4":"has-post-thumbnail","6":"product_brand-cytocare","7":"product_cat-dermalis-toltoanyagok","8":"product_tag-orvostechnikai-eszkozok","10":"first","11":"instock","12":"taxable","13":"shipping-taxable","14":"purchasable","15":"product-type-simple","16":"add-to-wishlist-before_image"},"acf":[],"yoast_head":"<!-- This site is optimized with the Yoast SEO plugin v27.3 - https:\/\/yoast.com\/product\/yoast-seo-wordpress\/ -->\n<title>V\u00e1s\u00e1rolja meg a CYTOCARE 532-t online \u2013 \u00c9rett b\u0151r\u0171 p\u00e1ciensek sz\u00e1m\u00e1ra<\/title>\n<meta name=\"description\" content=\"V\u00e1s\u00e1rolja meg a CYTOCARE 532-t online, \u00e9s haszn\u00e1lja ezt a derm\u00e1lis t\u00f6lt\u0151anyagot \u00e9rett p\u00e1ciensek b\u0151r\u00e9re, akikn\u00e9l az \u00f6reged\u00e9s jelei jelentkeznek az arcon, k\u00e9zen \u00e9s nyakon.\" \/>\n<meta name=\"robots\" content=\"index, follow, max-snippet:-1, max-image-preview:large, max-video-preview:-1\" \/>\n<link rel=\"canonical\" href=\"https:\/\/kinamihealth.com\/hu\/wp-json\/wp\/v2\/product\/118323\" \/>\n<meta property=\"og:locale\" content=\"hu_HU\" \/>\n<meta property=\"og:type\" content=\"article\" \/>\n<meta property=\"og:title\" content=\"V\u00e1s\u00e1rolja meg a CYTOCARE 532-t online \u2013 \u00c9rett b\u0151r\u0171 p\u00e1ciensek sz\u00e1m\u00e1ra\" \/>\n<meta property=\"og:description\" content=\"V\u00e1s\u00e1rolja meg a CYTOCARE 532-t online, \u00e9s haszn\u00e1lja ezt a derm\u00e1lis t\u00f6lt\u0151anyagot \u00e9rett p\u00e1ciensek b\u0151r\u00e9re, akikn\u00e9l az \u00f6reged\u00e9s jelei jelentkeznek az arcon, k\u00e9zen \u00e9s nyakon.\" \/>\n<meta property=\"og:url\" content=\"https:\/\/kinamihealth.com\/hu\/termek\/cytocare-532\/\" \/>\n<meta property=\"og:site_name\" content=\"Kinami Health\" \/>\n<meta property=\"article:modified_time\" content=\"2025-11-23T20:25:27+00:00\" \/>\n<meta property=\"og:image\" content=\"https:\/\/kinamihealth.com\/wp-content\/uploads\/2025\/02\/REVITACARE-CYTOCARE-532-01.jpg\" \/>\n\t<meta property=\"og:image:width\" content=\"800\" \/>\n\t<meta property=\"og:image:height\" content=\"800\" \/>\n\t<meta property=\"og:image:type\" content=\"image\/jpeg\" \/>\n<meta name=\"twitter:card\" content=\"summary_large_image\" \/>\n<meta name=\"twitter:label1\" content=\"Becs\u00fclt olvas\u00e1si id\u0151\" \/>\n\t<meta name=\"twitter:data1\" content=\"1 perc\" \/>\n<!-- \/ Yoast SEO plugin. -->","yoast_head_json":{"title":"V\u00e1s\u00e1rolja meg a CYTOCARE 532-t online \u2013 \u00c9rett b\u0151r\u0171 p\u00e1ciensek sz\u00e1m\u00e1ra","description":"V\u00e1s\u00e1rolja meg a CYTOCARE 532-t online, \u00e9s haszn\u00e1lja ezt a derm\u00e1lis t\u00f6lt\u0151anyagot \u00e9rett p\u00e1ciensek b\u0151r\u00e9re, akikn\u00e9l az \u00f6reged\u00e9s jelei jelentkeznek az arcon, k\u00e9zen \u00e9s nyakon.","robots":{"index":"index","follow":"follow","max-snippet":"max-snippet:-1","max-image-preview":"max-image-preview:large","max-video-preview":"max-video-preview:-1"},"canonical":"https:\/\/kinamihealth.com\/hu\/wp-json\/wp\/v2\/product\/118323","og_locale":"hu_HU","og_type":"article","og_title":"V\u00e1s\u00e1rolja meg a CYTOCARE 532-t online \u2013 \u00c9rett b\u0151r\u0171 p\u00e1ciensek sz\u00e1m\u00e1ra","og_description":"V\u00e1s\u00e1rolja meg a CYTOCARE 532-t online, \u00e9s haszn\u00e1lja ezt a derm\u00e1lis t\u00f6lt\u0151anyagot \u00e9rett p\u00e1ciensek b\u0151r\u00e9re, akikn\u00e9l az \u00f6reged\u00e9s jelei jelentkeznek az arcon, k\u00e9zen \u00e9s nyakon.","og_url":"https:\/\/kinamihealth.com\/hu\/termek\/cytocare-532\/","og_site_name":"Kinami Health","article_modified_time":"2025-11-23T20:25:27+00:00","og_image":[{"width":800,"height":800,"url":"https:\/\/kinamihealth.com\/wp-content\/uploads\/2025\/02\/REVITACARE-CYTOCARE-532-01.jpg","type":"image\/jpeg"}],"twitter_card":"summary_large_image","twitter_misc":{"Becs\u00fclt olvas\u00e1si id\u0151":"1 perc"},"schema":{"@context":"https:\/\/schema.org","@graph":[{"@type":"WebPage","@id":"https:\/\/kinamihealth.com\/hu\/termek\/cytocare-532\/","url":"https:\/\/kinamihealth.com\/hu\/termek\/cytocare-532\/","name":"V\u00e1s\u00e1rolja meg a CYTOCARE 532-t online \u2013 \u00c9rett b\u0151r\u0171 p\u00e1ciensek sz\u00e1m\u00e1ra","isPartOf":{"@id":"https:\/\/kinamihealth.com\/#website"},"primaryImageOfPage":{"@id":"https:\/\/kinamihealth.com\/hu\/termek\/cytocare-532\/#primaryimage"},"image":{"@id":"https:\/\/kinamihealth.com\/hu\/termek\/cytocare-532\/#primaryimage"},"thumbnailUrl":"https:\/\/kinamihealth.com\/wp-content\/uploads\/2025\/02\/REVITACARE-CYTOCARE-532-01.jpg","datePublished":"2025-02-15T16:54:32+00:00","dateModified":"2025-11-23T20:25:27+00:00","description":"V\u00e1s\u00e1rolja meg a CYTOCARE 532-t online, \u00e9s haszn\u00e1lja ezt a derm\u00e1lis t\u00f6lt\u0151anyagot \u00e9rett p\u00e1ciensek b\u0151r\u00e9re, akikn\u00e9l az \u00f6reged\u00e9s jelei jelentkeznek az arcon, k\u00e9zen \u00e9s nyakon.","breadcrumb":{"@id":"https:\/\/kinamihealth.com\/hu\/termek\/cytocare-532\/#breadcrumb"},"inLanguage":"hu","potentialAction":[{"@type":"ReadAction","target":["https:\/\/kinamihealth.com\/hu\/termek\/cytocare-532\/"]}]},{"@type":"ImageObject","inLanguage":"hu","@id":"https:\/\/kinamihealth.com\/hu\/termek\/cytocare-532\/#primaryimage","url":"https:\/\/kinamihealth.com\/wp-content\/uploads\/2025\/02\/REVITACARE-CYTOCARE-532-01.jpg","contentUrl":"https:\/\/kinamihealth.com\/wp-content\/uploads\/2025\/02\/REVITACARE-CYTOCARE-532-01.jpg","width":800,"height":800},{"@type":"BreadcrumbList","@id":"https:\/\/kinamihealth.com\/hu\/termek\/cytocare-532\/#breadcrumb","itemListElement":[{"@type":"ListItem","position":1,"name":"Kezd\u0151lap","item":"https:\/\/kinamihealth.com\/"},{"@type":"ListItem","position":2,"name":"Bolt","item":"https:\/\/kinamihealth.com\/shop\/"},{"@type":"ListItem","position":3,"name":"CYTOCARE\u00ae 532"}]},{"@type":"WebSite","@id":"https:\/\/kinamihealth.com\/#website","url":"https:\/\/kinamihealth.com\/","name":"Kinami Health","description":"","publisher":{"@id":"https:\/\/kinamihealth.com\/#organization"},"potentialAction":[{"@type":"SearchAction","target":{"@type":"EntryPoint","urlTemplate":"https:\/\/kinamihealth.com\/?s={search_term_string}"},"query-input":{"@type":"PropertyValueSpecification","valueRequired":true,"valueName":"search_term_string"}}],"inLanguage":"hu"},{"@type":"Organization","@id":"https:\/\/kinamihealth.com\/#organization","name":"Kinami Health","url":"https:\/\/kinamihealth.com\/","logo":{"@type":"ImageObject","inLanguage":"hu","@id":"https:\/\/kinamihealth.com\/#\/schema\/logo\/image\/","url":"https:\/\/kinamihealth.com\/wp-content\/uploads\/2025\/01\/KH_logo_black_2-1.png","contentUrl":"https:\/\/kinamihealth.com\/wp-content\/uploads\/2025\/01\/KH_logo_black_2-1.png","width":339,"height":34,"caption":"Kinami Health"},"image":{"@id":"https:\/\/kinamihealth.com\/#\/schema\/logo\/image\/"}}]}},"_links":{"self":[{"href":"https:\/\/kinamihealth.com\/hu\/wp-json\/wp\/v2\/product\/118323","targetHints":{"allow":["GET"]}}],"collection":[{"href":"https:\/\/kinamihealth.com\/hu\/wp-json\/wp\/v2\/product"}],"about":[{"href":"https:\/\/kinamihealth.com\/hu\/wp-json\/wp\/v2\/types\/product"}],"replies":[{"embeddable":true,"href":"https:\/\/kinamihealth.com\/hu\/wp-json\/wp\/v2\/comments?post=118323"}],"version-history":[{"count":0,"href":"https:\/\/kinamihealth.com\/hu\/wp-json\/wp\/v2\/product\/118323\/revisions"}],"wp:featuredmedia":[{"embeddable":true,"href":"https:\/\/kinamihealth.com\/hu\/wp-json\/wp\/v2\/media\/118327"}],"wp:attachment":[{"href":"https:\/\/kinamihealth.com\/hu\/wp-json\/wp\/v2\/media?parent=118323"}],"wp:term":[{"taxonomy":"product_brand","embeddable":true,"href":"https:\/\/kinamihealth.com\/hu\/wp-json\/wp\/v2\/product_brand?post=118323"},{"taxonomy":"product_cat","embeddable":true,"href":"https:\/\/kinamihealth.com\/hu\/wp-json\/wp\/v2\/product_cat?post=118323"},{"taxonomy":"product_tag","embeddable":true,"href":"https:\/\/kinamihealth.com\/hu\/wp-json\/wp\/v2\/product_tag?post=118323"}],"curies":[{"name":"wp","href":"https:\/\/api.w.org\/{rel}","templated":true}]}}