{"id":118318,"date":"2025-02-15T16:54:31","date_gmt":"2025-02-15T16:54:31","guid":{"rendered":"https:\/\/kinamihealth.com\/product\/cytocare-516\/"},"modified":"2025-11-23T20:31:04","modified_gmt":"2025-11-23T20:31:04","slug":"cytocare-516","status":"publish","type":"product","link":"https:\/\/kinamihealth.com\/hu\/termek\/cytocare-516\/","title":{"rendered":"CYTOCARE 516"},"content":{"rendered":"<p><span style=\"font-weight: 400;\">A <\/span><b>CYTOCARE 516<\/b><span style=\"font-weight: 400;\"> egy <\/span><b>injekt\u00e1lhat\u00f3 b\u0151rfiatal\u00edt\u00f3<\/b><span style=\"font-weight: 400;\"> k\u00e9sz\u00edtm\u00e9ny, amely magas koncentr\u00e1ci\u00f3ban tartalmaz <\/span><b>nem keresztk\u00f6t\u00f6tt hialuronsavat<\/b><span style=\"font-weight: 400;\">, valamint egy\u00e9b<\/span><b> hat\u00f3anyagokat<\/b><span style=\"font-weight: 400;\">, amelyek c\u00e9lja a <\/span><b>megl\u00e9v\u0151 b\u0151rhib\u00e1k<\/b><span style=\"font-weight: 400;\"> jav\u00edt\u00e1sa \u00e9s a j\u00f6v\u0151beli k\u00e1rosod\u00e1sok <\/span><b>megel\u0151z\u00e9se<\/b><span style=\"font-weight: 400;\">.<\/span><span style=\"font-weight: 400;\"><br \/>\n<\/span><span style=\"font-weight: 400;\"> A<\/span><b> vitaminokat,<\/b> <b>\u00e1sv\u00e1nyi anyagokat, antioxid\u00e1nsokat \u00e9s aminosavakat<\/b><span style=\"font-weight: 400;\"> egyetlen injekt\u00e1lhat\u00f3 formul\u00e1ban egyes\u00edti, ez a <\/span><b>Rejuvenating Complex CT50<\/b><span style=\"font-weight: 400;\">.<\/span><span style=\"font-weight: 400;\"><br \/>\n<\/span><span style=\"font-weight: 400;\"> Haszn\u00e1lja ezt a megold\u00e1st az <\/span><b>arc, a nyak \u00e9s a k\u00e9zfej<\/b><span style=\"font-weight: 400;\"> b\u0151r\u00e9nek <\/span><b>revitaliz\u00e1l\u00e1s\u00e1ra<\/b><span style=\"font-weight: 400;\"> \u00e9s <\/span><b>regener\u00e1l\u00e1s\u00e1ra.<\/b><span style=\"font-weight: 400;\"><br \/>\n<\/span><b> V\u00e1s\u00e1rolja meg a CYTOCARE 516-ot a Kinami Health<\/b><span style=\"font-weight: 400;\"> \u00e1ruh\u00e1zb\u00f3l, \u00e9s<\/span><b> rendeljen CYTOCARE m\u00e1rk\u00e1j\u00fa term\u00e9keket.<\/b><\/p>\n","protected":false},"excerpt":{"rendered":"<p>A CYTOCARE 516 egy injekt\u00e1lhat\u00f3 b\u0151rfiatal\u00edt\u00f3 k\u00e9sz\u00edtm\u00e9ny, amely magas koncentr\u00e1ci\u00f3ban tartalmaz nem keresztk\u00f6t\u00f6tt hialuronsavat, valamint egy\u00e9b hat\u00f3anyagokat, amelyek c\u00e9lja a megl\u00e9v\u0151 b\u0151rhib\u00e1k jav\u00edt\u00e1sa \u00e9s a j\u00f6v\u0151beli k\u00e1rosod\u00e1sok megel\u0151z\u00e9se. A vitaminokat, \u00e1sv\u00e1nyi anyagokat, antioxid\u00e1nsokat \u00e9s aminosavakat egyetlen injekt\u00e1lhat\u00f3 formul\u00e1ban egyes\u00edti, ez a Rejuvenating Complex CT50. Haszn\u00e1lja ezt a megold\u00e1st az arc, a nyak \u00e9s a k\u00e9zfej [&hellip;]<\/p>\n","protected":false},"featured_media":118322,"comment_status":"closed","ping_status":"closed","template":"","meta":{"_acf_changed":false,"inline_featured_image":false},"product_brand":[2232],"product_cat":[2997],"product_tag":[2979],"class_list":{"0":"post-118318","1":"product","2":"type-product","3":"status-publish","4":"has-post-thumbnail","6":"product_brand-cytocare","7":"product_cat-dermalis-toltoanyagok","8":"product_tag-orvostechnikai-eszkozok","10":"first","11":"instock","12":"taxable","13":"shipping-taxable","14":"purchasable","15":"product-type-simple","16":"add-to-wishlist-before_image"},"acf":[],"yoast_head":"<!-- This site is optimized with the Yoast SEO plugin v27.3 - https:\/\/yoast.com\/product\/yoast-seo-wordpress\/ -->\n<title>CYTOCARE 516 v\u00e1s\u00e1rl\u00e1sa online \u2013 T\u00e1panyagkever\u00e9k az arcb\u0151r\u00e9rt<\/title>\n<meta name=\"description\" content=\"V\u00e1s\u00e1roljon CYTOCARE 516-ot online, \u00e9s haszn\u00e1lja ezt a derm\u00e1lis t\u00f6lt\u0151anyagot a b\u0151r meg\u00faj\u00edt\u00e1s\u00e1ra \u00e9s v\u00e9delm\u00e9re a szabadgy\u00f6k\u00f6k ellen. Alkalmazza az arcon, nyakon \u00e9s k\u00e9zfejen.\" \/>\n<meta name=\"robots\" content=\"index, follow, max-snippet:-1, max-image-preview:large, max-video-preview:-1\" \/>\n<link rel=\"canonical\" href=\"https:\/\/kinamihealth.com\/hu\/wp-json\/wp\/v2\/product\/118318\" \/>\n<meta property=\"og:locale\" content=\"hu_HU\" \/>\n<meta property=\"og:type\" content=\"article\" \/>\n<meta property=\"og:title\" content=\"CYTOCARE 516 v\u00e1s\u00e1rl\u00e1sa online \u2013 T\u00e1panyagkever\u00e9k az arcb\u0151r\u00e9rt\" \/>\n<meta property=\"og:description\" content=\"V\u00e1s\u00e1roljon CYTOCARE 516-ot online, \u00e9s haszn\u00e1lja ezt a derm\u00e1lis t\u00f6lt\u0151anyagot a b\u0151r meg\u00faj\u00edt\u00e1s\u00e1ra \u00e9s v\u00e9delm\u00e9re a szabadgy\u00f6k\u00f6k ellen. Alkalmazza az arcon, nyakon \u00e9s k\u00e9zfejen.\" \/>\n<meta property=\"og:url\" content=\"https:\/\/kinamihealth.com\/hu\/termek\/cytocare-516\/\" \/>\n<meta property=\"og:site_name\" content=\"Kinami Health\" \/>\n<meta property=\"article:modified_time\" content=\"2025-11-23T20:31:04+00:00\" \/>\n<meta property=\"og:image\" content=\"https:\/\/kinamihealth.com\/wp-content\/uploads\/2025\/02\/REVITACARE-CYTOCARE-516-01.jpg\" \/>\n\t<meta property=\"og:image:width\" content=\"800\" \/>\n\t<meta property=\"og:image:height\" content=\"800\" \/>\n\t<meta property=\"og:image:type\" content=\"image\/jpeg\" \/>\n<meta name=\"twitter:card\" content=\"summary_large_image\" \/>\n<meta name=\"twitter:label1\" content=\"Becs\u00fclt olvas\u00e1si id\u0151\" \/>\n\t<meta name=\"twitter:data1\" content=\"1 perc\" \/>\n<!-- \/ Yoast SEO plugin. -->","yoast_head_json":{"title":"CYTOCARE 516 v\u00e1s\u00e1rl\u00e1sa online \u2013 T\u00e1panyagkever\u00e9k az arcb\u0151r\u00e9rt","description":"V\u00e1s\u00e1roljon CYTOCARE 516-ot online, \u00e9s haszn\u00e1lja ezt a derm\u00e1lis t\u00f6lt\u0151anyagot a b\u0151r meg\u00faj\u00edt\u00e1s\u00e1ra \u00e9s v\u00e9delm\u00e9re a szabadgy\u00f6k\u00f6k ellen. Alkalmazza az arcon, nyakon \u00e9s k\u00e9zfejen.","robots":{"index":"index","follow":"follow","max-snippet":"max-snippet:-1","max-image-preview":"max-image-preview:large","max-video-preview":"max-video-preview:-1"},"canonical":"https:\/\/kinamihealth.com\/hu\/wp-json\/wp\/v2\/product\/118318","og_locale":"hu_HU","og_type":"article","og_title":"CYTOCARE 516 v\u00e1s\u00e1rl\u00e1sa online \u2013 T\u00e1panyagkever\u00e9k az arcb\u0151r\u00e9rt","og_description":"V\u00e1s\u00e1roljon CYTOCARE 516-ot online, \u00e9s haszn\u00e1lja ezt a derm\u00e1lis t\u00f6lt\u0151anyagot a b\u0151r meg\u00faj\u00edt\u00e1s\u00e1ra \u00e9s v\u00e9delm\u00e9re a szabadgy\u00f6k\u00f6k ellen. Alkalmazza az arcon, nyakon \u00e9s k\u00e9zfejen.","og_url":"https:\/\/kinamihealth.com\/hu\/termek\/cytocare-516\/","og_site_name":"Kinami Health","article_modified_time":"2025-11-23T20:31:04+00:00","og_image":[{"width":800,"height":800,"url":"https:\/\/kinamihealth.com\/wp-content\/uploads\/2025\/02\/REVITACARE-CYTOCARE-516-01.jpg","type":"image\/jpeg"}],"twitter_card":"summary_large_image","twitter_misc":{"Becs\u00fclt olvas\u00e1si id\u0151":"1 perc"},"schema":{"@context":"https:\/\/schema.org","@graph":[{"@type":"WebPage","@id":"https:\/\/kinamihealth.com\/hu\/termek\/cytocare-516\/","url":"https:\/\/kinamihealth.com\/hu\/termek\/cytocare-516\/","name":"CYTOCARE 516 v\u00e1s\u00e1rl\u00e1sa online \u2013 T\u00e1panyagkever\u00e9k az arcb\u0151r\u00e9rt","isPartOf":{"@id":"https:\/\/kinamihealth.com\/#website"},"primaryImageOfPage":{"@id":"https:\/\/kinamihealth.com\/hu\/termek\/cytocare-516\/#primaryimage"},"image":{"@id":"https:\/\/kinamihealth.com\/hu\/termek\/cytocare-516\/#primaryimage"},"thumbnailUrl":"https:\/\/kinamihealth.com\/wp-content\/uploads\/2025\/02\/REVITACARE-CYTOCARE-516-01.jpg","datePublished":"2025-02-15T16:54:31+00:00","dateModified":"2025-11-23T20:31:04+00:00","description":"V\u00e1s\u00e1roljon CYTOCARE 516-ot online, \u00e9s haszn\u00e1lja ezt a derm\u00e1lis t\u00f6lt\u0151anyagot a b\u0151r meg\u00faj\u00edt\u00e1s\u00e1ra \u00e9s v\u00e9delm\u00e9re a szabadgy\u00f6k\u00f6k ellen. Alkalmazza az arcon, nyakon \u00e9s k\u00e9zfejen.","breadcrumb":{"@id":"https:\/\/kinamihealth.com\/hu\/termek\/cytocare-516\/#breadcrumb"},"inLanguage":"hu","potentialAction":[{"@type":"ReadAction","target":["https:\/\/kinamihealth.com\/hu\/termek\/cytocare-516\/"]}]},{"@type":"ImageObject","inLanguage":"hu","@id":"https:\/\/kinamihealth.com\/hu\/termek\/cytocare-516\/#primaryimage","url":"https:\/\/kinamihealth.com\/wp-content\/uploads\/2025\/02\/REVITACARE-CYTOCARE-516-01.jpg","contentUrl":"https:\/\/kinamihealth.com\/wp-content\/uploads\/2025\/02\/REVITACARE-CYTOCARE-516-01.jpg","width":800,"height":800},{"@type":"BreadcrumbList","@id":"https:\/\/kinamihealth.com\/hu\/termek\/cytocare-516\/#breadcrumb","itemListElement":[{"@type":"ListItem","position":1,"name":"Kezd\u0151lap","item":"https:\/\/kinamihealth.com\/"},{"@type":"ListItem","position":2,"name":"Bolt","item":"https:\/\/kinamihealth.com\/shop\/"},{"@type":"ListItem","position":3,"name":"CYTOCARE 516"}]},{"@type":"WebSite","@id":"https:\/\/kinamihealth.com\/#website","url":"https:\/\/kinamihealth.com\/","name":"Kinami Health","description":"","publisher":{"@id":"https:\/\/kinamihealth.com\/#organization"},"potentialAction":[{"@type":"SearchAction","target":{"@type":"EntryPoint","urlTemplate":"https:\/\/kinamihealth.com\/?s={search_term_string}"},"query-input":{"@type":"PropertyValueSpecification","valueRequired":true,"valueName":"search_term_string"}}],"inLanguage":"hu"},{"@type":"Organization","@id":"https:\/\/kinamihealth.com\/#organization","name":"Kinami Health","url":"https:\/\/kinamihealth.com\/","logo":{"@type":"ImageObject","inLanguage":"hu","@id":"https:\/\/kinamihealth.com\/#\/schema\/logo\/image\/","url":"https:\/\/kinamihealth.com\/wp-content\/uploads\/2025\/01\/KH_logo_black_2-1.png","contentUrl":"https:\/\/kinamihealth.com\/wp-content\/uploads\/2025\/01\/KH_logo_black_2-1.png","width":339,"height":34,"caption":"Kinami Health"},"image":{"@id":"https:\/\/kinamihealth.com\/#\/schema\/logo\/image\/"}}]}},"_links":{"self":[{"href":"https:\/\/kinamihealth.com\/hu\/wp-json\/wp\/v2\/product\/118318","targetHints":{"allow":["GET"]}}],"collection":[{"href":"https:\/\/kinamihealth.com\/hu\/wp-json\/wp\/v2\/product"}],"about":[{"href":"https:\/\/kinamihealth.com\/hu\/wp-json\/wp\/v2\/types\/product"}],"replies":[{"embeddable":true,"href":"https:\/\/kinamihealth.com\/hu\/wp-json\/wp\/v2\/comments?post=118318"}],"version-history":[{"count":0,"href":"https:\/\/kinamihealth.com\/hu\/wp-json\/wp\/v2\/product\/118318\/revisions"}],"wp:featuredmedia":[{"embeddable":true,"href":"https:\/\/kinamihealth.com\/hu\/wp-json\/wp\/v2\/media\/118322"}],"wp:attachment":[{"href":"https:\/\/kinamihealth.com\/hu\/wp-json\/wp\/v2\/media?parent=118318"}],"wp:term":[{"taxonomy":"product_brand","embeddable":true,"href":"https:\/\/kinamihealth.com\/hu\/wp-json\/wp\/v2\/product_brand?post=118318"},{"taxonomy":"product_cat","embeddable":true,"href":"https:\/\/kinamihealth.com\/hu\/wp-json\/wp\/v2\/product_cat?post=118318"},{"taxonomy":"product_tag","embeddable":true,"href":"https:\/\/kinamihealth.com\/hu\/wp-json\/wp\/v2\/product_tag?post=118318"}],"curies":[{"name":"wp","href":"https:\/\/api.w.org\/{rel}","templated":true}]}}