{"id":118312,"date":"2025-02-15T16:54:30","date_gmt":"2025-02-15T16:54:30","guid":{"rendered":"https:\/\/kinamihealth.com\/product\/cytocare-502\/"},"modified":"2025-11-23T20:37:57","modified_gmt":"2025-11-23T20:37:57","slug":"cytocare-502","status":"publish","type":"product","link":"https:\/\/kinamihealth.com\/hu\/termek\/cytocare-502\/","title":{"rendered":"CYTOCARE 502"},"content":{"rendered":"<p><b>A CYTOCARE 502 <\/b><span style=\"font-weight: 400;\">egy gondosan megalkotott<\/span><b> derm\u00e1lis t\u00f6lt\u0151anyag, <\/b><span style=\"font-weight: 400;\">amelyet arra fejlesztettek ki, hogy<\/span><b> meghosszabb\u00edtsa azok fiatalos megjelen\u00e9s\u00e9t, <\/b><span style=\"font-weight: 400;\">akikn\u00e9l m\u00e1r jelentkeznek az \u00f6reged\u00e9s els\u0151 jelei, mint<\/span><b> a r\u00e1ncok \u00e9s finom vonalak.<\/b><\/p>\n<p><span style=\"font-weight: 400;\">Alkalmazhat\u00f3 az<\/span><b> arc, nyak <\/b><span style=\"font-weight: 400;\">\u00e9s<\/span><b> k\u00e9zfej <\/b><span style=\"font-weight: 400;\">ter\u00fclet\u00e9n, hogy fokozza a<\/span><b> hidrat\u00e1lts\u00e1got,<\/b><span style=\"font-weight: 400;\"> \u00e9s megakad\u00e1lyozza a <\/span><b>szabadgy\u00f6k\u00f6k <\/b><span style=\"font-weight: 400;\">\u00e1ltal okozott k\u00f6t\u0151sz\u00f6veti k\u00e1rosod\u00e1st.<\/span><\/p>\n<p><b>A nem keresztk\u00f6t\u00f6tt hialuronsav<\/b><span style=\"font-weight: 400;\"> koncentr\u00e1ci\u00f3j\u00e1t kifejezetten a<\/span><b> 25\u201335 \u00e9ves koroszt\u00e1ly sz\u00e1m\u00e1ra optimaliz\u00e1lt\u00e1k.<\/b><\/p>\n<p><b>V\u00e1s\u00e1rolja meg a CYTOCARE 502-t a Kinami Health <\/b><span style=\"font-weight: 400;\">online \u00e1ruh\u00e1zban, \u00e9s szerezze be a legjobb \u00e1ron a<\/span><b> CYTOCARE m\u00e1rka term\u00e9keit.<\/b><\/p>\n","protected":false},"excerpt":{"rendered":"<p>A CYTOCARE 502 egy gondosan megalkotott derm\u00e1lis t\u00f6lt\u0151anyag, amelyet arra fejlesztettek ki, hogy meghosszabb\u00edtsa azok fiatalos megjelen\u00e9s\u00e9t, akikn\u00e9l m\u00e1r jelentkeznek az \u00f6reged\u00e9s els\u0151 jelei, mint a r\u00e1ncok \u00e9s finom vonalak. Alkalmazhat\u00f3 az arc, nyak \u00e9s k\u00e9zfej ter\u00fclet\u00e9n, hogy fokozza a hidrat\u00e1lts\u00e1got, \u00e9s megakad\u00e1lyozza a szabadgy\u00f6k\u00f6k \u00e1ltal okozott k\u00f6t\u0151sz\u00f6veti k\u00e1rosod\u00e1st. A nem keresztk\u00f6t\u00f6tt hialuronsav koncentr\u00e1ci\u00f3j\u00e1t kifejezetten [&hellip;]<\/p>\n","protected":false},"featured_media":118316,"comment_status":"closed","ping_status":"closed","template":"","meta":{"_acf_changed":false,"inline_featured_image":false},"product_brand":[2232],"product_cat":[2997],"product_tag":[2979],"class_list":{"0":"post-118312","1":"product","2":"type-product","3":"status-publish","4":"has-post-thumbnail","6":"product_brand-cytocare","7":"product_cat-dermalis-toltoanyagok","8":"product_tag-orvostechnikai-eszkozok","10":"first","11":"instock","12":"taxable","13":"shipping-taxable","14":"purchasable","15":"product-type-simple","16":"add-to-wishlist-before_image"},"acf":[],"yoast_head":"<!-- This site is optimized with the Yoast SEO plugin v27.3 - https:\/\/yoast.com\/product\/yoast-seo-wordpress\/ -->\n<title>CYTOCARE 502 v\u00e1s\u00e1rl\u00e1sa online \u2013 Az ifj\u00fas\u00e1g meg\u0151rz\u00e9se<\/title>\n<meta name=\"description\" content=\"V\u00e1s\u00e1roljon CYTOCARE 502-t online, \u00e9s haszn\u00e1lja ezt a derm\u00e1lis t\u00f6lt\u0151anyagot az arcon, nyakon \u00e9s k\u00e9zfejen az \u00f6reged\u00e9s jeleinek, p\u00e9ld\u00e1ul a finom r\u00e1ncoknak \u00e9s szarkal\u00e1baknak megel\u0151z\u00e9s\u00e9re.\" \/>\n<meta name=\"robots\" content=\"index, follow, max-snippet:-1, max-image-preview:large, max-video-preview:-1\" \/>\n<link rel=\"canonical\" href=\"https:\/\/kinamihealth.com\/hu\/wp-json\/wp\/v2\/product\/118312\" \/>\n<meta property=\"og:locale\" content=\"hu_HU\" \/>\n<meta property=\"og:type\" content=\"article\" \/>\n<meta property=\"og:title\" content=\"CYTOCARE 502 v\u00e1s\u00e1rl\u00e1sa online \u2013 Az ifj\u00fas\u00e1g meg\u0151rz\u00e9se\" \/>\n<meta property=\"og:description\" content=\"V\u00e1s\u00e1roljon CYTOCARE 502-t online, \u00e9s haszn\u00e1lja ezt a derm\u00e1lis t\u00f6lt\u0151anyagot az arcon, nyakon \u00e9s k\u00e9zfejen az \u00f6reged\u00e9s jeleinek, p\u00e9ld\u00e1ul a finom r\u00e1ncoknak \u00e9s szarkal\u00e1baknak megel\u0151z\u00e9s\u00e9re.\" \/>\n<meta property=\"og:url\" content=\"https:\/\/kinamihealth.com\/hu\/termek\/cytocare-502\/\" \/>\n<meta property=\"og:site_name\" content=\"Kinami Health\" \/>\n<meta property=\"article:modified_time\" content=\"2025-11-23T20:37:57+00:00\" \/>\n<meta property=\"og:image\" content=\"https:\/\/kinamihealth.com\/wp-content\/uploads\/2025\/02\/REVITACARE-CYTOCARE-502-01.jpg\" \/>\n\t<meta property=\"og:image:width\" content=\"800\" \/>\n\t<meta property=\"og:image:height\" content=\"800\" \/>\n\t<meta property=\"og:image:type\" content=\"image\/jpeg\" \/>\n<meta name=\"twitter:card\" content=\"summary_large_image\" \/>\n<meta name=\"twitter:label1\" content=\"Becs\u00fclt olvas\u00e1si id\u0151\" \/>\n\t<meta name=\"twitter:data1\" content=\"1 perc\" \/>\n<!-- \/ Yoast SEO plugin. -->","yoast_head_json":{"title":"CYTOCARE 502 v\u00e1s\u00e1rl\u00e1sa online \u2013 Az ifj\u00fas\u00e1g meg\u0151rz\u00e9se","description":"V\u00e1s\u00e1roljon CYTOCARE 502-t online, \u00e9s haszn\u00e1lja ezt a derm\u00e1lis t\u00f6lt\u0151anyagot az arcon, nyakon \u00e9s k\u00e9zfejen az \u00f6reged\u00e9s jeleinek, p\u00e9ld\u00e1ul a finom r\u00e1ncoknak \u00e9s szarkal\u00e1baknak megel\u0151z\u00e9s\u00e9re.","robots":{"index":"index","follow":"follow","max-snippet":"max-snippet:-1","max-image-preview":"max-image-preview:large","max-video-preview":"max-video-preview:-1"},"canonical":"https:\/\/kinamihealth.com\/hu\/wp-json\/wp\/v2\/product\/118312","og_locale":"hu_HU","og_type":"article","og_title":"CYTOCARE 502 v\u00e1s\u00e1rl\u00e1sa online \u2013 Az ifj\u00fas\u00e1g meg\u0151rz\u00e9se","og_description":"V\u00e1s\u00e1roljon CYTOCARE 502-t online, \u00e9s haszn\u00e1lja ezt a derm\u00e1lis t\u00f6lt\u0151anyagot az arcon, nyakon \u00e9s k\u00e9zfejen az \u00f6reged\u00e9s jeleinek, p\u00e9ld\u00e1ul a finom r\u00e1ncoknak \u00e9s szarkal\u00e1baknak megel\u0151z\u00e9s\u00e9re.","og_url":"https:\/\/kinamihealth.com\/hu\/termek\/cytocare-502\/","og_site_name":"Kinami Health","article_modified_time":"2025-11-23T20:37:57+00:00","og_image":[{"width":800,"height":800,"url":"https:\/\/kinamihealth.com\/wp-content\/uploads\/2025\/02\/REVITACARE-CYTOCARE-502-01.jpg","type":"image\/jpeg"}],"twitter_card":"summary_large_image","twitter_misc":{"Becs\u00fclt olvas\u00e1si id\u0151":"1 perc"},"schema":{"@context":"https:\/\/schema.org","@graph":[{"@type":"WebPage","@id":"https:\/\/kinamihealth.com\/hu\/termek\/cytocare-502\/","url":"https:\/\/kinamihealth.com\/hu\/termek\/cytocare-502\/","name":"CYTOCARE 502 v\u00e1s\u00e1rl\u00e1sa online \u2013 Az ifj\u00fas\u00e1g meg\u0151rz\u00e9se","isPartOf":{"@id":"https:\/\/kinamihealth.com\/#website"},"primaryImageOfPage":{"@id":"https:\/\/kinamihealth.com\/hu\/termek\/cytocare-502\/#primaryimage"},"image":{"@id":"https:\/\/kinamihealth.com\/hu\/termek\/cytocare-502\/#primaryimage"},"thumbnailUrl":"https:\/\/kinamihealth.com\/wp-content\/uploads\/2025\/02\/REVITACARE-CYTOCARE-502-01.jpg","datePublished":"2025-02-15T16:54:30+00:00","dateModified":"2025-11-23T20:37:57+00:00","description":"V\u00e1s\u00e1roljon CYTOCARE 502-t online, \u00e9s haszn\u00e1lja ezt a derm\u00e1lis t\u00f6lt\u0151anyagot az arcon, nyakon \u00e9s k\u00e9zfejen az \u00f6reged\u00e9s jeleinek, p\u00e9ld\u00e1ul a finom r\u00e1ncoknak \u00e9s szarkal\u00e1baknak megel\u0151z\u00e9s\u00e9re.","breadcrumb":{"@id":"https:\/\/kinamihealth.com\/hu\/termek\/cytocare-502\/#breadcrumb"},"inLanguage":"hu","potentialAction":[{"@type":"ReadAction","target":["https:\/\/kinamihealth.com\/hu\/termek\/cytocare-502\/"]}]},{"@type":"ImageObject","inLanguage":"hu","@id":"https:\/\/kinamihealth.com\/hu\/termek\/cytocare-502\/#primaryimage","url":"https:\/\/kinamihealth.com\/wp-content\/uploads\/2025\/02\/REVITACARE-CYTOCARE-502-01.jpg","contentUrl":"https:\/\/kinamihealth.com\/wp-content\/uploads\/2025\/02\/REVITACARE-CYTOCARE-502-01.jpg","width":800,"height":800},{"@type":"BreadcrumbList","@id":"https:\/\/kinamihealth.com\/hu\/termek\/cytocare-502\/#breadcrumb","itemListElement":[{"@type":"ListItem","position":1,"name":"Kezd\u0151lap","item":"https:\/\/kinamihealth.com\/"},{"@type":"ListItem","position":2,"name":"Bolt","item":"https:\/\/kinamihealth.com\/shop\/"},{"@type":"ListItem","position":3,"name":"CYTOCARE 502"}]},{"@type":"WebSite","@id":"https:\/\/kinamihealth.com\/#website","url":"https:\/\/kinamihealth.com\/","name":"Kinami Health","description":"","publisher":{"@id":"https:\/\/kinamihealth.com\/#organization"},"potentialAction":[{"@type":"SearchAction","target":{"@type":"EntryPoint","urlTemplate":"https:\/\/kinamihealth.com\/?s={search_term_string}"},"query-input":{"@type":"PropertyValueSpecification","valueRequired":true,"valueName":"search_term_string"}}],"inLanguage":"hu"},{"@type":"Organization","@id":"https:\/\/kinamihealth.com\/#organization","name":"Kinami Health","url":"https:\/\/kinamihealth.com\/","logo":{"@type":"ImageObject","inLanguage":"hu","@id":"https:\/\/kinamihealth.com\/#\/schema\/logo\/image\/","url":"https:\/\/kinamihealth.com\/wp-content\/uploads\/2025\/01\/KH_logo_black_2-1.png","contentUrl":"https:\/\/kinamihealth.com\/wp-content\/uploads\/2025\/01\/KH_logo_black_2-1.png","width":339,"height":34,"caption":"Kinami Health"},"image":{"@id":"https:\/\/kinamihealth.com\/#\/schema\/logo\/image\/"}}]}},"_links":{"self":[{"href":"https:\/\/kinamihealth.com\/hu\/wp-json\/wp\/v2\/product\/118312","targetHints":{"allow":["GET"]}}],"collection":[{"href":"https:\/\/kinamihealth.com\/hu\/wp-json\/wp\/v2\/product"}],"about":[{"href":"https:\/\/kinamihealth.com\/hu\/wp-json\/wp\/v2\/types\/product"}],"replies":[{"embeddable":true,"href":"https:\/\/kinamihealth.com\/hu\/wp-json\/wp\/v2\/comments?post=118312"}],"version-history":[{"count":0,"href":"https:\/\/kinamihealth.com\/hu\/wp-json\/wp\/v2\/product\/118312\/revisions"}],"wp:featuredmedia":[{"embeddable":true,"href":"https:\/\/kinamihealth.com\/hu\/wp-json\/wp\/v2\/media\/118316"}],"wp:attachment":[{"href":"https:\/\/kinamihealth.com\/hu\/wp-json\/wp\/v2\/media?parent=118312"}],"wp:term":[{"taxonomy":"product_brand","embeddable":true,"href":"https:\/\/kinamihealth.com\/hu\/wp-json\/wp\/v2\/product_brand?post=118312"},{"taxonomy":"product_cat","embeddable":true,"href":"https:\/\/kinamihealth.com\/hu\/wp-json\/wp\/v2\/product_cat?post=118312"},{"taxonomy":"product_tag","embeddable":true,"href":"https:\/\/kinamihealth.com\/hu\/wp-json\/wp\/v2\/product_tag?post=118312"}],"curies":[{"name":"wp","href":"https:\/\/api.w.org\/{rel}","templated":true}]}}