{"id":118310,"date":"2025-02-15T16:54:30","date_gmt":"2025-02-15T16:54:30","guid":{"rendered":"https:\/\/kinamihealth.com\/product\/croma-polyphil-next\/"},"modified":"2025-12-02T20:19:39","modified_gmt":"2025-12-02T20:19:39","slug":"croma-polyphil-next","status":"publish","type":"product","link":"https:\/\/kinamihealth.com\/hu\/termek\/croma-polyphil-next\/","title":{"rendered":"CROMA POLYPHIL\u2122 NEXT"},"content":{"rendered":"<p><span style=\"font-weight: 400;\">A Croma POLYPHIL Next egy <\/span><b>injekci\u00f3s b\u0151rfeszes\u00edt\u0151<\/b><span style=\"font-weight: 400;\">, amely polinukleotidokb\u00f3l \u00e1ll, \u00e9s a b\u0151r text\u00far\u00e1j\u00e1nak \u00e9s rugalmass\u00e1g\u00e1nak jav\u00edt\u00e1s\u00e1ra szolg\u00e1l. Alkalmas <\/span><b>az arc \u00e9s a nyak ter\u00fclet\u00e9nek kezel\u00e9s\u00e9re<\/b><span style=\"font-weight: 400;\">, \u00e9s t\u00e1mogatja a b\u0151r term\u00e9szetes regener\u00e1ci\u00f3s folyamat\u00e1t.<\/span><\/p>\n<p><span style=\"font-weight: 400;\">A <\/span><b>Kinami Health web\u00e1ruh\u00e1z<\/b><span style=\"font-weight: 400;\"> orvosi szakemberek sz\u00e1m\u00e1ra k\u00f6nny\u0171 hozz\u00e1f\u00e9r\u00e9st biztos\u00edt a Croma POLYPHIL Next term\u00e9khez, k\u00fcl\u00f6nleges sz\u00e1ll\u00edt\u00e1si \u00e9s nagykereskedelmi \u00e1rakkal.<\/span><\/p>\n","protected":false},"excerpt":{"rendered":"<p>A Croma POLYPHIL Next egy injekci\u00f3s b\u0151rfeszes\u00edt\u0151, amely polinukleotidokb\u00f3l \u00e1ll, \u00e9s a b\u0151r text\u00far\u00e1j\u00e1nak \u00e9s rugalmass\u00e1g\u00e1nak jav\u00edt\u00e1s\u00e1ra szolg\u00e1l. Alkalmas az arc \u00e9s a nyak ter\u00fclet\u00e9nek kezel\u00e9s\u00e9re, \u00e9s t\u00e1mogatja a b\u0151r term\u00e9szetes regener\u00e1ci\u00f3s folyamat\u00e1t. A Kinami Health web\u00e1ruh\u00e1z orvosi szakemberek sz\u00e1m\u00e1ra k\u00f6nny\u0171 hozz\u00e1f\u00e9r\u00e9st biztos\u00edt a Croma POLYPHIL Next term\u00e9khez, k\u00fcl\u00f6nleges sz\u00e1ll\u00edt\u00e1si \u00e9s nagykereskedelmi \u00e1rakkal.<\/p>\n","protected":false},"featured_media":118311,"comment_status":"closed","ping_status":"closed","template":"","meta":{"_acf_changed":false,"inline_featured_image":false},"product_brand":[2215],"product_cat":[2997],"product_tag":[2979],"class_list":{"0":"post-118310","1":"product","2":"type-product","3":"status-publish","4":"has-post-thumbnail","6":"product_brand-croma","7":"product_cat-dermalis-toltoanyagok","8":"product_tag-orvostechnikai-eszkozok","10":"first","11":"instock","12":"taxable","13":"shipping-taxable","14":"purchasable","15":"product-type-simple","16":"add-to-wishlist-before_image"},"acf":[],"yoast_head":"<!-- This site is optimized with the Yoast SEO plugin v27.3 - https:\/\/yoast.com\/product\/yoast-seo-wordpress\/ -->\n<title>Croma POLYPHIL Next online v\u00e1s\u00e1rl\u00e1s \u2013 b\u0151rfeszes\u00edt\u0151 a tart\u00f3s ragyog\u00e1s\u00e9rt<\/title>\n<meta name=\"description\" content=\"V\u00e1s\u00e1rolja meg online a Croma POLYPHIL Next term\u00e9ket a b\u0151r hidrat\u00e1lts\u00e1g\u00e1nak, rugalmass\u00e1g\u00e1nak \u00e9s text\u00far\u00e1j\u00e1nak jav\u00edt\u00e1s\u00e1ra. A Kinami Health-n\u00e1l min\u0151s\u00edtett szakemberek sz\u00e1m\u00e1ra el\u00e9rhet\u0151.\" \/>\n<meta name=\"robots\" content=\"index, follow, max-snippet:-1, max-image-preview:large, max-video-preview:-1\" \/>\n<link rel=\"canonical\" href=\"https:\/\/kinamihealth.com\/hu\/wp-json\/wp\/v2\/product\/118310\" \/>\n<meta property=\"og:locale\" content=\"hu_HU\" \/>\n<meta property=\"og:type\" content=\"article\" \/>\n<meta property=\"og:title\" content=\"Croma POLYPHIL Next online v\u00e1s\u00e1rl\u00e1s \u2013 b\u0151rfeszes\u00edt\u0151 a tart\u00f3s ragyog\u00e1s\u00e9rt\" \/>\n<meta property=\"og:description\" content=\"V\u00e1s\u00e1rolja meg online a Croma POLYPHIL Next term\u00e9ket a b\u0151r hidrat\u00e1lts\u00e1g\u00e1nak, rugalmass\u00e1g\u00e1nak \u00e9s text\u00far\u00e1j\u00e1nak jav\u00edt\u00e1s\u00e1ra. A Kinami Health-n\u00e1l min\u0151s\u00edtett szakemberek sz\u00e1m\u00e1ra el\u00e9rhet\u0151.\" \/>\n<meta property=\"og:url\" content=\"https:\/\/kinamihealth.com\/hu\/termek\/croma-polyphil-next\/\" \/>\n<meta property=\"og:site_name\" content=\"Kinami Health\" \/>\n<meta property=\"article:modified_time\" content=\"2025-12-02T20:19:39+00:00\" \/>\n<meta property=\"og:image\" content=\"https:\/\/kinamihealth.com\/wp-content\/uploads\/2025\/02\/CROMA-POLYPHIL-NEXT_Front-scaled.webp\" \/>\n\t<meta property=\"og:image:width\" content=\"2560\" \/>\n\t<meta property=\"og:image:height\" content=\"2560\" \/>\n\t<meta property=\"og:image:type\" content=\"image\/webp\" \/>\n<meta name=\"twitter:card\" content=\"summary_large_image\" \/>\n<meta name=\"twitter:label1\" content=\"Becs\u00fclt olvas\u00e1si id\u0151\" \/>\n\t<meta name=\"twitter:data1\" content=\"1 perc\" \/>\n<!-- \/ Yoast SEO plugin. -->","yoast_head_json":{"title":"Croma POLYPHIL Next online v\u00e1s\u00e1rl\u00e1s \u2013 b\u0151rfeszes\u00edt\u0151 a tart\u00f3s ragyog\u00e1s\u00e9rt","description":"V\u00e1s\u00e1rolja meg online a Croma POLYPHIL Next term\u00e9ket a b\u0151r hidrat\u00e1lts\u00e1g\u00e1nak, rugalmass\u00e1g\u00e1nak \u00e9s text\u00far\u00e1j\u00e1nak jav\u00edt\u00e1s\u00e1ra. A Kinami Health-n\u00e1l min\u0151s\u00edtett szakemberek sz\u00e1m\u00e1ra el\u00e9rhet\u0151.","robots":{"index":"index","follow":"follow","max-snippet":"max-snippet:-1","max-image-preview":"max-image-preview:large","max-video-preview":"max-video-preview:-1"},"canonical":"https:\/\/kinamihealth.com\/hu\/wp-json\/wp\/v2\/product\/118310","og_locale":"hu_HU","og_type":"article","og_title":"Croma POLYPHIL Next online v\u00e1s\u00e1rl\u00e1s \u2013 b\u0151rfeszes\u00edt\u0151 a tart\u00f3s ragyog\u00e1s\u00e9rt","og_description":"V\u00e1s\u00e1rolja meg online a Croma POLYPHIL Next term\u00e9ket a b\u0151r hidrat\u00e1lts\u00e1g\u00e1nak, rugalmass\u00e1g\u00e1nak \u00e9s text\u00far\u00e1j\u00e1nak jav\u00edt\u00e1s\u00e1ra. A Kinami Health-n\u00e1l min\u0151s\u00edtett szakemberek sz\u00e1m\u00e1ra el\u00e9rhet\u0151.","og_url":"https:\/\/kinamihealth.com\/hu\/termek\/croma-polyphil-next\/","og_site_name":"Kinami Health","article_modified_time":"2025-12-02T20:19:39+00:00","og_image":[{"width":2560,"height":2560,"url":"https:\/\/kinamihealth.com\/wp-content\/uploads\/2025\/02\/CROMA-POLYPHIL-NEXT_Front-scaled.webp","type":"image\/webp"}],"twitter_card":"summary_large_image","twitter_misc":{"Becs\u00fclt olvas\u00e1si id\u0151":"1 perc"},"schema":{"@context":"https:\/\/schema.org","@graph":[{"@type":"WebPage","@id":"https:\/\/kinamihealth.com\/hu\/termek\/croma-polyphil-next\/","url":"https:\/\/kinamihealth.com\/hu\/termek\/croma-polyphil-next\/","name":"Croma POLYPHIL Next online v\u00e1s\u00e1rl\u00e1s \u2013 b\u0151rfeszes\u00edt\u0151 a tart\u00f3s ragyog\u00e1s\u00e9rt","isPartOf":{"@id":"https:\/\/kinamihealth.com\/#website"},"primaryImageOfPage":{"@id":"https:\/\/kinamihealth.com\/hu\/termek\/croma-polyphil-next\/#primaryimage"},"image":{"@id":"https:\/\/kinamihealth.com\/hu\/termek\/croma-polyphil-next\/#primaryimage"},"thumbnailUrl":"https:\/\/kinamihealth.com\/wp-content\/uploads\/2025\/02\/CROMA-POLYPHIL-NEXT_Front-scaled.webp","datePublished":"2025-02-15T16:54:30+00:00","dateModified":"2025-12-02T20:19:39+00:00","description":"V\u00e1s\u00e1rolja meg online a Croma POLYPHIL Next term\u00e9ket a b\u0151r hidrat\u00e1lts\u00e1g\u00e1nak, rugalmass\u00e1g\u00e1nak \u00e9s text\u00far\u00e1j\u00e1nak jav\u00edt\u00e1s\u00e1ra. A Kinami Health-n\u00e1l min\u0151s\u00edtett szakemberek sz\u00e1m\u00e1ra el\u00e9rhet\u0151.","breadcrumb":{"@id":"https:\/\/kinamihealth.com\/hu\/termek\/croma-polyphil-next\/#breadcrumb"},"inLanguage":"hu","potentialAction":[{"@type":"ReadAction","target":["https:\/\/kinamihealth.com\/hu\/termek\/croma-polyphil-next\/"]}]},{"@type":"ImageObject","inLanguage":"hu","@id":"https:\/\/kinamihealth.com\/hu\/termek\/croma-polyphil-next\/#primaryimage","url":"https:\/\/kinamihealth.com\/wp-content\/uploads\/2025\/02\/CROMA-POLYPHIL-NEXT_Front-scaled.webp","contentUrl":"https:\/\/kinamihealth.com\/wp-content\/uploads\/2025\/02\/CROMA-POLYPHIL-NEXT_Front-scaled.webp","width":2560,"height":2560},{"@type":"BreadcrumbList","@id":"https:\/\/kinamihealth.com\/hu\/termek\/croma-polyphil-next\/#breadcrumb","itemListElement":[{"@type":"ListItem","position":1,"name":"Kezd\u0151lap","item":"https:\/\/kinamihealth.com\/"},{"@type":"ListItem","position":2,"name":"Bolt","item":"https:\/\/kinamihealth.com\/shop\/"},{"@type":"ListItem","position":3,"name":"CROMA POLYPHIL\u2122 NEXT"}]},{"@type":"WebSite","@id":"https:\/\/kinamihealth.com\/#website","url":"https:\/\/kinamihealth.com\/","name":"Kinami Health","description":"","publisher":{"@id":"https:\/\/kinamihealth.com\/#organization"},"potentialAction":[{"@type":"SearchAction","target":{"@type":"EntryPoint","urlTemplate":"https:\/\/kinamihealth.com\/?s={search_term_string}"},"query-input":{"@type":"PropertyValueSpecification","valueRequired":true,"valueName":"search_term_string"}}],"inLanguage":"hu"},{"@type":"Organization","@id":"https:\/\/kinamihealth.com\/#organization","name":"Kinami Health","url":"https:\/\/kinamihealth.com\/","logo":{"@type":"ImageObject","inLanguage":"hu","@id":"https:\/\/kinamihealth.com\/#\/schema\/logo\/image\/","url":"https:\/\/kinamihealth.com\/wp-content\/uploads\/2025\/01\/KH_logo_black_2-1.png","contentUrl":"https:\/\/kinamihealth.com\/wp-content\/uploads\/2025\/01\/KH_logo_black_2-1.png","width":339,"height":34,"caption":"Kinami Health"},"image":{"@id":"https:\/\/kinamihealth.com\/#\/schema\/logo\/image\/"}}]}},"_links":{"self":[{"href":"https:\/\/kinamihealth.com\/hu\/wp-json\/wp\/v2\/product\/118310","targetHints":{"allow":["GET"]}}],"collection":[{"href":"https:\/\/kinamihealth.com\/hu\/wp-json\/wp\/v2\/product"}],"about":[{"href":"https:\/\/kinamihealth.com\/hu\/wp-json\/wp\/v2\/types\/product"}],"replies":[{"embeddable":true,"href":"https:\/\/kinamihealth.com\/hu\/wp-json\/wp\/v2\/comments?post=118310"}],"version-history":[{"count":0,"href":"https:\/\/kinamihealth.com\/hu\/wp-json\/wp\/v2\/product\/118310\/revisions"}],"wp:featuredmedia":[{"embeddable":true,"href":"https:\/\/kinamihealth.com\/hu\/wp-json\/wp\/v2\/media\/118311"}],"wp:attachment":[{"href":"https:\/\/kinamihealth.com\/hu\/wp-json\/wp\/v2\/media?parent=118310"}],"wp:term":[{"taxonomy":"product_brand","embeddable":true,"href":"https:\/\/kinamihealth.com\/hu\/wp-json\/wp\/v2\/product_brand?post=118310"},{"taxonomy":"product_cat","embeddable":true,"href":"https:\/\/kinamihealth.com\/hu\/wp-json\/wp\/v2\/product_cat?post=118310"},{"taxonomy":"product_tag","embeddable":true,"href":"https:\/\/kinamihealth.com\/hu\/wp-json\/wp\/v2\/product_tag?post=118310"}],"curies":[{"name":"wp","href":"https:\/\/api.w.org\/{rel}","templated":true}]}}