{"id":118306,"date":"2025-02-15T16:54:28","date_gmt":"2025-02-15T16:54:28","guid":{"rendered":"https:\/\/kinamihealth.com\/product\/sesderma-c-vit-radiance-glowing-fluid\/"},"modified":"2025-11-23T20:46:27","modified_gmt":"2025-11-23T20:46:27","slug":"sesderma-c-vit-radiance-glowing-fluid","status":"publish","type":"product","link":"https:\/\/kinamihealth.com\/hu\/termek\/sesderma-c-vit-radiance-glowing-fluid\/","title":{"rendered":"SESDERMA\u00ae C-VIT RADIANCE GLOWING FLUID"},"content":{"rendered":"<p><span style=\"font-weight: 400;\">A <\/span><b>C-VIT RADIANCE GLOWING FLUID<\/b><span style=\"font-weight: 400;\"> a <\/span><b>Sesderma pr\u00e9mium b\u0151r\u00e1pol\u00e1si <\/b><span style=\"font-weight: 400;\">term\u00e9ke, amely \u00f6tv\u00f6zi a <\/span><b>hialuronsav hidrat\u00e1l\u00f3<\/b><span style=\"font-weight: 400;\"> k\u00e9pess\u00e9g\u00e9t \u00e9s a <\/span><b>stabiliz\u00e1lt C-vitamin<\/b><span style=\"font-weight: 400;\"> antioxid\u00e1ns <\/span><b>tulajdons\u00e1gait. <\/b><span style=\"font-weight: 400;\">Haszn\u00e1lja ezt a term\u00e9ket<\/span><b> naponta reggel <\/b><span style=\"font-weight: 400;\">\u00e9s<\/span><b> este,<\/b><span style=\"font-weight: 400;\"> hogy megv\u00e9dje b\u0151r\u00e9t a <\/span><b>szabad gy\u00f6k\u00f6kt\u0151l<\/b><span style=\"font-weight: 400;\">, <\/span><b>korrig\u00e1lja a b\u0151relsz\u00ednez\u0151d\u00e9seket<\/b><span style=\"font-weight: 400;\">, n\u00f6velje a<\/span><b> kollag\u00e9ntermel\u00e9st<\/b><span style=\"font-weight: 400;\">, \u00e9s <\/span><b>serkentse a sz\u00f6vetregener\u00e1ci\u00f3t. V\u00e1s\u00e1rolja meg a C-VIT RADIANCE GLOWING FLUID-ot a Kinami Health <\/b><span style=\"font-weight: 400;\">web\u00e1ruh\u00e1zb\u00f3l, ahol a <\/span><b>Sesderma m\u00e1rka term\u00e9kei is kaphat\u00f3k.<\/b><\/p>\n","protected":false},"excerpt":{"rendered":"<p>A C-VIT RADIANCE GLOWING FLUID a Sesderma pr\u00e9mium b\u0151r\u00e1pol\u00e1si term\u00e9ke, amely \u00f6tv\u00f6zi a hialuronsav hidrat\u00e1l\u00f3 k\u00e9pess\u00e9g\u00e9t \u00e9s a stabiliz\u00e1lt C-vitamin antioxid\u00e1ns tulajdons\u00e1gait. Haszn\u00e1lja ezt a term\u00e9ket naponta reggel \u00e9s este, hogy megv\u00e9dje b\u0151r\u00e9t a szabad gy\u00f6k\u00f6kt\u0151l, korrig\u00e1lja a b\u0151relsz\u00ednez\u0151d\u00e9seket, n\u00f6velje a kollag\u00e9ntermel\u00e9st, \u00e9s serkentse a sz\u00f6vetregener\u00e1ci\u00f3t. V\u00e1s\u00e1rolja meg a C-VIT RADIANCE GLOWING FLUID-ot a Kinami [&hellip;]<\/p>\n","protected":false},"featured_media":118307,"comment_status":"closed","ping_status":"closed","template":"","meta":{"_acf_changed":false,"inline_featured_image":false},"product_brand":[2254],"product_cat":[2991],"product_tag":[2979],"class_list":{"0":"post-118306","1":"product","2":"type-product","3":"status-publish","4":"has-post-thumbnail","6":"product_brand-sesderma","7":"product_cat-borapolas","8":"product_tag-orvostechnikai-eszkozok","10":"first","11":"instock","12":"taxable","13":"shipping-taxable","14":"purchasable","15":"product-type-simple","16":"add-to-wishlist-before_image"},"acf":[],"yoast_head":"<!-- This site is optimized with the Yoast SEO plugin v27.3 - https:\/\/yoast.com\/product\/yoast-seo-wordpress\/ -->\n<title>V\u00e1s\u00e1roljon C-VIT RADIANCE GLOWING FLUID-ot online<\/title>\n<meta name=\"description\" content=\"V\u00e1s\u00e1rolja meg a C-VIT RADIANCE GLOWING FLUID-ot online \u00e9s gondoskodjon az arc, a nyak \u00e9s a dekolt\u00e1zs k\u00f6r\u00fcli b\u0151r hidrat\u00e1l\u00e1s\u00e1r\u00f3l \u00e9s oxidat\u00edv stressz elleni v\u00e9delm\u00e9r\u0151l.\" \/>\n<meta name=\"robots\" content=\"index, follow, max-snippet:-1, max-image-preview:large, max-video-preview:-1\" \/>\n<link rel=\"canonical\" href=\"https:\/\/kinamihealth.com\/hu\/wp-json\/wp\/v2\/product\/118306\" \/>\n<meta property=\"og:locale\" content=\"hu_HU\" \/>\n<meta property=\"og:type\" content=\"article\" \/>\n<meta property=\"og:title\" content=\"V\u00e1s\u00e1roljon C-VIT RADIANCE GLOWING FLUID-ot online\" \/>\n<meta property=\"og:description\" content=\"V\u00e1s\u00e1rolja meg a C-VIT RADIANCE GLOWING FLUID-ot online \u00e9s gondoskodjon az arc, a nyak \u00e9s a dekolt\u00e1zs k\u00f6r\u00fcli b\u0151r hidrat\u00e1l\u00e1s\u00e1r\u00f3l \u00e9s oxidat\u00edv stressz elleni v\u00e9delm\u00e9r\u0151l.\" \/>\n<meta property=\"og:url\" content=\"https:\/\/kinamihealth.com\/hu\/termek\/sesderma-c-vit-radiance-glowing-fluid\/\" \/>\n<meta property=\"og:site_name\" content=\"Kinami Health\" \/>\n<meta property=\"article:modified_time\" content=\"2025-11-23T20:46:27+00:00\" \/>\n<meta property=\"og:image\" content=\"https:\/\/kinamihealth.com\/wp-content\/uploads\/2025\/02\/SESDERMA-C-VIT-RADIANCE-GLOWING-FLUID-01.jpg\" \/>\n\t<meta property=\"og:image:width\" content=\"800\" \/>\n\t<meta property=\"og:image:height\" content=\"800\" \/>\n\t<meta property=\"og:image:type\" content=\"image\/jpeg\" \/>\n<meta name=\"twitter:card\" content=\"summary_large_image\" \/>\n<meta name=\"twitter:label1\" content=\"Becs\u00fclt olvas\u00e1si id\u0151\" \/>\n\t<meta name=\"twitter:data1\" content=\"1 perc\" \/>\n<!-- \/ Yoast SEO plugin. -->","yoast_head_json":{"title":"V\u00e1s\u00e1roljon C-VIT RADIANCE GLOWING FLUID-ot online","description":"V\u00e1s\u00e1rolja meg a C-VIT RADIANCE GLOWING FLUID-ot online \u00e9s gondoskodjon az arc, a nyak \u00e9s a dekolt\u00e1zs k\u00f6r\u00fcli b\u0151r hidrat\u00e1l\u00e1s\u00e1r\u00f3l \u00e9s oxidat\u00edv stressz elleni v\u00e9delm\u00e9r\u0151l.","robots":{"index":"index","follow":"follow","max-snippet":"max-snippet:-1","max-image-preview":"max-image-preview:large","max-video-preview":"max-video-preview:-1"},"canonical":"https:\/\/kinamihealth.com\/hu\/wp-json\/wp\/v2\/product\/118306","og_locale":"hu_HU","og_type":"article","og_title":"V\u00e1s\u00e1roljon C-VIT RADIANCE GLOWING FLUID-ot online","og_description":"V\u00e1s\u00e1rolja meg a C-VIT RADIANCE GLOWING FLUID-ot online \u00e9s gondoskodjon az arc, a nyak \u00e9s a dekolt\u00e1zs k\u00f6r\u00fcli b\u0151r hidrat\u00e1l\u00e1s\u00e1r\u00f3l \u00e9s oxidat\u00edv stressz elleni v\u00e9delm\u00e9r\u0151l.","og_url":"https:\/\/kinamihealth.com\/hu\/termek\/sesderma-c-vit-radiance-glowing-fluid\/","og_site_name":"Kinami Health","article_modified_time":"2025-11-23T20:46:27+00:00","og_image":[{"width":800,"height":800,"url":"https:\/\/kinamihealth.com\/wp-content\/uploads\/2025\/02\/SESDERMA-C-VIT-RADIANCE-GLOWING-FLUID-01.jpg","type":"image\/jpeg"}],"twitter_card":"summary_large_image","twitter_misc":{"Becs\u00fclt olvas\u00e1si id\u0151":"1 perc"},"schema":{"@context":"https:\/\/schema.org","@graph":[{"@type":"WebPage","@id":"https:\/\/kinamihealth.com\/hu\/termek\/sesderma-c-vit-radiance-glowing-fluid\/","url":"https:\/\/kinamihealth.com\/hu\/termek\/sesderma-c-vit-radiance-glowing-fluid\/","name":"V\u00e1s\u00e1roljon C-VIT RADIANCE GLOWING FLUID-ot online","isPartOf":{"@id":"https:\/\/kinamihealth.com\/#website"},"primaryImageOfPage":{"@id":"https:\/\/kinamihealth.com\/hu\/termek\/sesderma-c-vit-radiance-glowing-fluid\/#primaryimage"},"image":{"@id":"https:\/\/kinamihealth.com\/hu\/termek\/sesderma-c-vit-radiance-glowing-fluid\/#primaryimage"},"thumbnailUrl":"https:\/\/kinamihealth.com\/wp-content\/uploads\/2025\/02\/SESDERMA-C-VIT-RADIANCE-GLOWING-FLUID-01.jpg","datePublished":"2025-02-15T16:54:28+00:00","dateModified":"2025-11-23T20:46:27+00:00","description":"V\u00e1s\u00e1rolja meg a C-VIT RADIANCE GLOWING FLUID-ot online \u00e9s gondoskodjon az arc, a nyak \u00e9s a dekolt\u00e1zs k\u00f6r\u00fcli b\u0151r hidrat\u00e1l\u00e1s\u00e1r\u00f3l \u00e9s oxidat\u00edv stressz elleni v\u00e9delm\u00e9r\u0151l.","breadcrumb":{"@id":"https:\/\/kinamihealth.com\/hu\/termek\/sesderma-c-vit-radiance-glowing-fluid\/#breadcrumb"},"inLanguage":"hu","potentialAction":[{"@type":"ReadAction","target":["https:\/\/kinamihealth.com\/hu\/termek\/sesderma-c-vit-radiance-glowing-fluid\/"]}]},{"@type":"ImageObject","inLanguage":"hu","@id":"https:\/\/kinamihealth.com\/hu\/termek\/sesderma-c-vit-radiance-glowing-fluid\/#primaryimage","url":"https:\/\/kinamihealth.com\/wp-content\/uploads\/2025\/02\/SESDERMA-C-VIT-RADIANCE-GLOWING-FLUID-01.jpg","contentUrl":"https:\/\/kinamihealth.com\/wp-content\/uploads\/2025\/02\/SESDERMA-C-VIT-RADIANCE-GLOWING-FLUID-01.jpg","width":800,"height":800},{"@type":"BreadcrumbList","@id":"https:\/\/kinamihealth.com\/hu\/termek\/sesderma-c-vit-radiance-glowing-fluid\/#breadcrumb","itemListElement":[{"@type":"ListItem","position":1,"name":"Kezd\u0151lap","item":"https:\/\/kinamihealth.com\/"},{"@type":"ListItem","position":2,"name":"Bolt","item":"https:\/\/kinamihealth.com\/shop\/"},{"@type":"ListItem","position":3,"name":"SESDERMA\u00ae C-VIT RADIANCE GLOWING FLUID"}]},{"@type":"WebSite","@id":"https:\/\/kinamihealth.com\/#website","url":"https:\/\/kinamihealth.com\/","name":"Kinami Health","description":"","publisher":{"@id":"https:\/\/kinamihealth.com\/#organization"},"potentialAction":[{"@type":"SearchAction","target":{"@type":"EntryPoint","urlTemplate":"https:\/\/kinamihealth.com\/?s={search_term_string}"},"query-input":{"@type":"PropertyValueSpecification","valueRequired":true,"valueName":"search_term_string"}}],"inLanguage":"hu"},{"@type":"Organization","@id":"https:\/\/kinamihealth.com\/#organization","name":"Kinami Health","url":"https:\/\/kinamihealth.com\/","logo":{"@type":"ImageObject","inLanguage":"hu","@id":"https:\/\/kinamihealth.com\/#\/schema\/logo\/image\/","url":"https:\/\/kinamihealth.com\/wp-content\/uploads\/2025\/01\/KH_logo_black_2-1.png","contentUrl":"https:\/\/kinamihealth.com\/wp-content\/uploads\/2025\/01\/KH_logo_black_2-1.png","width":339,"height":34,"caption":"Kinami Health"},"image":{"@id":"https:\/\/kinamihealth.com\/#\/schema\/logo\/image\/"}}]}},"_links":{"self":[{"href":"https:\/\/kinamihealth.com\/hu\/wp-json\/wp\/v2\/product\/118306","targetHints":{"allow":["GET"]}}],"collection":[{"href":"https:\/\/kinamihealth.com\/hu\/wp-json\/wp\/v2\/product"}],"about":[{"href":"https:\/\/kinamihealth.com\/hu\/wp-json\/wp\/v2\/types\/product"}],"replies":[{"embeddable":true,"href":"https:\/\/kinamihealth.com\/hu\/wp-json\/wp\/v2\/comments?post=118306"}],"version-history":[{"count":0,"href":"https:\/\/kinamihealth.com\/hu\/wp-json\/wp\/v2\/product\/118306\/revisions"}],"wp:featuredmedia":[{"embeddable":true,"href":"https:\/\/kinamihealth.com\/hu\/wp-json\/wp\/v2\/media\/118307"}],"wp:attachment":[{"href":"https:\/\/kinamihealth.com\/hu\/wp-json\/wp\/v2\/media?parent=118306"}],"wp:term":[{"taxonomy":"product_brand","embeddable":true,"href":"https:\/\/kinamihealth.com\/hu\/wp-json\/wp\/v2\/product_brand?post=118306"},{"taxonomy":"product_cat","embeddable":true,"href":"https:\/\/kinamihealth.com\/hu\/wp-json\/wp\/v2\/product_cat?post=118306"},{"taxonomy":"product_tag","embeddable":true,"href":"https:\/\/kinamihealth.com\/hu\/wp-json\/wp\/v2\/product_tag?post=118306"}],"curies":[{"name":"wp","href":"https:\/\/api.w.org\/{rel}","templated":true}]}}