{"id":118304,"date":"2025-02-15T16:54:24","date_gmt":"2025-02-15T16:54:24","guid":{"rendered":"https:\/\/kinamihealth.com\/product\/sesderma-c-vit-mist\/"},"modified":"2025-11-23T20:49:51","modified_gmt":"2025-11-23T20:49:51","slug":"sesderma-c-vit-mist","status":"publish","type":"product","link":"https:\/\/kinamihealth.com\/hu\/termek\/sesderma-c-vit-mist\/","title":{"rendered":"SESDERMA\u00ae C-VIT MIST"},"content":{"rendered":"<p><span style=\"font-weight: 400;\">A <\/span><b>C-VIT MIST<\/b><span style=\"font-weight: 400;\"> egy <\/span><b>antioxid\u00e1ns tulajdons\u00e1gokkal<\/b><span style=\"font-weight: 400;\"> rendelkez\u0151<\/span><b> hidrat\u00e1l\u00f3<\/b><span style=\"font-weight: 400;\">, amely <\/span><b>ragyog\u00f3v\u00e1<\/b><span style=\"font-weight: 400;\"> \u00e9s <\/span><b>\u00e9lettel teliv\u00e9<\/b><span style=\"font-weight: 400;\"> var\u00e1zsolja a <\/span><b>b\u0151rt<\/b><span style=\"font-weight: 400;\">, amikor csak <\/span><b>frissnek<\/b><span style=\"font-weight: 400;\"> \u00e9s <\/span><b>hidrat\u00e1ltnak <\/b><span style=\"font-weight: 400;\">szeretn\u00e9d \u00e9rezni magad. Ezt a <\/span><b>hordozhat\u00f3 b\u0151rfriss\u00edt\u0151t <\/b><span style=\"font-weight: 400;\">alkalmazhatod<\/span><b> tiszta b\u0151rre<\/b><span style=\"font-weight: 400;\"> vagy <\/span><b>smink <\/b><span style=\"font-weight: 400;\">f\u00f6l\u00e9 <\/span><b>fix\u00e1l\u00f3k\u00e9nt<\/b><span style=\"font-weight: 400;\">. \u00f6gz\u00edt\u0151k\u00e9nt. Hordd magaddal mindig, \u00e9s haszn\u00e1ld <\/span><b>naponta t\u00f6bbsz\u00f6r<\/b><span style=\"font-weight: 400;\">. Egyetlen arcra f\u00fajt permet seg\u00edts\u00e9g\u00e9vel megv\u00e9dheted b\u0151r\u00f6det az UV-sug\u00e1rz\u00e1st\u00f3l \u00e9s m\u00e1s szabadgy\u00f6k-k\u00e9pz\u0151 t\u00e9nyez\u0151kt\u0151l. <\/span><b>V\u00e1s\u00e1rold meg a C-VIT MIST-et a Kinami Health<\/b><span style=\"font-weight: 400;\"> online \u00e1ruh\u00e1zb\u00f3l, \u00e9s <\/span><b>rendeld meg a pr\u00e9mium Sesderma<\/b><span style=\"font-weight: 400;\"> term\u00e9keket.<\/span><\/p>\n","protected":false},"excerpt":{"rendered":"<p>A C-VIT MIST egy antioxid\u00e1ns tulajdons\u00e1gokkal rendelkez\u0151 hidrat\u00e1l\u00f3, amely ragyog\u00f3v\u00e1 \u00e9s \u00e9lettel teliv\u00e9 var\u00e1zsolja a b\u0151rt, amikor csak frissnek \u00e9s hidrat\u00e1ltnak szeretn\u00e9d \u00e9rezni magad. Ezt a hordozhat\u00f3 b\u0151rfriss\u00edt\u0151t alkalmazhatod tiszta b\u0151rre vagy smink f\u00f6l\u00e9 fix\u00e1l\u00f3k\u00e9nt. \u00f6gz\u00edt\u0151k\u00e9nt. Hordd magaddal mindig, \u00e9s haszn\u00e1ld naponta t\u00f6bbsz\u00f6r. Egyetlen arcra f\u00fajt permet seg\u00edts\u00e9g\u00e9vel megv\u00e9dheted b\u0151r\u00f6det az UV-sug\u00e1rz\u00e1st\u00f3l \u00e9s m\u00e1s szabadgy\u00f6k-k\u00e9pz\u0151 [&hellip;]<\/p>\n","protected":false},"featured_media":118305,"comment_status":"closed","ping_status":"closed","template":"","meta":{"_acf_changed":false,"inline_featured_image":false},"product_brand":[2254],"product_cat":[2991],"product_tag":[2979],"class_list":{"0":"post-118304","1":"product","2":"type-product","3":"status-publish","4":"has-post-thumbnail","6":"product_brand-sesderma","7":"product_cat-borapolas","8":"product_tag-orvostechnikai-eszkozok","10":"first","11":"instock","12":"taxable","13":"shipping-taxable","14":"purchasable","15":"product-type-simple","16":"add-to-wishlist-before_image"},"acf":[],"yoast_head":"<!-- This site is optimized with the Yoast SEO plugin v27.3 - https:\/\/yoast.com\/product\/yoast-seo-wordpress\/ -->\n<title>C-VIT MIST v\u00e1s\u00e1rl\u00e1sa online \u2013 Hordozhat\u00f3 b\u0151rkezel\u00e9s<\/title>\n<meta name=\"description\" content=\"V\u00e1s\u00e1rolj C-VIT MIST-et online, \u00e9s jav\u00edtsd a r\u00e1ncokat \u00e9s apr\u00f3 vonalakat, mik\u00f6zben gyorsan felfriss\u00edted, hidrat\u00e1lod \u00e9s ragyog\u00f3v\u00e1 teszed b\u0151r\u00f6det, amikor csak akarod.\" \/>\n<meta name=\"robots\" content=\"index, follow, max-snippet:-1, max-image-preview:large, max-video-preview:-1\" \/>\n<link rel=\"canonical\" href=\"https:\/\/kinamihealth.com\/hu\/wp-json\/wp\/v2\/product\/118304\" \/>\n<meta property=\"og:locale\" content=\"hu_HU\" \/>\n<meta property=\"og:type\" content=\"article\" \/>\n<meta property=\"og:title\" content=\"C-VIT MIST v\u00e1s\u00e1rl\u00e1sa online \u2013 Hordozhat\u00f3 b\u0151rkezel\u00e9s\" \/>\n<meta property=\"og:description\" content=\"V\u00e1s\u00e1rolj C-VIT MIST-et online, \u00e9s jav\u00edtsd a r\u00e1ncokat \u00e9s apr\u00f3 vonalakat, mik\u00f6zben gyorsan felfriss\u00edted, hidrat\u00e1lod \u00e9s ragyog\u00f3v\u00e1 teszed b\u0151r\u00f6det, amikor csak akarod.\" \/>\n<meta property=\"og:url\" content=\"https:\/\/kinamihealth.com\/hu\/termek\/sesderma-c-vit-mist\/\" \/>\n<meta property=\"og:site_name\" content=\"Kinami Health\" \/>\n<meta property=\"article:modified_time\" content=\"2025-11-23T20:49:51+00:00\" \/>\n<meta property=\"og:image\" content=\"https:\/\/kinamihealth.com\/wp-content\/uploads\/2025\/02\/SESDERMA-C-VIT-MIST-01.jpg\" \/>\n\t<meta property=\"og:image:width\" content=\"800\" \/>\n\t<meta property=\"og:image:height\" content=\"800\" \/>\n\t<meta property=\"og:image:type\" content=\"image\/jpeg\" \/>\n<meta name=\"twitter:card\" content=\"summary_large_image\" \/>\n<meta name=\"twitter:label1\" content=\"Becs\u00fclt olvas\u00e1si id\u0151\" \/>\n\t<meta name=\"twitter:data1\" content=\"1 perc\" \/>\n<!-- \/ Yoast SEO plugin. -->","yoast_head_json":{"title":"C-VIT MIST v\u00e1s\u00e1rl\u00e1sa online \u2013 Hordozhat\u00f3 b\u0151rkezel\u00e9s","description":"V\u00e1s\u00e1rolj C-VIT MIST-et online, \u00e9s jav\u00edtsd a r\u00e1ncokat \u00e9s apr\u00f3 vonalakat, mik\u00f6zben gyorsan felfriss\u00edted, hidrat\u00e1lod \u00e9s ragyog\u00f3v\u00e1 teszed b\u0151r\u00f6det, amikor csak akarod.","robots":{"index":"index","follow":"follow","max-snippet":"max-snippet:-1","max-image-preview":"max-image-preview:large","max-video-preview":"max-video-preview:-1"},"canonical":"https:\/\/kinamihealth.com\/hu\/wp-json\/wp\/v2\/product\/118304","og_locale":"hu_HU","og_type":"article","og_title":"C-VIT MIST v\u00e1s\u00e1rl\u00e1sa online \u2013 Hordozhat\u00f3 b\u0151rkezel\u00e9s","og_description":"V\u00e1s\u00e1rolj C-VIT MIST-et online, \u00e9s jav\u00edtsd a r\u00e1ncokat \u00e9s apr\u00f3 vonalakat, mik\u00f6zben gyorsan felfriss\u00edted, hidrat\u00e1lod \u00e9s ragyog\u00f3v\u00e1 teszed b\u0151r\u00f6det, amikor csak akarod.","og_url":"https:\/\/kinamihealth.com\/hu\/termek\/sesderma-c-vit-mist\/","og_site_name":"Kinami Health","article_modified_time":"2025-11-23T20:49:51+00:00","og_image":[{"width":800,"height":800,"url":"https:\/\/kinamihealth.com\/wp-content\/uploads\/2025\/02\/SESDERMA-C-VIT-MIST-01.jpg","type":"image\/jpeg"}],"twitter_card":"summary_large_image","twitter_misc":{"Becs\u00fclt olvas\u00e1si id\u0151":"1 perc"},"schema":{"@context":"https:\/\/schema.org","@graph":[{"@type":"WebPage","@id":"https:\/\/kinamihealth.com\/hu\/termek\/sesderma-c-vit-mist\/","url":"https:\/\/kinamihealth.com\/hu\/termek\/sesderma-c-vit-mist\/","name":"C-VIT MIST v\u00e1s\u00e1rl\u00e1sa online \u2013 Hordozhat\u00f3 b\u0151rkezel\u00e9s","isPartOf":{"@id":"https:\/\/kinamihealth.com\/#website"},"primaryImageOfPage":{"@id":"https:\/\/kinamihealth.com\/hu\/termek\/sesderma-c-vit-mist\/#primaryimage"},"image":{"@id":"https:\/\/kinamihealth.com\/hu\/termek\/sesderma-c-vit-mist\/#primaryimage"},"thumbnailUrl":"https:\/\/kinamihealth.com\/wp-content\/uploads\/2025\/02\/SESDERMA-C-VIT-MIST-01.jpg","datePublished":"2025-02-15T16:54:24+00:00","dateModified":"2025-11-23T20:49:51+00:00","description":"V\u00e1s\u00e1rolj C-VIT MIST-et online, \u00e9s jav\u00edtsd a r\u00e1ncokat \u00e9s apr\u00f3 vonalakat, mik\u00f6zben gyorsan felfriss\u00edted, hidrat\u00e1lod \u00e9s ragyog\u00f3v\u00e1 teszed b\u0151r\u00f6det, amikor csak akarod.","breadcrumb":{"@id":"https:\/\/kinamihealth.com\/hu\/termek\/sesderma-c-vit-mist\/#breadcrumb"},"inLanguage":"hu","potentialAction":[{"@type":"ReadAction","target":["https:\/\/kinamihealth.com\/hu\/termek\/sesderma-c-vit-mist\/"]}]},{"@type":"ImageObject","inLanguage":"hu","@id":"https:\/\/kinamihealth.com\/hu\/termek\/sesderma-c-vit-mist\/#primaryimage","url":"https:\/\/kinamihealth.com\/wp-content\/uploads\/2025\/02\/SESDERMA-C-VIT-MIST-01.jpg","contentUrl":"https:\/\/kinamihealth.com\/wp-content\/uploads\/2025\/02\/SESDERMA-C-VIT-MIST-01.jpg","width":800,"height":800},{"@type":"BreadcrumbList","@id":"https:\/\/kinamihealth.com\/hu\/termek\/sesderma-c-vit-mist\/#breadcrumb","itemListElement":[{"@type":"ListItem","position":1,"name":"Kezd\u0151lap","item":"https:\/\/kinamihealth.com\/"},{"@type":"ListItem","position":2,"name":"Bolt","item":"https:\/\/kinamihealth.com\/shop\/"},{"@type":"ListItem","position":3,"name":"SESDERMA\u00ae C-VIT MIST"}]},{"@type":"WebSite","@id":"https:\/\/kinamihealth.com\/#website","url":"https:\/\/kinamihealth.com\/","name":"Kinami Health","description":"","publisher":{"@id":"https:\/\/kinamihealth.com\/#organization"},"potentialAction":[{"@type":"SearchAction","target":{"@type":"EntryPoint","urlTemplate":"https:\/\/kinamihealth.com\/?s={search_term_string}"},"query-input":{"@type":"PropertyValueSpecification","valueRequired":true,"valueName":"search_term_string"}}],"inLanguage":"hu"},{"@type":"Organization","@id":"https:\/\/kinamihealth.com\/#organization","name":"Kinami Health","url":"https:\/\/kinamihealth.com\/","logo":{"@type":"ImageObject","inLanguage":"hu","@id":"https:\/\/kinamihealth.com\/#\/schema\/logo\/image\/","url":"https:\/\/kinamihealth.com\/wp-content\/uploads\/2025\/01\/KH_logo_black_2-1.png","contentUrl":"https:\/\/kinamihealth.com\/wp-content\/uploads\/2025\/01\/KH_logo_black_2-1.png","width":339,"height":34,"caption":"Kinami Health"},"image":{"@id":"https:\/\/kinamihealth.com\/#\/schema\/logo\/image\/"}}]}},"_links":{"self":[{"href":"https:\/\/kinamihealth.com\/hu\/wp-json\/wp\/v2\/product\/118304","targetHints":{"allow":["GET"]}}],"collection":[{"href":"https:\/\/kinamihealth.com\/hu\/wp-json\/wp\/v2\/product"}],"about":[{"href":"https:\/\/kinamihealth.com\/hu\/wp-json\/wp\/v2\/types\/product"}],"replies":[{"embeddable":true,"href":"https:\/\/kinamihealth.com\/hu\/wp-json\/wp\/v2\/comments?post=118304"}],"version-history":[{"count":0,"href":"https:\/\/kinamihealth.com\/hu\/wp-json\/wp\/v2\/product\/118304\/revisions"}],"wp:featuredmedia":[{"embeddable":true,"href":"https:\/\/kinamihealth.com\/hu\/wp-json\/wp\/v2\/media\/118305"}],"wp:attachment":[{"href":"https:\/\/kinamihealth.com\/hu\/wp-json\/wp\/v2\/media?parent=118304"}],"wp:term":[{"taxonomy":"product_brand","embeddable":true,"href":"https:\/\/kinamihealth.com\/hu\/wp-json\/wp\/v2\/product_brand?post=118304"},{"taxonomy":"product_cat","embeddable":true,"href":"https:\/\/kinamihealth.com\/hu\/wp-json\/wp\/v2\/product_cat?post=118304"},{"taxonomy":"product_tag","embeddable":true,"href":"https:\/\/kinamihealth.com\/hu\/wp-json\/wp\/v2\/product_tag?post=118304"}],"curies":[{"name":"wp","href":"https:\/\/api.w.org\/{rel}","templated":true}]}}