{"id":118300,"date":"2025-02-15T16:54:22","date_gmt":"2025-02-15T16:54:22","guid":{"rendered":"https:\/\/kinamihealth.com\/product\/mediderma-c-defence-md-cskin-bright-moisturizing\/"},"modified":"2025-11-24T21:06:41","modified_gmt":"2025-11-24T21:06:41","slug":"mediderma-c-defence-md-cskin-bright-moisturizing","status":"publish","type":"product","link":"https:\/\/kinamihealth.com\/hu\/termek\/mediderma-c-defence-md-cskin-bright-moisturizing\/","title":{"rendered":"MEDIDERMA\u00ae C-DEFENCE MD C+SKIN Bright Moisturizing"},"content":{"rendered":"<p><span style=\"font-weight: 400;\">A C-Defence MD C+Skin Bright Moisturizing Facial Fluid 50ml egy <\/span><b>nagy hat\u00e9konys\u00e1g\u00fa b\u0151r\u00e1pol\u00f3 term\u00e9k<\/b><span style=\"font-weight: 400;\">, amelyet a b\u0151rf\u00e9nyess\u00e9g \u00e9s hidrat\u00e1lts\u00e1g fokoz\u00e1s\u00e1ra fejlesztettek ki.<\/span><\/p>\n<p><span style=\"font-weight: 400;\">Ez a k\u00f6nny\u0171 text\u00far\u00e1j\u00fa fluid <\/span><b>fejlett \u00f6sszetev\u0151ket tartalmaz<\/b><span style=\"font-weight: 400;\">, amelyek el\u0151seg\u00edtik a b\u0151r meg\u00fajul\u00e1s\u00e1t, cs\u00f6kkentik a finom vonalak megjelen\u00e9s\u00e9t, \u00e9s ragyog\u00f3 arcb\u0151rt biztos\u00edtanak. Professzion\u00e1lis haszn\u00e1latra tervezt\u00e9k, \u00edgy ide\u00e1lis<\/span><b> klinik\u00e1k, gy\u00f3gyf\u00fcrd\u0151k \u00e9s b\u0151rgy\u00f3gy\u00e1szati rendel\u0151k sz\u00e1m\u00e1ra.<\/b><\/p>\n<p><span style=\"font-weight: 400;\">V\u00e1s\u00e1rolja meg a C-Defence MD C+Skin Bright Moisturizing Facial Fluid 50ml term\u00e9ket a <\/span><b>Kinami Health Shopban<\/b><span style=\"font-weight: 400;\">, \u00e9s tudja meg, mi\u00e9rt ez az egyik legn\u00e9pszer\u0171bb v\u00e1laszt\u00e1s az eszt\u00e9tikai szakemberek k\u00f6r\u00e9ben.<\/span><\/p>\n","protected":false},"excerpt":{"rendered":"<p>A C-Defence MD C+Skin Bright Moisturizing Facial Fluid 50ml egy nagy hat\u00e9konys\u00e1g\u00fa b\u0151r\u00e1pol\u00f3 term\u00e9k, amelyet a b\u0151rf\u00e9nyess\u00e9g \u00e9s hidrat\u00e1lts\u00e1g fokoz\u00e1s\u00e1ra fejlesztettek ki. Ez a k\u00f6nny\u0171 text\u00far\u00e1j\u00fa fluid fejlett \u00f6sszetev\u0151ket tartalmaz, amelyek el\u0151seg\u00edtik a b\u0151r meg\u00fajul\u00e1s\u00e1t, cs\u00f6kkentik a finom vonalak megjelen\u00e9s\u00e9t, \u00e9s ragyog\u00f3 arcb\u0151rt biztos\u00edtanak. Professzion\u00e1lis haszn\u00e1latra tervezt\u00e9k, \u00edgy ide\u00e1lis klinik\u00e1k, gy\u00f3gyf\u00fcrd\u0151k \u00e9s b\u0151rgy\u00f3gy\u00e1szati rendel\u0151k sz\u00e1m\u00e1ra. [&hellip;]<\/p>\n","protected":false},"featured_media":118301,"comment_status":"closed","ping_status":"closed","template":"","meta":{"_acf_changed":false,"inline_featured_image":false},"product_brand":[2846],"product_cat":[2991],"product_tag":[2979],"class_list":{"0":"post-118300","1":"product","2":"type-product","3":"status-publish","4":"has-post-thumbnail","6":"product_brand-mediderma","7":"product_cat-borapolas","8":"product_tag-orvostechnikai-eszkozok","10":"first","11":"instock","12":"taxable","13":"shipping-taxable","14":"purchasable","15":"product-type-simple","16":"add-to-wishlist-before_image"},"acf":[],"yoast_head":"<!-- This site is optimized with the Yoast SEO plugin v27.1.1 - https:\/\/yoast.com\/product\/yoast-seo-wordpress\/ -->\n<title>C-Defence MD C+Skin Bright hidrat\u00e1l\u00f3 arc\u00e1pol\u00f3 folyad\u00e9k 50ml online megv\u00e1s\u00e1rl\u00e1sa.<\/title>\n<meta name=\"description\" content=\"V\u00e1s\u00e1roljon C-Defence MD C+Skin Bright hidrat\u00e1l\u00f3 arc\u00e1pol\u00f3 folyad\u00e9kot 50ml online a Kinami Health Shopban. N\u00f6velje a p\u00e1ciensek b\u0151r\u00e9nek f\u00e9nyess\u00e9g\u00e9t \u00e9s hidrat\u00e1lts\u00e1g\u00e1t m\u00e9g ma.\" \/>\n<meta name=\"robots\" content=\"index, follow, max-snippet:-1, max-image-preview:large, max-video-preview:-1\" \/>\n<link rel=\"canonical\" href=\"https:\/\/kinamihealth.com\/hu\/wp-json\/wp\/v2\/product\/118300\" \/>\n<meta property=\"og:locale\" content=\"hu_HU\" \/>\n<meta property=\"og:type\" content=\"article\" \/>\n<meta property=\"og:title\" content=\"C-Defence MD C+Skin Bright hidrat\u00e1l\u00f3 arc\u00e1pol\u00f3 folyad\u00e9k 50ml online megv\u00e1s\u00e1rl\u00e1sa.\" \/>\n<meta property=\"og:description\" content=\"V\u00e1s\u00e1roljon C-Defence MD C+Skin Bright hidrat\u00e1l\u00f3 arc\u00e1pol\u00f3 folyad\u00e9kot 50ml online a Kinami Health Shopban. N\u00f6velje a p\u00e1ciensek b\u0151r\u00e9nek f\u00e9nyess\u00e9g\u00e9t \u00e9s hidrat\u00e1lts\u00e1g\u00e1t m\u00e9g ma.\" \/>\n<meta property=\"og:url\" content=\"https:\/\/kinamihealth.com\/hu\/termek\/mediderma-c-defence-md-cskin-bright-moisturizing\/\" \/>\n<meta property=\"og:site_name\" content=\"Kinami Health\" \/>\n<meta property=\"article:modified_time\" content=\"2025-11-24T21:06:41+00:00\" \/>\n<meta property=\"og:image\" content=\"https:\/\/kinamihealth.com\/wp-content\/uploads\/2025\/02\/MEDIDERMA-C-DEFENCE-MD-C-SKIN-BRIGHT-MOISTURIZING-FLUID-01.jpg\" \/>\n\t<meta property=\"og:image:width\" content=\"800\" \/>\n\t<meta property=\"og:image:height\" content=\"800\" \/>\n\t<meta property=\"og:image:type\" content=\"image\/jpeg\" \/>\n<meta name=\"twitter:card\" content=\"summary_large_image\" \/>\n<meta name=\"twitter:label1\" content=\"Becs\u00fclt olvas\u00e1si id\u0151\" \/>\n\t<meta name=\"twitter:data1\" content=\"1 perc\" \/>\n<!-- \/ Yoast SEO plugin. -->","yoast_head_json":{"title":"C-Defence MD C+Skin Bright hidrat\u00e1l\u00f3 arc\u00e1pol\u00f3 folyad\u00e9k 50ml online megv\u00e1s\u00e1rl\u00e1sa.","description":"V\u00e1s\u00e1roljon C-Defence MD C+Skin Bright hidrat\u00e1l\u00f3 arc\u00e1pol\u00f3 folyad\u00e9kot 50ml online a Kinami Health Shopban. N\u00f6velje a p\u00e1ciensek b\u0151r\u00e9nek f\u00e9nyess\u00e9g\u00e9t \u00e9s hidrat\u00e1lts\u00e1g\u00e1t m\u00e9g ma.","robots":{"index":"index","follow":"follow","max-snippet":"max-snippet:-1","max-image-preview":"max-image-preview:large","max-video-preview":"max-video-preview:-1"},"canonical":"https:\/\/kinamihealth.com\/hu\/wp-json\/wp\/v2\/product\/118300","og_locale":"hu_HU","og_type":"article","og_title":"C-Defence MD C+Skin Bright hidrat\u00e1l\u00f3 arc\u00e1pol\u00f3 folyad\u00e9k 50ml online megv\u00e1s\u00e1rl\u00e1sa.","og_description":"V\u00e1s\u00e1roljon C-Defence MD C+Skin Bright hidrat\u00e1l\u00f3 arc\u00e1pol\u00f3 folyad\u00e9kot 50ml online a Kinami Health Shopban. N\u00f6velje a p\u00e1ciensek b\u0151r\u00e9nek f\u00e9nyess\u00e9g\u00e9t \u00e9s hidrat\u00e1lts\u00e1g\u00e1t m\u00e9g ma.","og_url":"https:\/\/kinamihealth.com\/hu\/termek\/mediderma-c-defence-md-cskin-bright-moisturizing\/","og_site_name":"Kinami Health","article_modified_time":"2025-11-24T21:06:41+00:00","og_image":[{"width":800,"height":800,"url":"https:\/\/kinamihealth.com\/wp-content\/uploads\/2025\/02\/MEDIDERMA-C-DEFENCE-MD-C-SKIN-BRIGHT-MOISTURIZING-FLUID-01.jpg","type":"image\/jpeg"}],"twitter_card":"summary_large_image","twitter_misc":{"Becs\u00fclt olvas\u00e1si id\u0151":"1 perc"},"schema":{"@context":"https:\/\/schema.org","@graph":[{"@type":"WebPage","@id":"https:\/\/kinamihealth.com\/hu\/termek\/mediderma-c-defence-md-cskin-bright-moisturizing\/","url":"https:\/\/kinamihealth.com\/hu\/termek\/mediderma-c-defence-md-cskin-bright-moisturizing\/","name":"C-Defence MD C+Skin Bright hidrat\u00e1l\u00f3 arc\u00e1pol\u00f3 folyad\u00e9k 50ml online megv\u00e1s\u00e1rl\u00e1sa.","isPartOf":{"@id":"https:\/\/kinamihealth.com\/#website"},"primaryImageOfPage":{"@id":"https:\/\/kinamihealth.com\/hu\/termek\/mediderma-c-defence-md-cskin-bright-moisturizing\/#primaryimage"},"image":{"@id":"https:\/\/kinamihealth.com\/hu\/termek\/mediderma-c-defence-md-cskin-bright-moisturizing\/#primaryimage"},"thumbnailUrl":"https:\/\/kinamihealth.com\/wp-content\/uploads\/2025\/02\/MEDIDERMA-C-DEFENCE-MD-C-SKIN-BRIGHT-MOISTURIZING-FLUID-01.jpg","datePublished":"2025-02-15T16:54:22+00:00","dateModified":"2025-11-24T21:06:41+00:00","description":"V\u00e1s\u00e1roljon C-Defence MD C+Skin Bright hidrat\u00e1l\u00f3 arc\u00e1pol\u00f3 folyad\u00e9kot 50ml online a Kinami Health Shopban. N\u00f6velje a p\u00e1ciensek b\u0151r\u00e9nek f\u00e9nyess\u00e9g\u00e9t \u00e9s hidrat\u00e1lts\u00e1g\u00e1t m\u00e9g ma.","breadcrumb":{"@id":"https:\/\/kinamihealth.com\/hu\/termek\/mediderma-c-defence-md-cskin-bright-moisturizing\/#breadcrumb"},"inLanguage":"hu","potentialAction":[{"@type":"ReadAction","target":["https:\/\/kinamihealth.com\/hu\/termek\/mediderma-c-defence-md-cskin-bright-moisturizing\/"]}]},{"@type":"ImageObject","inLanguage":"hu","@id":"https:\/\/kinamihealth.com\/hu\/termek\/mediderma-c-defence-md-cskin-bright-moisturizing\/#primaryimage","url":"https:\/\/kinamihealth.com\/wp-content\/uploads\/2025\/02\/MEDIDERMA-C-DEFENCE-MD-C-SKIN-BRIGHT-MOISTURIZING-FLUID-01.jpg","contentUrl":"https:\/\/kinamihealth.com\/wp-content\/uploads\/2025\/02\/MEDIDERMA-C-DEFENCE-MD-C-SKIN-BRIGHT-MOISTURIZING-FLUID-01.jpg","width":800,"height":800},{"@type":"BreadcrumbList","@id":"https:\/\/kinamihealth.com\/hu\/termek\/mediderma-c-defence-md-cskin-bright-moisturizing\/#breadcrumb","itemListElement":[{"@type":"ListItem","position":1,"name":"Kezd\u0151lap","item":"https:\/\/kinamihealth.com\/"},{"@type":"ListItem","position":2,"name":"Bolt","item":"https:\/\/kinamihealth.com\/shop\/"},{"@type":"ListItem","position":3,"name":"MEDIDERMA\u00ae C-DEFENCE MD C+SKIN Bright Moisturizing"}]},{"@type":"WebSite","@id":"https:\/\/kinamihealth.com\/#website","url":"https:\/\/kinamihealth.com\/","name":"Kinami Health","description":"","publisher":{"@id":"https:\/\/kinamihealth.com\/#organization"},"potentialAction":[{"@type":"SearchAction","target":{"@type":"EntryPoint","urlTemplate":"https:\/\/kinamihealth.com\/?s={search_term_string}"},"query-input":{"@type":"PropertyValueSpecification","valueRequired":true,"valueName":"search_term_string"}}],"inLanguage":"hu"},{"@type":"Organization","@id":"https:\/\/kinamihealth.com\/#organization","name":"Kinami Health","url":"https:\/\/kinamihealth.com\/","logo":{"@type":"ImageObject","inLanguage":"hu","@id":"https:\/\/kinamihealth.com\/#\/schema\/logo\/image\/","url":"https:\/\/kinamihealth.com\/wp-content\/uploads\/2025\/01\/KH_logo_black_2-1.png","contentUrl":"https:\/\/kinamihealth.com\/wp-content\/uploads\/2025\/01\/KH_logo_black_2-1.png","width":339,"height":34,"caption":"Kinami Health"},"image":{"@id":"https:\/\/kinamihealth.com\/#\/schema\/logo\/image\/"}}]}},"_links":{"self":[{"href":"https:\/\/kinamihealth.com\/hu\/wp-json\/wp\/v2\/product\/118300","targetHints":{"allow":["GET"]}}],"collection":[{"href":"https:\/\/kinamihealth.com\/hu\/wp-json\/wp\/v2\/product"}],"about":[{"href":"https:\/\/kinamihealth.com\/hu\/wp-json\/wp\/v2\/types\/product"}],"replies":[{"embeddable":true,"href":"https:\/\/kinamihealth.com\/hu\/wp-json\/wp\/v2\/comments?post=118300"}],"version-history":[{"count":0,"href":"https:\/\/kinamihealth.com\/hu\/wp-json\/wp\/v2\/product\/118300\/revisions"}],"wp:featuredmedia":[{"embeddable":true,"href":"https:\/\/kinamihealth.com\/hu\/wp-json\/wp\/v2\/media\/118301"}],"wp:attachment":[{"href":"https:\/\/kinamihealth.com\/hu\/wp-json\/wp\/v2\/media?parent=118300"}],"wp:term":[{"taxonomy":"product_brand","embeddable":true,"href":"https:\/\/kinamihealth.com\/hu\/wp-json\/wp\/v2\/product_brand?post=118300"},{"taxonomy":"product_cat","embeddable":true,"href":"https:\/\/kinamihealth.com\/hu\/wp-json\/wp\/v2\/product_cat?post=118300"},{"taxonomy":"product_tag","embeddable":true,"href":"https:\/\/kinamihealth.com\/hu\/wp-json\/wp\/v2\/product_tag?post=118300"}],"curies":[{"name":"wp","href":"https:\/\/api.w.org\/{rel}","templated":true}]}}