{"id":118293,"date":"2025-02-15T16:54:21","date_gmt":"2025-02-15T16:54:21","guid":{"rendered":"https:\/\/kinamihealth.com\/product\/biorepeelcl3-fnd\/"},"modified":"2025-11-25T10:44:53","modified_gmt":"2025-11-25T10:44:53","slug":"biorepeelcl3-fnd","status":"publish","type":"product","link":"https:\/\/kinamihealth.com\/hu\/termek\/biorepeelcl3-fnd\/","title":{"rendered":"BIOREPEELCL3\u00ae FND"},"content":{"rendered":"<p><span style=\"font-weight: 400;\">A BioRePeelCl3 FND egy <\/span><b>k\u00e9miai h\u00e1mlaszt\u00f3,<\/b><span style=\"font-weight: 400;\"> amely el\u0151seg\u00edti a b\u0151r meg\u00fajul\u00e1s\u00e1t \u00e9s regener\u00e1l\u00f3d\u00e1s\u00e1t. <\/span><b>Hat\u00e9kony hat\u00f3anyagokat<\/b><span style=\"font-weight: 400;\"> \u00f6tv\u00f6z, hogy c\u00e9lba vegye a gyakori b\u0151rprobl\u00e9m\u00e1kat, mint p\u00e9ld\u00e1ul az \u00f6reged\u00e9s \u00e9s a pattan\u00e1sok. Ez az innovat\u00edv term\u00e9k <\/span><b>el\u00e9rhet\u0151 eg\u00e9szs\u00e9g\u00fcgyi szakemberek sz\u00e1m\u00e1ra<\/b><span style=\"font-weight: 400;\">, akik a <\/span><b>Kinami Health e-\u00e1ruh\u00e1zon <\/b><span style=\"font-weight: 400;\">kereszt\u00fcl szeretn\u00e9nek BioRePeelCl3 FND-t \u00e9s egy\u00e9b eszt\u00e9tikai term\u00e9keket v\u00e1s\u00e1rolni.<\/span><\/p>\n","protected":false},"excerpt":{"rendered":"<p>A BioRePeelCl3 FND egy k\u00e9miai h\u00e1mlaszt\u00f3, amely el\u0151seg\u00edti a b\u0151r meg\u00fajul\u00e1s\u00e1t \u00e9s regener\u00e1l\u00f3d\u00e1s\u00e1t. Hat\u00e9kony hat\u00f3anyagokat \u00f6tv\u00f6z, hogy c\u00e9lba vegye a gyakori b\u0151rprobl\u00e9m\u00e1kat, mint p\u00e9ld\u00e1ul az \u00f6reged\u00e9s \u00e9s a pattan\u00e1sok. Ez az innovat\u00edv term\u00e9k el\u00e9rhet\u0151 eg\u00e9szs\u00e9g\u00fcgyi szakemberek sz\u00e1m\u00e1ra, akik a Kinami Health e-\u00e1ruh\u00e1zon kereszt\u00fcl szeretn\u00e9nek BioRePeelCl3 FND-t \u00e9s egy\u00e9b eszt\u00e9tikai term\u00e9keket v\u00e1s\u00e1rolni.<\/p>\n","protected":false},"featured_media":118297,"comment_status":"closed","ping_status":"closed","template":"","meta":{"_acf_changed":false,"inline_featured_image":false},"product_brand":[2229],"product_cat":[2994],"product_tag":[2979],"class_list":{"0":"post-118293","1":"product","2":"type-product","3":"status-publish","4":"has-post-thumbnail","6":"product_brand-biorepeelcl3","7":"product_cat-hamlasztok-es-maszkok","8":"product_tag-orvostechnikai-eszkozok","10":"first","11":"instock","12":"taxable","13":"shipping-taxable","14":"purchasable","15":"product-type-simple","16":"add-to-wishlist-before_image"},"acf":[],"yoast_head":"<!-- This site is optimized with the Yoast SEO plugin v27.3 - https:\/\/yoast.com\/product\/yoast-seo-wordpress\/ -->\n<title>BioRePeelCl3 FND online megv\u00e1s\u00e1rl\u00e1sa - Professzion\u00e1lis b\u0151rfiatal\u00edt\u00f3 h\u00e1mlaszt\u00e1s<\/title>\n<meta name=\"description\" content=\"BioRePeelCl3 FND online v\u00e1s\u00e1rl\u00e1sa a Kinami Health web\u00e1ruh\u00e1zban. Professzion\u00e1lis k\u00e9miai h\u00e1mlaszt\u00e1s b\u0151rfiatal\u00edt\u00e1sra, pattan\u00e1sokra, \u00f6reged\u00e9sg\u00e1tl\u00e1sra \u00e9s a b\u0151r text\u00far\u00e1j\u00e1nak jav\u00edt\u00e1s\u00e1ra.\" \/>\n<meta name=\"robots\" content=\"index, follow, max-snippet:-1, max-image-preview:large, max-video-preview:-1\" \/>\n<link rel=\"canonical\" href=\"https:\/\/kinamihealth.com\/hu\/wp-json\/wp\/v2\/product\/118293\" \/>\n<meta property=\"og:locale\" content=\"hu_HU\" \/>\n<meta property=\"og:type\" content=\"article\" \/>\n<meta property=\"og:title\" content=\"BioRePeelCl3 FND online megv\u00e1s\u00e1rl\u00e1sa - Professzion\u00e1lis b\u0151rfiatal\u00edt\u00f3 h\u00e1mlaszt\u00e1s\" \/>\n<meta property=\"og:description\" content=\"BioRePeelCl3 FND online v\u00e1s\u00e1rl\u00e1sa a Kinami Health web\u00e1ruh\u00e1zban. Professzion\u00e1lis k\u00e9miai h\u00e1mlaszt\u00e1s b\u0151rfiatal\u00edt\u00e1sra, pattan\u00e1sokra, \u00f6reged\u00e9sg\u00e1tl\u00e1sra \u00e9s a b\u0151r text\u00far\u00e1j\u00e1nak jav\u00edt\u00e1s\u00e1ra.\" \/>\n<meta property=\"og:url\" content=\"https:\/\/kinamihealth.com\/hu\/termek\/biorepeelcl3-fnd\/\" \/>\n<meta property=\"og:site_name\" content=\"Kinami Health\" \/>\n<meta property=\"article:modified_time\" content=\"2025-11-25T10:44:53+00:00\" \/>\n<meta property=\"og:image\" content=\"https:\/\/kinamihealth.com\/wp-content\/uploads\/2025\/02\/BIOREPEEL-FND-02.jpg\" \/>\n\t<meta property=\"og:image:width\" content=\"800\" \/>\n\t<meta property=\"og:image:height\" content=\"800\" \/>\n\t<meta property=\"og:image:type\" content=\"image\/jpeg\" \/>\n<meta name=\"twitter:card\" content=\"summary_large_image\" \/>\n<meta name=\"twitter:label1\" content=\"Becs\u00fclt olvas\u00e1si id\u0151\" \/>\n\t<meta name=\"twitter:data1\" content=\"1 perc\" \/>\n<!-- \/ Yoast SEO plugin. -->","yoast_head_json":{"title":"BioRePeelCl3 FND online megv\u00e1s\u00e1rl\u00e1sa - Professzion\u00e1lis b\u0151rfiatal\u00edt\u00f3 h\u00e1mlaszt\u00e1s","description":"BioRePeelCl3 FND online v\u00e1s\u00e1rl\u00e1sa a Kinami Health web\u00e1ruh\u00e1zban. Professzion\u00e1lis k\u00e9miai h\u00e1mlaszt\u00e1s b\u0151rfiatal\u00edt\u00e1sra, pattan\u00e1sokra, \u00f6reged\u00e9sg\u00e1tl\u00e1sra \u00e9s a b\u0151r text\u00far\u00e1j\u00e1nak jav\u00edt\u00e1s\u00e1ra.","robots":{"index":"index","follow":"follow","max-snippet":"max-snippet:-1","max-image-preview":"max-image-preview:large","max-video-preview":"max-video-preview:-1"},"canonical":"https:\/\/kinamihealth.com\/hu\/wp-json\/wp\/v2\/product\/118293","og_locale":"hu_HU","og_type":"article","og_title":"BioRePeelCl3 FND online megv\u00e1s\u00e1rl\u00e1sa - Professzion\u00e1lis b\u0151rfiatal\u00edt\u00f3 h\u00e1mlaszt\u00e1s","og_description":"BioRePeelCl3 FND online v\u00e1s\u00e1rl\u00e1sa a Kinami Health web\u00e1ruh\u00e1zban. Professzion\u00e1lis k\u00e9miai h\u00e1mlaszt\u00e1s b\u0151rfiatal\u00edt\u00e1sra, pattan\u00e1sokra, \u00f6reged\u00e9sg\u00e1tl\u00e1sra \u00e9s a b\u0151r text\u00far\u00e1j\u00e1nak jav\u00edt\u00e1s\u00e1ra.","og_url":"https:\/\/kinamihealth.com\/hu\/termek\/biorepeelcl3-fnd\/","og_site_name":"Kinami Health","article_modified_time":"2025-11-25T10:44:53+00:00","og_image":[{"width":800,"height":800,"url":"https:\/\/kinamihealth.com\/wp-content\/uploads\/2025\/02\/BIOREPEEL-FND-02.jpg","type":"image\/jpeg"}],"twitter_card":"summary_large_image","twitter_misc":{"Becs\u00fclt olvas\u00e1si id\u0151":"1 perc"},"schema":{"@context":"https:\/\/schema.org","@graph":[{"@type":"WebPage","@id":"https:\/\/kinamihealth.com\/hu\/termek\/biorepeelcl3-fnd\/","url":"https:\/\/kinamihealth.com\/hu\/termek\/biorepeelcl3-fnd\/","name":"BioRePeelCl3 FND online megv\u00e1s\u00e1rl\u00e1sa - Professzion\u00e1lis b\u0151rfiatal\u00edt\u00f3 h\u00e1mlaszt\u00e1s","isPartOf":{"@id":"https:\/\/kinamihealth.com\/#website"},"primaryImageOfPage":{"@id":"https:\/\/kinamihealth.com\/hu\/termek\/biorepeelcl3-fnd\/#primaryimage"},"image":{"@id":"https:\/\/kinamihealth.com\/hu\/termek\/biorepeelcl3-fnd\/#primaryimage"},"thumbnailUrl":"https:\/\/kinamihealth.com\/wp-content\/uploads\/2025\/02\/BIOREPEEL-FND-02.jpg","datePublished":"2025-02-15T16:54:21+00:00","dateModified":"2025-11-25T10:44:53+00:00","description":"BioRePeelCl3 FND online v\u00e1s\u00e1rl\u00e1sa a Kinami Health web\u00e1ruh\u00e1zban. Professzion\u00e1lis k\u00e9miai h\u00e1mlaszt\u00e1s b\u0151rfiatal\u00edt\u00e1sra, pattan\u00e1sokra, \u00f6reged\u00e9sg\u00e1tl\u00e1sra \u00e9s a b\u0151r text\u00far\u00e1j\u00e1nak jav\u00edt\u00e1s\u00e1ra.","breadcrumb":{"@id":"https:\/\/kinamihealth.com\/hu\/termek\/biorepeelcl3-fnd\/#breadcrumb"},"inLanguage":"hu","potentialAction":[{"@type":"ReadAction","target":["https:\/\/kinamihealth.com\/hu\/termek\/biorepeelcl3-fnd\/"]}]},{"@type":"ImageObject","inLanguage":"hu","@id":"https:\/\/kinamihealth.com\/hu\/termek\/biorepeelcl3-fnd\/#primaryimage","url":"https:\/\/kinamihealth.com\/wp-content\/uploads\/2025\/02\/BIOREPEEL-FND-02.jpg","contentUrl":"https:\/\/kinamihealth.com\/wp-content\/uploads\/2025\/02\/BIOREPEEL-FND-02.jpg","width":800,"height":800},{"@type":"BreadcrumbList","@id":"https:\/\/kinamihealth.com\/hu\/termek\/biorepeelcl3-fnd\/#breadcrumb","itemListElement":[{"@type":"ListItem","position":1,"name":"Kezd\u0151lap","item":"https:\/\/kinamihealth.com\/"},{"@type":"ListItem","position":2,"name":"Bolt","item":"https:\/\/kinamihealth.com\/shop\/"},{"@type":"ListItem","position":3,"name":"BIOREPEELCL3\u00ae FND"}]},{"@type":"WebSite","@id":"https:\/\/kinamihealth.com\/#website","url":"https:\/\/kinamihealth.com\/","name":"Kinami Health","description":"","publisher":{"@id":"https:\/\/kinamihealth.com\/#organization"},"potentialAction":[{"@type":"SearchAction","target":{"@type":"EntryPoint","urlTemplate":"https:\/\/kinamihealth.com\/?s={search_term_string}"},"query-input":{"@type":"PropertyValueSpecification","valueRequired":true,"valueName":"search_term_string"}}],"inLanguage":"hu"},{"@type":"Organization","@id":"https:\/\/kinamihealth.com\/#organization","name":"Kinami Health","url":"https:\/\/kinamihealth.com\/","logo":{"@type":"ImageObject","inLanguage":"hu","@id":"https:\/\/kinamihealth.com\/#\/schema\/logo\/image\/","url":"https:\/\/kinamihealth.com\/wp-content\/uploads\/2025\/01\/KH_logo_black_2-1.png","contentUrl":"https:\/\/kinamihealth.com\/wp-content\/uploads\/2025\/01\/KH_logo_black_2-1.png","width":339,"height":34,"caption":"Kinami Health"},"image":{"@id":"https:\/\/kinamihealth.com\/#\/schema\/logo\/image\/"}}]}},"_links":{"self":[{"href":"https:\/\/kinamihealth.com\/hu\/wp-json\/wp\/v2\/product\/118293","targetHints":{"allow":["GET"]}}],"collection":[{"href":"https:\/\/kinamihealth.com\/hu\/wp-json\/wp\/v2\/product"}],"about":[{"href":"https:\/\/kinamihealth.com\/hu\/wp-json\/wp\/v2\/types\/product"}],"replies":[{"embeddable":true,"href":"https:\/\/kinamihealth.com\/hu\/wp-json\/wp\/v2\/comments?post=118293"}],"version-history":[{"count":0,"href":"https:\/\/kinamihealth.com\/hu\/wp-json\/wp\/v2\/product\/118293\/revisions"}],"wp:featuredmedia":[{"embeddable":true,"href":"https:\/\/kinamihealth.com\/hu\/wp-json\/wp\/v2\/media\/118297"}],"wp:attachment":[{"href":"https:\/\/kinamihealth.com\/hu\/wp-json\/wp\/v2\/media?parent=118293"}],"wp:term":[{"taxonomy":"product_brand","embeddable":true,"href":"https:\/\/kinamihealth.com\/hu\/wp-json\/wp\/v2\/product_brand?post=118293"},{"taxonomy":"product_cat","embeddable":true,"href":"https:\/\/kinamihealth.com\/hu\/wp-json\/wp\/v2\/product_cat?post=118293"},{"taxonomy":"product_tag","embeddable":true,"href":"https:\/\/kinamihealth.com\/hu\/wp-json\/wp\/v2\/product_tag?post=118293"}],"curies":[{"name":"wp","href":"https:\/\/api.w.org\/{rel}","templated":true}]}}