{"id":118288,"date":"2025-02-15T16:54:21","date_gmt":"2025-02-15T16:54:21","guid":{"rendered":"https:\/\/kinamihealth.com\/product\/biorepeelcl3-body\/"},"modified":"2025-11-25T10:23:40","modified_gmt":"2025-11-25T10:23:40","slug":"biorepeelcl3-body","status":"publish","type":"product","link":"https:\/\/kinamihealth.com\/hu\/termek\/biorepeelcl3-body\/","title":{"rendered":"BIOREPEELCL3\u00ae BODY"},"content":{"rendered":"<p><span style=\"font-weight: 400;\">A BioRePeelCl3 Body egy <\/span><b>innovat\u00edv, k\u00e9tf\u00e1zis\u00fa k\u00e9miai h\u00e1mlaszt\u00f3 <\/b><span style=\"font-weight: 400;\">kezel\u00e9s, amelyet az eszt\u00e9tikai orvosl\u00e1sban val\u00f3 professzion\u00e1lis haszn\u00e1latra fejlesztettek ki. El\u0151seg\u00edti a<\/span><b> b\u0151r meg\u00fajul\u00e1s\u00e1t,<\/b><span style=\"font-weight: 400;\"> cs\u00f6kkenti az \u00f6reged\u00e9s jeleit, \u00e9s jav\u00edtja a b\u0151r text\u00far\u00e1j\u00e1t minim\u00e1lis fel\u00e9p\u00fcl\u00e9si id\u0151vel.<\/span><\/p>\n<p><span style=\"font-weight: 400;\">Olyan akt\u00edv \u00f6sszetev\u0151kkel k\u00e9sz\u00fclt, mint a trikl\u00f3recetsav (TCA) \u00e9s aminosavak, amelyek hat\u00e9konyan <\/span><b>c\u00e9lozz\u00e1k meg a k\u00fcl\u00f6nb\u00f6z\u0151 b\u0151rhib\u00e1kat.<\/b><span style=\"font-weight: 400;\"> A Kinami Health \u00e1ruh\u00e1z lehet\u0151s\u00e9get k\u00edn\u00e1l szakembereknek \u00e9s rendel\u0151iknek, hogy online megv\u00e1s\u00e1rolj\u00e1k a BioRePeelCl3 Body term\u00e9ket, <\/span><b>valamint m\u00e1s professzion\u00e1lis k\u00e9miai h\u00e1mlaszt\u00f3 k\u00e9sz\u00edtm\u00e9nyeket is rendelhetnek.<\/b><\/p>\n","protected":false},"excerpt":{"rendered":"<p>A BioRePeelCl3 Body egy innovat\u00edv, k\u00e9tf\u00e1zis\u00fa k\u00e9miai h\u00e1mlaszt\u00f3 kezel\u00e9s, amelyet az eszt\u00e9tikai orvosl\u00e1sban val\u00f3 professzion\u00e1lis haszn\u00e1latra fejlesztettek ki. El\u0151seg\u00edti a b\u0151r meg\u00fajul\u00e1s\u00e1t, cs\u00f6kkenti az \u00f6reged\u00e9s jeleit, \u00e9s jav\u00edtja a b\u0151r text\u00far\u00e1j\u00e1t minim\u00e1lis fel\u00e9p\u00fcl\u00e9si id\u0151vel. Olyan akt\u00edv \u00f6sszetev\u0151kkel k\u00e9sz\u00fclt, mint a trikl\u00f3recetsav (TCA) \u00e9s aminosavak, amelyek hat\u00e9konyan c\u00e9lozz\u00e1k meg a k\u00fcl\u00f6nb\u00f6z\u0151 b\u0151rhib\u00e1kat. A Kinami Health \u00e1ruh\u00e1z [&hellip;]<\/p>\n","protected":false},"featured_media":118292,"comment_status":"closed","ping_status":"closed","template":"","meta":{"_acf_changed":false,"inline_featured_image":false},"product_brand":[2229],"product_cat":[2994],"product_tag":[2979],"class_list":{"0":"post-118288","1":"product","2":"type-product","3":"status-publish","4":"has-post-thumbnail","6":"product_brand-biorepeelcl3","7":"product_cat-hamlasztok-es-maszkok","8":"product_tag-orvostechnikai-eszkozok","10":"first","11":"instock","12":"taxable","13":"shipping-taxable","14":"purchasable","15":"product-type-simple","16":"add-to-wishlist-before_image"},"acf":[],"yoast_head":"<!-- This site is optimized with the Yoast SEO plugin v27.3 - https:\/\/yoast.com\/product\/yoast-seo-wordpress\/ -->\n<title>BioRePeelCl3 Body Online v\u00e1s\u00e1rl\u00e1s - K\u00e9miai h\u00e1mlaszt\u00e1s a b\u0151rfiatal\u00edt\u00e1shoz<\/title>\n<meta name=\"description\" content=\"V\u00e1s\u00e1roljon BioRePeelCl3 Body online, egy innovat\u00edv k\u00e9tf\u00e1zis\u00fa k\u00e9miai h\u00e1mlaszt\u00e1s, amelyet a test fiatal\u00edt\u00e1s\u00e1ra terveztek. El\u00e9rhet\u0151 online a Kinami Health \u00e1ruh\u00e1zban.\" \/>\n<meta name=\"robots\" content=\"index, follow, max-snippet:-1, max-image-preview:large, max-video-preview:-1\" \/>\n<link rel=\"canonical\" href=\"https:\/\/kinamihealth.com\/hu\/wp-json\/wp\/v2\/product\/118288\" \/>\n<meta property=\"og:locale\" content=\"hu_HU\" \/>\n<meta property=\"og:type\" content=\"article\" \/>\n<meta property=\"og:title\" content=\"BioRePeelCl3 Body Online v\u00e1s\u00e1rl\u00e1s - K\u00e9miai h\u00e1mlaszt\u00e1s a b\u0151rfiatal\u00edt\u00e1shoz\" \/>\n<meta property=\"og:description\" content=\"V\u00e1s\u00e1roljon BioRePeelCl3 Body online, egy innovat\u00edv k\u00e9tf\u00e1zis\u00fa k\u00e9miai h\u00e1mlaszt\u00e1s, amelyet a test fiatal\u00edt\u00e1s\u00e1ra terveztek. El\u00e9rhet\u0151 online a Kinami Health \u00e1ruh\u00e1zban.\" \/>\n<meta property=\"og:url\" content=\"https:\/\/kinamihealth.com\/hu\/termek\/biorepeelcl3-body\/\" \/>\n<meta property=\"og:site_name\" content=\"Kinami Health\" \/>\n<meta property=\"article:modified_time\" content=\"2025-11-25T10:23:40+00:00\" \/>\n<meta property=\"og:image\" content=\"https:\/\/kinamihealth.com\/wp-content\/uploads\/2025\/02\/BIOREPEEL-BODY-02.jpg\" \/>\n\t<meta property=\"og:image:width\" content=\"800\" \/>\n\t<meta property=\"og:image:height\" content=\"800\" \/>\n\t<meta property=\"og:image:type\" content=\"image\/jpeg\" \/>\n<meta name=\"twitter:card\" content=\"summary_large_image\" \/>\n<meta name=\"twitter:label1\" content=\"Becs\u00fclt olvas\u00e1si id\u0151\" \/>\n\t<meta name=\"twitter:data1\" content=\"1 perc\" \/>\n<!-- \/ Yoast SEO plugin. -->","yoast_head_json":{"title":"BioRePeelCl3 Body Online v\u00e1s\u00e1rl\u00e1s - K\u00e9miai h\u00e1mlaszt\u00e1s a b\u0151rfiatal\u00edt\u00e1shoz","description":"V\u00e1s\u00e1roljon BioRePeelCl3 Body online, egy innovat\u00edv k\u00e9tf\u00e1zis\u00fa k\u00e9miai h\u00e1mlaszt\u00e1s, amelyet a test fiatal\u00edt\u00e1s\u00e1ra terveztek. El\u00e9rhet\u0151 online a Kinami Health \u00e1ruh\u00e1zban.","robots":{"index":"index","follow":"follow","max-snippet":"max-snippet:-1","max-image-preview":"max-image-preview:large","max-video-preview":"max-video-preview:-1"},"canonical":"https:\/\/kinamihealth.com\/hu\/wp-json\/wp\/v2\/product\/118288","og_locale":"hu_HU","og_type":"article","og_title":"BioRePeelCl3 Body Online v\u00e1s\u00e1rl\u00e1s - K\u00e9miai h\u00e1mlaszt\u00e1s a b\u0151rfiatal\u00edt\u00e1shoz","og_description":"V\u00e1s\u00e1roljon BioRePeelCl3 Body online, egy innovat\u00edv k\u00e9tf\u00e1zis\u00fa k\u00e9miai h\u00e1mlaszt\u00e1s, amelyet a test fiatal\u00edt\u00e1s\u00e1ra terveztek. El\u00e9rhet\u0151 online a Kinami Health \u00e1ruh\u00e1zban.","og_url":"https:\/\/kinamihealth.com\/hu\/termek\/biorepeelcl3-body\/","og_site_name":"Kinami Health","article_modified_time":"2025-11-25T10:23:40+00:00","og_image":[{"width":800,"height":800,"url":"https:\/\/kinamihealth.com\/wp-content\/uploads\/2025\/02\/BIOREPEEL-BODY-02.jpg","type":"image\/jpeg"}],"twitter_card":"summary_large_image","twitter_misc":{"Becs\u00fclt olvas\u00e1si id\u0151":"1 perc"},"schema":{"@context":"https:\/\/schema.org","@graph":[{"@type":"WebPage","@id":"https:\/\/kinamihealth.com\/hu\/termek\/biorepeelcl3-body\/","url":"https:\/\/kinamihealth.com\/hu\/termek\/biorepeelcl3-body\/","name":"BioRePeelCl3 Body Online v\u00e1s\u00e1rl\u00e1s - K\u00e9miai h\u00e1mlaszt\u00e1s a b\u0151rfiatal\u00edt\u00e1shoz","isPartOf":{"@id":"https:\/\/kinamihealth.com\/#website"},"primaryImageOfPage":{"@id":"https:\/\/kinamihealth.com\/hu\/termek\/biorepeelcl3-body\/#primaryimage"},"image":{"@id":"https:\/\/kinamihealth.com\/hu\/termek\/biorepeelcl3-body\/#primaryimage"},"thumbnailUrl":"https:\/\/kinamihealth.com\/wp-content\/uploads\/2025\/02\/BIOREPEEL-BODY-02.jpg","datePublished":"2025-02-15T16:54:21+00:00","dateModified":"2025-11-25T10:23:40+00:00","description":"V\u00e1s\u00e1roljon BioRePeelCl3 Body online, egy innovat\u00edv k\u00e9tf\u00e1zis\u00fa k\u00e9miai h\u00e1mlaszt\u00e1s, amelyet a test fiatal\u00edt\u00e1s\u00e1ra terveztek. El\u00e9rhet\u0151 online a Kinami Health \u00e1ruh\u00e1zban.","breadcrumb":{"@id":"https:\/\/kinamihealth.com\/hu\/termek\/biorepeelcl3-body\/#breadcrumb"},"inLanguage":"hu","potentialAction":[{"@type":"ReadAction","target":["https:\/\/kinamihealth.com\/hu\/termek\/biorepeelcl3-body\/"]}]},{"@type":"ImageObject","inLanguage":"hu","@id":"https:\/\/kinamihealth.com\/hu\/termek\/biorepeelcl3-body\/#primaryimage","url":"https:\/\/kinamihealth.com\/wp-content\/uploads\/2025\/02\/BIOREPEEL-BODY-02.jpg","contentUrl":"https:\/\/kinamihealth.com\/wp-content\/uploads\/2025\/02\/BIOREPEEL-BODY-02.jpg","width":800,"height":800},{"@type":"BreadcrumbList","@id":"https:\/\/kinamihealth.com\/hu\/termek\/biorepeelcl3-body\/#breadcrumb","itemListElement":[{"@type":"ListItem","position":1,"name":"Kezd\u0151lap","item":"https:\/\/kinamihealth.com\/"},{"@type":"ListItem","position":2,"name":"Bolt","item":"https:\/\/kinamihealth.com\/shop\/"},{"@type":"ListItem","position":3,"name":"BIOREPEELCL3\u00ae BODY"}]},{"@type":"WebSite","@id":"https:\/\/kinamihealth.com\/#website","url":"https:\/\/kinamihealth.com\/","name":"Kinami Health","description":"","publisher":{"@id":"https:\/\/kinamihealth.com\/#organization"},"potentialAction":[{"@type":"SearchAction","target":{"@type":"EntryPoint","urlTemplate":"https:\/\/kinamihealth.com\/?s={search_term_string}"},"query-input":{"@type":"PropertyValueSpecification","valueRequired":true,"valueName":"search_term_string"}}],"inLanguage":"hu"},{"@type":"Organization","@id":"https:\/\/kinamihealth.com\/#organization","name":"Kinami Health","url":"https:\/\/kinamihealth.com\/","logo":{"@type":"ImageObject","inLanguage":"hu","@id":"https:\/\/kinamihealth.com\/#\/schema\/logo\/image\/","url":"https:\/\/kinamihealth.com\/wp-content\/uploads\/2025\/01\/KH_logo_black_2-1.png","contentUrl":"https:\/\/kinamihealth.com\/wp-content\/uploads\/2025\/01\/KH_logo_black_2-1.png","width":339,"height":34,"caption":"Kinami Health"},"image":{"@id":"https:\/\/kinamihealth.com\/#\/schema\/logo\/image\/"}}]}},"_links":{"self":[{"href":"https:\/\/kinamihealth.com\/hu\/wp-json\/wp\/v2\/product\/118288","targetHints":{"allow":["GET"]}}],"collection":[{"href":"https:\/\/kinamihealth.com\/hu\/wp-json\/wp\/v2\/product"}],"about":[{"href":"https:\/\/kinamihealth.com\/hu\/wp-json\/wp\/v2\/types\/product"}],"replies":[{"embeddable":true,"href":"https:\/\/kinamihealth.com\/hu\/wp-json\/wp\/v2\/comments?post=118288"}],"version-history":[{"count":0,"href":"https:\/\/kinamihealth.com\/hu\/wp-json\/wp\/v2\/product\/118288\/revisions"}],"wp:featuredmedia":[{"embeddable":true,"href":"https:\/\/kinamihealth.com\/hu\/wp-json\/wp\/v2\/media\/118292"}],"wp:attachment":[{"href":"https:\/\/kinamihealth.com\/hu\/wp-json\/wp\/v2\/media?parent=118288"}],"wp:term":[{"taxonomy":"product_brand","embeddable":true,"href":"https:\/\/kinamihealth.com\/hu\/wp-json\/wp\/v2\/product_brand?post=118288"},{"taxonomy":"product_cat","embeddable":true,"href":"https:\/\/kinamihealth.com\/hu\/wp-json\/wp\/v2\/product_cat?post=118288"},{"taxonomy":"product_tag","embeddable":true,"href":"https:\/\/kinamihealth.com\/hu\/wp-json\/wp\/v2\/product_tag?post=118288"}],"curies":[{"name":"wp","href":"https:\/\/api.w.org\/{rel}","templated":true}]}}