{"id":118268,"date":"2025-02-15T16:54:12","date_gmt":"2025-02-15T16:54:12","guid":{"rendered":"https:\/\/kinamihealth.com\/product\/belotero-intense-with-lidocaine\/"},"modified":"2025-11-25T14:57:56","modified_gmt":"2025-11-25T14:57:56","slug":"belotero-intense-with-lidocaine","status":"publish","type":"product","link":"https:\/\/kinamihealth.com\/hu\/termek\/belotero-intense-with-lidocaine\/","title":{"rendered":"BELOTERO\u00ae INTENSE lidokainnal"},"content":{"rendered":"<p><b>A Belotero Intense lidokainnal <\/b><span style=\"font-weight: 400;\">egy <\/span><b>b\u0151rfelt\u00f6lt\u0151 anyag<\/b><span style=\"font-weight: 400;\">, amely <\/span><b>kev\u00e9sb\u00e9 f\u00e1jdalmas fiatal\u00edt\u00f3 kezel\u00e9st <\/b><span style=\"font-weight: 400;\">k\u00edn\u00e1l az <\/span><b>\u00e9rettebb \u00fcgyfeleknek<\/b><span style=\"font-weight: 400;\">, akikn\u00e9l egy\u00e9rtelm\u0171en l\u00e1that\u00f3k az <\/span><b>arc<\/b> <b>korral j\u00e1r\u00f3 hib\u00e1i<\/b><span style=\"font-weight: 400;\">. Haszn\u00e1lja a <\/span><b>lidokain<\/b><span style=\"font-weight: 400;\">-t <\/span><b>\u00e9rz\u00e9stelen\u00edt\u0151k\u00e9nt<\/b><span style=\"font-weight: 400;\"> \u00e9s a <\/span><b>hialuronsavat<\/b> <b>hidrat\u00e1l\u00f3k\u00e9nt<\/b><span style=\"font-weight: 400;\">, hogy a <\/span><b>laza<\/b><span style=\"font-weight: 400;\"> \u00e9s <\/span><b>fak\u00f3 text\u00far\u00e1t<\/b> <b>feszes<\/b><span style=\"font-weight: 400;\"> \u00e9s <\/span><b>sima b\u0151rr\u00e9<\/b><span style=\"font-weight: 400;\"> cser\u00e9lje, amely <\/span><b>eg\u00e9szs\u00e9get<\/b><span style=\"font-weight: 400;\"> \u00e9s <\/span><b>fiatals\u00e1got<\/b> <b>sug\u00e1roz<\/b><span style=\"font-weight: 400;\">. <\/span><b>V\u00e1s\u00e1rolja meg a Belotero Intense lidokainnal<\/b><span style=\"font-weight: 400;\"> a <\/span><b>Kinami Health<\/b><span style=\"font-weight: 400;\"> online \u00e1ruh\u00e1zban, \u00e9s <\/span><b><i>rendeljen pr\u00e9mium Belotero term\u00e9keket<\/i><\/b><span style=\"font-weight: 400;\">.<\/span><\/p>\n","protected":false},"excerpt":{"rendered":"<p>A Belotero Intense lidokainnal egy b\u0151rfelt\u00f6lt\u0151 anyag, amely kev\u00e9sb\u00e9 f\u00e1jdalmas fiatal\u00edt\u00f3 kezel\u00e9st k\u00edn\u00e1l az \u00e9rettebb \u00fcgyfeleknek, akikn\u00e9l egy\u00e9rtelm\u0171en l\u00e1that\u00f3k az arc korral j\u00e1r\u00f3 hib\u00e1i. Haszn\u00e1lja a lidokain-t \u00e9rz\u00e9stelen\u00edt\u0151k\u00e9nt \u00e9s a hialuronsavat hidrat\u00e1l\u00f3k\u00e9nt, hogy a laza \u00e9s fak\u00f3 text\u00far\u00e1t feszes \u00e9s sima b\u0151rr\u00e9 cser\u00e9lje, amely eg\u00e9szs\u00e9get \u00e9s fiatals\u00e1got sug\u00e1roz. V\u00e1s\u00e1rolja meg a Belotero Intense lidokainnal a [&hellip;]<\/p>\n","protected":false},"featured_media":118272,"comment_status":"closed","ping_status":"closed","template":"","meta":{"_acf_changed":false,"inline_featured_image":false},"product_brand":[2212],"product_cat":[2997],"product_tag":[2979],"class_list":{"0":"post-118268","1":"product","2":"type-product","3":"status-publish","4":"has-post-thumbnail","6":"product_brand-belotero","7":"product_cat-dermalis-toltoanyagok","8":"product_tag-orvostechnikai-eszkozok","10":"first","11":"instock","12":"taxable","13":"shipping-taxable","14":"purchasable","15":"product-type-simple","16":"add-to-wishlist-before_image"},"acf":[],"yoast_head":"<!-- This site is optimized with the Yoast SEO plugin v27.3 - https:\/\/yoast.com\/product\/yoast-seo-wordpress\/ -->\n<title>Belotero Intense lidokainnal online v\u00e1s\u00e1rl\u00e1s<\/title>\n<meta name=\"description\" content=\"V\u00e1s\u00e1roljon Belotero Intense lidokainnal online, \u00e9s haszn\u00e1lja ezt az injekci\u00f3s g\u00e9lt az arc \u00e9s az ajkak t\u00e9rfogat\u00e1nak n\u00f6vel\u00e9s\u00e9re, valamint a m\u00e9ly r\u00e1ncok \u00e9s vonalak korrekci\u00f3j\u00e1ra.\" \/>\n<meta name=\"robots\" content=\"index, follow, max-snippet:-1, max-image-preview:large, max-video-preview:-1\" \/>\n<link rel=\"canonical\" href=\"https:\/\/kinamihealth.com\/hu\/wp-json\/wp\/v2\/product\/118268\" \/>\n<meta property=\"og:locale\" content=\"hu_HU\" \/>\n<meta property=\"og:type\" content=\"article\" \/>\n<meta property=\"og:title\" content=\"Belotero Intense lidokainnal online v\u00e1s\u00e1rl\u00e1s\" \/>\n<meta property=\"og:description\" content=\"V\u00e1s\u00e1roljon Belotero Intense lidokainnal online, \u00e9s haszn\u00e1lja ezt az injekci\u00f3s g\u00e9lt az arc \u00e9s az ajkak t\u00e9rfogat\u00e1nak n\u00f6vel\u00e9s\u00e9re, valamint a m\u00e9ly r\u00e1ncok \u00e9s vonalak korrekci\u00f3j\u00e1ra.\" \/>\n<meta property=\"og:url\" content=\"https:\/\/kinamihealth.com\/hu\/termek\/belotero-intense-with-lidocaine\/\" \/>\n<meta property=\"og:site_name\" content=\"Kinami Health\" \/>\n<meta property=\"article:modified_time\" content=\"2025-11-25T14:57:56+00:00\" \/>\n<meta property=\"og:image\" content=\"https:\/\/kinamihealth.com\/wp-content\/uploads\/2025\/02\/BELOTERO-INTENSE-LIDO-02.jpg\" \/>\n\t<meta property=\"og:image:width\" content=\"800\" \/>\n\t<meta property=\"og:image:height\" content=\"800\" \/>\n\t<meta property=\"og:image:type\" content=\"image\/jpeg\" \/>\n<meta name=\"twitter:card\" content=\"summary_large_image\" \/>\n<meta name=\"twitter:label1\" content=\"Becs\u00fclt olvas\u00e1si id\u0151\" \/>\n\t<meta name=\"twitter:data1\" content=\"1 perc\" \/>\n<!-- \/ Yoast SEO plugin. -->","yoast_head_json":{"title":"Belotero Intense lidokainnal online v\u00e1s\u00e1rl\u00e1s","description":"V\u00e1s\u00e1roljon Belotero Intense lidokainnal online, \u00e9s haszn\u00e1lja ezt az injekci\u00f3s g\u00e9lt az arc \u00e9s az ajkak t\u00e9rfogat\u00e1nak n\u00f6vel\u00e9s\u00e9re, valamint a m\u00e9ly r\u00e1ncok \u00e9s vonalak korrekci\u00f3j\u00e1ra.","robots":{"index":"index","follow":"follow","max-snippet":"max-snippet:-1","max-image-preview":"max-image-preview:large","max-video-preview":"max-video-preview:-1"},"canonical":"https:\/\/kinamihealth.com\/hu\/wp-json\/wp\/v2\/product\/118268","og_locale":"hu_HU","og_type":"article","og_title":"Belotero Intense lidokainnal online v\u00e1s\u00e1rl\u00e1s","og_description":"V\u00e1s\u00e1roljon Belotero Intense lidokainnal online, \u00e9s haszn\u00e1lja ezt az injekci\u00f3s g\u00e9lt az arc \u00e9s az ajkak t\u00e9rfogat\u00e1nak n\u00f6vel\u00e9s\u00e9re, valamint a m\u00e9ly r\u00e1ncok \u00e9s vonalak korrekci\u00f3j\u00e1ra.","og_url":"https:\/\/kinamihealth.com\/hu\/termek\/belotero-intense-with-lidocaine\/","og_site_name":"Kinami Health","article_modified_time":"2025-11-25T14:57:56+00:00","og_image":[{"width":800,"height":800,"url":"https:\/\/kinamihealth.com\/wp-content\/uploads\/2025\/02\/BELOTERO-INTENSE-LIDO-02.jpg","type":"image\/jpeg"}],"twitter_card":"summary_large_image","twitter_misc":{"Becs\u00fclt olvas\u00e1si id\u0151":"1 perc"},"schema":{"@context":"https:\/\/schema.org","@graph":[{"@type":"WebPage","@id":"https:\/\/kinamihealth.com\/hu\/termek\/belotero-intense-with-lidocaine\/","url":"https:\/\/kinamihealth.com\/hu\/termek\/belotero-intense-with-lidocaine\/","name":"Belotero Intense lidokainnal online v\u00e1s\u00e1rl\u00e1s","isPartOf":{"@id":"https:\/\/kinamihealth.com\/#website"},"primaryImageOfPage":{"@id":"https:\/\/kinamihealth.com\/hu\/termek\/belotero-intense-with-lidocaine\/#primaryimage"},"image":{"@id":"https:\/\/kinamihealth.com\/hu\/termek\/belotero-intense-with-lidocaine\/#primaryimage"},"thumbnailUrl":"https:\/\/kinamihealth.com\/wp-content\/uploads\/2025\/02\/BELOTERO-INTENSE-LIDO-02.jpg","datePublished":"2025-02-15T16:54:12+00:00","dateModified":"2025-11-25T14:57:56+00:00","description":"V\u00e1s\u00e1roljon Belotero Intense lidokainnal online, \u00e9s haszn\u00e1lja ezt az injekci\u00f3s g\u00e9lt az arc \u00e9s az ajkak t\u00e9rfogat\u00e1nak n\u00f6vel\u00e9s\u00e9re, valamint a m\u00e9ly r\u00e1ncok \u00e9s vonalak korrekci\u00f3j\u00e1ra.","breadcrumb":{"@id":"https:\/\/kinamihealth.com\/hu\/termek\/belotero-intense-with-lidocaine\/#breadcrumb"},"inLanguage":"hu","potentialAction":[{"@type":"ReadAction","target":["https:\/\/kinamihealth.com\/hu\/termek\/belotero-intense-with-lidocaine\/"]}]},{"@type":"ImageObject","inLanguage":"hu","@id":"https:\/\/kinamihealth.com\/hu\/termek\/belotero-intense-with-lidocaine\/#primaryimage","url":"https:\/\/kinamihealth.com\/wp-content\/uploads\/2025\/02\/BELOTERO-INTENSE-LIDO-02.jpg","contentUrl":"https:\/\/kinamihealth.com\/wp-content\/uploads\/2025\/02\/BELOTERO-INTENSE-LIDO-02.jpg","width":800,"height":800},{"@type":"BreadcrumbList","@id":"https:\/\/kinamihealth.com\/hu\/termek\/belotero-intense-with-lidocaine\/#breadcrumb","itemListElement":[{"@type":"ListItem","position":1,"name":"Kezd\u0151lap","item":"https:\/\/kinamihealth.com\/"},{"@type":"ListItem","position":2,"name":"Bolt","item":"https:\/\/kinamihealth.com\/shop\/"},{"@type":"ListItem","position":3,"name":"BELOTERO\u00ae INTENSE lidokainnal"}]},{"@type":"WebSite","@id":"https:\/\/kinamihealth.com\/#website","url":"https:\/\/kinamihealth.com\/","name":"Kinami Health","description":"","publisher":{"@id":"https:\/\/kinamihealth.com\/#organization"},"potentialAction":[{"@type":"SearchAction","target":{"@type":"EntryPoint","urlTemplate":"https:\/\/kinamihealth.com\/?s={search_term_string}"},"query-input":{"@type":"PropertyValueSpecification","valueRequired":true,"valueName":"search_term_string"}}],"inLanguage":"hu"},{"@type":"Organization","@id":"https:\/\/kinamihealth.com\/#organization","name":"Kinami Health","url":"https:\/\/kinamihealth.com\/","logo":{"@type":"ImageObject","inLanguage":"hu","@id":"https:\/\/kinamihealth.com\/#\/schema\/logo\/image\/","url":"https:\/\/kinamihealth.com\/wp-content\/uploads\/2025\/01\/KH_logo_black_2-1.png","contentUrl":"https:\/\/kinamihealth.com\/wp-content\/uploads\/2025\/01\/KH_logo_black_2-1.png","width":339,"height":34,"caption":"Kinami Health"},"image":{"@id":"https:\/\/kinamihealth.com\/#\/schema\/logo\/image\/"}}]}},"_links":{"self":[{"href":"https:\/\/kinamihealth.com\/hu\/wp-json\/wp\/v2\/product\/118268","targetHints":{"allow":["GET"]}}],"collection":[{"href":"https:\/\/kinamihealth.com\/hu\/wp-json\/wp\/v2\/product"}],"about":[{"href":"https:\/\/kinamihealth.com\/hu\/wp-json\/wp\/v2\/types\/product"}],"replies":[{"embeddable":true,"href":"https:\/\/kinamihealth.com\/hu\/wp-json\/wp\/v2\/comments?post=118268"}],"version-history":[{"count":0,"href":"https:\/\/kinamihealth.com\/hu\/wp-json\/wp\/v2\/product\/118268\/revisions"}],"wp:featuredmedia":[{"embeddable":true,"href":"https:\/\/kinamihealth.com\/hu\/wp-json\/wp\/v2\/media\/118272"}],"wp:attachment":[{"href":"https:\/\/kinamihealth.com\/hu\/wp-json\/wp\/v2\/media?parent=118268"}],"wp:term":[{"taxonomy":"product_brand","embeddable":true,"href":"https:\/\/kinamihealth.com\/hu\/wp-json\/wp\/v2\/product_brand?post=118268"},{"taxonomy":"product_cat","embeddable":true,"href":"https:\/\/kinamihealth.com\/hu\/wp-json\/wp\/v2\/product_cat?post=118268"},{"taxonomy":"product_tag","embeddable":true,"href":"https:\/\/kinamihealth.com\/hu\/wp-json\/wp\/v2\/product_tag?post=118268"}],"curies":[{"name":"wp","href":"https:\/\/api.w.org\/{rel}","templated":true}]}}