{"id":118263,"date":"2025-02-15T16:54:11","date_gmt":"2025-02-15T16:54:11","guid":{"rendered":"https:\/\/kinamihealth.com\/product\/belotero-balance-lidokainnal\/"},"modified":"2026-04-02T12:00:11","modified_gmt":"2026-04-02T12:00:11","slug":"belotero-balance-lidokainnal","status":"publish","type":"product","link":"https:\/\/kinamihealth.com\/hu\/termek\/belotero-balance-lidokainnal\/","title":{"rendered":"BELOTERO\u00ae BALANCE lidokainnal"},"content":{"rendered":"<p><b>A Belotero Balance lidokainnal<\/b><span style=\"font-weight: 400;\"> egy <\/span><b>b\u0151rfelt\u00f6lt\u0151<\/b><span style=\"font-weight: 400;\">, amely gondosan \u00f6ssze\u00e1ll\u00edtott <\/span><b>\u00f6sszetev\u0151ket<\/b><span style=\"font-weight: 400;\"> tartalmaz, amelyek term\u00e9szetesen <\/span><b>beolvadnak <\/b><span style=\"font-weight: 400;\">a <\/span><b>sz\u00f6vetekbe<\/b><span style=\"font-weight: 400;\">, \u00e9s <\/span><b>jav\u00edtj\u00e1k a b\u0151r text\u00far\u00e1j\u00e1t <\/b><span style=\"font-weight: 400;\">\u00e9s <\/span><b>rugalmass\u00e1g\u00e1t<\/b><span style=\"font-weight: 400;\">, val\u00f3j\u00e1ban <\/span><b>ut\u00e1nzva <\/b><span style=\"font-weight: 400;\">a <\/span><b>k\u00f6rnyez\u0151 sejtek<\/b> <b>funkci\u00f3it<\/b><span style=\"font-weight: 400;\">. Haszn\u00e1lja a <\/span><b>hialuronsav hidrat\u00e1l\u00f3 hat\u00e1s\u00e1t<\/b><span style=\"font-weight: 400;\">, \u00e9s <\/span><b>jav\u00edtsa <\/b><span style=\"font-weight: 400;\">az <\/span><b>arcb\u0151r hib\u00e1it<\/b><span style=\"font-weight: 400;\">, mint a <\/span><b>r\u00e1ncok, vonalak <\/b><span style=\"font-weight: 400;\">\u00e9s <\/span><b>red\u0151k<\/b><span style=\"font-weight: 400;\">. <\/span><b>V\u00e1s\u00e1rolja meg a Belotero Balance lidokainnal <\/b><span style=\"font-weight: 400;\">a <\/span><b>Kinami Health <\/b><span style=\"font-weight: 400;\">online \u00e1ruh\u00e1zban, \u00e9s <\/span><b><i>v\u00e1s\u00e1roljon pr\u00e9mium Belotero term\u00e9keket<\/i><\/b><b>.<\/b><\/p>\n","protected":false},"excerpt":{"rendered":"<p>A Belotero Balance lidokainnal egy b\u0151rfelt\u00f6lt\u0151, amely gondosan \u00f6ssze\u00e1ll\u00edtott \u00f6sszetev\u0151ket tartalmaz, amelyek term\u00e9szetesen beolvadnak a sz\u00f6vetekbe, \u00e9s jav\u00edtj\u00e1k a b\u0151r text\u00far\u00e1j\u00e1t \u00e9s rugalmass\u00e1g\u00e1t, val\u00f3j\u00e1ban ut\u00e1nzva a k\u00f6rnyez\u0151 sejtek funkci\u00f3it. Haszn\u00e1lja a hialuronsav hidrat\u00e1l\u00f3 hat\u00e1s\u00e1t, \u00e9s jav\u00edtsa az arcb\u0151r hib\u00e1it, mint a r\u00e1ncok, vonalak \u00e9s red\u0151k. V\u00e1s\u00e1rolja meg a Belotero Balance lidokainnal a Kinami Health online [&hellip;]<\/p>\n","protected":false},"featured_media":118264,"comment_status":"closed","ping_status":"closed","template":"","meta":{"_acf_changed":false,"inline_featured_image":false},"product_brand":[2212],"product_cat":[2997],"product_tag":[2979],"class_list":{"0":"post-118263","1":"product","2":"type-product","3":"status-publish","4":"has-post-thumbnail","6":"product_brand-belotero","7":"product_cat-dermalis-toltoanyagok","8":"product_tag-orvostechnikai-eszkozok","10":"first","11":"instock","12":"taxable","13":"shipping-taxable","14":"purchasable","15":"product-type-simple","16":"add-to-wishlist-before_image"},"acf":[],"yoast_head":"<!-- This site is optimized with the Yoast SEO plugin v27.3 - https:\/\/yoast.com\/product\/yoast-seo-wordpress\/ -->\n<title>Belotero Balance lidokainnal online - B\u0151rt\u00f6lt\u0151<\/title>\n<meta name=\"description\" content=\"V\u00e1s\u00e1roljon Belotero Balance lidokainnal online, \u00e9s jav\u00edtsa az \u00f6reged\u00e9ssel j\u00e1r\u00f3 b\u0151rhib\u00e1kat, mint az arc r\u00e1ncai, vonalak \u00e9s red\u0151k. Cs\u00f6kkentse a f\u00e1jdalmat lidokainnal.\" \/>\n<meta name=\"robots\" content=\"index, follow, max-snippet:-1, max-image-preview:large, max-video-preview:-1\" \/>\n<link rel=\"canonical\" href=\"https:\/\/kinamihealth.com\/hu\/wp-json\/wp\/v2\/product\/118263\" \/>\n<meta property=\"og:locale\" content=\"hu_HU\" \/>\n<meta property=\"og:type\" content=\"article\" \/>\n<meta property=\"og:title\" content=\"Belotero Balance lidokainnal online - B\u0151rt\u00f6lt\u0151\" \/>\n<meta property=\"og:description\" content=\"V\u00e1s\u00e1roljon Belotero Balance lidokainnal online, \u00e9s jav\u00edtsa az \u00f6reged\u00e9ssel j\u00e1r\u00f3 b\u0151rhib\u00e1kat, mint az arc r\u00e1ncai, vonalak \u00e9s red\u0151k. Cs\u00f6kkentse a f\u00e1jdalmat lidokainnal.\" \/>\n<meta property=\"og:url\" content=\"https:\/\/kinamihealth.com\/hu\/termek\/belotero-balance-lidokainnal\/\" \/>\n<meta property=\"og:site_name\" content=\"Kinami Health\" \/>\n<meta property=\"article:modified_time\" content=\"2026-04-02T12:00:11+00:00\" \/>\n<meta property=\"og:image\" content=\"https:\/\/kinamihealth.com\/wp-content\/uploads\/2025\/02\/BELOTERO-BALANCE-LIDO-02.jpg\" \/>\n\t<meta property=\"og:image:width\" content=\"800\" \/>\n\t<meta property=\"og:image:height\" content=\"800\" \/>\n\t<meta property=\"og:image:type\" content=\"image\/jpeg\" \/>\n<meta name=\"twitter:card\" content=\"summary_large_image\" \/>\n<meta name=\"twitter:label1\" content=\"Becs\u00fclt olvas\u00e1si id\u0151\" \/>\n\t<meta name=\"twitter:data1\" content=\"1 perc\" \/>\n<!-- \/ Yoast SEO plugin. -->","yoast_head_json":{"title":"Belotero Balance lidokainnal online - B\u0151rt\u00f6lt\u0151","description":"V\u00e1s\u00e1roljon Belotero Balance lidokainnal online, \u00e9s jav\u00edtsa az \u00f6reged\u00e9ssel j\u00e1r\u00f3 b\u0151rhib\u00e1kat, mint az arc r\u00e1ncai, vonalak \u00e9s red\u0151k. Cs\u00f6kkentse a f\u00e1jdalmat lidokainnal.","robots":{"index":"index","follow":"follow","max-snippet":"max-snippet:-1","max-image-preview":"max-image-preview:large","max-video-preview":"max-video-preview:-1"},"canonical":"https:\/\/kinamihealth.com\/hu\/wp-json\/wp\/v2\/product\/118263","og_locale":"hu_HU","og_type":"article","og_title":"Belotero Balance lidokainnal online - B\u0151rt\u00f6lt\u0151","og_description":"V\u00e1s\u00e1roljon Belotero Balance lidokainnal online, \u00e9s jav\u00edtsa az \u00f6reged\u00e9ssel j\u00e1r\u00f3 b\u0151rhib\u00e1kat, mint az arc r\u00e1ncai, vonalak \u00e9s red\u0151k. Cs\u00f6kkentse a f\u00e1jdalmat lidokainnal.","og_url":"https:\/\/kinamihealth.com\/hu\/termek\/belotero-balance-lidokainnal\/","og_site_name":"Kinami Health","article_modified_time":"2026-04-02T12:00:11+00:00","og_image":[{"width":800,"height":800,"url":"https:\/\/kinamihealth.com\/wp-content\/uploads\/2025\/02\/BELOTERO-BALANCE-LIDO-02.jpg","type":"image\/jpeg"}],"twitter_card":"summary_large_image","twitter_misc":{"Becs\u00fclt olvas\u00e1si id\u0151":"1 perc"},"schema":{"@context":"https:\/\/schema.org","@graph":[{"@type":"WebPage","@id":"https:\/\/kinamihealth.com\/hu\/termek\/belotero-balance-lidokainnal\/","url":"https:\/\/kinamihealth.com\/hu\/termek\/belotero-balance-lidokainnal\/","name":"Belotero Balance lidokainnal online - B\u0151rt\u00f6lt\u0151","isPartOf":{"@id":"https:\/\/kinamihealth.com\/#website"},"primaryImageOfPage":{"@id":"https:\/\/kinamihealth.com\/hu\/termek\/belotero-balance-lidokainnal\/#primaryimage"},"image":{"@id":"https:\/\/kinamihealth.com\/hu\/termek\/belotero-balance-lidokainnal\/#primaryimage"},"thumbnailUrl":"https:\/\/kinamihealth.com\/wp-content\/uploads\/2025\/02\/BELOTERO-BALANCE-LIDO-02.jpg","datePublished":"2025-02-15T16:54:11+00:00","dateModified":"2026-04-02T12:00:11+00:00","description":"V\u00e1s\u00e1roljon Belotero Balance lidokainnal online, \u00e9s jav\u00edtsa az \u00f6reged\u00e9ssel j\u00e1r\u00f3 b\u0151rhib\u00e1kat, mint az arc r\u00e1ncai, vonalak \u00e9s red\u0151k. Cs\u00f6kkentse a f\u00e1jdalmat lidokainnal.","breadcrumb":{"@id":"https:\/\/kinamihealth.com\/hu\/termek\/belotero-balance-lidokainnal\/#breadcrumb"},"inLanguage":"hu","potentialAction":[{"@type":"ReadAction","target":["https:\/\/kinamihealth.com\/hu\/termek\/belotero-balance-lidokainnal\/"]}]},{"@type":"ImageObject","inLanguage":"hu","@id":"https:\/\/kinamihealth.com\/hu\/termek\/belotero-balance-lidokainnal\/#primaryimage","url":"https:\/\/kinamihealth.com\/wp-content\/uploads\/2025\/02\/BELOTERO-BALANCE-LIDO-02.jpg","contentUrl":"https:\/\/kinamihealth.com\/wp-content\/uploads\/2025\/02\/BELOTERO-BALANCE-LIDO-02.jpg","width":800,"height":800},{"@type":"BreadcrumbList","@id":"https:\/\/kinamihealth.com\/hu\/termek\/belotero-balance-lidokainnal\/#breadcrumb","itemListElement":[{"@type":"ListItem","position":1,"name":"Kezd\u0151lap","item":"https:\/\/kinamihealth.com\/"},{"@type":"ListItem","position":2,"name":"Bolt","item":"https:\/\/kinamihealth.com\/shop\/"},{"@type":"ListItem","position":3,"name":"BELOTERO\u00ae BALANCE lidokainnal"}]},{"@type":"WebSite","@id":"https:\/\/kinamihealth.com\/#website","url":"https:\/\/kinamihealth.com\/","name":"Kinami Health","description":"","publisher":{"@id":"https:\/\/kinamihealth.com\/#organization"},"potentialAction":[{"@type":"SearchAction","target":{"@type":"EntryPoint","urlTemplate":"https:\/\/kinamihealth.com\/?s={search_term_string}"},"query-input":{"@type":"PropertyValueSpecification","valueRequired":true,"valueName":"search_term_string"}}],"inLanguage":"hu"},{"@type":"Organization","@id":"https:\/\/kinamihealth.com\/#organization","name":"Kinami Health","url":"https:\/\/kinamihealth.com\/","logo":{"@type":"ImageObject","inLanguage":"hu","@id":"https:\/\/kinamihealth.com\/#\/schema\/logo\/image\/","url":"https:\/\/kinamihealth.com\/wp-content\/uploads\/2025\/01\/KH_logo_black_2-1.png","contentUrl":"https:\/\/kinamihealth.com\/wp-content\/uploads\/2025\/01\/KH_logo_black_2-1.png","width":339,"height":34,"caption":"Kinami Health"},"image":{"@id":"https:\/\/kinamihealth.com\/#\/schema\/logo\/image\/"}}]}},"_links":{"self":[{"href":"https:\/\/kinamihealth.com\/hu\/wp-json\/wp\/v2\/product\/118263","targetHints":{"allow":["GET"]}}],"collection":[{"href":"https:\/\/kinamihealth.com\/hu\/wp-json\/wp\/v2\/product"}],"about":[{"href":"https:\/\/kinamihealth.com\/hu\/wp-json\/wp\/v2\/types\/product"}],"replies":[{"embeddable":true,"href":"https:\/\/kinamihealth.com\/hu\/wp-json\/wp\/v2\/comments?post=118263"}],"version-history":[{"count":1,"href":"https:\/\/kinamihealth.com\/hu\/wp-json\/wp\/v2\/product\/118263\/revisions"}],"predecessor-version":[{"id":134236,"href":"https:\/\/kinamihealth.com\/hu\/wp-json\/wp\/v2\/product\/118263\/revisions\/134236"}],"wp:featuredmedia":[{"embeddable":true,"href":"https:\/\/kinamihealth.com\/hu\/wp-json\/wp\/v2\/media\/118264"}],"wp:attachment":[{"href":"https:\/\/kinamihealth.com\/hu\/wp-json\/wp\/v2\/media?parent=118263"}],"wp:term":[{"taxonomy":"product_brand","embeddable":true,"href":"https:\/\/kinamihealth.com\/hu\/wp-json\/wp\/v2\/product_brand?post=118263"},{"taxonomy":"product_cat","embeddable":true,"href":"https:\/\/kinamihealth.com\/hu\/wp-json\/wp\/v2\/product_cat?post=118263"},{"taxonomy":"product_tag","embeddable":true,"href":"https:\/\/kinamihealth.com\/hu\/wp-json\/wp\/v2\/product_tag?post=118263"}],"curies":[{"name":"wp","href":"https:\/\/api.w.org\/{rel}","templated":true}]}}