{"id":118258,"date":"2025-02-15T16:54:10","date_gmt":"2025-02-15T16:54:10","guid":{"rendered":"https:\/\/kinamihealth.com\/product\/belotero-balance\/"},"modified":"2026-04-02T11:46:50","modified_gmt":"2026-04-02T11:46:50","slug":"belotero-balance","status":"publish","type":"product","link":"https:\/\/kinamihealth.com\/hu\/termek\/belotero-balance\/","title":{"rendered":"BELOTERO\u00ae BALANCE"},"content":{"rendered":"<p><span style=\"font-weight: 400;\">A <\/span><b>Belotero Balance<\/b><span style=\"font-weight: 400;\"> egy <\/span><b>speci\u00e1lis b\u0151rfelt\u00f6lt\u0151<\/b><span style=\"font-weight: 400;\">, amely <\/span><b>nem \u00e1llati eredet\u0171<\/b> <b>hialuronsavat<\/b><span style=\"font-weight: 400;\"> haszn\u00e1l az <\/span><b>arc<\/b><span style=\"font-weight: 400;\"> k\u00f6r\u00fcli <\/span><b>\u00f6reged\u00e9s jeleinek<\/b><span style=\"font-weight: 400;\">, p\u00e9ld\u00e1ul a k\u00f6zepes \u00e9s m\u00e9ly <\/span><b>r\u00e1ncok, vonalak<\/b><span style=\"font-weight: 400;\"> \u00e9s <\/span><b>red\u0151k<\/b><span style=\"font-weight: 400;\"> korrig\u00e1l\u00e1s\u00e1ra. Ez az injekci\u00f3s g\u00e9l az egyed\u00fcl\u00e1ll\u00f3 <\/span><b>CPM technol\u00f3gi\u00e1t<\/b><span style=\"font-weight: 400;\"> haszn\u00e1lja, hogy ut\u00e1nozza a sz\u00far\u00e1s k\u00f6r\u00fcli sz\u00f6veteket, \u00e9s t\u00f6k\u00e9letesen illeszkedjen a b\u0151rbe. <\/span><b>V\u00e1s\u00e1roljon Belotero Balance-t<\/b><span style=\"font-weight: 400;\"> a <\/span><b>Kinami Health<\/b><span style=\"font-weight: 400;\"> online \u00e1ruh\u00e1zban, \u00e9s <\/span><b>revitaliz\u00e1lja<\/b><span style=\"font-weight: 400;\"> \u00e9s <\/span><b>form\u00e1lja \u00e1t<\/b><span style=\"font-weight: 400;\"> az eg\u00e9sz arc\u00e1t. <\/span><b><i>V\u00e1s\u00e1roljon Belotero Premium term\u00e9keket itt.<\/i><\/b><\/p>\n","protected":false},"excerpt":{"rendered":"<p>A Belotero Balance egy speci\u00e1lis b\u0151rfelt\u00f6lt\u0151, amely nem \u00e1llati eredet\u0171 hialuronsavat haszn\u00e1l az arc k\u00f6r\u00fcli \u00f6reged\u00e9s jeleinek, p\u00e9ld\u00e1ul a k\u00f6zepes \u00e9s m\u00e9ly r\u00e1ncok, vonalak \u00e9s red\u0151k korrig\u00e1l\u00e1s\u00e1ra. Ez az injekci\u00f3s g\u00e9l az egyed\u00fcl\u00e1ll\u00f3 CPM technol\u00f3gi\u00e1t haszn\u00e1lja, hogy ut\u00e1nozza a sz\u00far\u00e1s k\u00f6r\u00fcli sz\u00f6veteket, \u00e9s t\u00f6k\u00e9letesen illeszkedjen a b\u0151rbe. V\u00e1s\u00e1roljon Belotero Balance-t a Kinami Health online \u00e1ruh\u00e1zban, [&hellip;]<\/p>\n","protected":false},"featured_media":118262,"comment_status":"closed","ping_status":"closed","template":"","meta":{"_acf_changed":false,"inline_featured_image":false},"product_brand":[2212],"product_cat":[2997],"product_tag":[2979],"class_list":{"0":"post-118258","1":"product","2":"type-product","3":"status-publish","4":"has-post-thumbnail","6":"product_brand-belotero","7":"product_cat-dermalis-toltoanyagok","8":"product_tag-orvostechnikai-eszkozok","10":"first","11":"instock","12":"taxable","13":"shipping-taxable","14":"purchasable","15":"product-type-simple","16":"add-to-wishlist-before_image"},"acf":[],"yoast_head":"<!-- This site is optimized with the Yoast SEO plugin v27.3 - https:\/\/yoast.com\/product\/yoast-seo-wordpress\/ -->\n<title>Belotero Balance online v\u00e1s\u00e1rl\u00e1s \u2013 sokoldal\u00fa t\u00f6lt\u0151anyag<\/title>\n<meta name=\"description\" content=\"V\u00e1s\u00e1roljon Belotero Balance-t online, \u00e9s jav\u00edtsa ki a b\u0151r k\u00fcl\u00f6nb\u00f6z\u0151 hib\u00e1it, p\u00e9ld\u00e1ul a k\u00f6zepes \u00e9s m\u00e9ly arcr\u00e1ncokat, vonalakat \u00e9s red\u0151ket.\" \/>\n<meta name=\"robots\" content=\"index, follow, max-snippet:-1, max-image-preview:large, max-video-preview:-1\" \/>\n<link rel=\"canonical\" href=\"https:\/\/kinamihealth.com\/hu\/wp-json\/wp\/v2\/product\/118258\" \/>\n<meta property=\"og:locale\" content=\"hu_HU\" \/>\n<meta property=\"og:type\" content=\"article\" \/>\n<meta property=\"og:title\" content=\"Belotero Balance online v\u00e1s\u00e1rl\u00e1s \u2013 sokoldal\u00fa t\u00f6lt\u0151anyag\" \/>\n<meta property=\"og:description\" content=\"V\u00e1s\u00e1roljon Belotero Balance-t online, \u00e9s jav\u00edtsa ki a b\u0151r k\u00fcl\u00f6nb\u00f6z\u0151 hib\u00e1it, p\u00e9ld\u00e1ul a k\u00f6zepes \u00e9s m\u00e9ly arcr\u00e1ncokat, vonalakat \u00e9s red\u0151ket.\" \/>\n<meta property=\"og:url\" content=\"https:\/\/kinamihealth.com\/hu\/termek\/belotero-balance\/\" \/>\n<meta property=\"og:site_name\" content=\"Kinami Health\" \/>\n<meta property=\"article:modified_time\" content=\"2026-04-02T11:46:50+00:00\" \/>\n<meta property=\"og:image\" content=\"https:\/\/kinamihealth.com\/wp-content\/uploads\/2025\/02\/BELOTERO-BALANCE-02.jpg\" \/>\n\t<meta property=\"og:image:width\" content=\"800\" \/>\n\t<meta property=\"og:image:height\" content=\"800\" \/>\n\t<meta property=\"og:image:type\" content=\"image\/jpeg\" \/>\n<meta name=\"twitter:card\" content=\"summary_large_image\" \/>\n<meta name=\"twitter:label1\" content=\"Becs\u00fclt olvas\u00e1si id\u0151\" \/>\n\t<meta name=\"twitter:data1\" content=\"1 perc\" \/>\n<!-- \/ Yoast SEO plugin. -->","yoast_head_json":{"title":"Belotero Balance online v\u00e1s\u00e1rl\u00e1s \u2013 sokoldal\u00fa t\u00f6lt\u0151anyag","description":"V\u00e1s\u00e1roljon Belotero Balance-t online, \u00e9s jav\u00edtsa ki a b\u0151r k\u00fcl\u00f6nb\u00f6z\u0151 hib\u00e1it, p\u00e9ld\u00e1ul a k\u00f6zepes \u00e9s m\u00e9ly arcr\u00e1ncokat, vonalakat \u00e9s red\u0151ket.","robots":{"index":"index","follow":"follow","max-snippet":"max-snippet:-1","max-image-preview":"max-image-preview:large","max-video-preview":"max-video-preview:-1"},"canonical":"https:\/\/kinamihealth.com\/hu\/wp-json\/wp\/v2\/product\/118258","og_locale":"hu_HU","og_type":"article","og_title":"Belotero Balance online v\u00e1s\u00e1rl\u00e1s \u2013 sokoldal\u00fa t\u00f6lt\u0151anyag","og_description":"V\u00e1s\u00e1roljon Belotero Balance-t online, \u00e9s jav\u00edtsa ki a b\u0151r k\u00fcl\u00f6nb\u00f6z\u0151 hib\u00e1it, p\u00e9ld\u00e1ul a k\u00f6zepes \u00e9s m\u00e9ly arcr\u00e1ncokat, vonalakat \u00e9s red\u0151ket.","og_url":"https:\/\/kinamihealth.com\/hu\/termek\/belotero-balance\/","og_site_name":"Kinami Health","article_modified_time":"2026-04-02T11:46:50+00:00","og_image":[{"width":800,"height":800,"url":"https:\/\/kinamihealth.com\/wp-content\/uploads\/2025\/02\/BELOTERO-BALANCE-02.jpg","type":"image\/jpeg"}],"twitter_card":"summary_large_image","twitter_misc":{"Becs\u00fclt olvas\u00e1si id\u0151":"1 perc"},"schema":{"@context":"https:\/\/schema.org","@graph":[{"@type":"WebPage","@id":"https:\/\/kinamihealth.com\/hu\/termek\/belotero-balance\/","url":"https:\/\/kinamihealth.com\/hu\/termek\/belotero-balance\/","name":"Belotero Balance online v\u00e1s\u00e1rl\u00e1s \u2013 sokoldal\u00fa t\u00f6lt\u0151anyag","isPartOf":{"@id":"https:\/\/kinamihealth.com\/#website"},"primaryImageOfPage":{"@id":"https:\/\/kinamihealth.com\/hu\/termek\/belotero-balance\/#primaryimage"},"image":{"@id":"https:\/\/kinamihealth.com\/hu\/termek\/belotero-balance\/#primaryimage"},"thumbnailUrl":"https:\/\/kinamihealth.com\/wp-content\/uploads\/2025\/02\/BELOTERO-BALANCE-02.jpg","datePublished":"2025-02-15T16:54:10+00:00","dateModified":"2026-04-02T11:46:50+00:00","description":"V\u00e1s\u00e1roljon Belotero Balance-t online, \u00e9s jav\u00edtsa ki a b\u0151r k\u00fcl\u00f6nb\u00f6z\u0151 hib\u00e1it, p\u00e9ld\u00e1ul a k\u00f6zepes \u00e9s m\u00e9ly arcr\u00e1ncokat, vonalakat \u00e9s red\u0151ket.","breadcrumb":{"@id":"https:\/\/kinamihealth.com\/hu\/termek\/belotero-balance\/#breadcrumb"},"inLanguage":"hu","potentialAction":[{"@type":"ReadAction","target":["https:\/\/kinamihealth.com\/hu\/termek\/belotero-balance\/"]}]},{"@type":"ImageObject","inLanguage":"hu","@id":"https:\/\/kinamihealth.com\/hu\/termek\/belotero-balance\/#primaryimage","url":"https:\/\/kinamihealth.com\/wp-content\/uploads\/2025\/02\/BELOTERO-BALANCE-02.jpg","contentUrl":"https:\/\/kinamihealth.com\/wp-content\/uploads\/2025\/02\/BELOTERO-BALANCE-02.jpg","width":800,"height":800},{"@type":"BreadcrumbList","@id":"https:\/\/kinamihealth.com\/hu\/termek\/belotero-balance\/#breadcrumb","itemListElement":[{"@type":"ListItem","position":1,"name":"Kezd\u0151lap","item":"https:\/\/kinamihealth.com\/"},{"@type":"ListItem","position":2,"name":"Bolt","item":"https:\/\/kinamihealth.com\/shop\/"},{"@type":"ListItem","position":3,"name":"BELOTERO\u00ae BALANCE"}]},{"@type":"WebSite","@id":"https:\/\/kinamihealth.com\/#website","url":"https:\/\/kinamihealth.com\/","name":"Kinami Health","description":"","publisher":{"@id":"https:\/\/kinamihealth.com\/#organization"},"potentialAction":[{"@type":"SearchAction","target":{"@type":"EntryPoint","urlTemplate":"https:\/\/kinamihealth.com\/?s={search_term_string}"},"query-input":{"@type":"PropertyValueSpecification","valueRequired":true,"valueName":"search_term_string"}}],"inLanguage":"hu"},{"@type":"Organization","@id":"https:\/\/kinamihealth.com\/#organization","name":"Kinami Health","url":"https:\/\/kinamihealth.com\/","logo":{"@type":"ImageObject","inLanguage":"hu","@id":"https:\/\/kinamihealth.com\/#\/schema\/logo\/image\/","url":"https:\/\/kinamihealth.com\/wp-content\/uploads\/2025\/01\/KH_logo_black_2-1.png","contentUrl":"https:\/\/kinamihealth.com\/wp-content\/uploads\/2025\/01\/KH_logo_black_2-1.png","width":339,"height":34,"caption":"Kinami Health"},"image":{"@id":"https:\/\/kinamihealth.com\/#\/schema\/logo\/image\/"}}]}},"_links":{"self":[{"href":"https:\/\/kinamihealth.com\/hu\/wp-json\/wp\/v2\/product\/118258","targetHints":{"allow":["GET"]}}],"collection":[{"href":"https:\/\/kinamihealth.com\/hu\/wp-json\/wp\/v2\/product"}],"about":[{"href":"https:\/\/kinamihealth.com\/hu\/wp-json\/wp\/v2\/types\/product"}],"replies":[{"embeddable":true,"href":"https:\/\/kinamihealth.com\/hu\/wp-json\/wp\/v2\/comments?post=118258"}],"version-history":[{"count":2,"href":"https:\/\/kinamihealth.com\/hu\/wp-json\/wp\/v2\/product\/118258\/revisions"}],"predecessor-version":[{"id":134226,"href":"https:\/\/kinamihealth.com\/hu\/wp-json\/wp\/v2\/product\/118258\/revisions\/134226"}],"wp:featuredmedia":[{"embeddable":true,"href":"https:\/\/kinamihealth.com\/hu\/wp-json\/wp\/v2\/media\/118262"}],"wp:attachment":[{"href":"https:\/\/kinamihealth.com\/hu\/wp-json\/wp\/v2\/media?parent=118258"}],"wp:term":[{"taxonomy":"product_brand","embeddable":true,"href":"https:\/\/kinamihealth.com\/hu\/wp-json\/wp\/v2\/product_brand?post=118258"},{"taxonomy":"product_cat","embeddable":true,"href":"https:\/\/kinamihealth.com\/hu\/wp-json\/wp\/v2\/product_cat?post=118258"},{"taxonomy":"product_tag","embeddable":true,"href":"https:\/\/kinamihealth.com\/hu\/wp-json\/wp\/v2\/product_tag?post=118258"}],"curies":[{"name":"wp","href":"https:\/\/api.w.org\/{rel}","templated":true}]}}