{"id":118252,"date":"2025-02-15T16:54:02","date_gmt":"2025-02-15T16:54:02","guid":{"rendered":"https:\/\/kinamihealth.com\/product\/bcn-oculare-peptides\/"},"modified":"2025-11-25T18:14:27","modified_gmt":"2025-11-25T18:14:27","slug":"bcn-oculare-peptides","status":"publish","type":"product","link":"https:\/\/kinamihealth.com\/hu\/termek\/bcn-oculare-peptides\/","title":{"rendered":"BCN OCULARE-PEPTIDES"},"content":{"rendered":"<p><span style=\"font-weight: 400;\">V\u00e1s\u00e1rolja meg a BCN Oculare-Peptides k\u00e9sz\u00edtm\u00e9nyt, egy fejlett szemk\u00f6rny\u00e9k\u00e1pol\u00f3 megold\u00e1st, amely a s\u00f6t\u00e9t karik\u00e1k, duzzanatok \u00e9s finom r\u00e1ncok cs\u00f6kkent\u00e9s\u00e9re lett kifejlesztve. Ez a sz\u00e9rum er\u0151teljes peptideket \u00e9s klasszikus hat\u00f3anyagokat kombin\u00e1l, hogy meg\u00faj\u00edtsa az \u00e9rz\u00e9keny szemk\u00f6rny\u00e9ki ter\u00fcletet, ragyog\u00f3 \u00e9s friss tekintetet biztos\u00edtva.<\/span><\/p>\n","protected":false},"excerpt":{"rendered":"<p>V\u00e1s\u00e1rolja meg a BCN Oculare-Peptides k\u00e9sz\u00edtm\u00e9nyt, egy fejlett szemk\u00f6rny\u00e9k\u00e1pol\u00f3 megold\u00e1st, amely a s\u00f6t\u00e9t karik\u00e1k, duzzanatok \u00e9s finom r\u00e1ncok cs\u00f6kkent\u00e9s\u00e9re lett kifejlesztve. Ez a sz\u00e9rum er\u0151teljes peptideket \u00e9s klasszikus hat\u00f3anyagokat kombin\u00e1l, hogy meg\u00faj\u00edtsa az \u00e9rz\u00e9keny szemk\u00f6rny\u00e9ki ter\u00fcletet, ragyog\u00f3 \u00e9s friss tekintetet biztos\u00edtva.<\/p>\n","protected":false},"featured_media":118253,"comment_status":"closed","ping_status":"closed","template":"","meta":{"_acf_changed":false,"inline_featured_image":false},"product_brand":[2228],"product_cat":[3102,3537],"product_tag":[2979],"class_list":{"0":"post-118252","1":"product","2":"type-product","3":"status-publish","4":"has-post-thumbnail","6":"product_brand-bcn","7":"product_cat-mezoterapia","8":"product_cat-signal-peptides-for-skin-hu","9":"product_tag-orvostechnikai-eszkozok","11":"first","12":"instock","13":"taxable","14":"shipping-taxable","15":"purchasable","16":"product-type-simple","17":"add-to-wishlist-before_image"},"acf":[],"yoast_head":"<!-- This site is optimized with the Yoast SEO plugin v27.3 - https:\/\/yoast.com\/product\/yoast-seo-wordpress\/ -->\n<title>BCN Oculare-Peptides v\u00e1s\u00e1rl\u00e1sa online \u2013 S\u00f6t\u00e9t karik\u00e1k ellen<\/title>\n<meta name=\"description\" content=\"V\u00e1s\u00e1roljon BCN Oculare-Peptides k\u00e9sz\u00edtm\u00e9nyt online a szem alatti t\u00e1sk\u00e1k, s\u00f6t\u00e9t karik\u00e1k \u00e9s finom r\u00e1ncok kezel\u00e9s\u00e9re. Rendelje meg, hogy felfriss\u00edtse a f\u00e1radt szemk\u00f6rny\u00e9ket, \u00e9s fiatalos megjelen\u00e9st adjon.\" \/>\n<meta name=\"robots\" content=\"index, follow, max-snippet:-1, max-image-preview:large, max-video-preview:-1\" \/>\n<link rel=\"canonical\" href=\"https:\/\/kinamihealth.com\/hu\/wp-json\/wp\/v2\/product\/118252\" \/>\n<meta property=\"og:locale\" content=\"hu_HU\" \/>\n<meta property=\"og:type\" content=\"article\" \/>\n<meta property=\"og:title\" content=\"BCN Oculare-Peptides v\u00e1s\u00e1rl\u00e1sa online \u2013 S\u00f6t\u00e9t karik\u00e1k ellen\" \/>\n<meta property=\"og:description\" content=\"V\u00e1s\u00e1roljon BCN Oculare-Peptides k\u00e9sz\u00edtm\u00e9nyt online a szem alatti t\u00e1sk\u00e1k, s\u00f6t\u00e9t karik\u00e1k \u00e9s finom r\u00e1ncok kezel\u00e9s\u00e9re. Rendelje meg, hogy felfriss\u00edtse a f\u00e1radt szemk\u00f6rny\u00e9ket, \u00e9s fiatalos megjelen\u00e9st adjon.\" \/>\n<meta property=\"og:url\" content=\"https:\/\/kinamihealth.com\/hu\/termek\/bcn-oculare-peptides\/\" \/>\n<meta property=\"og:site_name\" content=\"Kinami Health\" \/>\n<meta property=\"article:modified_time\" content=\"2025-11-25T18:14:27+00:00\" \/>\n<meta property=\"og:image\" content=\"https:\/\/kinamihealth.com\/wp-content\/uploads\/2025\/02\/BCN-OCULARE-PEPTIDES-01.webp\" \/>\n\t<meta property=\"og:image:width\" content=\"800\" \/>\n\t<meta property=\"og:image:height\" content=\"800\" \/>\n\t<meta property=\"og:image:type\" content=\"image\/webp\" \/>\n<meta name=\"twitter:card\" content=\"summary_large_image\" \/>\n<meta name=\"twitter:label1\" content=\"Becs\u00fclt olvas\u00e1si id\u0151\" \/>\n\t<meta name=\"twitter:data1\" content=\"1 perc\" \/>\n<!-- \/ Yoast SEO plugin. -->","yoast_head_json":{"title":"BCN Oculare-Peptides v\u00e1s\u00e1rl\u00e1sa online \u2013 S\u00f6t\u00e9t karik\u00e1k ellen","description":"V\u00e1s\u00e1roljon BCN Oculare-Peptides k\u00e9sz\u00edtm\u00e9nyt online a szem alatti t\u00e1sk\u00e1k, s\u00f6t\u00e9t karik\u00e1k \u00e9s finom r\u00e1ncok kezel\u00e9s\u00e9re. Rendelje meg, hogy felfriss\u00edtse a f\u00e1radt szemk\u00f6rny\u00e9ket, \u00e9s fiatalos megjelen\u00e9st adjon.","robots":{"index":"index","follow":"follow","max-snippet":"max-snippet:-1","max-image-preview":"max-image-preview:large","max-video-preview":"max-video-preview:-1"},"canonical":"https:\/\/kinamihealth.com\/hu\/wp-json\/wp\/v2\/product\/118252","og_locale":"hu_HU","og_type":"article","og_title":"BCN Oculare-Peptides v\u00e1s\u00e1rl\u00e1sa online \u2013 S\u00f6t\u00e9t karik\u00e1k ellen","og_description":"V\u00e1s\u00e1roljon BCN Oculare-Peptides k\u00e9sz\u00edtm\u00e9nyt online a szem alatti t\u00e1sk\u00e1k, s\u00f6t\u00e9t karik\u00e1k \u00e9s finom r\u00e1ncok kezel\u00e9s\u00e9re. Rendelje meg, hogy felfriss\u00edtse a f\u00e1radt szemk\u00f6rny\u00e9ket, \u00e9s fiatalos megjelen\u00e9st adjon.","og_url":"https:\/\/kinamihealth.com\/hu\/termek\/bcn-oculare-peptides\/","og_site_name":"Kinami Health","article_modified_time":"2025-11-25T18:14:27+00:00","og_image":[{"width":800,"height":800,"url":"https:\/\/kinamihealth.com\/wp-content\/uploads\/2025\/02\/BCN-OCULARE-PEPTIDES-01.webp","type":"image\/webp"}],"twitter_card":"summary_large_image","twitter_misc":{"Becs\u00fclt olvas\u00e1si id\u0151":"1 perc"},"schema":{"@context":"https:\/\/schema.org","@graph":[{"@type":"WebPage","@id":"https:\/\/kinamihealth.com\/hu\/termek\/bcn-oculare-peptides\/","url":"https:\/\/kinamihealth.com\/hu\/termek\/bcn-oculare-peptides\/","name":"BCN Oculare-Peptides v\u00e1s\u00e1rl\u00e1sa online \u2013 S\u00f6t\u00e9t karik\u00e1k ellen","isPartOf":{"@id":"https:\/\/kinamihealth.com\/#website"},"primaryImageOfPage":{"@id":"https:\/\/kinamihealth.com\/hu\/termek\/bcn-oculare-peptides\/#primaryimage"},"image":{"@id":"https:\/\/kinamihealth.com\/hu\/termek\/bcn-oculare-peptides\/#primaryimage"},"thumbnailUrl":"https:\/\/kinamihealth.com\/wp-content\/uploads\/2025\/02\/BCN-OCULARE-PEPTIDES-01.webp","datePublished":"2025-02-15T16:54:02+00:00","dateModified":"2025-11-25T18:14:27+00:00","description":"V\u00e1s\u00e1roljon BCN Oculare-Peptides k\u00e9sz\u00edtm\u00e9nyt online a szem alatti t\u00e1sk\u00e1k, s\u00f6t\u00e9t karik\u00e1k \u00e9s finom r\u00e1ncok kezel\u00e9s\u00e9re. Rendelje meg, hogy felfriss\u00edtse a f\u00e1radt szemk\u00f6rny\u00e9ket, \u00e9s fiatalos megjelen\u00e9st adjon.","breadcrumb":{"@id":"https:\/\/kinamihealth.com\/hu\/termek\/bcn-oculare-peptides\/#breadcrumb"},"inLanguage":"hu","potentialAction":[{"@type":"ReadAction","target":["https:\/\/kinamihealth.com\/hu\/termek\/bcn-oculare-peptides\/"]}]},{"@type":"ImageObject","inLanguage":"hu","@id":"https:\/\/kinamihealth.com\/hu\/termek\/bcn-oculare-peptides\/#primaryimage","url":"https:\/\/kinamihealth.com\/wp-content\/uploads\/2025\/02\/BCN-OCULARE-PEPTIDES-01.webp","contentUrl":"https:\/\/kinamihealth.com\/wp-content\/uploads\/2025\/02\/BCN-OCULARE-PEPTIDES-01.webp","width":800,"height":800},{"@type":"BreadcrumbList","@id":"https:\/\/kinamihealth.com\/hu\/termek\/bcn-oculare-peptides\/#breadcrumb","itemListElement":[{"@type":"ListItem","position":1,"name":"Kezd\u0151lap","item":"https:\/\/kinamihealth.com\/"},{"@type":"ListItem","position":2,"name":"Bolt","item":"https:\/\/kinamihealth.com\/shop\/"},{"@type":"ListItem","position":3,"name":"BCN OCULARE-PEPTIDES"}]},{"@type":"WebSite","@id":"https:\/\/kinamihealth.com\/#website","url":"https:\/\/kinamihealth.com\/","name":"Kinami Health","description":"","publisher":{"@id":"https:\/\/kinamihealth.com\/#organization"},"potentialAction":[{"@type":"SearchAction","target":{"@type":"EntryPoint","urlTemplate":"https:\/\/kinamihealth.com\/?s={search_term_string}"},"query-input":{"@type":"PropertyValueSpecification","valueRequired":true,"valueName":"search_term_string"}}],"inLanguage":"hu"},{"@type":"Organization","@id":"https:\/\/kinamihealth.com\/#organization","name":"Kinami Health","url":"https:\/\/kinamihealth.com\/","logo":{"@type":"ImageObject","inLanguage":"hu","@id":"https:\/\/kinamihealth.com\/#\/schema\/logo\/image\/","url":"https:\/\/kinamihealth.com\/wp-content\/uploads\/2025\/01\/KH_logo_black_2-1.png","contentUrl":"https:\/\/kinamihealth.com\/wp-content\/uploads\/2025\/01\/KH_logo_black_2-1.png","width":339,"height":34,"caption":"Kinami Health"},"image":{"@id":"https:\/\/kinamihealth.com\/#\/schema\/logo\/image\/"}}]}},"_links":{"self":[{"href":"https:\/\/kinamihealth.com\/hu\/wp-json\/wp\/v2\/product\/118252","targetHints":{"allow":["GET"]}}],"collection":[{"href":"https:\/\/kinamihealth.com\/hu\/wp-json\/wp\/v2\/product"}],"about":[{"href":"https:\/\/kinamihealth.com\/hu\/wp-json\/wp\/v2\/types\/product"}],"replies":[{"embeddable":true,"href":"https:\/\/kinamihealth.com\/hu\/wp-json\/wp\/v2\/comments?post=118252"}],"version-history":[{"count":0,"href":"https:\/\/kinamihealth.com\/hu\/wp-json\/wp\/v2\/product\/118252\/revisions"}],"wp:featuredmedia":[{"embeddable":true,"href":"https:\/\/kinamihealth.com\/hu\/wp-json\/wp\/v2\/media\/118253"}],"wp:attachment":[{"href":"https:\/\/kinamihealth.com\/hu\/wp-json\/wp\/v2\/media?parent=118252"}],"wp:term":[{"taxonomy":"product_brand","embeddable":true,"href":"https:\/\/kinamihealth.com\/hu\/wp-json\/wp\/v2\/product_brand?post=118252"},{"taxonomy":"product_cat","embeddable":true,"href":"https:\/\/kinamihealth.com\/hu\/wp-json\/wp\/v2\/product_cat?post=118252"},{"taxonomy":"product_tag","embeddable":true,"href":"https:\/\/kinamihealth.com\/hu\/wp-json\/wp\/v2\/product_tag?post=118252"}],"curies":[{"name":"wp","href":"https:\/\/api.w.org\/{rel}","templated":true}]}}