{"id":118248,"date":"2025-02-15T16:53:59","date_gmt":"2025-02-15T16:53:59","guid":{"rendered":"https:\/\/kinamihealth.com\/product\/bcn-capillum-peptides\/"},"modified":"2025-11-25T18:32:14","modified_gmt":"2025-11-25T18:32:14","slug":"bcn-capillum-peptides","status":"publish","type":"product","link":"https:\/\/kinamihealth.com\/hu\/termek\/bcn-capillum-peptides\/","title":{"rendered":"BCN CAPILLUM PEPTIDES"},"content":{"rendered":"<p><span style=\"font-weight: 400;\">A BCN Capillum Peptides egy <\/span><b>mezoter\u00e1pi\u00e1s term\u00e9k<\/b><span style=\"font-weight: 400;\">, amelyet a fejb\u0151r- \u00e9s hajhelyre\u00e1ll\u00edt\u00e1sra specializ\u00e1l\u00f3dott eg\u00e9szs\u00e9g\u00fcgyi szakemberek sz\u00e1m\u00e1ra fejlesztettek ki. Ez az innovat\u00edv megold\u00e1s a <\/span><b>BCN Advanced Peptides term\u00e9kvonal r\u00e9sze,<\/b><span style=\"font-weight: 400;\"> amely ismert c\u00e9lzott ter\u00e1pi\u00e1s alkalmaz\u00e1sair\u00f3l. <\/span><b>Egyedi peptid-, vitamin- \u00e9s esszenci\u00e1lis t\u00e1panyag-kever\u00e9ke <\/b><span style=\"font-weight: 400;\">r\u00e9v\u00e9n a BCN Capillum Peptides kezeli a hajhull\u00e1st, er\u0151s\u00edti a hajhagym\u00e1kat \u00e9s el\u0151seg\u00edti az eg\u00e9szs\u00e9ges fejb\u0151r\u00e1llapotot.<\/span><\/p>\n<p>&nbsp;<\/p>\n","protected":false},"excerpt":{"rendered":"<p>A BCN Capillum Peptides egy mezoter\u00e1pi\u00e1s term\u00e9k, amelyet a fejb\u0151r- \u00e9s hajhelyre\u00e1ll\u00edt\u00e1sra specializ\u00e1l\u00f3dott eg\u00e9szs\u00e9g\u00fcgyi szakemberek sz\u00e1m\u00e1ra fejlesztettek ki. Ez az innovat\u00edv megold\u00e1s a BCN Advanced Peptides term\u00e9kvonal r\u00e9sze, amely ismert c\u00e9lzott ter\u00e1pi\u00e1s alkalmaz\u00e1sair\u00f3l. Egyedi peptid-, vitamin- \u00e9s esszenci\u00e1lis t\u00e1panyag-kever\u00e9ke r\u00e9v\u00e9n a BCN Capillum Peptides kezeli a hajhull\u00e1st, er\u0151s\u00edti a hajhagym\u00e1kat \u00e9s el\u0151seg\u00edti az eg\u00e9szs\u00e9ges fejb\u0151r\u00e1llapotot. [&hellip;]<\/p>\n","protected":false},"featured_media":118249,"comment_status":"closed","ping_status":"closed","template":"","meta":{"_acf_changed":false,"inline_featured_image":false},"product_brand":[2228],"product_cat":[3102,3537],"product_tag":[2979],"class_list":{"0":"post-118248","1":"product","2":"type-product","3":"status-publish","4":"has-post-thumbnail","6":"product_brand-bcn","7":"product_cat-mezoterapia","8":"product_cat-signal-peptides-for-skin-hu","9":"product_tag-orvostechnikai-eszkozok","11":"first","12":"instock","13":"taxable","14":"shipping-taxable","15":"purchasable","16":"product-type-simple","17":"add-to-wishlist-before_image"},"acf":[],"yoast_head":"<!-- This site is optimized with the Yoast SEO plugin v27.3 - https:\/\/yoast.com\/product\/yoast-seo-wordpress\/ -->\n<title>V\u00e1s\u00e1roljon BCN Capillum Peptides online \u2013 Fejlett fejb\u0151rkezel\u00e9s<\/title>\n<meta name=\"description\" content=\"V\u00e1s\u00e1roljon BCN Capillum Peptides online a Kinami Health-n\u00e9l. Peptidekkel, vitaminokkal \u00e9s aminosavakkal k\u00e9sz\u00fclt a fejb\u0151r revitaliz\u00e1l\u00e1s\u00e1ra. Rendeljen most!\" \/>\n<meta name=\"robots\" content=\"index, follow, max-snippet:-1, max-image-preview:large, max-video-preview:-1\" \/>\n<link rel=\"canonical\" href=\"https:\/\/kinamihealth.com\/hu\/wp-json\/wp\/v2\/product\/118248\" \/>\n<meta property=\"og:locale\" content=\"hu_HU\" \/>\n<meta property=\"og:type\" content=\"article\" \/>\n<meta property=\"og:title\" content=\"V\u00e1s\u00e1roljon BCN Capillum Peptides online \u2013 Fejlett fejb\u0151rkezel\u00e9s\" \/>\n<meta property=\"og:description\" content=\"V\u00e1s\u00e1roljon BCN Capillum Peptides online a Kinami Health-n\u00e9l. Peptidekkel, vitaminokkal \u00e9s aminosavakkal k\u00e9sz\u00fclt a fejb\u0151r revitaliz\u00e1l\u00e1s\u00e1ra. Rendeljen most!\" \/>\n<meta property=\"og:url\" content=\"https:\/\/kinamihealth.com\/hu\/termek\/bcn-capillum-peptides\/\" \/>\n<meta property=\"og:site_name\" content=\"Kinami Health\" \/>\n<meta property=\"article:modified_time\" content=\"2025-11-25T18:32:14+00:00\" \/>\n<meta property=\"og:image\" content=\"https:\/\/kinamihealth.com\/wp-content\/uploads\/2025\/02\/BCN-CAPILLUM-PEPTIDES-01.webp\" \/>\n\t<meta property=\"og:image:width\" content=\"800\" \/>\n\t<meta property=\"og:image:height\" content=\"800\" \/>\n\t<meta property=\"og:image:type\" content=\"image\/webp\" \/>\n<meta name=\"twitter:card\" content=\"summary_large_image\" \/>\n<meta name=\"twitter:label1\" content=\"Becs\u00fclt olvas\u00e1si id\u0151\" \/>\n\t<meta name=\"twitter:data1\" content=\"1 perc\" \/>\n<!-- \/ Yoast SEO plugin. -->","yoast_head_json":{"title":"V\u00e1s\u00e1roljon BCN Capillum Peptides online \u2013 Fejlett fejb\u0151rkezel\u00e9s","description":"V\u00e1s\u00e1roljon BCN Capillum Peptides online a Kinami Health-n\u00e9l. Peptidekkel, vitaminokkal \u00e9s aminosavakkal k\u00e9sz\u00fclt a fejb\u0151r revitaliz\u00e1l\u00e1s\u00e1ra. Rendeljen most!","robots":{"index":"index","follow":"follow","max-snippet":"max-snippet:-1","max-image-preview":"max-image-preview:large","max-video-preview":"max-video-preview:-1"},"canonical":"https:\/\/kinamihealth.com\/hu\/wp-json\/wp\/v2\/product\/118248","og_locale":"hu_HU","og_type":"article","og_title":"V\u00e1s\u00e1roljon BCN Capillum Peptides online \u2013 Fejlett fejb\u0151rkezel\u00e9s","og_description":"V\u00e1s\u00e1roljon BCN Capillum Peptides online a Kinami Health-n\u00e9l. Peptidekkel, vitaminokkal \u00e9s aminosavakkal k\u00e9sz\u00fclt a fejb\u0151r revitaliz\u00e1l\u00e1s\u00e1ra. Rendeljen most!","og_url":"https:\/\/kinamihealth.com\/hu\/termek\/bcn-capillum-peptides\/","og_site_name":"Kinami Health","article_modified_time":"2025-11-25T18:32:14+00:00","og_image":[{"width":800,"height":800,"url":"https:\/\/kinamihealth.com\/wp-content\/uploads\/2025\/02\/BCN-CAPILLUM-PEPTIDES-01.webp","type":"image\/webp"}],"twitter_card":"summary_large_image","twitter_misc":{"Becs\u00fclt olvas\u00e1si id\u0151":"1 perc"},"schema":{"@context":"https:\/\/schema.org","@graph":[{"@type":"WebPage","@id":"https:\/\/kinamihealth.com\/hu\/termek\/bcn-capillum-peptides\/","url":"https:\/\/kinamihealth.com\/hu\/termek\/bcn-capillum-peptides\/","name":"V\u00e1s\u00e1roljon BCN Capillum Peptides online \u2013 Fejlett fejb\u0151rkezel\u00e9s","isPartOf":{"@id":"https:\/\/kinamihealth.com\/#website"},"primaryImageOfPage":{"@id":"https:\/\/kinamihealth.com\/hu\/termek\/bcn-capillum-peptides\/#primaryimage"},"image":{"@id":"https:\/\/kinamihealth.com\/hu\/termek\/bcn-capillum-peptides\/#primaryimage"},"thumbnailUrl":"https:\/\/kinamihealth.com\/wp-content\/uploads\/2025\/02\/BCN-CAPILLUM-PEPTIDES-01.webp","datePublished":"2025-02-15T16:53:59+00:00","dateModified":"2025-11-25T18:32:14+00:00","description":"V\u00e1s\u00e1roljon BCN Capillum Peptides online a Kinami Health-n\u00e9l. Peptidekkel, vitaminokkal \u00e9s aminosavakkal k\u00e9sz\u00fclt a fejb\u0151r revitaliz\u00e1l\u00e1s\u00e1ra. Rendeljen most!","breadcrumb":{"@id":"https:\/\/kinamihealth.com\/hu\/termek\/bcn-capillum-peptides\/#breadcrumb"},"inLanguage":"hu","potentialAction":[{"@type":"ReadAction","target":["https:\/\/kinamihealth.com\/hu\/termek\/bcn-capillum-peptides\/"]}]},{"@type":"ImageObject","inLanguage":"hu","@id":"https:\/\/kinamihealth.com\/hu\/termek\/bcn-capillum-peptides\/#primaryimage","url":"https:\/\/kinamihealth.com\/wp-content\/uploads\/2025\/02\/BCN-CAPILLUM-PEPTIDES-01.webp","contentUrl":"https:\/\/kinamihealth.com\/wp-content\/uploads\/2025\/02\/BCN-CAPILLUM-PEPTIDES-01.webp","width":800,"height":800},{"@type":"BreadcrumbList","@id":"https:\/\/kinamihealth.com\/hu\/termek\/bcn-capillum-peptides\/#breadcrumb","itemListElement":[{"@type":"ListItem","position":1,"name":"Kezd\u0151lap","item":"https:\/\/kinamihealth.com\/"},{"@type":"ListItem","position":2,"name":"Bolt","item":"https:\/\/kinamihealth.com\/shop\/"},{"@type":"ListItem","position":3,"name":"BCN CAPILLUM PEPTIDES"}]},{"@type":"WebSite","@id":"https:\/\/kinamihealth.com\/#website","url":"https:\/\/kinamihealth.com\/","name":"Kinami Health","description":"","publisher":{"@id":"https:\/\/kinamihealth.com\/#organization"},"potentialAction":[{"@type":"SearchAction","target":{"@type":"EntryPoint","urlTemplate":"https:\/\/kinamihealth.com\/?s={search_term_string}"},"query-input":{"@type":"PropertyValueSpecification","valueRequired":true,"valueName":"search_term_string"}}],"inLanguage":"hu"},{"@type":"Organization","@id":"https:\/\/kinamihealth.com\/#organization","name":"Kinami Health","url":"https:\/\/kinamihealth.com\/","logo":{"@type":"ImageObject","inLanguage":"hu","@id":"https:\/\/kinamihealth.com\/#\/schema\/logo\/image\/","url":"https:\/\/kinamihealth.com\/wp-content\/uploads\/2025\/01\/KH_logo_black_2-1.png","contentUrl":"https:\/\/kinamihealth.com\/wp-content\/uploads\/2025\/01\/KH_logo_black_2-1.png","width":339,"height":34,"caption":"Kinami Health"},"image":{"@id":"https:\/\/kinamihealth.com\/#\/schema\/logo\/image\/"}}]}},"_links":{"self":[{"href":"https:\/\/kinamihealth.com\/hu\/wp-json\/wp\/v2\/product\/118248","targetHints":{"allow":["GET"]}}],"collection":[{"href":"https:\/\/kinamihealth.com\/hu\/wp-json\/wp\/v2\/product"}],"about":[{"href":"https:\/\/kinamihealth.com\/hu\/wp-json\/wp\/v2\/types\/product"}],"replies":[{"embeddable":true,"href":"https:\/\/kinamihealth.com\/hu\/wp-json\/wp\/v2\/comments?post=118248"}],"version-history":[{"count":0,"href":"https:\/\/kinamihealth.com\/hu\/wp-json\/wp\/v2\/product\/118248\/revisions"}],"wp:featuredmedia":[{"embeddable":true,"href":"https:\/\/kinamihealth.com\/hu\/wp-json\/wp\/v2\/media\/118249"}],"wp:attachment":[{"href":"https:\/\/kinamihealth.com\/hu\/wp-json\/wp\/v2\/media?parent=118248"}],"wp:term":[{"taxonomy":"product_brand","embeddable":true,"href":"https:\/\/kinamihealth.com\/hu\/wp-json\/wp\/v2\/product_brand?post=118248"},{"taxonomy":"product_cat","embeddable":true,"href":"https:\/\/kinamihealth.com\/hu\/wp-json\/wp\/v2\/product_cat?post=118248"},{"taxonomy":"product_tag","embeddable":true,"href":"https:\/\/kinamihealth.com\/hu\/wp-json\/wp\/v2\/product_tag?post=118248"}],"curies":[{"name":"wp","href":"https:\/\/api.w.org\/{rel}","templated":true}]}}