{"id":118246,"date":"2025-02-15T16:53:55","date_gmt":"2025-02-15T16:53:55","guid":{"rendered":"https:\/\/kinamihealth.com\/product\/bcn-adipo-forte\/"},"modified":"2025-11-25T20:02:20","modified_gmt":"2025-11-25T20:02:20","slug":"bcn-adipo-forte","status":"publish","type":"product","link":"https:\/\/kinamihealth.com\/hu\/termek\/bcn-adipo-forte\/","title":{"rendered":"BCN ADIPO FORTE"},"content":{"rendered":"<p><span style=\"font-weight: 400;\">A BCN Adipo Forte egy <\/span><b>pr\u00e9mium min\u0151s\u00e9g\u0171 zs\u00edrbont\u00f3 term\u00e9k<\/b><span style=\"font-weight: 400;\">, amelyet orvosi szakemberek sz\u00e1m\u00e1ra fejlesztettek ki, akik hat\u00e9kony megold\u00e1sokat keresnek a <\/span><b>nem seb\u00e9szeti testform\u00e1l\u00e1shoz.<\/b><\/p>\n<p><span style=\"font-weight: 400;\">Ez a <\/span><b>mezoter\u00e1pi\u00e1s<\/b><span style=\"font-weight: 400;\"> term\u00e9k a makacs zs\u00edrp\u00e1rn\u00e1kat c\u00e9lozza meg, seg\u00edtve a p\u00e1cienseket abban, hogy<\/span><b> hat\u00e1rozottabb sziluettet <\/b><span style=\"font-weight: 400;\">\u00e9rjenek el. Fejlett formul\u00e1ja <\/span><b>er\u0151teljes hat\u00f3anyagokat <\/b><span style=\"font-weight: 400;\">kombin\u00e1l, \u00edgy ide\u00e1lis a <\/span><b>lokaliz\u00e1lt zs\u00edr cs\u00f6kkent\u00e9s\u00e9r<\/b><span style=\"font-weight: 400;\">e.<\/span><\/p>\n<p><span style=\"font-weight: 400;\">A <\/span><b>Kinami Health \u00e1ruh\u00e1z<\/b><span style=\"font-weight: 400;\"> lehet\u0151s\u00e9get k\u00edn\u00e1l eszt\u00e9tikai szakembereknek a BCN Adipo Forte zs\u00edrbont\u00f3 term\u00e9k gyors sz\u00e1ll\u00edt\u00e1ssal t\u00f6rt\u00e9n\u0151 megrendel\u00e9s\u00e9re, megb\u00edzhat\u00f3 szolg\u00e1ltat\u00e1ssal.<\/span><\/p>\n","protected":false},"excerpt":{"rendered":"<p>A BCN Adipo Forte egy pr\u00e9mium min\u0151s\u00e9g\u0171 zs\u00edrbont\u00f3 term\u00e9k, amelyet orvosi szakemberek sz\u00e1m\u00e1ra fejlesztettek ki, akik hat\u00e9kony megold\u00e1sokat keresnek a nem seb\u00e9szeti testform\u00e1l\u00e1shoz. Ez a mezoter\u00e1pi\u00e1s term\u00e9k a makacs zs\u00edrp\u00e1rn\u00e1kat c\u00e9lozza meg, seg\u00edtve a p\u00e1cienseket abban, hogy hat\u00e1rozottabb sziluettet \u00e9rjenek el. Fejlett formul\u00e1ja er\u0151teljes hat\u00f3anyagokat kombin\u00e1l, \u00edgy ide\u00e1lis a lokaliz\u00e1lt zs\u00edr cs\u00f6kkent\u00e9s\u00e9re. A Kinami Health [&hellip;]<\/p>\n","protected":false},"featured_media":118247,"comment_status":"closed","ping_status":"closed","template":"","meta":{"_acf_changed":false,"inline_featured_image":false},"product_brand":[2228],"product_cat":[3102],"product_tag":[2979],"class_list":{"0":"post-118246","1":"product","2":"type-product","3":"status-publish","4":"has-post-thumbnail","6":"product_brand-bcn","7":"product_cat-mezoterapia","8":"product_tag-orvostechnikai-eszkozok","10":"first","11":"instock","12":"taxable","13":"shipping-taxable","14":"purchasable","15":"product-type-simple","16":"add-to-wishlist-before_image"},"acf":[],"yoast_head":"<!-- This site is optimized with the Yoast SEO plugin v27.5 - https:\/\/yoast.com\/product\/yoast-seo-wordpress\/ -->\n<title>V\u00e1s\u00e1rolja meg a BCN Adipo Forte-ot online \u2013 Hat\u00e9kony zs\u00edrbont\u00f3 kezel\u00e9s<\/title>\n<meta name=\"description\" content=\"V\u00e1s\u00e1rolja meg a BCN Adipo Forte-ot online \u2013 c\u00e9lzott megold\u00e1s a cellulit cs\u00f6kkent\u00e9s\u00e9re \u00e9s a testkont\u00faroz\u00e1sra. Rendelje meg m\u00e9g ma a Kinami Health oldal\u00e1n, megb\u00edzhat\u00f3 min\u0151s\u00e9gben!\" \/>\n<meta name=\"robots\" content=\"index, follow, max-snippet:-1, max-image-preview:large, max-video-preview:-1\" \/>\n<link rel=\"canonical\" href=\"https:\/\/kinamihealth.com\/hu\/wp-json\/wp\/v2\/product\/118246\" \/>\n<meta property=\"og:locale\" content=\"hu_HU\" \/>\n<meta property=\"og:type\" content=\"article\" \/>\n<meta property=\"og:title\" content=\"V\u00e1s\u00e1rolja meg a BCN Adipo Forte-ot online \u2013 Hat\u00e9kony zs\u00edrbont\u00f3 kezel\u00e9s\" \/>\n<meta property=\"og:description\" content=\"V\u00e1s\u00e1rolja meg a BCN Adipo Forte-ot online \u2013 c\u00e9lzott megold\u00e1s a cellulit cs\u00f6kkent\u00e9s\u00e9re \u00e9s a testkont\u00faroz\u00e1sra. Rendelje meg m\u00e9g ma a Kinami Health oldal\u00e1n, megb\u00edzhat\u00f3 min\u0151s\u00e9gben!\" \/>\n<meta property=\"og:url\" content=\"https:\/\/kinamihealth.com\/hu\/termek\/bcn-adipo-forte\/\" \/>\n<meta property=\"og:site_name\" content=\"Kinami Health\" \/>\n<meta property=\"article:modified_time\" content=\"2025-11-25T20:02:20+00:00\" \/>\n<meta property=\"og:image\" content=\"https:\/\/kinamihealth.com\/wp-content\/uploads\/2025\/02\/BCN-ADIPO-FORTE-01.webp\" \/>\n\t<meta property=\"og:image:width\" content=\"800\" \/>\n\t<meta property=\"og:image:height\" content=\"800\" \/>\n\t<meta property=\"og:image:type\" content=\"image\/webp\" \/>\n<meta name=\"twitter:card\" content=\"summary_large_image\" \/>\n<meta name=\"twitter:label1\" content=\"Becs\u00fclt olvas\u00e1si id\u0151\" \/>\n\t<meta name=\"twitter:data1\" content=\"1 perc\" \/>\n<!-- \/ Yoast SEO plugin. -->","yoast_head_json":{"title":"V\u00e1s\u00e1rolja meg a BCN Adipo Forte-ot online \u2013 Hat\u00e9kony zs\u00edrbont\u00f3 kezel\u00e9s","description":"V\u00e1s\u00e1rolja meg a BCN Adipo Forte-ot online \u2013 c\u00e9lzott megold\u00e1s a cellulit cs\u00f6kkent\u00e9s\u00e9re \u00e9s a testkont\u00faroz\u00e1sra. Rendelje meg m\u00e9g ma a Kinami Health oldal\u00e1n, megb\u00edzhat\u00f3 min\u0151s\u00e9gben!","robots":{"index":"index","follow":"follow","max-snippet":"max-snippet:-1","max-image-preview":"max-image-preview:large","max-video-preview":"max-video-preview:-1"},"canonical":"https:\/\/kinamihealth.com\/hu\/wp-json\/wp\/v2\/product\/118246","og_locale":"hu_HU","og_type":"article","og_title":"V\u00e1s\u00e1rolja meg a BCN Adipo Forte-ot online \u2013 Hat\u00e9kony zs\u00edrbont\u00f3 kezel\u00e9s","og_description":"V\u00e1s\u00e1rolja meg a BCN Adipo Forte-ot online \u2013 c\u00e9lzott megold\u00e1s a cellulit cs\u00f6kkent\u00e9s\u00e9re \u00e9s a testkont\u00faroz\u00e1sra. Rendelje meg m\u00e9g ma a Kinami Health oldal\u00e1n, megb\u00edzhat\u00f3 min\u0151s\u00e9gben!","og_url":"https:\/\/kinamihealth.com\/hu\/termek\/bcn-adipo-forte\/","og_site_name":"Kinami Health","article_modified_time":"2025-11-25T20:02:20+00:00","og_image":[{"width":800,"height":800,"url":"https:\/\/kinamihealth.com\/wp-content\/uploads\/2025\/02\/BCN-ADIPO-FORTE-01.webp","type":"image\/webp"}],"twitter_card":"summary_large_image","twitter_misc":{"Becs\u00fclt olvas\u00e1si id\u0151":"1 perc"},"schema":{"@context":"https:\/\/schema.org","@graph":[{"@type":"WebPage","@id":"https:\/\/kinamihealth.com\/hu\/termek\/bcn-adipo-forte\/","url":"https:\/\/kinamihealth.com\/hu\/termek\/bcn-adipo-forte\/","name":"V\u00e1s\u00e1rolja meg a BCN Adipo Forte-ot online \u2013 Hat\u00e9kony zs\u00edrbont\u00f3 kezel\u00e9s","isPartOf":{"@id":"https:\/\/kinamihealth.com\/#website"},"primaryImageOfPage":{"@id":"https:\/\/kinamihealth.com\/hu\/termek\/bcn-adipo-forte\/#primaryimage"},"image":{"@id":"https:\/\/kinamihealth.com\/hu\/termek\/bcn-adipo-forte\/#primaryimage"},"thumbnailUrl":"https:\/\/kinamihealth.com\/wp-content\/uploads\/2025\/02\/BCN-ADIPO-FORTE-01.webp","datePublished":"2025-02-15T16:53:55+00:00","dateModified":"2025-11-25T20:02:20+00:00","description":"V\u00e1s\u00e1rolja meg a BCN Adipo Forte-ot online \u2013 c\u00e9lzott megold\u00e1s a cellulit cs\u00f6kkent\u00e9s\u00e9re \u00e9s a testkont\u00faroz\u00e1sra. Rendelje meg m\u00e9g ma a Kinami Health oldal\u00e1n, megb\u00edzhat\u00f3 min\u0151s\u00e9gben!","breadcrumb":{"@id":"https:\/\/kinamihealth.com\/hu\/termek\/bcn-adipo-forte\/#breadcrumb"},"inLanguage":"hu","potentialAction":[{"@type":"ReadAction","target":["https:\/\/kinamihealth.com\/hu\/termek\/bcn-adipo-forte\/"]}]},{"@type":"ImageObject","inLanguage":"hu","@id":"https:\/\/kinamihealth.com\/hu\/termek\/bcn-adipo-forte\/#primaryimage","url":"https:\/\/kinamihealth.com\/wp-content\/uploads\/2025\/02\/BCN-ADIPO-FORTE-01.webp","contentUrl":"https:\/\/kinamihealth.com\/wp-content\/uploads\/2025\/02\/BCN-ADIPO-FORTE-01.webp","width":800,"height":800},{"@type":"BreadcrumbList","@id":"https:\/\/kinamihealth.com\/hu\/termek\/bcn-adipo-forte\/#breadcrumb","itemListElement":[{"@type":"ListItem","position":1,"name":"Kezd\u0151lap","item":"https:\/\/kinamihealth.com\/"},{"@type":"ListItem","position":2,"name":"Bolt","item":"https:\/\/kinamihealth.com\/shop\/"},{"@type":"ListItem","position":3,"name":"BCN ADIPO FORTE"}]},{"@type":"WebSite","@id":"https:\/\/kinamihealth.com\/#website","url":"https:\/\/kinamihealth.com\/","name":"Kinami Health","description":"","publisher":{"@id":"https:\/\/kinamihealth.com\/#organization"},"potentialAction":[{"@type":"SearchAction","target":{"@type":"EntryPoint","urlTemplate":"https:\/\/kinamihealth.com\/?s={search_term_string}"},"query-input":{"@type":"PropertyValueSpecification","valueRequired":true,"valueName":"search_term_string"}}],"inLanguage":"hu"},{"@type":"Organization","@id":"https:\/\/kinamihealth.com\/#organization","name":"Kinami Health","url":"https:\/\/kinamihealth.com\/","logo":{"@type":"ImageObject","inLanguage":"hu","@id":"https:\/\/kinamihealth.com\/#\/schema\/logo\/image\/","url":"https:\/\/kinamihealth.com\/wp-content\/uploads\/2025\/01\/KH_logo_black_2-1.png","contentUrl":"https:\/\/kinamihealth.com\/wp-content\/uploads\/2025\/01\/KH_logo_black_2-1.png","width":339,"height":34,"caption":"Kinami Health"},"image":{"@id":"https:\/\/kinamihealth.com\/#\/schema\/logo\/image\/"}}]}},"_links":{"self":[{"href":"https:\/\/kinamihealth.com\/hu\/wp-json\/wp\/v2\/product\/118246","targetHints":{"allow":["GET"]}}],"collection":[{"href":"https:\/\/kinamihealth.com\/hu\/wp-json\/wp\/v2\/product"}],"about":[{"href":"https:\/\/kinamihealth.com\/hu\/wp-json\/wp\/v2\/types\/product"}],"replies":[{"embeddable":true,"href":"https:\/\/kinamihealth.com\/hu\/wp-json\/wp\/v2\/comments?post=118246"}],"version-history":[{"count":0,"href":"https:\/\/kinamihealth.com\/hu\/wp-json\/wp\/v2\/product\/118246\/revisions"}],"wp:featuredmedia":[{"embeddable":true,"href":"https:\/\/kinamihealth.com\/hu\/wp-json\/wp\/v2\/media\/118247"}],"wp:attachment":[{"href":"https:\/\/kinamihealth.com\/hu\/wp-json\/wp\/v2\/media?parent=118246"}],"wp:term":[{"taxonomy":"product_brand","embeddable":true,"href":"https:\/\/kinamihealth.com\/hu\/wp-json\/wp\/v2\/product_brand?post=118246"},{"taxonomy":"product_cat","embeddable":true,"href":"https:\/\/kinamihealth.com\/hu\/wp-json\/wp\/v2\/product_cat?post=118246"},{"taxonomy":"product_tag","embeddable":true,"href":"https:\/\/kinamihealth.com\/hu\/wp-json\/wp\/v2\/product_tag?post=118246"}],"curies":[{"name":"wp","href":"https:\/\/api.w.org\/{rel}","templated":true}]}}