{"id":118244,"date":"2025-02-15T16:53:54","date_gmt":"2025-02-15T16:53:54","guid":{"rendered":"https:\/\/kinamihealth.com\/product\/bcn-adipo\/"},"modified":"2025-11-25T20:07:49","modified_gmt":"2025-11-25T20:07:49","slug":"bcn-adipo","status":"publish","type":"product","link":"https:\/\/kinamihealth.com\/hu\/termek\/bcn-adipo\/","title":{"rendered":"BCN ADIPO"},"content":{"rendered":"<p><span style=\"font-weight: 400;\">V\u00e1s\u00e1rolja meg a BCN Adipo-t, egy fejlett, cellulit elleni mezoter\u00e1pi\u00e1s sz\u00e9rumot, amely hat\u00e9konyan cs\u00f6kkenti a narancsb\u0151r, a helyi zs\u00edrp\u00e1rn\u00e1k \u00e9s a megereszkedett b\u0151r megjelen\u00e9s\u00e9t. Akt\u00edv \u00f6sszetev\u0151inek er\u0151teljes kever\u00e9ke el\u0151seg\u00edti a zs\u00edranyagcser\u00e9t, jav\u00edtja a kering\u00e9st \u00e9s helyre\u00e1ll\u00edtja a b\u0151r feszess\u00e9g\u00e9t, \u00edgy a b\u0151r sim\u00e1bb\u00e1 \u00e9s t\u00f3nusosabb\u00e1 v\u00e1lik.<\/span><\/p>\n","protected":false},"excerpt":{"rendered":"<p>V\u00e1s\u00e1rolja meg a BCN Adipo-t, egy fejlett, cellulit elleni mezoter\u00e1pi\u00e1s sz\u00e9rumot, amely hat\u00e9konyan cs\u00f6kkenti a narancsb\u0151r, a helyi zs\u00edrp\u00e1rn\u00e1k \u00e9s a megereszkedett b\u0151r megjelen\u00e9s\u00e9t. Akt\u00edv \u00f6sszetev\u0151inek er\u0151teljes kever\u00e9ke el\u0151seg\u00edti a zs\u00edranyagcser\u00e9t, jav\u00edtja a kering\u00e9st \u00e9s helyre\u00e1ll\u00edtja a b\u0151r feszess\u00e9g\u00e9t, \u00edgy a b\u0151r sim\u00e1bb\u00e1 \u00e9s t\u00f3nusosabb\u00e1 v\u00e1lik.<\/p>\n","protected":false},"featured_media":118245,"comment_status":"closed","ping_status":"closed","template":"","meta":{"_acf_changed":false,"inline_featured_image":false},"product_brand":[2228],"product_cat":[3102],"product_tag":[2979],"class_list":{"0":"post-118244","1":"product","2":"type-product","3":"status-publish","4":"has-post-thumbnail","6":"product_brand-bcn","7":"product_cat-mezoterapia","8":"product_tag-orvostechnikai-eszkozok","10":"first","11":"instock","12":"taxable","13":"shipping-taxable","14":"purchasable","15":"product-type-simple","16":"add-to-wishlist-before_image"},"acf":[],"yoast_head":"<!-- This site is optimized with the Yoast SEO plugin v27.5 - https:\/\/yoast.com\/product\/yoast-seo-wordpress\/ -->\n<title>V\u00e1s\u00e1roljon BCN Adipo-t Online Cellulit \u00e9s zs\u00edrcs\u00f6kkent\u00e9s<\/title>\n<meta name=\"description\" content=\"V\u00e1s\u00e1roljon BCN Adipo online - egy professzion\u00e1lis min\u0151s\u00e9g\u0171 cellulit elleni kezel\u00e9s, amelyet a makacs zs\u00edr megc\u00e9lz\u00e1s\u00e1ra, a b\u0151r feszess\u00e9g\u00e9nek jav\u00edt\u00e1s\u00e1ra \u00e9s a dupla \u00e1ll kezel\u00e9s\u00e9re terveztek.\" \/>\n<meta name=\"robots\" content=\"index, follow, max-snippet:-1, max-image-preview:large, max-video-preview:-1\" \/>\n<link rel=\"canonical\" href=\"https:\/\/kinamihealth.com\/hu\/wp-json\/wp\/v2\/product\/118244\" \/>\n<meta property=\"og:locale\" content=\"hu_HU\" \/>\n<meta property=\"og:type\" content=\"article\" \/>\n<meta property=\"og:title\" content=\"V\u00e1s\u00e1roljon BCN Adipo-t Online Cellulit \u00e9s zs\u00edrcs\u00f6kkent\u00e9s\" \/>\n<meta property=\"og:description\" content=\"V\u00e1s\u00e1roljon BCN Adipo online - egy professzion\u00e1lis min\u0151s\u00e9g\u0171 cellulit elleni kezel\u00e9s, amelyet a makacs zs\u00edr megc\u00e9lz\u00e1s\u00e1ra, a b\u0151r feszess\u00e9g\u00e9nek jav\u00edt\u00e1s\u00e1ra \u00e9s a dupla \u00e1ll kezel\u00e9s\u00e9re terveztek.\" \/>\n<meta property=\"og:url\" content=\"https:\/\/kinamihealth.com\/hu\/termek\/bcn-adipo\/\" \/>\n<meta property=\"og:site_name\" content=\"Kinami Health\" \/>\n<meta property=\"article:modified_time\" content=\"2025-11-25T20:07:49+00:00\" \/>\n<meta property=\"og:image\" content=\"https:\/\/kinamihealth.com\/wp-content\/uploads\/2025\/02\/BCN-ADIPO-01.webp\" \/>\n\t<meta property=\"og:image:width\" content=\"800\" \/>\n\t<meta property=\"og:image:height\" content=\"800\" \/>\n\t<meta property=\"og:image:type\" content=\"image\/webp\" \/>\n<meta name=\"twitter:card\" content=\"summary_large_image\" \/>\n<meta name=\"twitter:label1\" content=\"Becs\u00fclt olvas\u00e1si id\u0151\" \/>\n\t<meta name=\"twitter:data1\" content=\"1 perc\" \/>\n<!-- \/ Yoast SEO plugin. -->","yoast_head_json":{"title":"V\u00e1s\u00e1roljon BCN Adipo-t Online Cellulit \u00e9s zs\u00edrcs\u00f6kkent\u00e9s","description":"V\u00e1s\u00e1roljon BCN Adipo online - egy professzion\u00e1lis min\u0151s\u00e9g\u0171 cellulit elleni kezel\u00e9s, amelyet a makacs zs\u00edr megc\u00e9lz\u00e1s\u00e1ra, a b\u0151r feszess\u00e9g\u00e9nek jav\u00edt\u00e1s\u00e1ra \u00e9s a dupla \u00e1ll kezel\u00e9s\u00e9re terveztek.","robots":{"index":"index","follow":"follow","max-snippet":"max-snippet:-1","max-image-preview":"max-image-preview:large","max-video-preview":"max-video-preview:-1"},"canonical":"https:\/\/kinamihealth.com\/hu\/wp-json\/wp\/v2\/product\/118244","og_locale":"hu_HU","og_type":"article","og_title":"V\u00e1s\u00e1roljon BCN Adipo-t Online Cellulit \u00e9s zs\u00edrcs\u00f6kkent\u00e9s","og_description":"V\u00e1s\u00e1roljon BCN Adipo online - egy professzion\u00e1lis min\u0151s\u00e9g\u0171 cellulit elleni kezel\u00e9s, amelyet a makacs zs\u00edr megc\u00e9lz\u00e1s\u00e1ra, a b\u0151r feszess\u00e9g\u00e9nek jav\u00edt\u00e1s\u00e1ra \u00e9s a dupla \u00e1ll kezel\u00e9s\u00e9re terveztek.","og_url":"https:\/\/kinamihealth.com\/hu\/termek\/bcn-adipo\/","og_site_name":"Kinami Health","article_modified_time":"2025-11-25T20:07:49+00:00","og_image":[{"width":800,"height":800,"url":"https:\/\/kinamihealth.com\/wp-content\/uploads\/2025\/02\/BCN-ADIPO-01.webp","type":"image\/webp"}],"twitter_card":"summary_large_image","twitter_misc":{"Becs\u00fclt olvas\u00e1si id\u0151":"1 perc"},"schema":{"@context":"https:\/\/schema.org","@graph":[{"@type":"WebPage","@id":"https:\/\/kinamihealth.com\/hu\/termek\/bcn-adipo\/","url":"https:\/\/kinamihealth.com\/hu\/termek\/bcn-adipo\/","name":"V\u00e1s\u00e1roljon BCN Adipo-t Online Cellulit \u00e9s zs\u00edrcs\u00f6kkent\u00e9s","isPartOf":{"@id":"https:\/\/kinamihealth.com\/#website"},"primaryImageOfPage":{"@id":"https:\/\/kinamihealth.com\/hu\/termek\/bcn-adipo\/#primaryimage"},"image":{"@id":"https:\/\/kinamihealth.com\/hu\/termek\/bcn-adipo\/#primaryimage"},"thumbnailUrl":"https:\/\/kinamihealth.com\/wp-content\/uploads\/2025\/02\/BCN-ADIPO-01.webp","datePublished":"2025-02-15T16:53:54+00:00","dateModified":"2025-11-25T20:07:49+00:00","description":"V\u00e1s\u00e1roljon BCN Adipo online - egy professzion\u00e1lis min\u0151s\u00e9g\u0171 cellulit elleni kezel\u00e9s, amelyet a makacs zs\u00edr megc\u00e9lz\u00e1s\u00e1ra, a b\u0151r feszess\u00e9g\u00e9nek jav\u00edt\u00e1s\u00e1ra \u00e9s a dupla \u00e1ll kezel\u00e9s\u00e9re terveztek.","breadcrumb":{"@id":"https:\/\/kinamihealth.com\/hu\/termek\/bcn-adipo\/#breadcrumb"},"inLanguage":"hu","potentialAction":[{"@type":"ReadAction","target":["https:\/\/kinamihealth.com\/hu\/termek\/bcn-adipo\/"]}]},{"@type":"ImageObject","inLanguage":"hu","@id":"https:\/\/kinamihealth.com\/hu\/termek\/bcn-adipo\/#primaryimage","url":"https:\/\/kinamihealth.com\/wp-content\/uploads\/2025\/02\/BCN-ADIPO-01.webp","contentUrl":"https:\/\/kinamihealth.com\/wp-content\/uploads\/2025\/02\/BCN-ADIPO-01.webp","width":800,"height":800},{"@type":"BreadcrumbList","@id":"https:\/\/kinamihealth.com\/hu\/termek\/bcn-adipo\/#breadcrumb","itemListElement":[{"@type":"ListItem","position":1,"name":"Kezd\u0151lap","item":"https:\/\/kinamihealth.com\/"},{"@type":"ListItem","position":2,"name":"Bolt","item":"https:\/\/kinamihealth.com\/shop\/"},{"@type":"ListItem","position":3,"name":"BCN ADIPO"}]},{"@type":"WebSite","@id":"https:\/\/kinamihealth.com\/#website","url":"https:\/\/kinamihealth.com\/","name":"Kinami Health","description":"","publisher":{"@id":"https:\/\/kinamihealth.com\/#organization"},"potentialAction":[{"@type":"SearchAction","target":{"@type":"EntryPoint","urlTemplate":"https:\/\/kinamihealth.com\/?s={search_term_string}"},"query-input":{"@type":"PropertyValueSpecification","valueRequired":true,"valueName":"search_term_string"}}],"inLanguage":"hu"},{"@type":"Organization","@id":"https:\/\/kinamihealth.com\/#organization","name":"Kinami Health","url":"https:\/\/kinamihealth.com\/","logo":{"@type":"ImageObject","inLanguage":"hu","@id":"https:\/\/kinamihealth.com\/#\/schema\/logo\/image\/","url":"https:\/\/kinamihealth.com\/wp-content\/uploads\/2025\/01\/KH_logo_black_2-1.png","contentUrl":"https:\/\/kinamihealth.com\/wp-content\/uploads\/2025\/01\/KH_logo_black_2-1.png","width":339,"height":34,"caption":"Kinami Health"},"image":{"@id":"https:\/\/kinamihealth.com\/#\/schema\/logo\/image\/"}}]}},"_links":{"self":[{"href":"https:\/\/kinamihealth.com\/hu\/wp-json\/wp\/v2\/product\/118244","targetHints":{"allow":["GET"]}}],"collection":[{"href":"https:\/\/kinamihealth.com\/hu\/wp-json\/wp\/v2\/product"}],"about":[{"href":"https:\/\/kinamihealth.com\/hu\/wp-json\/wp\/v2\/types\/product"}],"replies":[{"embeddable":true,"href":"https:\/\/kinamihealth.com\/hu\/wp-json\/wp\/v2\/comments?post=118244"}],"version-history":[{"count":0,"href":"https:\/\/kinamihealth.com\/hu\/wp-json\/wp\/v2\/product\/118244\/revisions"}],"wp:featuredmedia":[{"embeddable":true,"href":"https:\/\/kinamihealth.com\/hu\/wp-json\/wp\/v2\/media\/118245"}],"wp:attachment":[{"href":"https:\/\/kinamihealth.com\/hu\/wp-json\/wp\/v2\/media?parent=118244"}],"wp:term":[{"taxonomy":"product_brand","embeddable":true,"href":"https:\/\/kinamihealth.com\/hu\/wp-json\/wp\/v2\/product_brand?post=118244"},{"taxonomy":"product_cat","embeddable":true,"href":"https:\/\/kinamihealth.com\/hu\/wp-json\/wp\/v2\/product_cat?post=118244"},{"taxonomy":"product_tag","embeddable":true,"href":"https:\/\/kinamihealth.com\/hu\/wp-json\/wp\/v2\/product_tag?post=118244"}],"curies":[{"name":"wp","href":"https:\/\/api.w.org\/{rel}","templated":true}]}}