{"id":118237,"date":"2025-02-15T16:53:52","date_gmt":"2025-02-15T16:53:52","guid":{"rendered":"https:\/\/kinamihealth.com\/product\/mediderma-azelac-ru-liposomal-serum\/"},"modified":"2025-11-25T20:29:09","modified_gmt":"2025-11-25T20:29:09","slug":"mediderma-azelac-ru-liposomal-serum","status":"publish","type":"product","link":"https:\/\/kinamihealth.com\/hu\/termek\/mediderma-azelac-ru-liposomal-serum\/","title":{"rendered":"MEDIDERMA\u00ae AZELAC\u00ae RU LIPOSOMAL SERUM"},"content":{"rendered":"<p><span style=\"font-weight: 400;\">Az<\/span> <span style=\"font-weight: 400;\">Azelac RU Liposz\u00f3m\u00e1s Sz\u00e9rum egy <\/span><b>fejlett depigment\u00e1l\u00f3 kezel\u00e9s<\/b><span style=\"font-weight: 400;\">, amelyet professzion\u00e1lis<\/span><b> b\u0151rgy\u00f3gy\u00e1szati alkalmaz\u00e1sra terveztek.<\/b><\/p>\n<p><span style=\"font-weight: 400;\">Olyan <\/span><b>hat\u00f3anyagokat <\/b><span style=\"font-weight: 400;\">tartalmaz, mint az azelainsav, tranex\u00e1msav \u00e9s niacinamid, amelyek c\u00e9lzottan kezelik a hiperpigment\u00e1ci\u00f3t, melasm\u00e1t \u00e9s egyenetlen b\u0151rt\u00f3nust. A <\/span><b>liposz\u00f3m\u00e1s hat\u00f3anyag-sz\u00e1ll\u00edt\u00f3 rendszer<\/b><span style=\"font-weight: 400;\"> r\u00e9v\u00e9n a hat\u00f3anyagok m\u00e9lyen a b\u0151rbe jutnak, n\u00f6velve ezzel a hat\u00e9konys\u00e1got.<\/span><\/p>\n<p><span style=\"font-weight: 400;\">V\u00e1s\u00e1rolja meg az Azelac RU Liposz\u00f3m\u00e1s Sz\u00e9rumot a hivatalos forgalmaz\u00f3t\u00f3l, a <\/span><b>Kinami Health-t\u0151l<\/b><span style=\"font-weight: 400;\">, hogy p\u00e1cienseinek pr\u00e9mium szint\u0171 b\u0151r\u00e1pol\u00e1si megold\u00e1st k\u00edn\u00e1ljon.<\/span><\/p>\n","protected":false},"excerpt":{"rendered":"<p>Az Azelac RU Liposz\u00f3m\u00e1s Sz\u00e9rum egy fejlett depigment\u00e1l\u00f3 kezel\u00e9s, amelyet professzion\u00e1lis b\u0151rgy\u00f3gy\u00e1szati alkalmaz\u00e1sra terveztek. Olyan hat\u00f3anyagokat tartalmaz, mint az azelainsav, tranex\u00e1msav \u00e9s niacinamid, amelyek c\u00e9lzottan kezelik a hiperpigment\u00e1ci\u00f3t, melasm\u00e1t \u00e9s egyenetlen b\u0151rt\u00f3nust. A liposz\u00f3m\u00e1s hat\u00f3anyag-sz\u00e1ll\u00edt\u00f3 rendszer r\u00e9v\u00e9n a hat\u00f3anyagok m\u00e9lyen a b\u0151rbe jutnak, n\u00f6velve ezzel a hat\u00e9konys\u00e1got. V\u00e1s\u00e1rolja meg az Azelac RU Liposz\u00f3m\u00e1s Sz\u00e9rumot a [&hellip;]<\/p>\n","protected":false},"featured_media":118238,"comment_status":"closed","ping_status":"closed","template":"","meta":{"_acf_changed":false,"inline_featured_image":false},"product_brand":[2254],"product_cat":[2991],"product_tag":[2979],"class_list":{"0":"post-118237","1":"product","2":"type-product","3":"status-publish","4":"has-post-thumbnail","6":"product_brand-sesderma","7":"product_cat-borapolas","8":"product_tag-orvostechnikai-eszkozok","10":"first","11":"instock","12":"taxable","13":"shipping-taxable","14":"purchasable","15":"product-type-simple","16":"add-to-wishlist-before_image"},"acf":[],"yoast_head":"<!-- This site is optimized with the Yoast SEO plugin v27.3 - https:\/\/yoast.com\/product\/yoast-seo-wordpress\/ -->\n<title>V\u00e1s\u00e1roljon Azelac RU Liposz\u00f3m\u00e1s Sz\u00e9rumot online \u2013 B\u0151rvil\u00e1gos\u00edt\u00f3 \u00e9s depigment\u00e1l\u00f3 megold\u00e1s<\/title>\n<meta name=\"description\" content=\"V\u00e1s\u00e1rolja meg az Azelac RU Liposz\u00f3m\u00e1s Sz\u00e9rumot online hiperpigment\u00e1ci\u00f3, melasma \u00e9s egyenetlen b\u0151rt\u00f3nus kezel\u00e9s\u00e9re. El\u00e9rhet\u0151 a Kinami Health-n\u00e9l.\" \/>\n<meta name=\"robots\" content=\"index, follow, max-snippet:-1, max-image-preview:large, max-video-preview:-1\" \/>\n<link rel=\"canonical\" href=\"https:\/\/kinamihealth.com\/hu\/wp-json\/wp\/v2\/product\/118237\" \/>\n<meta property=\"og:locale\" content=\"hu_HU\" \/>\n<meta property=\"og:type\" content=\"article\" \/>\n<meta property=\"og:title\" content=\"V\u00e1s\u00e1roljon Azelac RU Liposz\u00f3m\u00e1s Sz\u00e9rumot online \u2013 B\u0151rvil\u00e1gos\u00edt\u00f3 \u00e9s depigment\u00e1l\u00f3 megold\u00e1s\" \/>\n<meta property=\"og:description\" content=\"V\u00e1s\u00e1rolja meg az Azelac RU Liposz\u00f3m\u00e1s Sz\u00e9rumot online hiperpigment\u00e1ci\u00f3, melasma \u00e9s egyenetlen b\u0151rt\u00f3nus kezel\u00e9s\u00e9re. El\u00e9rhet\u0151 a Kinami Health-n\u00e9l.\" \/>\n<meta property=\"og:url\" content=\"https:\/\/kinamihealth.com\/hu\/termek\/mediderma-azelac-ru-liposomal-serum\/\" \/>\n<meta property=\"og:site_name\" content=\"Kinami Health\" \/>\n<meta property=\"article:modified_time\" content=\"2025-11-25T20:29:09+00:00\" \/>\n<meta property=\"og:image\" content=\"https:\/\/kinamihealth.com\/wp-content\/uploads\/2025\/02\/SESDERMA-AZELAC-RU-LIPOSOMAL-SERUM-01.webp\" \/>\n\t<meta property=\"og:image:width\" content=\"800\" \/>\n\t<meta property=\"og:image:height\" content=\"800\" \/>\n\t<meta property=\"og:image:type\" content=\"image\/webp\" \/>\n<meta name=\"twitter:card\" content=\"summary_large_image\" \/>\n<meta name=\"twitter:label1\" content=\"Becs\u00fclt olvas\u00e1si id\u0151\" \/>\n\t<meta name=\"twitter:data1\" content=\"1 perc\" \/>\n<!-- \/ Yoast SEO plugin. -->","yoast_head_json":{"title":"V\u00e1s\u00e1roljon Azelac RU Liposz\u00f3m\u00e1s Sz\u00e9rumot online \u2013 B\u0151rvil\u00e1gos\u00edt\u00f3 \u00e9s depigment\u00e1l\u00f3 megold\u00e1s","description":"V\u00e1s\u00e1rolja meg az Azelac RU Liposz\u00f3m\u00e1s Sz\u00e9rumot online hiperpigment\u00e1ci\u00f3, melasma \u00e9s egyenetlen b\u0151rt\u00f3nus kezel\u00e9s\u00e9re. El\u00e9rhet\u0151 a Kinami Health-n\u00e9l.","robots":{"index":"index","follow":"follow","max-snippet":"max-snippet:-1","max-image-preview":"max-image-preview:large","max-video-preview":"max-video-preview:-1"},"canonical":"https:\/\/kinamihealth.com\/hu\/wp-json\/wp\/v2\/product\/118237","og_locale":"hu_HU","og_type":"article","og_title":"V\u00e1s\u00e1roljon Azelac RU Liposz\u00f3m\u00e1s Sz\u00e9rumot online \u2013 B\u0151rvil\u00e1gos\u00edt\u00f3 \u00e9s depigment\u00e1l\u00f3 megold\u00e1s","og_description":"V\u00e1s\u00e1rolja meg az Azelac RU Liposz\u00f3m\u00e1s Sz\u00e9rumot online hiperpigment\u00e1ci\u00f3, melasma \u00e9s egyenetlen b\u0151rt\u00f3nus kezel\u00e9s\u00e9re. El\u00e9rhet\u0151 a Kinami Health-n\u00e9l.","og_url":"https:\/\/kinamihealth.com\/hu\/termek\/mediderma-azelac-ru-liposomal-serum\/","og_site_name":"Kinami Health","article_modified_time":"2025-11-25T20:29:09+00:00","og_image":[{"width":800,"height":800,"url":"https:\/\/kinamihealth.com\/wp-content\/uploads\/2025\/02\/SESDERMA-AZELAC-RU-LIPOSOMAL-SERUM-01.webp","type":"image\/webp"}],"twitter_card":"summary_large_image","twitter_misc":{"Becs\u00fclt olvas\u00e1si id\u0151":"1 perc"},"schema":{"@context":"https:\/\/schema.org","@graph":[{"@type":"WebPage","@id":"https:\/\/kinamihealth.com\/hu\/termek\/mediderma-azelac-ru-liposomal-serum\/","url":"https:\/\/kinamihealth.com\/hu\/termek\/mediderma-azelac-ru-liposomal-serum\/","name":"V\u00e1s\u00e1roljon Azelac RU Liposz\u00f3m\u00e1s Sz\u00e9rumot online \u2013 B\u0151rvil\u00e1gos\u00edt\u00f3 \u00e9s depigment\u00e1l\u00f3 megold\u00e1s","isPartOf":{"@id":"https:\/\/kinamihealth.com\/#website"},"primaryImageOfPage":{"@id":"https:\/\/kinamihealth.com\/hu\/termek\/mediderma-azelac-ru-liposomal-serum\/#primaryimage"},"image":{"@id":"https:\/\/kinamihealth.com\/hu\/termek\/mediderma-azelac-ru-liposomal-serum\/#primaryimage"},"thumbnailUrl":"https:\/\/kinamihealth.com\/wp-content\/uploads\/2025\/02\/SESDERMA-AZELAC-RU-LIPOSOMAL-SERUM-01.webp","datePublished":"2025-02-15T16:53:52+00:00","dateModified":"2025-11-25T20:29:09+00:00","description":"V\u00e1s\u00e1rolja meg az Azelac RU Liposz\u00f3m\u00e1s Sz\u00e9rumot online hiperpigment\u00e1ci\u00f3, melasma \u00e9s egyenetlen b\u0151rt\u00f3nus kezel\u00e9s\u00e9re. El\u00e9rhet\u0151 a Kinami Health-n\u00e9l.","breadcrumb":{"@id":"https:\/\/kinamihealth.com\/hu\/termek\/mediderma-azelac-ru-liposomal-serum\/#breadcrumb"},"inLanguage":"hu","potentialAction":[{"@type":"ReadAction","target":["https:\/\/kinamihealth.com\/hu\/termek\/mediderma-azelac-ru-liposomal-serum\/"]}]},{"@type":"ImageObject","inLanguage":"hu","@id":"https:\/\/kinamihealth.com\/hu\/termek\/mediderma-azelac-ru-liposomal-serum\/#primaryimage","url":"https:\/\/kinamihealth.com\/wp-content\/uploads\/2025\/02\/SESDERMA-AZELAC-RU-LIPOSOMAL-SERUM-01.webp","contentUrl":"https:\/\/kinamihealth.com\/wp-content\/uploads\/2025\/02\/SESDERMA-AZELAC-RU-LIPOSOMAL-SERUM-01.webp","width":800,"height":800},{"@type":"BreadcrumbList","@id":"https:\/\/kinamihealth.com\/hu\/termek\/mediderma-azelac-ru-liposomal-serum\/#breadcrumb","itemListElement":[{"@type":"ListItem","position":1,"name":"Kezd\u0151lap","item":"https:\/\/kinamihealth.com\/"},{"@type":"ListItem","position":2,"name":"Bolt","item":"https:\/\/kinamihealth.com\/shop\/"},{"@type":"ListItem","position":3,"name":"MEDIDERMA\u00ae AZELAC\u00ae RU LIPOSOMAL SERUM"}]},{"@type":"WebSite","@id":"https:\/\/kinamihealth.com\/#website","url":"https:\/\/kinamihealth.com\/","name":"Kinami Health","description":"","publisher":{"@id":"https:\/\/kinamihealth.com\/#organization"},"potentialAction":[{"@type":"SearchAction","target":{"@type":"EntryPoint","urlTemplate":"https:\/\/kinamihealth.com\/?s={search_term_string}"},"query-input":{"@type":"PropertyValueSpecification","valueRequired":true,"valueName":"search_term_string"}}],"inLanguage":"hu"},{"@type":"Organization","@id":"https:\/\/kinamihealth.com\/#organization","name":"Kinami Health","url":"https:\/\/kinamihealth.com\/","logo":{"@type":"ImageObject","inLanguage":"hu","@id":"https:\/\/kinamihealth.com\/#\/schema\/logo\/image\/","url":"https:\/\/kinamihealth.com\/wp-content\/uploads\/2025\/01\/KH_logo_black_2-1.png","contentUrl":"https:\/\/kinamihealth.com\/wp-content\/uploads\/2025\/01\/KH_logo_black_2-1.png","width":339,"height":34,"caption":"Kinami Health"},"image":{"@id":"https:\/\/kinamihealth.com\/#\/schema\/logo\/image\/"}}]}},"_links":{"self":[{"href":"https:\/\/kinamihealth.com\/hu\/wp-json\/wp\/v2\/product\/118237","targetHints":{"allow":["GET"]}}],"collection":[{"href":"https:\/\/kinamihealth.com\/hu\/wp-json\/wp\/v2\/product"}],"about":[{"href":"https:\/\/kinamihealth.com\/hu\/wp-json\/wp\/v2\/types\/product"}],"replies":[{"embeddable":true,"href":"https:\/\/kinamihealth.com\/hu\/wp-json\/wp\/v2\/comments?post=118237"}],"version-history":[{"count":0,"href":"https:\/\/kinamihealth.com\/hu\/wp-json\/wp\/v2\/product\/118237\/revisions"}],"wp:featuredmedia":[{"embeddable":true,"href":"https:\/\/kinamihealth.com\/hu\/wp-json\/wp\/v2\/media\/118238"}],"wp:attachment":[{"href":"https:\/\/kinamihealth.com\/hu\/wp-json\/wp\/v2\/media?parent=118237"}],"wp:term":[{"taxonomy":"product_brand","embeddable":true,"href":"https:\/\/kinamihealth.com\/hu\/wp-json\/wp\/v2\/product_brand?post=118237"},{"taxonomy":"product_cat","embeddable":true,"href":"https:\/\/kinamihealth.com\/hu\/wp-json\/wp\/v2\/product_cat?post=118237"},{"taxonomy":"product_tag","embeddable":true,"href":"https:\/\/kinamihealth.com\/hu\/wp-json\/wp\/v2\/product_tag?post=118237"}],"curies":[{"name":"wp","href":"https:\/\/api.w.org\/{rel}","templated":true}]}}