{"id":118234,"date":"2025-02-15T16:53:48","date_gmt":"2025-02-15T16:53:48","guid":{"rendered":"https:\/\/kinamihealth.com\/product\/mediderma-azelac-peel-exfoliating-gel\/"},"modified":"2025-11-25T20:50:53","modified_gmt":"2025-11-25T20:50:53","slug":"mediderma-azelac-peel-exfoliating-gel","status":"publish","type":"product","link":"https:\/\/kinamihealth.com\/hu\/termek\/mediderma-azelac-peel-exfoliating-gel\/","title":{"rendered":"MEDIDERMA\u00ae AZELAC\u00ae PEEL EXFOLIATING GEL"},"content":{"rendered":"<p><span style=\"font-weight: 400;\">V\u00e1s\u00e1rolja meg az Azelac Peel Exfoliating Gel-t, a Mediderma \u00e1ltal kifejlesztett, professzion\u00e1lis min\u0151s\u00e9g\u0171 k\u00e9miai h\u00e1mlaszt\u00f3t. Az olyan akt\u00edv \u00f6sszetev\u0151kkel, mint az azelainsav, tejsav \u00e9s szilimarin, ez a h\u00e1mlaszt\u00f3 g\u00e9l a b\u0151rprobl\u00e9m\u00e1k sz\u00e9les k\u00f6r\u00e9nek kezel\u00e9s\u00e9re szolg\u00e1l, bele\u00e9rtve az akn\u00e9t, hiperpigment\u00e1ci\u00f3t, b\u0151rp\u00edrt jeleit.<\/span><\/p>\n","protected":false},"excerpt":{"rendered":"<p>V\u00e1s\u00e1rolja meg az Azelac Peel Exfoliating Gel-t, a Mediderma \u00e1ltal kifejlesztett, professzion\u00e1lis min\u0151s\u00e9g\u0171 k\u00e9miai h\u00e1mlaszt\u00f3t. Az olyan akt\u00edv \u00f6sszetev\u0151kkel, mint az azelainsav, tejsav \u00e9s szilimarin, ez a h\u00e1mlaszt\u00f3 g\u00e9l a b\u0151rprobl\u00e9m\u00e1k sz\u00e9les k\u00f6r\u00e9nek kezel\u00e9s\u00e9re szolg\u00e1l, bele\u00e9rtve az akn\u00e9t, hiperpigment\u00e1ci\u00f3t, b\u0151rp\u00edrt jeleit.<\/p>\n","protected":false},"featured_media":118236,"comment_status":"closed","ping_status":"closed","template":"","meta":{"_acf_changed":false,"inline_featured_image":false},"product_brand":[2846],"product_cat":[2994],"product_tag":[2979],"class_list":{"0":"post-118234","1":"product","2":"type-product","3":"status-publish","4":"has-post-thumbnail","6":"product_brand-mediderma","7":"product_cat-hamlasztok-es-maszkok","8":"product_tag-orvostechnikai-eszkozok","10":"first","11":"instock","12":"taxable","13":"shipping-taxable","14":"purchasable","15":"product-type-simple","16":"add-to-wishlist-before_image"},"acf":[],"yoast_head":"<!-- This site is optimized with the Yoast SEO plugin v27.1.1 - https:\/\/yoast.com\/product\/yoast-seo-wordpress\/ -->\n<title>V\u00e1s\u00e1rolja meg az Azelac Peel Exfoliating Gelt online<\/title>\n<meta name=\"description\" content=\"V\u00e1s\u00e1rolja meg az Azelac Peel Exfoliating Gelt online professzion\u00e1lis h\u00e1mlaszt\u00e1shoz. T\u00f6k\u00e9letes akn\u00e9, b\u0151rp\u00edr, hiperpigment\u00e1ci\u00f3 eset\u00e9n, minden b\u0151rt\u00edpusra alkalmas.\" \/>\n<meta name=\"robots\" content=\"index, follow, max-snippet:-1, max-image-preview:large, max-video-preview:-1\" \/>\n<link rel=\"canonical\" href=\"https:\/\/kinamihealth.com\/hu\/wp-json\/wp\/v2\/product\/118234\" \/>\n<meta property=\"og:locale\" content=\"hu_HU\" \/>\n<meta property=\"og:type\" content=\"article\" \/>\n<meta property=\"og:title\" content=\"V\u00e1s\u00e1rolja meg az Azelac Peel Exfoliating Gelt online\" \/>\n<meta property=\"og:description\" content=\"V\u00e1s\u00e1rolja meg az Azelac Peel Exfoliating Gelt online professzion\u00e1lis h\u00e1mlaszt\u00e1shoz. T\u00f6k\u00e9letes akn\u00e9, b\u0151rp\u00edr, hiperpigment\u00e1ci\u00f3 eset\u00e9n, minden b\u0151rt\u00edpusra alkalmas.\" \/>\n<meta property=\"og:url\" content=\"https:\/\/kinamihealth.com\/hu\/termek\/mediderma-azelac-peel-exfoliating-gel\/\" \/>\n<meta property=\"og:site_name\" content=\"Kinami Health\" \/>\n<meta property=\"article:modified_time\" content=\"2025-11-25T20:50:53+00:00\" \/>\n<meta property=\"og:image\" content=\"https:\/\/kinamihealth.com\/wp-content\/uploads\/2025\/02\/MEDIDERMA-AZELAC-PEEL-EXFOLIATING-GEL-01.webp\" \/>\n\t<meta property=\"og:image:width\" content=\"800\" \/>\n\t<meta property=\"og:image:height\" content=\"800\" \/>\n\t<meta property=\"og:image:type\" content=\"image\/webp\" \/>\n<meta name=\"twitter:card\" content=\"summary_large_image\" \/>\n<meta name=\"twitter:label1\" content=\"Becs\u00fclt olvas\u00e1si id\u0151\" \/>\n\t<meta name=\"twitter:data1\" content=\"1 perc\" \/>\n<!-- \/ Yoast SEO plugin. -->","yoast_head_json":{"title":"V\u00e1s\u00e1rolja meg az Azelac Peel Exfoliating Gelt online","description":"V\u00e1s\u00e1rolja meg az Azelac Peel Exfoliating Gelt online professzion\u00e1lis h\u00e1mlaszt\u00e1shoz. T\u00f6k\u00e9letes akn\u00e9, b\u0151rp\u00edr, hiperpigment\u00e1ci\u00f3 eset\u00e9n, minden b\u0151rt\u00edpusra alkalmas.","robots":{"index":"index","follow":"follow","max-snippet":"max-snippet:-1","max-image-preview":"max-image-preview:large","max-video-preview":"max-video-preview:-1"},"canonical":"https:\/\/kinamihealth.com\/hu\/wp-json\/wp\/v2\/product\/118234","og_locale":"hu_HU","og_type":"article","og_title":"V\u00e1s\u00e1rolja meg az Azelac Peel Exfoliating Gelt online","og_description":"V\u00e1s\u00e1rolja meg az Azelac Peel Exfoliating Gelt online professzion\u00e1lis h\u00e1mlaszt\u00e1shoz. T\u00f6k\u00e9letes akn\u00e9, b\u0151rp\u00edr, hiperpigment\u00e1ci\u00f3 eset\u00e9n, minden b\u0151rt\u00edpusra alkalmas.","og_url":"https:\/\/kinamihealth.com\/hu\/termek\/mediderma-azelac-peel-exfoliating-gel\/","og_site_name":"Kinami Health","article_modified_time":"2025-11-25T20:50:53+00:00","og_image":[{"width":800,"height":800,"url":"https:\/\/kinamihealth.com\/wp-content\/uploads\/2025\/02\/MEDIDERMA-AZELAC-PEEL-EXFOLIATING-GEL-01.webp","type":"image\/webp"}],"twitter_card":"summary_large_image","twitter_misc":{"Becs\u00fclt olvas\u00e1si id\u0151":"1 perc"},"schema":{"@context":"https:\/\/schema.org","@graph":[{"@type":"WebPage","@id":"https:\/\/kinamihealth.com\/hu\/termek\/mediderma-azelac-peel-exfoliating-gel\/","url":"https:\/\/kinamihealth.com\/hu\/termek\/mediderma-azelac-peel-exfoliating-gel\/","name":"V\u00e1s\u00e1rolja meg az Azelac Peel Exfoliating Gelt online","isPartOf":{"@id":"https:\/\/kinamihealth.com\/#website"},"primaryImageOfPage":{"@id":"https:\/\/kinamihealth.com\/hu\/termek\/mediderma-azelac-peel-exfoliating-gel\/#primaryimage"},"image":{"@id":"https:\/\/kinamihealth.com\/hu\/termek\/mediderma-azelac-peel-exfoliating-gel\/#primaryimage"},"thumbnailUrl":"https:\/\/kinamihealth.com\/wp-content\/uploads\/2025\/02\/MEDIDERMA-AZELAC-PEEL-EXFOLIATING-GEL-01.webp","datePublished":"2025-02-15T16:53:48+00:00","dateModified":"2025-11-25T20:50:53+00:00","description":"V\u00e1s\u00e1rolja meg az Azelac Peel Exfoliating Gelt online professzion\u00e1lis h\u00e1mlaszt\u00e1shoz. T\u00f6k\u00e9letes akn\u00e9, b\u0151rp\u00edr, hiperpigment\u00e1ci\u00f3 eset\u00e9n, minden b\u0151rt\u00edpusra alkalmas.","breadcrumb":{"@id":"https:\/\/kinamihealth.com\/hu\/termek\/mediderma-azelac-peel-exfoliating-gel\/#breadcrumb"},"inLanguage":"hu","potentialAction":[{"@type":"ReadAction","target":["https:\/\/kinamihealth.com\/hu\/termek\/mediderma-azelac-peel-exfoliating-gel\/"]}]},{"@type":"ImageObject","inLanguage":"hu","@id":"https:\/\/kinamihealth.com\/hu\/termek\/mediderma-azelac-peel-exfoliating-gel\/#primaryimage","url":"https:\/\/kinamihealth.com\/wp-content\/uploads\/2025\/02\/MEDIDERMA-AZELAC-PEEL-EXFOLIATING-GEL-01.webp","contentUrl":"https:\/\/kinamihealth.com\/wp-content\/uploads\/2025\/02\/MEDIDERMA-AZELAC-PEEL-EXFOLIATING-GEL-01.webp","width":800,"height":800},{"@type":"BreadcrumbList","@id":"https:\/\/kinamihealth.com\/hu\/termek\/mediderma-azelac-peel-exfoliating-gel\/#breadcrumb","itemListElement":[{"@type":"ListItem","position":1,"name":"Kezd\u0151lap","item":"https:\/\/kinamihealth.com\/"},{"@type":"ListItem","position":2,"name":"Bolt","item":"https:\/\/kinamihealth.com\/shop\/"},{"@type":"ListItem","position":3,"name":"MEDIDERMA\u00ae AZELAC\u00ae PEEL EXFOLIATING GEL"}]},{"@type":"WebSite","@id":"https:\/\/kinamihealth.com\/#website","url":"https:\/\/kinamihealth.com\/","name":"Kinami Health","description":"","publisher":{"@id":"https:\/\/kinamihealth.com\/#organization"},"potentialAction":[{"@type":"SearchAction","target":{"@type":"EntryPoint","urlTemplate":"https:\/\/kinamihealth.com\/?s={search_term_string}"},"query-input":{"@type":"PropertyValueSpecification","valueRequired":true,"valueName":"search_term_string"}}],"inLanguage":"hu"},{"@type":"Organization","@id":"https:\/\/kinamihealth.com\/#organization","name":"Kinami Health","url":"https:\/\/kinamihealth.com\/","logo":{"@type":"ImageObject","inLanguage":"hu","@id":"https:\/\/kinamihealth.com\/#\/schema\/logo\/image\/","url":"https:\/\/kinamihealth.com\/wp-content\/uploads\/2025\/01\/KH_logo_black_2-1.png","contentUrl":"https:\/\/kinamihealth.com\/wp-content\/uploads\/2025\/01\/KH_logo_black_2-1.png","width":339,"height":34,"caption":"Kinami Health"},"image":{"@id":"https:\/\/kinamihealth.com\/#\/schema\/logo\/image\/"}}]}},"_links":{"self":[{"href":"https:\/\/kinamihealth.com\/hu\/wp-json\/wp\/v2\/product\/118234","targetHints":{"allow":["GET"]}}],"collection":[{"href":"https:\/\/kinamihealth.com\/hu\/wp-json\/wp\/v2\/product"}],"about":[{"href":"https:\/\/kinamihealth.com\/hu\/wp-json\/wp\/v2\/types\/product"}],"replies":[{"embeddable":true,"href":"https:\/\/kinamihealth.com\/hu\/wp-json\/wp\/v2\/comments?post=118234"}],"version-history":[{"count":0,"href":"https:\/\/kinamihealth.com\/hu\/wp-json\/wp\/v2\/product\/118234\/revisions"}],"wp:featuredmedia":[{"embeddable":true,"href":"https:\/\/kinamihealth.com\/hu\/wp-json\/wp\/v2\/media\/118236"}],"wp:attachment":[{"href":"https:\/\/kinamihealth.com\/hu\/wp-json\/wp\/v2\/media?parent=118234"}],"wp:term":[{"taxonomy":"product_brand","embeddable":true,"href":"https:\/\/kinamihealth.com\/hu\/wp-json\/wp\/v2\/product_brand?post=118234"},{"taxonomy":"product_cat","embeddable":true,"href":"https:\/\/kinamihealth.com\/hu\/wp-json\/wp\/v2\/product_cat?post=118234"},{"taxonomy":"product_tag","embeddable":true,"href":"https:\/\/kinamihealth.com\/hu\/wp-json\/wp\/v2\/product_tag?post=118234"}],"curies":[{"name":"wp","href":"https:\/\/api.w.org\/{rel}","templated":true}]}}