{"id":118232,"date":"2025-02-15T16:53:47","date_gmt":"2025-02-15T16:53:47","guid":{"rendered":"https:\/\/kinamihealth.com\/product\/mediderma-azelac-m\/"},"modified":"2025-11-25T21:03:26","modified_gmt":"2025-11-25T21:03:26","slug":"mediderma-azelac-m","status":"publish","type":"product","link":"https:\/\/kinamihealth.com\/hu\/termek\/mediderma-azelac-m\/","title":{"rendered":"MEDIDERMA\u00ae AZELAC\u00ae M"},"content":{"rendered":"<p><span style=\"font-weight: 400;\">Az Azelac M egy professzion\u00e1lis k\u00e9miai h\u00e1mlaszt\u00f3, amelyet kifejezetten akn\u00e9, hiperpigment\u00e1ci\u00f3, b\u0151rp\u00edr \u00e9s a f\u00e9nyk\u00e1rosod\u00e1s jeleinek kezel\u00e9s\u00e9re terveztek. Hat\u00e9kony formul\u00e1ja azelainsavat, szalicilsavat \u00e9s mandulasavat kombin\u00e1l a b\u0151r meg\u00faj\u00edt\u00e1sa \u00e9s text\u00far\u00e1j\u00e1nak jav\u00edt\u00e1sa \u00e9rdek\u00e9ben.<\/span><span style=\"font-weight: 400;\"><br \/>\n<\/span><span style=\"font-weight: 400;\">V\u00e1s\u00e1roljon Azelac M-t, hogy kiemelked\u0151 eredm\u00e9nyeket \u00e9rjen el, \u00e9s \u00fcgyfeleinek tiszta, ragyog\u00f3 \u00e9s fiatalos megjelen\u00e9st ny\u00fajtson, mik\u00f6zben a biztons\u00e1g \u00e9s a hat\u00e9konys\u00e1g is biztos\u00edtott.<\/span><\/p>\n","protected":false},"excerpt":{"rendered":"<p>Az Azelac M egy professzion\u00e1lis k\u00e9miai h\u00e1mlaszt\u00f3, amelyet kifejezetten akn\u00e9, hiperpigment\u00e1ci\u00f3, b\u0151rp\u00edr \u00e9s a f\u00e9nyk\u00e1rosod\u00e1s jeleinek kezel\u00e9s\u00e9re terveztek. Hat\u00e9kony formul\u00e1ja azelainsavat, szalicilsavat \u00e9s mandulasavat kombin\u00e1l a b\u0151r meg\u00faj\u00edt\u00e1sa \u00e9s text\u00far\u00e1j\u00e1nak jav\u00edt\u00e1sa \u00e9rdek\u00e9ben. V\u00e1s\u00e1roljon Azelac M-t, hogy kiemelked\u0151 eredm\u00e9nyeket \u00e9rjen el, \u00e9s \u00fcgyfeleinek tiszta, ragyog\u00f3 \u00e9s fiatalos megjelen\u00e9st ny\u00fajtson, mik\u00f6zben a biztons\u00e1g \u00e9s a hat\u00e9konys\u00e1g is [&hellip;]<\/p>\n","protected":false},"featured_media":118233,"comment_status":"closed","ping_status":"closed","template":"","meta":{"_acf_changed":false,"inline_featured_image":false},"product_brand":[2846],"product_cat":[2994],"product_tag":[2979],"class_list":{"0":"post-118232","1":"product","2":"type-product","3":"status-publish","4":"has-post-thumbnail","6":"product_brand-mediderma","7":"product_cat-hamlasztok-es-maszkok","8":"product_tag-orvostechnikai-eszkozok","10":"first","11":"instock","12":"taxable","13":"shipping-taxable","14":"purchasable","15":"product-type-simple","16":"add-to-wishlist-before_image"},"acf":[],"yoast_head":"<!-- This site is optimized with the Yoast SEO plugin v27.3 - https:\/\/yoast.com\/product\/yoast-seo-wordpress\/ -->\n<title>Azelac M v\u00e1s\u00e1rl\u00e1sa online \u2013 Professzion\u00e1lis k\u00e9miai h\u00e1mlaszt\u00f3<\/title>\n<meta name=\"description\" content=\"V\u00e1s\u00e1roljon Azelac M-t online \u2013 professzion\u00e1lis k\u00e9miai h\u00e1mlaszt\u00f3, amely akn\u00e9t, hiperpigment\u00e1ci\u00f3t, b\u0151rp\u00edrt \u00e9s f\u00e9nyk\u00e1rosod\u00e1st kezel, a tiszt\u00e1bb, ragyog\u00f3bb, fiatalosabb b\u0151r\u00e9rt.\" \/>\n<meta name=\"robots\" content=\"index, follow, max-snippet:-1, max-image-preview:large, max-video-preview:-1\" \/>\n<link rel=\"canonical\" href=\"https:\/\/kinamihealth.com\/hu\/wp-json\/wp\/v2\/product\/118232\" \/>\n<meta property=\"og:locale\" content=\"hu_HU\" \/>\n<meta property=\"og:type\" content=\"article\" \/>\n<meta property=\"og:title\" content=\"Azelac M v\u00e1s\u00e1rl\u00e1sa online \u2013 Professzion\u00e1lis k\u00e9miai h\u00e1mlaszt\u00f3\" \/>\n<meta property=\"og:description\" content=\"V\u00e1s\u00e1roljon Azelac M-t online \u2013 professzion\u00e1lis k\u00e9miai h\u00e1mlaszt\u00f3, amely akn\u00e9t, hiperpigment\u00e1ci\u00f3t, b\u0151rp\u00edrt \u00e9s f\u00e9nyk\u00e1rosod\u00e1st kezel, a tiszt\u00e1bb, ragyog\u00f3bb, fiatalosabb b\u0151r\u00e9rt.\" \/>\n<meta property=\"og:url\" content=\"https:\/\/kinamihealth.com\/hu\/termek\/mediderma-azelac-m\/\" \/>\n<meta property=\"og:site_name\" content=\"Kinami Health\" \/>\n<meta property=\"article:modified_time\" content=\"2025-11-25T21:03:26+00:00\" \/>\n<meta property=\"og:image\" content=\"https:\/\/kinamihealth.com\/wp-content\/uploads\/2025\/02\/MEDIDERMA-AZELAC-M-01.webp\" \/>\n\t<meta property=\"og:image:width\" content=\"800\" \/>\n\t<meta property=\"og:image:height\" content=\"800\" \/>\n\t<meta property=\"og:image:type\" content=\"image\/webp\" \/>\n<meta name=\"twitter:card\" content=\"summary_large_image\" \/>\n<meta name=\"twitter:label1\" content=\"Becs\u00fclt olvas\u00e1si id\u0151\" \/>\n\t<meta name=\"twitter:data1\" content=\"1 perc\" \/>\n<!-- \/ Yoast SEO plugin. -->","yoast_head_json":{"title":"Azelac M v\u00e1s\u00e1rl\u00e1sa online \u2013 Professzion\u00e1lis k\u00e9miai h\u00e1mlaszt\u00f3","description":"V\u00e1s\u00e1roljon Azelac M-t online \u2013 professzion\u00e1lis k\u00e9miai h\u00e1mlaszt\u00f3, amely akn\u00e9t, hiperpigment\u00e1ci\u00f3t, b\u0151rp\u00edrt \u00e9s f\u00e9nyk\u00e1rosod\u00e1st kezel, a tiszt\u00e1bb, ragyog\u00f3bb, fiatalosabb b\u0151r\u00e9rt.","robots":{"index":"index","follow":"follow","max-snippet":"max-snippet:-1","max-image-preview":"max-image-preview:large","max-video-preview":"max-video-preview:-1"},"canonical":"https:\/\/kinamihealth.com\/hu\/wp-json\/wp\/v2\/product\/118232","og_locale":"hu_HU","og_type":"article","og_title":"Azelac M v\u00e1s\u00e1rl\u00e1sa online \u2013 Professzion\u00e1lis k\u00e9miai h\u00e1mlaszt\u00f3","og_description":"V\u00e1s\u00e1roljon Azelac M-t online \u2013 professzion\u00e1lis k\u00e9miai h\u00e1mlaszt\u00f3, amely akn\u00e9t, hiperpigment\u00e1ci\u00f3t, b\u0151rp\u00edrt \u00e9s f\u00e9nyk\u00e1rosod\u00e1st kezel, a tiszt\u00e1bb, ragyog\u00f3bb, fiatalosabb b\u0151r\u00e9rt.","og_url":"https:\/\/kinamihealth.com\/hu\/termek\/mediderma-azelac-m\/","og_site_name":"Kinami Health","article_modified_time":"2025-11-25T21:03:26+00:00","og_image":[{"width":800,"height":800,"url":"https:\/\/kinamihealth.com\/wp-content\/uploads\/2025\/02\/MEDIDERMA-AZELAC-M-01.webp","type":"image\/webp"}],"twitter_card":"summary_large_image","twitter_misc":{"Becs\u00fclt olvas\u00e1si id\u0151":"1 perc"},"schema":{"@context":"https:\/\/schema.org","@graph":[{"@type":"WebPage","@id":"https:\/\/kinamihealth.com\/hu\/termek\/mediderma-azelac-m\/","url":"https:\/\/kinamihealth.com\/hu\/termek\/mediderma-azelac-m\/","name":"Azelac M v\u00e1s\u00e1rl\u00e1sa online \u2013 Professzion\u00e1lis k\u00e9miai h\u00e1mlaszt\u00f3","isPartOf":{"@id":"https:\/\/kinamihealth.com\/#website"},"primaryImageOfPage":{"@id":"https:\/\/kinamihealth.com\/hu\/termek\/mediderma-azelac-m\/#primaryimage"},"image":{"@id":"https:\/\/kinamihealth.com\/hu\/termek\/mediderma-azelac-m\/#primaryimage"},"thumbnailUrl":"https:\/\/kinamihealth.com\/wp-content\/uploads\/2025\/02\/MEDIDERMA-AZELAC-M-01.webp","datePublished":"2025-02-15T16:53:47+00:00","dateModified":"2025-11-25T21:03:26+00:00","description":"V\u00e1s\u00e1roljon Azelac M-t online \u2013 professzion\u00e1lis k\u00e9miai h\u00e1mlaszt\u00f3, amely akn\u00e9t, hiperpigment\u00e1ci\u00f3t, b\u0151rp\u00edrt \u00e9s f\u00e9nyk\u00e1rosod\u00e1st kezel, a tiszt\u00e1bb, ragyog\u00f3bb, fiatalosabb b\u0151r\u00e9rt.","breadcrumb":{"@id":"https:\/\/kinamihealth.com\/hu\/termek\/mediderma-azelac-m\/#breadcrumb"},"inLanguage":"hu","potentialAction":[{"@type":"ReadAction","target":["https:\/\/kinamihealth.com\/hu\/termek\/mediderma-azelac-m\/"]}]},{"@type":"ImageObject","inLanguage":"hu","@id":"https:\/\/kinamihealth.com\/hu\/termek\/mediderma-azelac-m\/#primaryimage","url":"https:\/\/kinamihealth.com\/wp-content\/uploads\/2025\/02\/MEDIDERMA-AZELAC-M-01.webp","contentUrl":"https:\/\/kinamihealth.com\/wp-content\/uploads\/2025\/02\/MEDIDERMA-AZELAC-M-01.webp","width":800,"height":800},{"@type":"BreadcrumbList","@id":"https:\/\/kinamihealth.com\/hu\/termek\/mediderma-azelac-m\/#breadcrumb","itemListElement":[{"@type":"ListItem","position":1,"name":"Kezd\u0151lap","item":"https:\/\/kinamihealth.com\/"},{"@type":"ListItem","position":2,"name":"Bolt","item":"https:\/\/kinamihealth.com\/shop\/"},{"@type":"ListItem","position":3,"name":"MEDIDERMA\u00ae AZELAC\u00ae M"}]},{"@type":"WebSite","@id":"https:\/\/kinamihealth.com\/#website","url":"https:\/\/kinamihealth.com\/","name":"Kinami Health","description":"","publisher":{"@id":"https:\/\/kinamihealth.com\/#organization"},"potentialAction":[{"@type":"SearchAction","target":{"@type":"EntryPoint","urlTemplate":"https:\/\/kinamihealth.com\/?s={search_term_string}"},"query-input":{"@type":"PropertyValueSpecification","valueRequired":true,"valueName":"search_term_string"}}],"inLanguage":"hu"},{"@type":"Organization","@id":"https:\/\/kinamihealth.com\/#organization","name":"Kinami Health","url":"https:\/\/kinamihealth.com\/","logo":{"@type":"ImageObject","inLanguage":"hu","@id":"https:\/\/kinamihealth.com\/#\/schema\/logo\/image\/","url":"https:\/\/kinamihealth.com\/wp-content\/uploads\/2025\/01\/KH_logo_black_2-1.png","contentUrl":"https:\/\/kinamihealth.com\/wp-content\/uploads\/2025\/01\/KH_logo_black_2-1.png","width":339,"height":34,"caption":"Kinami Health"},"image":{"@id":"https:\/\/kinamihealth.com\/#\/schema\/logo\/image\/"}}]}},"_links":{"self":[{"href":"https:\/\/kinamihealth.com\/hu\/wp-json\/wp\/v2\/product\/118232","targetHints":{"allow":["GET"]}}],"collection":[{"href":"https:\/\/kinamihealth.com\/hu\/wp-json\/wp\/v2\/product"}],"about":[{"href":"https:\/\/kinamihealth.com\/hu\/wp-json\/wp\/v2\/types\/product"}],"replies":[{"embeddable":true,"href":"https:\/\/kinamihealth.com\/hu\/wp-json\/wp\/v2\/comments?post=118232"}],"version-history":[{"count":0,"href":"https:\/\/kinamihealth.com\/hu\/wp-json\/wp\/v2\/product\/118232\/revisions"}],"wp:featuredmedia":[{"embeddable":true,"href":"https:\/\/kinamihealth.com\/hu\/wp-json\/wp\/v2\/media\/118233"}],"wp:attachment":[{"href":"https:\/\/kinamihealth.com\/hu\/wp-json\/wp\/v2\/media?parent=118232"}],"wp:term":[{"taxonomy":"product_brand","embeddable":true,"href":"https:\/\/kinamihealth.com\/hu\/wp-json\/wp\/v2\/product_brand?post=118232"},{"taxonomy":"product_cat","embeddable":true,"href":"https:\/\/kinamihealth.com\/hu\/wp-json\/wp\/v2\/product_cat?post=118232"},{"taxonomy":"product_tag","embeddable":true,"href":"https:\/\/kinamihealth.com\/hu\/wp-json\/wp\/v2\/product_tag?post=118232"}],"curies":[{"name":"wp","href":"https:\/\/api.w.org\/{rel}","templated":true}]}}