{"id":118230,"date":"2025-02-15T16:53:46","date_gmt":"2025-02-15T16:53:46","guid":{"rendered":"https:\/\/kinamihealth.com\/product\/mediderma-argipeel-exfoliating-gel\/"},"modified":"2025-11-25T21:08:30","modified_gmt":"2025-11-25T21:08:30","slug":"mediderma-argipeel-exfoliating-gel","status":"publish","type":"product","link":"https:\/\/kinamihealth.com\/hu\/termek\/mediderma-argipeel-exfoliating-gel\/","title":{"rendered":"MEDIDERMA\u00ae ARGIPEEL EXFOLIATING GEL"},"content":{"rendered":"<p><span style=\"font-weight: 400;\">V\u00e1s\u00e1rolja meg az <\/span><b>Argipeel Exfoliating Gel<\/b><span style=\"font-weight: 400;\"> term\u00e9ket, amely egy kifejezetten \u00e9rz\u00e9keny b\u0151rre tervezett, gyeng\u00e9d, m\u00e9gis hat\u00e9kony megold\u00e1s. Ez a fejlett h\u00e1mlaszt\u00f3 kezel\u00e9s arginin \u00e9s tejsav kombin\u00e1ci\u00f3j\u00e1t alkalmazza a b\u0151r sim\u00edt\u00e1s\u00e1ra \u00e9s hidrat\u00e1l\u00e1s\u00e1ra, mik\u00f6zben cs\u00f6kkenti a finom r\u00e1ncokat \u00e9s el\u0151seg\u00edti az \u00fcd\u00e9bb arcsz\u00ednt. Ide\u00e1lis v\u00e1laszt\u00e1s azok sz\u00e1m\u00e1ra, akik a hagyom\u00e1nyos k\u00e9miai h\u00e1mlaszt\u00f3k irrit\u00e1l\u00f3 hat\u00e1sa n\u00e9lk\u00fcl keresnek alternat\u00edv\u00e1t.<\/span><\/p>\n","protected":false},"excerpt":{"rendered":"<p>V\u00e1s\u00e1rolja meg az Argipeel Exfoliating Gel term\u00e9ket, amely egy kifejezetten \u00e9rz\u00e9keny b\u0151rre tervezett, gyeng\u00e9d, m\u00e9gis hat\u00e9kony megold\u00e1s. Ez a fejlett h\u00e1mlaszt\u00f3 kezel\u00e9s arginin \u00e9s tejsav kombin\u00e1ci\u00f3j\u00e1t alkalmazza a b\u0151r sim\u00edt\u00e1s\u00e1ra \u00e9s hidrat\u00e1l\u00e1s\u00e1ra, mik\u00f6zben cs\u00f6kkenti a finom r\u00e1ncokat \u00e9s el\u0151seg\u00edti az \u00fcd\u00e9bb arcsz\u00ednt. Ide\u00e1lis v\u00e1laszt\u00e1s azok sz\u00e1m\u00e1ra, akik a hagyom\u00e1nyos k\u00e9miai h\u00e1mlaszt\u00f3k irrit\u00e1l\u00f3 hat\u00e1sa n\u00e9lk\u00fcl keresnek [&hellip;]<\/p>\n","protected":false},"featured_media":118231,"comment_status":"closed","ping_status":"closed","template":"","meta":{"_acf_changed":false,"inline_featured_image":false},"product_brand":[2846],"product_cat":[2994],"product_tag":[2979],"class_list":{"0":"post-118230","1":"product","2":"type-product","3":"status-publish","4":"has-post-thumbnail","6":"product_brand-mediderma","7":"product_cat-hamlasztok-es-maszkok","8":"product_tag-orvostechnikai-eszkozok","10":"first","11":"instock","12":"taxable","13":"shipping-taxable","14":"purchasable","15":"product-type-simple","16":"add-to-wishlist-before_image"},"acf":[],"yoast_head":"<!-- This site is optimized with the Yoast SEO plugin v27.1.1 - https:\/\/yoast.com\/product\/yoast-seo-wordpress\/ -->\n<title>Argipeel h\u00e1mlaszt\u00f3 g\u00e9l v\u00e1s\u00e1rl\u00e1sa \u00e9rz\u00e9keny b\u0151rre<\/title>\n<meta name=\"description\" content=\"V\u00e1s\u00e1roljon online Argipeel h\u00e1mlaszt\u00f3 g\u00e9lt - ide\u00e1lis az \u00e9rz\u00e9keny b\u0151r sz\u00e1m\u00e1ra, ez a h\u00e1mlaszt\u00f3 kezel\u00e9s jav\u00edtja a text\u00far\u00e1t, a hidrat\u00e1lts\u00e1got \u00e9s a ragyog\u00e1st irrit\u00e1ci\u00f3 n\u00e9lk\u00fcl.\" \/>\n<meta name=\"robots\" content=\"index, follow, max-snippet:-1, max-image-preview:large, max-video-preview:-1\" \/>\n<link rel=\"canonical\" href=\"https:\/\/kinamihealth.com\/hu\/wp-json\/wp\/v2\/product\/118230\" \/>\n<meta property=\"og:locale\" content=\"hu_HU\" \/>\n<meta property=\"og:type\" content=\"article\" \/>\n<meta property=\"og:title\" content=\"Argipeel h\u00e1mlaszt\u00f3 g\u00e9l v\u00e1s\u00e1rl\u00e1sa \u00e9rz\u00e9keny b\u0151rre\" \/>\n<meta property=\"og:description\" content=\"V\u00e1s\u00e1roljon online Argipeel h\u00e1mlaszt\u00f3 g\u00e9lt - ide\u00e1lis az \u00e9rz\u00e9keny b\u0151r sz\u00e1m\u00e1ra, ez a h\u00e1mlaszt\u00f3 kezel\u00e9s jav\u00edtja a text\u00far\u00e1t, a hidrat\u00e1lts\u00e1got \u00e9s a ragyog\u00e1st irrit\u00e1ci\u00f3 n\u00e9lk\u00fcl.\" \/>\n<meta property=\"og:url\" content=\"https:\/\/kinamihealth.com\/hu\/termek\/mediderma-argipeel-exfoliating-gel\/\" \/>\n<meta property=\"og:site_name\" content=\"Kinami Health\" \/>\n<meta property=\"article:modified_time\" content=\"2025-11-25T21:08:30+00:00\" \/>\n<meta property=\"og:image\" content=\"https:\/\/kinamihealth.com\/wp-content\/uploads\/2025\/02\/MEDIDERMA-ARGIPEEL-EXFOLIATING-GEL-01.webp\" \/>\n\t<meta property=\"og:image:width\" content=\"800\" \/>\n\t<meta property=\"og:image:height\" content=\"800\" \/>\n\t<meta property=\"og:image:type\" content=\"image\/webp\" \/>\n<meta name=\"twitter:card\" content=\"summary_large_image\" \/>\n<meta name=\"twitter:label1\" content=\"Becs\u00fclt olvas\u00e1si id\u0151\" \/>\n\t<meta name=\"twitter:data1\" content=\"1 perc\" \/>\n<!-- \/ Yoast SEO plugin. -->","yoast_head_json":{"title":"Argipeel h\u00e1mlaszt\u00f3 g\u00e9l v\u00e1s\u00e1rl\u00e1sa \u00e9rz\u00e9keny b\u0151rre","description":"V\u00e1s\u00e1roljon online Argipeel h\u00e1mlaszt\u00f3 g\u00e9lt - ide\u00e1lis az \u00e9rz\u00e9keny b\u0151r sz\u00e1m\u00e1ra, ez a h\u00e1mlaszt\u00f3 kezel\u00e9s jav\u00edtja a text\u00far\u00e1t, a hidrat\u00e1lts\u00e1got \u00e9s a ragyog\u00e1st irrit\u00e1ci\u00f3 n\u00e9lk\u00fcl.","robots":{"index":"index","follow":"follow","max-snippet":"max-snippet:-1","max-image-preview":"max-image-preview:large","max-video-preview":"max-video-preview:-1"},"canonical":"https:\/\/kinamihealth.com\/hu\/wp-json\/wp\/v2\/product\/118230","og_locale":"hu_HU","og_type":"article","og_title":"Argipeel h\u00e1mlaszt\u00f3 g\u00e9l v\u00e1s\u00e1rl\u00e1sa \u00e9rz\u00e9keny b\u0151rre","og_description":"V\u00e1s\u00e1roljon online Argipeel h\u00e1mlaszt\u00f3 g\u00e9lt - ide\u00e1lis az \u00e9rz\u00e9keny b\u0151r sz\u00e1m\u00e1ra, ez a h\u00e1mlaszt\u00f3 kezel\u00e9s jav\u00edtja a text\u00far\u00e1t, a hidrat\u00e1lts\u00e1got \u00e9s a ragyog\u00e1st irrit\u00e1ci\u00f3 n\u00e9lk\u00fcl.","og_url":"https:\/\/kinamihealth.com\/hu\/termek\/mediderma-argipeel-exfoliating-gel\/","og_site_name":"Kinami Health","article_modified_time":"2025-11-25T21:08:30+00:00","og_image":[{"width":800,"height":800,"url":"https:\/\/kinamihealth.com\/wp-content\/uploads\/2025\/02\/MEDIDERMA-ARGIPEEL-EXFOLIATING-GEL-01.webp","type":"image\/webp"}],"twitter_card":"summary_large_image","twitter_misc":{"Becs\u00fclt olvas\u00e1si id\u0151":"1 perc"},"schema":{"@context":"https:\/\/schema.org","@graph":[{"@type":"WebPage","@id":"https:\/\/kinamihealth.com\/hu\/termek\/mediderma-argipeel-exfoliating-gel\/","url":"https:\/\/kinamihealth.com\/hu\/termek\/mediderma-argipeel-exfoliating-gel\/","name":"Argipeel h\u00e1mlaszt\u00f3 g\u00e9l v\u00e1s\u00e1rl\u00e1sa \u00e9rz\u00e9keny b\u0151rre","isPartOf":{"@id":"https:\/\/kinamihealth.com\/#website"},"primaryImageOfPage":{"@id":"https:\/\/kinamihealth.com\/hu\/termek\/mediderma-argipeel-exfoliating-gel\/#primaryimage"},"image":{"@id":"https:\/\/kinamihealth.com\/hu\/termek\/mediderma-argipeel-exfoliating-gel\/#primaryimage"},"thumbnailUrl":"https:\/\/kinamihealth.com\/wp-content\/uploads\/2025\/02\/MEDIDERMA-ARGIPEEL-EXFOLIATING-GEL-01.webp","datePublished":"2025-02-15T16:53:46+00:00","dateModified":"2025-11-25T21:08:30+00:00","description":"V\u00e1s\u00e1roljon online Argipeel h\u00e1mlaszt\u00f3 g\u00e9lt - ide\u00e1lis az \u00e9rz\u00e9keny b\u0151r sz\u00e1m\u00e1ra, ez a h\u00e1mlaszt\u00f3 kezel\u00e9s jav\u00edtja a text\u00far\u00e1t, a hidrat\u00e1lts\u00e1got \u00e9s a ragyog\u00e1st irrit\u00e1ci\u00f3 n\u00e9lk\u00fcl.","breadcrumb":{"@id":"https:\/\/kinamihealth.com\/hu\/termek\/mediderma-argipeel-exfoliating-gel\/#breadcrumb"},"inLanguage":"hu","potentialAction":[{"@type":"ReadAction","target":["https:\/\/kinamihealth.com\/hu\/termek\/mediderma-argipeel-exfoliating-gel\/"]}]},{"@type":"ImageObject","inLanguage":"hu","@id":"https:\/\/kinamihealth.com\/hu\/termek\/mediderma-argipeel-exfoliating-gel\/#primaryimage","url":"https:\/\/kinamihealth.com\/wp-content\/uploads\/2025\/02\/MEDIDERMA-ARGIPEEL-EXFOLIATING-GEL-01.webp","contentUrl":"https:\/\/kinamihealth.com\/wp-content\/uploads\/2025\/02\/MEDIDERMA-ARGIPEEL-EXFOLIATING-GEL-01.webp","width":800,"height":800},{"@type":"BreadcrumbList","@id":"https:\/\/kinamihealth.com\/hu\/termek\/mediderma-argipeel-exfoliating-gel\/#breadcrumb","itemListElement":[{"@type":"ListItem","position":1,"name":"Kezd\u0151lap","item":"https:\/\/kinamihealth.com\/"},{"@type":"ListItem","position":2,"name":"Bolt","item":"https:\/\/kinamihealth.com\/shop\/"},{"@type":"ListItem","position":3,"name":"MEDIDERMA\u00ae ARGIPEEL EXFOLIATING GEL"}]},{"@type":"WebSite","@id":"https:\/\/kinamihealth.com\/#website","url":"https:\/\/kinamihealth.com\/","name":"Kinami Health","description":"","publisher":{"@id":"https:\/\/kinamihealth.com\/#organization"},"potentialAction":[{"@type":"SearchAction","target":{"@type":"EntryPoint","urlTemplate":"https:\/\/kinamihealth.com\/?s={search_term_string}"},"query-input":{"@type":"PropertyValueSpecification","valueRequired":true,"valueName":"search_term_string"}}],"inLanguage":"hu"},{"@type":"Organization","@id":"https:\/\/kinamihealth.com\/#organization","name":"Kinami Health","url":"https:\/\/kinamihealth.com\/","logo":{"@type":"ImageObject","inLanguage":"hu","@id":"https:\/\/kinamihealth.com\/#\/schema\/logo\/image\/","url":"https:\/\/kinamihealth.com\/wp-content\/uploads\/2025\/01\/KH_logo_black_2-1.png","contentUrl":"https:\/\/kinamihealth.com\/wp-content\/uploads\/2025\/01\/KH_logo_black_2-1.png","width":339,"height":34,"caption":"Kinami Health"},"image":{"@id":"https:\/\/kinamihealth.com\/#\/schema\/logo\/image\/"}}]}},"_links":{"self":[{"href":"https:\/\/kinamihealth.com\/hu\/wp-json\/wp\/v2\/product\/118230","targetHints":{"allow":["GET"]}}],"collection":[{"href":"https:\/\/kinamihealth.com\/hu\/wp-json\/wp\/v2\/product"}],"about":[{"href":"https:\/\/kinamihealth.com\/hu\/wp-json\/wp\/v2\/types\/product"}],"replies":[{"embeddable":true,"href":"https:\/\/kinamihealth.com\/hu\/wp-json\/wp\/v2\/comments?post=118230"}],"version-history":[{"count":0,"href":"https:\/\/kinamihealth.com\/hu\/wp-json\/wp\/v2\/product\/118230\/revisions"}],"wp:featuredmedia":[{"embeddable":true,"href":"https:\/\/kinamihealth.com\/hu\/wp-json\/wp\/v2\/media\/118231"}],"wp:attachment":[{"href":"https:\/\/kinamihealth.com\/hu\/wp-json\/wp\/v2\/media?parent=118230"}],"wp:term":[{"taxonomy":"product_brand","embeddable":true,"href":"https:\/\/kinamihealth.com\/hu\/wp-json\/wp\/v2\/product_brand?post=118230"},{"taxonomy":"product_cat","embeddable":true,"href":"https:\/\/kinamihealth.com\/hu\/wp-json\/wp\/v2\/product_cat?post=118230"},{"taxonomy":"product_tag","embeddable":true,"href":"https:\/\/kinamihealth.com\/hu\/wp-json\/wp\/v2\/product_tag?post=118230"}],"curies":[{"name":"wp","href":"https:\/\/api.w.org\/{rel}","templated":true}]}}