{"id":118227,"date":"2025-02-15T16:53:45","date_gmt":"2025-02-15T16:53:45","guid":{"rendered":"https:\/\/kinamihealth.com\/product\/alidya\/"},"modified":"2025-11-25T21:12:07","modified_gmt":"2025-11-25T21:12:07","slug":"alidya","status":"publish","type":"product","link":"https:\/\/kinamihealth.com\/hu\/termek\/alidya\/","title":{"rendered":"ALIDYA\u2122"},"content":{"rendered":"<p><span style=\"font-weight: 400;\">V\u00e1s\u00e1roljon Alidya-t \u2013 egy cs\u00facstechnol\u00f3gi\u00e1s injekci\u00f3s megold\u00e1st, amelyet kifejezetten a cellulitisz l\u00e1that\u00f3 jeleinek lek\u00fczd\u00e9s\u00e9re fejlesztettek ki. Fejlett biotechnol\u00f3giai formul\u00e1kkal fejlesztett\u00e9k ki, a cellulitisz kiv\u00e1lt\u00f3 okaira hat, \u00e9s sim\u00e1bb, feszesebb b\u0151rt biztos\u00edt a p\u00e1cienseknek.<\/span><\/p>\n","protected":false},"excerpt":{"rendered":"<p>V\u00e1s\u00e1roljon Alidya-t \u2013 egy cs\u00facstechnol\u00f3gi\u00e1s injekci\u00f3s megold\u00e1st, amelyet kifejezetten a cellulitisz l\u00e1that\u00f3 jeleinek lek\u00fczd\u00e9s\u00e9re fejlesztettek ki. Fejlett biotechnol\u00f3giai formul\u00e1kkal fejlesztett\u00e9k ki, a cellulitisz kiv\u00e1lt\u00f3 okaira hat, \u00e9s sim\u00e1bb, feszesebb b\u0151rt biztos\u00edt a p\u00e1cienseknek.<\/p>\n","protected":false},"featured_media":118229,"comment_status":"closed","ping_status":"closed","template":"","meta":{"_acf_changed":false,"inline_featured_image":false},"product_brand":[2845],"product_cat":[3397],"product_tag":[2979],"class_list":{"0":"post-118227","1":"product","2":"type-product","3":"status-publish","4":"has-post-thumbnail","6":"product_brand-alidya","7":"product_cat-zsir-eltavolitas","8":"product_tag-orvostechnikai-eszkozok","10":"first","11":"instock","12":"taxable","13":"shipping-taxable","14":"purchasable","15":"product-type-simple","16":"add-to-wishlist-before_image"},"acf":[],"yoast_head":"<!-- This site is optimized with the Yoast SEO plugin v27.3 - https:\/\/yoast.com\/product\/yoast-seo-wordpress\/ -->\n<title>Alidya online v\u00e1s\u00e1rl\u00e1s \u2013 Hat\u00e9kony megold\u00e1s a narancsb\u0151r ellen<\/title>\n<meta name=\"description\" content=\"V\u00e1s\u00e1rolja meg online az Alidya term\u00e9ket professzion\u00e1lis narancsb\u0151r kezel\u00e9shez. Ez az injekci\u00f3s k\u00e9sz\u00edtm\u00e9ny sim\u00edtja a b\u0151rt, cs\u00f6kkenti a zs\u00edrlerak\u00f3d\u00e1sokat \u00e9s jav\u00edtja a b\u0151r rugalmass\u00e1g\u00e1t, tart\u00f3s eredm\u00e9nyeket biztos\u00edtva.\" \/>\n<meta name=\"robots\" content=\"index, follow, max-snippet:-1, max-image-preview:large, max-video-preview:-1\" \/>\n<link rel=\"canonical\" href=\"https:\/\/kinamihealth.com\/hu\/wp-json\/wp\/v2\/product\/118227\" \/>\n<meta property=\"og:locale\" content=\"hu_HU\" \/>\n<meta property=\"og:type\" content=\"article\" \/>\n<meta property=\"og:title\" content=\"Alidya online v\u00e1s\u00e1rl\u00e1s \u2013 Hat\u00e9kony megold\u00e1s a narancsb\u0151r ellen\" \/>\n<meta property=\"og:description\" content=\"V\u00e1s\u00e1rolja meg online az Alidya term\u00e9ket professzion\u00e1lis narancsb\u0151r kezel\u00e9shez. Ez az injekci\u00f3s k\u00e9sz\u00edtm\u00e9ny sim\u00edtja a b\u0151rt, cs\u00f6kkenti a zs\u00edrlerak\u00f3d\u00e1sokat \u00e9s jav\u00edtja a b\u0151r rugalmass\u00e1g\u00e1t, tart\u00f3s eredm\u00e9nyeket biztos\u00edtva.\" \/>\n<meta property=\"og:url\" content=\"https:\/\/kinamihealth.com\/hu\/termek\/alidya\/\" \/>\n<meta property=\"og:site_name\" content=\"Kinami Health\" \/>\n<meta property=\"article:modified_time\" content=\"2025-11-25T21:12:07+00:00\" \/>\n<meta property=\"og:image\" content=\"https:\/\/kinamihealth.com\/wp-content\/uploads\/2025\/02\/ALIDYA-340MG-01.webp\" \/>\n\t<meta property=\"og:image:width\" content=\"800\" \/>\n\t<meta property=\"og:image:height\" content=\"800\" \/>\n\t<meta property=\"og:image:type\" content=\"image\/webp\" \/>\n<meta name=\"twitter:card\" content=\"summary_large_image\" \/>\n<meta name=\"twitter:label1\" content=\"Becs\u00fclt olvas\u00e1si id\u0151\" \/>\n\t<meta name=\"twitter:data1\" content=\"1 perc\" \/>\n<!-- \/ Yoast SEO plugin. -->","yoast_head_json":{"title":"Alidya online v\u00e1s\u00e1rl\u00e1s \u2013 Hat\u00e9kony megold\u00e1s a narancsb\u0151r ellen","description":"V\u00e1s\u00e1rolja meg online az Alidya term\u00e9ket professzion\u00e1lis narancsb\u0151r kezel\u00e9shez. Ez az injekci\u00f3s k\u00e9sz\u00edtm\u00e9ny sim\u00edtja a b\u0151rt, cs\u00f6kkenti a zs\u00edrlerak\u00f3d\u00e1sokat \u00e9s jav\u00edtja a b\u0151r rugalmass\u00e1g\u00e1t, tart\u00f3s eredm\u00e9nyeket biztos\u00edtva.","robots":{"index":"index","follow":"follow","max-snippet":"max-snippet:-1","max-image-preview":"max-image-preview:large","max-video-preview":"max-video-preview:-1"},"canonical":"https:\/\/kinamihealth.com\/hu\/wp-json\/wp\/v2\/product\/118227","og_locale":"hu_HU","og_type":"article","og_title":"Alidya online v\u00e1s\u00e1rl\u00e1s \u2013 Hat\u00e9kony megold\u00e1s a narancsb\u0151r ellen","og_description":"V\u00e1s\u00e1rolja meg online az Alidya term\u00e9ket professzion\u00e1lis narancsb\u0151r kezel\u00e9shez. Ez az injekci\u00f3s k\u00e9sz\u00edtm\u00e9ny sim\u00edtja a b\u0151rt, cs\u00f6kkenti a zs\u00edrlerak\u00f3d\u00e1sokat \u00e9s jav\u00edtja a b\u0151r rugalmass\u00e1g\u00e1t, tart\u00f3s eredm\u00e9nyeket biztos\u00edtva.","og_url":"https:\/\/kinamihealth.com\/hu\/termek\/alidya\/","og_site_name":"Kinami Health","article_modified_time":"2025-11-25T21:12:07+00:00","og_image":[{"width":800,"height":800,"url":"https:\/\/kinamihealth.com\/wp-content\/uploads\/2025\/02\/ALIDYA-340MG-01.webp","type":"image\/webp"}],"twitter_card":"summary_large_image","twitter_misc":{"Becs\u00fclt olvas\u00e1si id\u0151":"1 perc"},"schema":{"@context":"https:\/\/schema.org","@graph":[{"@type":"WebPage","@id":"https:\/\/kinamihealth.com\/hu\/termek\/alidya\/","url":"https:\/\/kinamihealth.com\/hu\/termek\/alidya\/","name":"Alidya online v\u00e1s\u00e1rl\u00e1s \u2013 Hat\u00e9kony megold\u00e1s a narancsb\u0151r ellen","isPartOf":{"@id":"https:\/\/kinamihealth.com\/#website"},"primaryImageOfPage":{"@id":"https:\/\/kinamihealth.com\/hu\/termek\/alidya\/#primaryimage"},"image":{"@id":"https:\/\/kinamihealth.com\/hu\/termek\/alidya\/#primaryimage"},"thumbnailUrl":"https:\/\/kinamihealth.com\/wp-content\/uploads\/2025\/02\/ALIDYA-340MG-01.webp","datePublished":"2025-02-15T16:53:45+00:00","dateModified":"2025-11-25T21:12:07+00:00","description":"V\u00e1s\u00e1rolja meg online az Alidya term\u00e9ket professzion\u00e1lis narancsb\u0151r kezel\u00e9shez. Ez az injekci\u00f3s k\u00e9sz\u00edtm\u00e9ny sim\u00edtja a b\u0151rt, cs\u00f6kkenti a zs\u00edrlerak\u00f3d\u00e1sokat \u00e9s jav\u00edtja a b\u0151r rugalmass\u00e1g\u00e1t, tart\u00f3s eredm\u00e9nyeket biztos\u00edtva.","breadcrumb":{"@id":"https:\/\/kinamihealth.com\/hu\/termek\/alidya\/#breadcrumb"},"inLanguage":"hu","potentialAction":[{"@type":"ReadAction","target":["https:\/\/kinamihealth.com\/hu\/termek\/alidya\/"]}]},{"@type":"ImageObject","inLanguage":"hu","@id":"https:\/\/kinamihealth.com\/hu\/termek\/alidya\/#primaryimage","url":"https:\/\/kinamihealth.com\/wp-content\/uploads\/2025\/02\/ALIDYA-340MG-01.webp","contentUrl":"https:\/\/kinamihealth.com\/wp-content\/uploads\/2025\/02\/ALIDYA-340MG-01.webp","width":800,"height":800},{"@type":"BreadcrumbList","@id":"https:\/\/kinamihealth.com\/hu\/termek\/alidya\/#breadcrumb","itemListElement":[{"@type":"ListItem","position":1,"name":"Kezd\u0151lap","item":"https:\/\/kinamihealth.com\/"},{"@type":"ListItem","position":2,"name":"Bolt","item":"https:\/\/kinamihealth.com\/shop\/"},{"@type":"ListItem","position":3,"name":"ALIDYA\u2122"}]},{"@type":"WebSite","@id":"https:\/\/kinamihealth.com\/#website","url":"https:\/\/kinamihealth.com\/","name":"Kinami Health","description":"","publisher":{"@id":"https:\/\/kinamihealth.com\/#organization"},"potentialAction":[{"@type":"SearchAction","target":{"@type":"EntryPoint","urlTemplate":"https:\/\/kinamihealth.com\/?s={search_term_string}"},"query-input":{"@type":"PropertyValueSpecification","valueRequired":true,"valueName":"search_term_string"}}],"inLanguage":"hu"},{"@type":"Organization","@id":"https:\/\/kinamihealth.com\/#organization","name":"Kinami Health","url":"https:\/\/kinamihealth.com\/","logo":{"@type":"ImageObject","inLanguage":"hu","@id":"https:\/\/kinamihealth.com\/#\/schema\/logo\/image\/","url":"https:\/\/kinamihealth.com\/wp-content\/uploads\/2025\/01\/KH_logo_black_2-1.png","contentUrl":"https:\/\/kinamihealth.com\/wp-content\/uploads\/2025\/01\/KH_logo_black_2-1.png","width":339,"height":34,"caption":"Kinami Health"},"image":{"@id":"https:\/\/kinamihealth.com\/#\/schema\/logo\/image\/"}}]}},"_links":{"self":[{"href":"https:\/\/kinamihealth.com\/hu\/wp-json\/wp\/v2\/product\/118227","targetHints":{"allow":["GET"]}}],"collection":[{"href":"https:\/\/kinamihealth.com\/hu\/wp-json\/wp\/v2\/product"}],"about":[{"href":"https:\/\/kinamihealth.com\/hu\/wp-json\/wp\/v2\/types\/product"}],"replies":[{"embeddable":true,"href":"https:\/\/kinamihealth.com\/hu\/wp-json\/wp\/v2\/comments?post=118227"}],"version-history":[{"count":0,"href":"https:\/\/kinamihealth.com\/hu\/wp-json\/wp\/v2\/product\/118227\/revisions"}],"wp:featuredmedia":[{"embeddable":true,"href":"https:\/\/kinamihealth.com\/hu\/wp-json\/wp\/v2\/media\/118229"}],"wp:attachment":[{"href":"https:\/\/kinamihealth.com\/hu\/wp-json\/wp\/v2\/media?parent=118227"}],"wp:term":[{"taxonomy":"product_brand","embeddable":true,"href":"https:\/\/kinamihealth.com\/hu\/wp-json\/wp\/v2\/product_brand?post=118227"},{"taxonomy":"product_cat","embeddable":true,"href":"https:\/\/kinamihealth.com\/hu\/wp-json\/wp\/v2\/product_cat?post=118227"},{"taxonomy":"product_tag","embeddable":true,"href":"https:\/\/kinamihealth.com\/hu\/wp-json\/wp\/v2\/product_tag?post=118227"}],"curies":[{"name":"wp","href":"https:\/\/api.w.org\/{rel}","templated":true}]}}