{"id":118213,"date":"2025-02-15T16:53:43","date_gmt":"2025-02-15T16:53:43","guid":{"rendered":"https:\/\/kinamihealth.com\/product\/aliaxin-gp\/"},"modified":"2025-11-25T21:24:43","modified_gmt":"2025-11-25T21:24:43","slug":"aliaxin-gp","status":"publish","type":"product","link":"https:\/\/kinamihealth.com\/hu\/termek\/aliaxin-gp\/","title":{"rendered":"ALIAXIN\u00ae GP"},"content":{"rendered":"<p><span style=\"font-weight: 400;\">V\u00e1s\u00e1roljon Aliaxin GP Global Performance online a k\u00f6zepes \u00e9s m\u00e9ly r\u00e1ncok korrig\u00e1l\u00e1s\u00e1ra, az elveszett arc t\u00e9rfogat\u00e1nak helyre\u00e1ll\u00edt\u00e1s\u00e1ra \u00e9s a b\u0151r text\u00far\u00e1j\u00e1nak jav\u00edt\u00e1s\u00e1ra. Ez a t\u00e9rh\u00e1l\u00f3s\u00edtott hialuronsavval formul\u00e1zott injekci\u00f3s t\u00f6lt\u0151anyag professzion\u00e1lis haszn\u00e1latra k\u00e9sz\u00fclt, term\u00e9szetes \u00e9s hosszan tart\u00f3 eredm\u00e9nyeket biztos\u00edtva.<\/span><\/p>\n","protected":false},"excerpt":{"rendered":"<p>V\u00e1s\u00e1roljon Aliaxin GP Global Performance online a k\u00f6zepes \u00e9s m\u00e9ly r\u00e1ncok korrig\u00e1l\u00e1s\u00e1ra, az elveszett arc t\u00e9rfogat\u00e1nak helyre\u00e1ll\u00edt\u00e1s\u00e1ra \u00e9s a b\u0151r text\u00far\u00e1j\u00e1nak jav\u00edt\u00e1s\u00e1ra. Ez a t\u00e9rh\u00e1l\u00f3s\u00edtott hialuronsavval formul\u00e1zott injekci\u00f3s t\u00f6lt\u0151anyag professzion\u00e1lis haszn\u00e1latra k\u00e9sz\u00fclt, term\u00e9szetes \u00e9s hosszan tart\u00f3 eredm\u00e9nyeket biztos\u00edtva.<\/p>\n","protected":false},"featured_media":118217,"comment_status":"closed","ping_status":"closed","template":"","meta":{"_acf_changed":false,"inline_featured_image":false},"product_brand":[2227],"product_cat":[2997,3002],"product_tag":[2979],"class_list":{"0":"post-118213","1":"product","2":"type-product","3":"status-publish","4":"has-post-thumbnail","6":"product_brand-aliaxin","7":"product_cat-dermalis-toltoanyagok","8":"product_cat-ha-borfeltoltok","9":"product_tag-orvostechnikai-eszkozok","11":"first","12":"instock","13":"taxable","14":"shipping-taxable","15":"purchasable","16":"product-type-simple","17":"add-to-wishlist-before_image"},"acf":[],"yoast_head":"<!-- This site is optimized with the Yoast SEO plugin v27.3 - https:\/\/yoast.com\/product\/yoast-seo-wordpress\/ -->\n<title>Aliaxin GP online megv\u00e1s\u00e1rolni az arc t\u00e9rfogata \u00e9s kont\u00farok<\/title>\n<meta name=\"description\" content=\"V\u00e1s\u00e1roljon Aliaxin GP-t online az arc t\u00e9rfogat\u00e1nak n\u00f6vel\u00e9s\u00e9re \u00e9s a m\u00e9ly r\u00e1ncok korrig\u00e1l\u00e1s\u00e1ra. T\u00f6k\u00e9letes az arckont\u00farok fiatal\u00edt\u00e1s\u00e1ra tart\u00f3s, term\u00e9szetesnek t\u0171n\u0151 eredm\u00e9nyekkel.\" \/>\n<meta name=\"robots\" content=\"index, follow, max-snippet:-1, max-image-preview:large, max-video-preview:-1\" \/>\n<link rel=\"canonical\" href=\"https:\/\/kinamihealth.com\/hu\/wp-json\/wp\/v2\/product\/118213\" \/>\n<meta property=\"og:locale\" content=\"hu_HU\" \/>\n<meta property=\"og:type\" content=\"article\" \/>\n<meta property=\"og:title\" content=\"Aliaxin GP online megv\u00e1s\u00e1rolni az arc t\u00e9rfogata \u00e9s kont\u00farok\" \/>\n<meta property=\"og:description\" content=\"V\u00e1s\u00e1roljon Aliaxin GP-t online az arc t\u00e9rfogat\u00e1nak n\u00f6vel\u00e9s\u00e9re \u00e9s a m\u00e9ly r\u00e1ncok korrig\u00e1l\u00e1s\u00e1ra. T\u00f6k\u00e9letes az arckont\u00farok fiatal\u00edt\u00e1s\u00e1ra tart\u00f3s, term\u00e9szetesnek t\u0171n\u0151 eredm\u00e9nyekkel.\" \/>\n<meta property=\"og:url\" content=\"https:\/\/kinamihealth.com\/hu\/termek\/aliaxin-gp\/\" \/>\n<meta property=\"og:site_name\" content=\"Kinami Health\" \/>\n<meta property=\"article:modified_time\" content=\"2025-11-25T21:24:43+00:00\" \/>\n<meta property=\"og:image\" content=\"https:\/\/kinamihealth.com\/wp-content\/uploads\/2025\/02\/ALIAXIN-GP-GLOBALPERFORMANCE-03.webp\" \/>\n\t<meta property=\"og:image:width\" content=\"800\" \/>\n\t<meta property=\"og:image:height\" content=\"800\" \/>\n\t<meta property=\"og:image:type\" content=\"image\/webp\" \/>\n<meta name=\"twitter:card\" content=\"summary_large_image\" \/>\n<meta name=\"twitter:label1\" content=\"Becs\u00fclt olvas\u00e1si id\u0151\" \/>\n\t<meta name=\"twitter:data1\" content=\"1 perc\" \/>\n<!-- \/ Yoast SEO plugin. -->","yoast_head_json":{"title":"Aliaxin GP online megv\u00e1s\u00e1rolni az arc t\u00e9rfogata \u00e9s kont\u00farok","description":"V\u00e1s\u00e1roljon Aliaxin GP-t online az arc t\u00e9rfogat\u00e1nak n\u00f6vel\u00e9s\u00e9re \u00e9s a m\u00e9ly r\u00e1ncok korrig\u00e1l\u00e1s\u00e1ra. T\u00f6k\u00e9letes az arckont\u00farok fiatal\u00edt\u00e1s\u00e1ra tart\u00f3s, term\u00e9szetesnek t\u0171n\u0151 eredm\u00e9nyekkel.","robots":{"index":"index","follow":"follow","max-snippet":"max-snippet:-1","max-image-preview":"max-image-preview:large","max-video-preview":"max-video-preview:-1"},"canonical":"https:\/\/kinamihealth.com\/hu\/wp-json\/wp\/v2\/product\/118213","og_locale":"hu_HU","og_type":"article","og_title":"Aliaxin GP online megv\u00e1s\u00e1rolni az arc t\u00e9rfogata \u00e9s kont\u00farok","og_description":"V\u00e1s\u00e1roljon Aliaxin GP-t online az arc t\u00e9rfogat\u00e1nak n\u00f6vel\u00e9s\u00e9re \u00e9s a m\u00e9ly r\u00e1ncok korrig\u00e1l\u00e1s\u00e1ra. T\u00f6k\u00e9letes az arckont\u00farok fiatal\u00edt\u00e1s\u00e1ra tart\u00f3s, term\u00e9szetesnek t\u0171n\u0151 eredm\u00e9nyekkel.","og_url":"https:\/\/kinamihealth.com\/hu\/termek\/aliaxin-gp\/","og_site_name":"Kinami Health","article_modified_time":"2025-11-25T21:24:43+00:00","og_image":[{"width":800,"height":800,"url":"https:\/\/kinamihealth.com\/wp-content\/uploads\/2025\/02\/ALIAXIN-GP-GLOBALPERFORMANCE-03.webp","type":"image\/webp"}],"twitter_card":"summary_large_image","twitter_misc":{"Becs\u00fclt olvas\u00e1si id\u0151":"1 perc"},"schema":{"@context":"https:\/\/schema.org","@graph":[{"@type":"WebPage","@id":"https:\/\/kinamihealth.com\/hu\/termek\/aliaxin-gp\/","url":"https:\/\/kinamihealth.com\/hu\/termek\/aliaxin-gp\/","name":"Aliaxin GP online megv\u00e1s\u00e1rolni az arc t\u00e9rfogata \u00e9s kont\u00farok","isPartOf":{"@id":"https:\/\/kinamihealth.com\/#website"},"primaryImageOfPage":{"@id":"https:\/\/kinamihealth.com\/hu\/termek\/aliaxin-gp\/#primaryimage"},"image":{"@id":"https:\/\/kinamihealth.com\/hu\/termek\/aliaxin-gp\/#primaryimage"},"thumbnailUrl":"https:\/\/kinamihealth.com\/wp-content\/uploads\/2025\/02\/ALIAXIN-GP-GLOBALPERFORMANCE-03.webp","datePublished":"2025-02-15T16:53:43+00:00","dateModified":"2025-11-25T21:24:43+00:00","description":"V\u00e1s\u00e1roljon Aliaxin GP-t online az arc t\u00e9rfogat\u00e1nak n\u00f6vel\u00e9s\u00e9re \u00e9s a m\u00e9ly r\u00e1ncok korrig\u00e1l\u00e1s\u00e1ra. T\u00f6k\u00e9letes az arckont\u00farok fiatal\u00edt\u00e1s\u00e1ra tart\u00f3s, term\u00e9szetesnek t\u0171n\u0151 eredm\u00e9nyekkel.","breadcrumb":{"@id":"https:\/\/kinamihealth.com\/hu\/termek\/aliaxin-gp\/#breadcrumb"},"inLanguage":"hu","potentialAction":[{"@type":"ReadAction","target":["https:\/\/kinamihealth.com\/hu\/termek\/aliaxin-gp\/"]}]},{"@type":"ImageObject","inLanguage":"hu","@id":"https:\/\/kinamihealth.com\/hu\/termek\/aliaxin-gp\/#primaryimage","url":"https:\/\/kinamihealth.com\/wp-content\/uploads\/2025\/02\/ALIAXIN-GP-GLOBALPERFORMANCE-03.webp","contentUrl":"https:\/\/kinamihealth.com\/wp-content\/uploads\/2025\/02\/ALIAXIN-GP-GLOBALPERFORMANCE-03.webp","width":800,"height":800},{"@type":"BreadcrumbList","@id":"https:\/\/kinamihealth.com\/hu\/termek\/aliaxin-gp\/#breadcrumb","itemListElement":[{"@type":"ListItem","position":1,"name":"Kezd\u0151lap","item":"https:\/\/kinamihealth.com\/"},{"@type":"ListItem","position":2,"name":"Bolt","item":"https:\/\/kinamihealth.com\/shop\/"},{"@type":"ListItem","position":3,"name":"ALIAXIN\u00ae GP"}]},{"@type":"WebSite","@id":"https:\/\/kinamihealth.com\/#website","url":"https:\/\/kinamihealth.com\/","name":"Kinami Health","description":"","publisher":{"@id":"https:\/\/kinamihealth.com\/#organization"},"potentialAction":[{"@type":"SearchAction","target":{"@type":"EntryPoint","urlTemplate":"https:\/\/kinamihealth.com\/?s={search_term_string}"},"query-input":{"@type":"PropertyValueSpecification","valueRequired":true,"valueName":"search_term_string"}}],"inLanguage":"hu"},{"@type":"Organization","@id":"https:\/\/kinamihealth.com\/#organization","name":"Kinami Health","url":"https:\/\/kinamihealth.com\/","logo":{"@type":"ImageObject","inLanguage":"hu","@id":"https:\/\/kinamihealth.com\/#\/schema\/logo\/image\/","url":"https:\/\/kinamihealth.com\/wp-content\/uploads\/2025\/01\/KH_logo_black_2-1.png","contentUrl":"https:\/\/kinamihealth.com\/wp-content\/uploads\/2025\/01\/KH_logo_black_2-1.png","width":339,"height":34,"caption":"Kinami Health"},"image":{"@id":"https:\/\/kinamihealth.com\/#\/schema\/logo\/image\/"}}]}},"_links":{"self":[{"href":"https:\/\/kinamihealth.com\/hu\/wp-json\/wp\/v2\/product\/118213","targetHints":{"allow":["GET"]}}],"collection":[{"href":"https:\/\/kinamihealth.com\/hu\/wp-json\/wp\/v2\/product"}],"about":[{"href":"https:\/\/kinamihealth.com\/hu\/wp-json\/wp\/v2\/types\/product"}],"replies":[{"embeddable":true,"href":"https:\/\/kinamihealth.com\/hu\/wp-json\/wp\/v2\/comments?post=118213"}],"version-history":[{"count":0,"href":"https:\/\/kinamihealth.com\/hu\/wp-json\/wp\/v2\/product\/118213\/revisions"}],"wp:featuredmedia":[{"embeddable":true,"href":"https:\/\/kinamihealth.com\/hu\/wp-json\/wp\/v2\/media\/118217"}],"wp:attachment":[{"href":"https:\/\/kinamihealth.com\/hu\/wp-json\/wp\/v2\/media?parent=118213"}],"wp:term":[{"taxonomy":"product_brand","embeddable":true,"href":"https:\/\/kinamihealth.com\/hu\/wp-json\/wp\/v2\/product_brand?post=118213"},{"taxonomy":"product_cat","embeddable":true,"href":"https:\/\/kinamihealth.com\/hu\/wp-json\/wp\/v2\/product_cat?post=118213"},{"taxonomy":"product_tag","embeddable":true,"href":"https:\/\/kinamihealth.com\/hu\/wp-json\/wp\/v2\/product_tag?post=118213"}],"curies":[{"name":"wp","href":"https:\/\/api.w.org\/{rel}","templated":true}]}}