{"id":117337,"date":"2025-02-15T16:55:33","date_gmt":"2025-02-15T16:55:33","guid":{"rendered":"https:\/\/kinamihealth.com\/product\/intraline-mono-m3038-30g-38mm-50mm\/"},"modified":"2025-11-18T21:16:33","modified_gmt":"2025-11-18T21:16:33","slug":"intraline-mono-m3038-30g-38mm-50mm","status":"publish","type":"product","link":"https:\/\/kinamihealth.com\/hu\/termek\/intraline-mono-m3038-30g-38mm-50mm\/","title":{"rendered":"INTRALINE\u00ae MONO M3038 &#8211; 30G 38mm\/50mm"},"content":{"rendered":"<p>A PDO sz\u00e1lak el\u0151\u00e1ll\u00edt\u00e1s\u00e1hoz haszn\u00e1lt Intraline Mono M3038 sz\u00e1lak polidioxanonb\u00f3l k\u00e9sz\u00fclnek, amely az egyik legbiztons\u00e1gosabb anyag. A mono sz\u00e1lak sim\u00e1k, nincsenek rajtuk t\u00fcsk\u00e9k, \u00e9s az arc vagy a fejb\u0151r egy pontj\u00e1hoz r\u00f6gz\u00edtik \u0151ket. F\u0151k\u00e9nt a b\u0151r feszes\u00edt\u00e9s\u00e9re szolg\u00e1lnak, \u00e9s kis m\u00e9rt\u00e9k\u0171 lifting hat\u00e1st fejtenek ki. Sima text\u00far\u00e1j\u00fa, f\u00e9lig hajtogatott form\u00e1j\u00fa, ultrav\u00e9kony, \u00e9les t\u0171kkel rendelkeznek, \u00e9s a legterm\u00e9szetesebb \u00e9s legkiv\u00e1l\u00f3bb eredm\u00e9nyeket biztos\u00edtj\u00e1k. A megereszkedett vagy lel\u00f3g\u00f3 b\u0151rsz\u00f6vet felemel\u00e9se \u00e9s \u00fajraigaz\u00edt\u00e1sa<\/p>\n","protected":false},"excerpt":{"rendered":"<p>A PDO sz\u00e1lak el\u0151\u00e1ll\u00edt\u00e1s\u00e1hoz haszn\u00e1lt Intraline Mono M3038 sz\u00e1lak polidioxanonb\u00f3l k\u00e9sz\u00fclnek, amely az egyik legbiztons\u00e1gosabb anyag. A mono sz\u00e1lak sim\u00e1k, nincsenek rajtuk t\u00fcsk\u00e9k, \u00e9s az arc vagy a fejb\u0151r egy pontj\u00e1hoz r\u00f6gz\u00edtik \u0151ket. F\u0151k\u00e9nt a b\u0151r feszes\u00edt\u00e9s\u00e9re szolg\u00e1lnak, \u00e9s kis m\u00e9rt\u00e9k\u0171 lifting hat\u00e1st fejtenek ki. Sima text\u00far\u00e1j\u00fa, f\u00e9lig hajtogatott form\u00e1j\u00fa, ultrav\u00e9kony, \u00e9les t\u0171kkel rendelkeznek, \u00e9s [&hellip;]<\/p>\n","protected":false},"featured_media":117338,"comment_status":"closed","ping_status":"closed","template":"","meta":{"_acf_changed":false,"inline_featured_image":false},"product_brand":[2238],"product_cat":[3250,3027],"product_tag":[2979],"class_list":{"0":"post-117337","1":"product","2":"type-product","3":"status-publish","4":"has-post-thumbnail","6":"product_brand-intraline","7":"product_cat-pdo-szalak","8":"product_cat-szalak","9":"product_tag-orvostechnikai-eszkozok","11":"first","12":"instock","13":"taxable","14":"shipping-taxable","15":"purchasable","16":"product-type-simple","17":"add-to-wishlist-before_image"},"acf":[],"yoast_head":"<!-- This site is optimized with the Yoast SEO plugin v27.3 - https:\/\/yoast.com\/product\/yoast-seo-wordpress\/ -->\n<title>Shop OnlinV\u00e1s\u00e1roljon Intraline Mono M3038 - 30G 38mm\/50mm online most<\/title>\n<meta name=\"description\" content=\"Rendeljen INTRALINE\u00ae MONO M3038 term\u00e9ket a b\u0151r t\u00f3nus\u00e1nak \u00e9s rugalmass\u00e1g\u00e1nak jav\u00edt\u00e1s\u00e1hoz, amely 30 g-os monofil sz\u00e1lakat tartalmaz, amelyek gyeng\u00e9d kollag\u00e9nstimul\u00e1ci\u00f3ra \u00e9s a finom r\u00e1ncok kisim\u00edt\u00e1s\u00e1ra szolg\u00e1lnak.\" \/>\n<meta name=\"robots\" content=\"index, follow, max-snippet:-1, max-image-preview:large, max-video-preview:-1\" \/>\n<link rel=\"canonical\" href=\"https:\/\/kinamihealth.com\/hu\/wp-json\/wp\/v2\/product\/117337\" \/>\n<meta property=\"og:locale\" content=\"hu_HU\" \/>\n<meta property=\"og:type\" content=\"article\" \/>\n<meta property=\"og:title\" content=\"Shop OnlinV\u00e1s\u00e1roljon Intraline Mono M3038 - 30G 38mm\/50mm online most\" \/>\n<meta property=\"og:description\" content=\"Rendeljen INTRALINE\u00ae MONO M3038 term\u00e9ket a b\u0151r t\u00f3nus\u00e1nak \u00e9s rugalmass\u00e1g\u00e1nak jav\u00edt\u00e1s\u00e1hoz, amely 30 g-os monofil sz\u00e1lakat tartalmaz, amelyek gyeng\u00e9d kollag\u00e9nstimul\u00e1ci\u00f3ra \u00e9s a finom r\u00e1ncok kisim\u00edt\u00e1s\u00e1ra szolg\u00e1lnak.\" \/>\n<meta property=\"og:url\" content=\"https:\/\/kinamihealth.com\/hu\/termek\/intraline-mono-m3038-30g-38mm-50mm\/\" \/>\n<meta property=\"og:site_name\" content=\"Kinami Health\" \/>\n<meta property=\"article:modified_time\" content=\"2025-11-18T21:16:33+00:00\" \/>\n<meta property=\"og:image\" content=\"https:\/\/kinamihealth.com\/wp-content\/uploads\/2025\/02\/INTRALINE-M3038-01.jpg\" \/>\n\t<meta property=\"og:image:width\" content=\"800\" \/>\n\t<meta property=\"og:image:height\" content=\"800\" \/>\n\t<meta property=\"og:image:type\" content=\"image\/jpeg\" \/>\n<meta name=\"twitter:card\" content=\"summary_large_image\" \/>\n<meta name=\"twitter:label1\" content=\"Becs\u00fclt olvas\u00e1si id\u0151\" \/>\n\t<meta name=\"twitter:data1\" content=\"1 perc\" \/>\n<!-- \/ Yoast SEO plugin. -->","yoast_head_json":{"title":"Shop OnlinV\u00e1s\u00e1roljon Intraline Mono M3038 - 30G 38mm\/50mm online most","description":"Rendeljen INTRALINE\u00ae MONO M3038 term\u00e9ket a b\u0151r t\u00f3nus\u00e1nak \u00e9s rugalmass\u00e1g\u00e1nak jav\u00edt\u00e1s\u00e1hoz, amely 30 g-os monofil sz\u00e1lakat tartalmaz, amelyek gyeng\u00e9d kollag\u00e9nstimul\u00e1ci\u00f3ra \u00e9s a finom r\u00e1ncok kisim\u00edt\u00e1s\u00e1ra szolg\u00e1lnak.","robots":{"index":"index","follow":"follow","max-snippet":"max-snippet:-1","max-image-preview":"max-image-preview:large","max-video-preview":"max-video-preview:-1"},"canonical":"https:\/\/kinamihealth.com\/hu\/wp-json\/wp\/v2\/product\/117337","og_locale":"hu_HU","og_type":"article","og_title":"Shop OnlinV\u00e1s\u00e1roljon Intraline Mono M3038 - 30G 38mm\/50mm online most","og_description":"Rendeljen INTRALINE\u00ae MONO M3038 term\u00e9ket a b\u0151r t\u00f3nus\u00e1nak \u00e9s rugalmass\u00e1g\u00e1nak jav\u00edt\u00e1s\u00e1hoz, amely 30 g-os monofil sz\u00e1lakat tartalmaz, amelyek gyeng\u00e9d kollag\u00e9nstimul\u00e1ci\u00f3ra \u00e9s a finom r\u00e1ncok kisim\u00edt\u00e1s\u00e1ra szolg\u00e1lnak.","og_url":"https:\/\/kinamihealth.com\/hu\/termek\/intraline-mono-m3038-30g-38mm-50mm\/","og_site_name":"Kinami Health","article_modified_time":"2025-11-18T21:16:33+00:00","og_image":[{"width":800,"height":800,"url":"https:\/\/kinamihealth.com\/wp-content\/uploads\/2025\/02\/INTRALINE-M3038-01.jpg","type":"image\/jpeg"}],"twitter_card":"summary_large_image","twitter_misc":{"Becs\u00fclt olvas\u00e1si id\u0151":"1 perc"},"schema":{"@context":"https:\/\/schema.org","@graph":[{"@type":"WebPage","@id":"https:\/\/kinamihealth.com\/hu\/termek\/intraline-mono-m3038-30g-38mm-50mm\/","url":"https:\/\/kinamihealth.com\/hu\/termek\/intraline-mono-m3038-30g-38mm-50mm\/","name":"Shop OnlinV\u00e1s\u00e1roljon Intraline Mono M3038 - 30G 38mm\/50mm online most","isPartOf":{"@id":"https:\/\/kinamihealth.com\/#website"},"primaryImageOfPage":{"@id":"https:\/\/kinamihealth.com\/hu\/termek\/intraline-mono-m3038-30g-38mm-50mm\/#primaryimage"},"image":{"@id":"https:\/\/kinamihealth.com\/hu\/termek\/intraline-mono-m3038-30g-38mm-50mm\/#primaryimage"},"thumbnailUrl":"https:\/\/kinamihealth.com\/wp-content\/uploads\/2025\/02\/INTRALINE-M3038-01.jpg","datePublished":"2025-02-15T16:55:33+00:00","dateModified":"2025-11-18T21:16:33+00:00","description":"Rendeljen INTRALINE\u00ae MONO M3038 term\u00e9ket a b\u0151r t\u00f3nus\u00e1nak \u00e9s rugalmass\u00e1g\u00e1nak jav\u00edt\u00e1s\u00e1hoz, amely 30 g-os monofil sz\u00e1lakat tartalmaz, amelyek gyeng\u00e9d kollag\u00e9nstimul\u00e1ci\u00f3ra \u00e9s a finom r\u00e1ncok kisim\u00edt\u00e1s\u00e1ra szolg\u00e1lnak.","breadcrumb":{"@id":"https:\/\/kinamihealth.com\/hu\/termek\/intraline-mono-m3038-30g-38mm-50mm\/#breadcrumb"},"inLanguage":"hu","potentialAction":[{"@type":"ReadAction","target":["https:\/\/kinamihealth.com\/hu\/termek\/intraline-mono-m3038-30g-38mm-50mm\/"]}]},{"@type":"ImageObject","inLanguage":"hu","@id":"https:\/\/kinamihealth.com\/hu\/termek\/intraline-mono-m3038-30g-38mm-50mm\/#primaryimage","url":"https:\/\/kinamihealth.com\/wp-content\/uploads\/2025\/02\/INTRALINE-M3038-01.jpg","contentUrl":"https:\/\/kinamihealth.com\/wp-content\/uploads\/2025\/02\/INTRALINE-M3038-01.jpg","width":800,"height":800},{"@type":"BreadcrumbList","@id":"https:\/\/kinamihealth.com\/hu\/termek\/intraline-mono-m3038-30g-38mm-50mm\/#breadcrumb","itemListElement":[{"@type":"ListItem","position":1,"name":"Kezd\u0151lap","item":"https:\/\/kinamihealth.com\/"},{"@type":"ListItem","position":2,"name":"Bolt","item":"https:\/\/kinamihealth.com\/shop\/"},{"@type":"ListItem","position":3,"name":"INTRALINE\u00ae MONO M3038 &#8211; 30G 38mm\/50mm"}]},{"@type":"WebSite","@id":"https:\/\/kinamihealth.com\/#website","url":"https:\/\/kinamihealth.com\/","name":"Kinami Health","description":"","publisher":{"@id":"https:\/\/kinamihealth.com\/#organization"},"potentialAction":[{"@type":"SearchAction","target":{"@type":"EntryPoint","urlTemplate":"https:\/\/kinamihealth.com\/?s={search_term_string}"},"query-input":{"@type":"PropertyValueSpecification","valueRequired":true,"valueName":"search_term_string"}}],"inLanguage":"hu"},{"@type":"Organization","@id":"https:\/\/kinamihealth.com\/#organization","name":"Kinami Health","url":"https:\/\/kinamihealth.com\/","logo":{"@type":"ImageObject","inLanguage":"hu","@id":"https:\/\/kinamihealth.com\/#\/schema\/logo\/image\/","url":"https:\/\/kinamihealth.com\/wp-content\/uploads\/2025\/01\/KH_logo_black_2-1.png","contentUrl":"https:\/\/kinamihealth.com\/wp-content\/uploads\/2025\/01\/KH_logo_black_2-1.png","width":339,"height":34,"caption":"Kinami Health"},"image":{"@id":"https:\/\/kinamihealth.com\/#\/schema\/logo\/image\/"}}]}},"_links":{"self":[{"href":"https:\/\/kinamihealth.com\/hu\/wp-json\/wp\/v2\/product\/117337","targetHints":{"allow":["GET"]}}],"collection":[{"href":"https:\/\/kinamihealth.com\/hu\/wp-json\/wp\/v2\/product"}],"about":[{"href":"https:\/\/kinamihealth.com\/hu\/wp-json\/wp\/v2\/types\/product"}],"replies":[{"embeddable":true,"href":"https:\/\/kinamihealth.com\/hu\/wp-json\/wp\/v2\/comments?post=117337"}],"version-history":[{"count":0,"href":"https:\/\/kinamihealth.com\/hu\/wp-json\/wp\/v2\/product\/117337\/revisions"}],"wp:featuredmedia":[{"embeddable":true,"href":"https:\/\/kinamihealth.com\/hu\/wp-json\/wp\/v2\/media\/117338"}],"wp:attachment":[{"href":"https:\/\/kinamihealth.com\/hu\/wp-json\/wp\/v2\/media?parent=117337"}],"wp:term":[{"taxonomy":"product_brand","embeddable":true,"href":"https:\/\/kinamihealth.com\/hu\/wp-json\/wp\/v2\/product_brand?post=117337"},{"taxonomy":"product_cat","embeddable":true,"href":"https:\/\/kinamihealth.com\/hu\/wp-json\/wp\/v2\/product_cat?post=117337"},{"taxonomy":"product_tag","embeddable":true,"href":"https:\/\/kinamihealth.com\/hu\/wp-json\/wp\/v2\/product_tag?post=117337"}],"curies":[{"name":"wp","href":"https:\/\/api.w.org\/{rel}","templated":true}]}}