{"id":117226,"date":"2025-02-15T16:55:29","date_gmt":"2025-02-15T16:55:29","guid":{"rendered":"https:\/\/kinamihealth.com\/product\/intraline-m3-plus\/"},"modified":"2025-11-18T21:38:14","modified_gmt":"2025-11-18T21:38:14","slug":"intraline-m3-plus","status":"publish","type":"product","link":"https:\/\/kinamihealth.com\/hu\/termek\/intraline-m3-plus\/","title":{"rendered":"INTRALINE\u00ae M3 PLUS"},"content":{"rendered":"<p>Az Intraline M3 Plus lidokainnal legink\u00e1bb az ajkak k\u00f6zepes \u00e9s m\u00e9ly r\u00e1ncai, az orr-sz\u00e1j r\u00e1ncok, a marionettr\u00e1ncok \u00e9s az \u00e1ll r\u00e1ncai kezel\u00e9s\u00e9re alkalmas.<\/p>\n","protected":false},"excerpt":{"rendered":"<p>Az Intraline M3 Plus lidokainnal legink\u00e1bb az ajkak k\u00f6zepes \u00e9s m\u00e9ly r\u00e1ncai, az orr-sz\u00e1j r\u00e1ncok, a marionettr\u00e1ncok \u00e9s az \u00e1ll r\u00e1ncai kezel\u00e9s\u00e9re alkalmas.<\/p>\n","protected":false},"featured_media":117227,"comment_status":"closed","ping_status":"closed","template":"","meta":{"_acf_changed":false,"inline_featured_image":false},"product_brand":[2238],"product_cat":[2997,3002],"product_tag":[2979],"class_list":{"0":"post-117226","1":"product","2":"type-product","3":"status-publish","4":"has-post-thumbnail","6":"product_brand-intraline","7":"product_cat-dermalis-toltoanyagok","8":"product_cat-ha-borfeltoltok","9":"product_tag-orvostechnikai-eszkozok","11":"first","12":"instock","13":"taxable","14":"shipping-taxable","15":"purchasable","16":"product-type-simple","17":"add-to-wishlist-before_image"},"acf":[],"yoast_head":"<!-- This site is optimized with the Yoast SEO plugin v27.5 - https:\/\/yoast.com\/product\/yoast-seo-wordpress\/ -->\n<title>V\u00e1s\u00e1roljon INTRALINE\u00ae M3 PLUS-t online<\/title>\n<meta name=\"description\" content=\"V\u00e1s\u00e1rolja meg online az Intraline M3 Plus term\u00e9ket k\u00f6zepes \u00e9s m\u00e9ly r\u00e1ncok kezel\u00e9s\u00e9re, az ajkak kiemel\u00e9s\u00e9re \u00e9s az arcvon\u00e1sok kont\u00faroz\u00e1s\u00e1ra. Rendelje meg most a Kinami Health weboldal\u00e1n.\" \/>\n<meta name=\"robots\" content=\"index, follow, max-snippet:-1, max-image-preview:large, max-video-preview:-1\" \/>\n<link rel=\"canonical\" href=\"https:\/\/kinamihealth.com\/hu\/wp-json\/wp\/v2\/product\/117226\" \/>\n<meta property=\"og:locale\" content=\"hu_HU\" \/>\n<meta property=\"og:type\" content=\"article\" \/>\n<meta property=\"og:title\" content=\"V\u00e1s\u00e1roljon INTRALINE\u00ae M3 PLUS-t online\" \/>\n<meta property=\"og:description\" content=\"V\u00e1s\u00e1rolja meg online az Intraline M3 Plus term\u00e9ket k\u00f6zepes \u00e9s m\u00e9ly r\u00e1ncok kezel\u00e9s\u00e9re, az ajkak kiemel\u00e9s\u00e9re \u00e9s az arcvon\u00e1sok kont\u00faroz\u00e1s\u00e1ra. Rendelje meg most a Kinami Health weboldal\u00e1n.\" \/>\n<meta property=\"og:url\" content=\"https:\/\/kinamihealth.com\/hu\/termek\/intraline-m3-plus\/\" \/>\n<meta property=\"og:site_name\" content=\"Kinami Health\" \/>\n<meta property=\"article:modified_time\" content=\"2025-11-18T21:38:14+00:00\" \/>\n<meta property=\"og:image\" content=\"https:\/\/kinamihealth.com\/wp-content\/uploads\/2025\/02\/INTRALINE-M3-PLUS-01.jpg\" \/>\n\t<meta property=\"og:image:width\" content=\"800\" \/>\n\t<meta property=\"og:image:height\" content=\"800\" \/>\n\t<meta property=\"og:image:type\" content=\"image\/jpeg\" \/>\n<meta name=\"twitter:card\" content=\"summary_large_image\" \/>\n<meta name=\"twitter:label1\" content=\"Becs\u00fclt olvas\u00e1si id\u0151\" \/>\n\t<meta name=\"twitter:data1\" content=\"1 perc\" \/>\n<!-- \/ Yoast SEO plugin. -->","yoast_head_json":{"title":"V\u00e1s\u00e1roljon INTRALINE\u00ae M3 PLUS-t online","description":"V\u00e1s\u00e1rolja meg online az Intraline M3 Plus term\u00e9ket k\u00f6zepes \u00e9s m\u00e9ly r\u00e1ncok kezel\u00e9s\u00e9re, az ajkak kiemel\u00e9s\u00e9re \u00e9s az arcvon\u00e1sok kont\u00faroz\u00e1s\u00e1ra. Rendelje meg most a Kinami Health weboldal\u00e1n.","robots":{"index":"index","follow":"follow","max-snippet":"max-snippet:-1","max-image-preview":"max-image-preview:large","max-video-preview":"max-video-preview:-1"},"canonical":"https:\/\/kinamihealth.com\/hu\/wp-json\/wp\/v2\/product\/117226","og_locale":"hu_HU","og_type":"article","og_title":"V\u00e1s\u00e1roljon INTRALINE\u00ae M3 PLUS-t online","og_description":"V\u00e1s\u00e1rolja meg online az Intraline M3 Plus term\u00e9ket k\u00f6zepes \u00e9s m\u00e9ly r\u00e1ncok kezel\u00e9s\u00e9re, az ajkak kiemel\u00e9s\u00e9re \u00e9s az arcvon\u00e1sok kont\u00faroz\u00e1s\u00e1ra. Rendelje meg most a Kinami Health weboldal\u00e1n.","og_url":"https:\/\/kinamihealth.com\/hu\/termek\/intraline-m3-plus\/","og_site_name":"Kinami Health","article_modified_time":"2025-11-18T21:38:14+00:00","og_image":[{"width":800,"height":800,"url":"https:\/\/kinamihealth.com\/wp-content\/uploads\/2025\/02\/INTRALINE-M3-PLUS-01.jpg","type":"image\/jpeg"}],"twitter_card":"summary_large_image","twitter_misc":{"Becs\u00fclt olvas\u00e1si id\u0151":"1 perc"},"schema":{"@context":"https:\/\/schema.org","@graph":[{"@type":"WebPage","@id":"https:\/\/kinamihealth.com\/hu\/termek\/intraline-m3-plus\/","url":"https:\/\/kinamihealth.com\/hu\/termek\/intraline-m3-plus\/","name":"V\u00e1s\u00e1roljon INTRALINE\u00ae M3 PLUS-t online","isPartOf":{"@id":"https:\/\/kinamihealth.com\/#website"},"primaryImageOfPage":{"@id":"https:\/\/kinamihealth.com\/hu\/termek\/intraline-m3-plus\/#primaryimage"},"image":{"@id":"https:\/\/kinamihealth.com\/hu\/termek\/intraline-m3-plus\/#primaryimage"},"thumbnailUrl":"https:\/\/kinamihealth.com\/wp-content\/uploads\/2025\/02\/INTRALINE-M3-PLUS-01.jpg","datePublished":"2025-02-15T16:55:29+00:00","dateModified":"2025-11-18T21:38:14+00:00","description":"V\u00e1s\u00e1rolja meg online az Intraline M3 Plus term\u00e9ket k\u00f6zepes \u00e9s m\u00e9ly r\u00e1ncok kezel\u00e9s\u00e9re, az ajkak kiemel\u00e9s\u00e9re \u00e9s az arcvon\u00e1sok kont\u00faroz\u00e1s\u00e1ra. Rendelje meg most a Kinami Health weboldal\u00e1n.","breadcrumb":{"@id":"https:\/\/kinamihealth.com\/hu\/termek\/intraline-m3-plus\/#breadcrumb"},"inLanguage":"hu","potentialAction":[{"@type":"ReadAction","target":["https:\/\/kinamihealth.com\/hu\/termek\/intraline-m3-plus\/"]}]},{"@type":"ImageObject","inLanguage":"hu","@id":"https:\/\/kinamihealth.com\/hu\/termek\/intraline-m3-plus\/#primaryimage","url":"https:\/\/kinamihealth.com\/wp-content\/uploads\/2025\/02\/INTRALINE-M3-PLUS-01.jpg","contentUrl":"https:\/\/kinamihealth.com\/wp-content\/uploads\/2025\/02\/INTRALINE-M3-PLUS-01.jpg","width":800,"height":800},{"@type":"BreadcrumbList","@id":"https:\/\/kinamihealth.com\/hu\/termek\/intraline-m3-plus\/#breadcrumb","itemListElement":[{"@type":"ListItem","position":1,"name":"Kezd\u0151lap","item":"https:\/\/kinamihealth.com\/"},{"@type":"ListItem","position":2,"name":"Bolt","item":"https:\/\/kinamihealth.com\/shop\/"},{"@type":"ListItem","position":3,"name":"INTRALINE\u00ae M3 PLUS"}]},{"@type":"WebSite","@id":"https:\/\/kinamihealth.com\/#website","url":"https:\/\/kinamihealth.com\/","name":"Kinami Health","description":"","publisher":{"@id":"https:\/\/kinamihealth.com\/#organization"},"potentialAction":[{"@type":"SearchAction","target":{"@type":"EntryPoint","urlTemplate":"https:\/\/kinamihealth.com\/?s={search_term_string}"},"query-input":{"@type":"PropertyValueSpecification","valueRequired":true,"valueName":"search_term_string"}}],"inLanguage":"hu"},{"@type":"Organization","@id":"https:\/\/kinamihealth.com\/#organization","name":"Kinami Health","url":"https:\/\/kinamihealth.com\/","logo":{"@type":"ImageObject","inLanguage":"hu","@id":"https:\/\/kinamihealth.com\/#\/schema\/logo\/image\/","url":"https:\/\/kinamihealth.com\/wp-content\/uploads\/2025\/01\/KH_logo_black_2-1.png","contentUrl":"https:\/\/kinamihealth.com\/wp-content\/uploads\/2025\/01\/KH_logo_black_2-1.png","width":339,"height":34,"caption":"Kinami Health"},"image":{"@id":"https:\/\/kinamihealth.com\/#\/schema\/logo\/image\/"}}]}},"_links":{"self":[{"href":"https:\/\/kinamihealth.com\/hu\/wp-json\/wp\/v2\/product\/117226","targetHints":{"allow":["GET"]}}],"collection":[{"href":"https:\/\/kinamihealth.com\/hu\/wp-json\/wp\/v2\/product"}],"about":[{"href":"https:\/\/kinamihealth.com\/hu\/wp-json\/wp\/v2\/types\/product"}],"replies":[{"embeddable":true,"href":"https:\/\/kinamihealth.com\/hu\/wp-json\/wp\/v2\/comments?post=117226"}],"version-history":[{"count":0,"href":"https:\/\/kinamihealth.com\/hu\/wp-json\/wp\/v2\/product\/117226\/revisions"}],"wp:featuredmedia":[{"embeddable":true,"href":"https:\/\/kinamihealth.com\/hu\/wp-json\/wp\/v2\/media\/117227"}],"wp:attachment":[{"href":"https:\/\/kinamihealth.com\/hu\/wp-json\/wp\/v2\/media?parent=117226"}],"wp:term":[{"taxonomy":"product_brand","embeddable":true,"href":"https:\/\/kinamihealth.com\/hu\/wp-json\/wp\/v2\/product_brand?post=117226"},{"taxonomy":"product_cat","embeddable":true,"href":"https:\/\/kinamihealth.com\/hu\/wp-json\/wp\/v2\/product_cat?post=117226"},{"taxonomy":"product_tag","embeddable":true,"href":"https:\/\/kinamihealth.com\/hu\/wp-json\/wp\/v2\/product_tag?post=117226"}],"curies":[{"name":"wp","href":"https:\/\/api.w.org\/{rel}","templated":true}]}}