{"id":117216,"date":"2025-02-15T16:55:23","date_gmt":"2025-02-15T16:55:23","guid":{"rendered":"https:\/\/kinamihealth.com\/product\/hialuronidaz-1500-ne-5-injekcios-uveg\/"},"modified":"2025-11-19T20:34:11","modified_gmt":"2025-11-19T20:34:11","slug":"hialuronidaz-1500-ne-5-injekcios-uveg","status":"publish","type":"product","link":"https:\/\/kinamihealth.com\/hu\/termek\/hialuronidaz-1500-ne-5-injekcios-uveg\/","title":{"rendered":"Hialuronid\u00e1z 1500iu 5 ampulla v\u00e1s\u00e1rl\u00e1sa"},"content":{"rendered":"<p>A hialuronid\u00e1z egy enzim, amely k\u00fcl\u00f6n\u00f6sen hat\u00e9kony a cellulitiszhez kapcsol\u00f3d\u00f3 fibr\u00f3zis kezel\u00e9s\u00e9ben. Ez az akt\u00edv \u00f6sszetev\u0151 elt\u00e1vol\u00edtja a visszatartott folyad\u00e9kot \u00e9s cs\u00f6kkenti az adipocit\u00e1k t\u00e9rfogat\u00e1t. Striae, hegek \u00e9s cellulitisz kezel\u00e9s\u00e9re haszn\u00e1lj\u00e1k.<\/p>\n","protected":false},"excerpt":{"rendered":"<p>A hialuronid\u00e1z egy enzim, amely k\u00fcl\u00f6n\u00f6sen hat\u00e9kony a cellulitiszhez kapcsol\u00f3d\u00f3 fibr\u00f3zis kezel\u00e9s\u00e9ben. Ez az akt\u00edv \u00f6sszetev\u0151 elt\u00e1vol\u00edtja a visszatartott folyad\u00e9kot \u00e9s cs\u00f6kkenti az adipocit\u00e1k t\u00e9rfogat\u00e1t. Striae, hegek \u00e9s cellulitisz kezel\u00e9s\u00e9re haszn\u00e1lj\u00e1k.<\/p>\n","protected":false},"featured_media":117217,"comment_status":"closed","ping_status":"closed","template":"","meta":{"_acf_changed":false,"inline_featured_image":false},"product_brand":[2228],"product_cat":[3102],"product_tag":[2979],"class_list":{"0":"post-117216","1":"product","2":"type-product","3":"status-publish","4":"has-post-thumbnail","6":"product_brand-bcn","7":"product_cat-mezoterapia","8":"product_tag-orvostechnikai-eszkozok","10":"first","11":"instock","12":"taxable","13":"shipping-taxable","14":"purchasable","15":"product-type-simple","16":"add-to-wishlist-before_image"},"acf":[],"yoast_head":"<!-- This site is optimized with the Yoast SEO plugin v27.3 - https:\/\/yoast.com\/product\/yoast-seo-wordpress\/ -->\n<title>V\u00e1s\u00e1roljon HYALURONIDASE 1500iu 5 ampull\u00e1t online<\/title>\n<meta name=\"description\" content=\"V\u00e1s\u00e1roljon HYALURONIDASE 1500iu 5 ampull\u00e1t online, hogy gyors \u00e9s hat\u00e9kony hialuronsav-korrekci\u00f3t v\u00e9gezzen, amelyben a szakemberek is megb\u00edznak a biztons\u00e1gos eszt\u00e9tikai beavatkoz\u00e1sokhoz.\" \/>\n<meta name=\"robots\" content=\"index, follow, max-snippet:-1, max-image-preview:large, max-video-preview:-1\" \/>\n<link rel=\"canonical\" href=\"https:\/\/kinamihealth.com\/hu\/wp-json\/wp\/v2\/product\/117216\" \/>\n<meta property=\"og:locale\" content=\"hu_HU\" \/>\n<meta property=\"og:type\" content=\"article\" \/>\n<meta property=\"og:title\" content=\"V\u00e1s\u00e1roljon HYALURONIDASE 1500iu 5 ampull\u00e1t online\" \/>\n<meta property=\"og:description\" content=\"V\u00e1s\u00e1roljon HYALURONIDASE 1500iu 5 ampull\u00e1t online, hogy gyors \u00e9s hat\u00e9kony hialuronsav-korrekci\u00f3t v\u00e9gezzen, amelyben a szakemberek is megb\u00edznak a biztons\u00e1gos eszt\u00e9tikai beavatkoz\u00e1sokhoz.\" \/>\n<meta property=\"og:url\" content=\"https:\/\/kinamihealth.com\/hu\/termek\/hialuronidaz-1500-ne-5-injekcios-uveg\/\" \/>\n<meta property=\"og:site_name\" content=\"Kinami Health\" \/>\n<meta property=\"article:modified_time\" content=\"2025-11-19T20:34:11+00:00\" \/>\n<meta property=\"og:image\" content=\"https:\/\/kinamihealth.com\/wp-content\/uploads\/2025\/02\/BCN-HYALURONIDASE-1500-UI-01.jpg\" \/>\n\t<meta property=\"og:image:width\" content=\"800\" \/>\n\t<meta property=\"og:image:height\" content=\"800\" \/>\n\t<meta property=\"og:image:type\" content=\"image\/jpeg\" \/>\n<meta name=\"twitter:card\" content=\"summary_large_image\" \/>\n<meta name=\"twitter:label1\" content=\"Becs\u00fclt olvas\u00e1si id\u0151\" \/>\n\t<meta name=\"twitter:data1\" content=\"1 perc\" \/>\n<!-- \/ Yoast SEO plugin. -->","yoast_head_json":{"title":"V\u00e1s\u00e1roljon HYALURONIDASE 1500iu 5 ampull\u00e1t online","description":"V\u00e1s\u00e1roljon HYALURONIDASE 1500iu 5 ampull\u00e1t online, hogy gyors \u00e9s hat\u00e9kony hialuronsav-korrekci\u00f3t v\u00e9gezzen, amelyben a szakemberek is megb\u00edznak a biztons\u00e1gos eszt\u00e9tikai beavatkoz\u00e1sokhoz.","robots":{"index":"index","follow":"follow","max-snippet":"max-snippet:-1","max-image-preview":"max-image-preview:large","max-video-preview":"max-video-preview:-1"},"canonical":"https:\/\/kinamihealth.com\/hu\/wp-json\/wp\/v2\/product\/117216","og_locale":"hu_HU","og_type":"article","og_title":"V\u00e1s\u00e1roljon HYALURONIDASE 1500iu 5 ampull\u00e1t online","og_description":"V\u00e1s\u00e1roljon HYALURONIDASE 1500iu 5 ampull\u00e1t online, hogy gyors \u00e9s hat\u00e9kony hialuronsav-korrekci\u00f3t v\u00e9gezzen, amelyben a szakemberek is megb\u00edznak a biztons\u00e1gos eszt\u00e9tikai beavatkoz\u00e1sokhoz.","og_url":"https:\/\/kinamihealth.com\/hu\/termek\/hialuronidaz-1500-ne-5-injekcios-uveg\/","og_site_name":"Kinami Health","article_modified_time":"2025-11-19T20:34:11+00:00","og_image":[{"width":800,"height":800,"url":"https:\/\/kinamihealth.com\/wp-content\/uploads\/2025\/02\/BCN-HYALURONIDASE-1500-UI-01.jpg","type":"image\/jpeg"}],"twitter_card":"summary_large_image","twitter_misc":{"Becs\u00fclt olvas\u00e1si id\u0151":"1 perc"},"schema":{"@context":"https:\/\/schema.org","@graph":[{"@type":"WebPage","@id":"https:\/\/kinamihealth.com\/hu\/termek\/hialuronidaz-1500-ne-5-injekcios-uveg\/","url":"https:\/\/kinamihealth.com\/hu\/termek\/hialuronidaz-1500-ne-5-injekcios-uveg\/","name":"V\u00e1s\u00e1roljon HYALURONIDASE 1500iu 5 ampull\u00e1t online","isPartOf":{"@id":"https:\/\/kinamihealth.com\/#website"},"primaryImageOfPage":{"@id":"https:\/\/kinamihealth.com\/hu\/termek\/hialuronidaz-1500-ne-5-injekcios-uveg\/#primaryimage"},"image":{"@id":"https:\/\/kinamihealth.com\/hu\/termek\/hialuronidaz-1500-ne-5-injekcios-uveg\/#primaryimage"},"thumbnailUrl":"https:\/\/kinamihealth.com\/wp-content\/uploads\/2025\/02\/BCN-HYALURONIDASE-1500-UI-01.jpg","datePublished":"2025-02-15T16:55:23+00:00","dateModified":"2025-11-19T20:34:11+00:00","description":"V\u00e1s\u00e1roljon HYALURONIDASE 1500iu 5 ampull\u00e1t online, hogy gyors \u00e9s hat\u00e9kony hialuronsav-korrekci\u00f3t v\u00e9gezzen, amelyben a szakemberek is megb\u00edznak a biztons\u00e1gos eszt\u00e9tikai beavatkoz\u00e1sokhoz.","breadcrumb":{"@id":"https:\/\/kinamihealth.com\/hu\/termek\/hialuronidaz-1500-ne-5-injekcios-uveg\/#breadcrumb"},"inLanguage":"hu","potentialAction":[{"@type":"ReadAction","target":["https:\/\/kinamihealth.com\/hu\/termek\/hialuronidaz-1500-ne-5-injekcios-uveg\/"]}]},{"@type":"ImageObject","inLanguage":"hu","@id":"https:\/\/kinamihealth.com\/hu\/termek\/hialuronidaz-1500-ne-5-injekcios-uveg\/#primaryimage","url":"https:\/\/kinamihealth.com\/wp-content\/uploads\/2025\/02\/BCN-HYALURONIDASE-1500-UI-01.jpg","contentUrl":"https:\/\/kinamihealth.com\/wp-content\/uploads\/2025\/02\/BCN-HYALURONIDASE-1500-UI-01.jpg","width":800,"height":800},{"@type":"BreadcrumbList","@id":"https:\/\/kinamihealth.com\/hu\/termek\/hialuronidaz-1500-ne-5-injekcios-uveg\/#breadcrumb","itemListElement":[{"@type":"ListItem","position":1,"name":"Kezd\u0151lap","item":"https:\/\/kinamihealth.com\/"},{"@type":"ListItem","position":2,"name":"Bolt","item":"https:\/\/kinamihealth.com\/shop\/"},{"@type":"ListItem","position":3,"name":"Hialuronid\u00e1z 1500iu 5 ampulla v\u00e1s\u00e1rl\u00e1sa"}]},{"@type":"WebSite","@id":"https:\/\/kinamihealth.com\/#website","url":"https:\/\/kinamihealth.com\/","name":"Kinami Health","description":"","publisher":{"@id":"https:\/\/kinamihealth.com\/#organization"},"potentialAction":[{"@type":"SearchAction","target":{"@type":"EntryPoint","urlTemplate":"https:\/\/kinamihealth.com\/?s={search_term_string}"},"query-input":{"@type":"PropertyValueSpecification","valueRequired":true,"valueName":"search_term_string"}}],"inLanguage":"hu"},{"@type":"Organization","@id":"https:\/\/kinamihealth.com\/#organization","name":"Kinami Health","url":"https:\/\/kinamihealth.com\/","logo":{"@type":"ImageObject","inLanguage":"hu","@id":"https:\/\/kinamihealth.com\/#\/schema\/logo\/image\/","url":"https:\/\/kinamihealth.com\/wp-content\/uploads\/2025\/01\/KH_logo_black_2-1.png","contentUrl":"https:\/\/kinamihealth.com\/wp-content\/uploads\/2025\/01\/KH_logo_black_2-1.png","width":339,"height":34,"caption":"Kinami Health"},"image":{"@id":"https:\/\/kinamihealth.com\/#\/schema\/logo\/image\/"}}]}},"_links":{"self":[{"href":"https:\/\/kinamihealth.com\/hu\/wp-json\/wp\/v2\/product\/117216","targetHints":{"allow":["GET"]}}],"collection":[{"href":"https:\/\/kinamihealth.com\/hu\/wp-json\/wp\/v2\/product"}],"about":[{"href":"https:\/\/kinamihealth.com\/hu\/wp-json\/wp\/v2\/types\/product"}],"replies":[{"embeddable":true,"href":"https:\/\/kinamihealth.com\/hu\/wp-json\/wp\/v2\/comments?post=117216"}],"version-history":[{"count":0,"href":"https:\/\/kinamihealth.com\/hu\/wp-json\/wp\/v2\/product\/117216\/revisions"}],"wp:featuredmedia":[{"embeddable":true,"href":"https:\/\/kinamihealth.com\/hu\/wp-json\/wp\/v2\/media\/117217"}],"wp:attachment":[{"href":"https:\/\/kinamihealth.com\/hu\/wp-json\/wp\/v2\/media?parent=117216"}],"wp:term":[{"taxonomy":"product_brand","embeddable":true,"href":"https:\/\/kinamihealth.com\/hu\/wp-json\/wp\/v2\/product_brand?post=117216"},{"taxonomy":"product_cat","embeddable":true,"href":"https:\/\/kinamihealth.com\/hu\/wp-json\/wp\/v2\/product_cat?post=117216"},{"taxonomy":"product_tag","embeddable":true,"href":"https:\/\/kinamihealth.com\/hu\/wp-json\/wp\/v2\/product_tag?post=117216"}],"curies":[{"name":"wp","href":"https:\/\/api.w.org\/{rel}","templated":true}]}}