{"id":117204,"date":"2025-02-15T16:55:23","date_gmt":"2025-02-15T16:55:23","guid":{"rendered":"https:\/\/kinamihealth.com\/product\/mediderma-hylanses-md-cleanser-mousse-habos-krem\/"},"modified":"2025-11-19T20:30:46","modified_gmt":"2025-11-19T20:30:46","slug":"mediderma-hylanses-md-cleanser-mousse-habos-krem","status":"publish","type":"product","link":"https:\/\/kinamihealth.com\/hu\/termek\/mediderma-hylanses-md-cleanser-mousse-habos-krem\/","title":{"rendered":"MEDIDERMA\u00ae HYLANSES MD CLEANSER MOUSSE (habos kr\u00e9m)"},"content":{"rendered":"<p>A HYLANSES MD CLEANSER MOUSSE egy magas toleranci\u00e1j\u00fa, szappanmentes habos kr\u00e9m, amely minden b\u0151rt\u00edpus napi tiszt\u00edt\u00e1s\u00e1ra alkalmas. Aloe-kamilla-zabpehely-triklozan<\/p>\n","protected":false},"excerpt":{"rendered":"<p>A HYLANSES MD CLEANSER MOUSSE egy magas toleranci\u00e1j\u00fa, szappanmentes habos kr\u00e9m, amely minden b\u0151rt\u00edpus napi tiszt\u00edt\u00e1s\u00e1ra alkalmas. Aloe-kamilla-zabpehely-triklozan<\/p>\n","protected":false},"featured_media":117205,"comment_status":"closed","ping_status":"closed","template":"","meta":{"_acf_changed":false,"inline_featured_image":false},"product_brand":[2846],"product_cat":[2991],"product_tag":[2979],"class_list":{"0":"post-117204","1":"product","2":"type-product","3":"status-publish","4":"has-post-thumbnail","6":"product_brand-mediderma","7":"product_cat-borapolas","8":"product_tag-orvostechnikai-eszkozok","10":"first","11":"instock","12":"taxable","13":"shipping-taxable","14":"purchasable","15":"product-type-simple","16":"add-to-wishlist-before_image"},"acf":[],"yoast_head":"<!-- This site is optimized with the Yoast SEO plugin v27.1.1 - https:\/\/yoast.com\/product\/yoast-seo-wordpress\/ -->\n<title>V\u00e1s\u00e1roljon HYLANSES MD CLEANSER MOUSSE 200 ml<\/title>\n<meta name=\"description\" content=\"V\u00e1s\u00e1rolja meg online a HYLANSES MD CLEANSER MOUSSE 200 ml term\u00e9ket, \u00e9s haszn\u00e1lja ezt az antibakteri\u00e1lis, habz\u00f3 kr\u00e9met az arc napi tiszt\u00edt\u00e1s\u00e1hoz.\" \/>\n<meta name=\"robots\" content=\"index, follow, max-snippet:-1, max-image-preview:large, max-video-preview:-1\" \/>\n<link rel=\"canonical\" href=\"https:\/\/kinamihealth.com\/hu\/wp-json\/wp\/v2\/product\/117204\" \/>\n<meta property=\"og:locale\" content=\"hu_HU\" \/>\n<meta property=\"og:type\" content=\"article\" \/>\n<meta property=\"og:title\" content=\"V\u00e1s\u00e1roljon HYLANSES MD CLEANSER MOUSSE 200 ml\" \/>\n<meta property=\"og:description\" content=\"V\u00e1s\u00e1rolja meg online a HYLANSES MD CLEANSER MOUSSE 200 ml term\u00e9ket, \u00e9s haszn\u00e1lja ezt az antibakteri\u00e1lis, habz\u00f3 kr\u00e9met az arc napi tiszt\u00edt\u00e1s\u00e1hoz.\" \/>\n<meta property=\"og:url\" content=\"https:\/\/kinamihealth.com\/hu\/termek\/mediderma-hylanses-md-cleanser-mousse-habos-krem\/\" \/>\n<meta property=\"og:site_name\" content=\"Kinami Health\" \/>\n<meta property=\"article:modified_time\" content=\"2025-11-19T20:30:46+00:00\" \/>\n<meta property=\"og:image\" content=\"https:\/\/kinamihealth.com\/wp-content\/uploads\/2025\/02\/MEDIDERMA-HYLANSES-MD-CLEANSER-MOUSSE-01.jpg\" \/>\n\t<meta property=\"og:image:width\" content=\"800\" \/>\n\t<meta property=\"og:image:height\" content=\"800\" \/>\n\t<meta property=\"og:image:type\" content=\"image\/jpeg\" \/>\n<meta name=\"twitter:card\" content=\"summary_large_image\" \/>\n<meta name=\"twitter:label1\" content=\"Becs\u00fclt olvas\u00e1si id\u0151\" \/>\n\t<meta name=\"twitter:data1\" content=\"1 perc\" \/>\n<!-- \/ Yoast SEO plugin. -->","yoast_head_json":{"title":"V\u00e1s\u00e1roljon HYLANSES MD CLEANSER MOUSSE 200 ml","description":"V\u00e1s\u00e1rolja meg online a HYLANSES MD CLEANSER MOUSSE 200 ml term\u00e9ket, \u00e9s haszn\u00e1lja ezt az antibakteri\u00e1lis, habz\u00f3 kr\u00e9met az arc napi tiszt\u00edt\u00e1s\u00e1hoz.","robots":{"index":"index","follow":"follow","max-snippet":"max-snippet:-1","max-image-preview":"max-image-preview:large","max-video-preview":"max-video-preview:-1"},"canonical":"https:\/\/kinamihealth.com\/hu\/wp-json\/wp\/v2\/product\/117204","og_locale":"hu_HU","og_type":"article","og_title":"V\u00e1s\u00e1roljon HYLANSES MD CLEANSER MOUSSE 200 ml","og_description":"V\u00e1s\u00e1rolja meg online a HYLANSES MD CLEANSER MOUSSE 200 ml term\u00e9ket, \u00e9s haszn\u00e1lja ezt az antibakteri\u00e1lis, habz\u00f3 kr\u00e9met az arc napi tiszt\u00edt\u00e1s\u00e1hoz.","og_url":"https:\/\/kinamihealth.com\/hu\/termek\/mediderma-hylanses-md-cleanser-mousse-habos-krem\/","og_site_name":"Kinami Health","article_modified_time":"2025-11-19T20:30:46+00:00","og_image":[{"width":800,"height":800,"url":"https:\/\/kinamihealth.com\/wp-content\/uploads\/2025\/02\/MEDIDERMA-HYLANSES-MD-CLEANSER-MOUSSE-01.jpg","type":"image\/jpeg"}],"twitter_card":"summary_large_image","twitter_misc":{"Becs\u00fclt olvas\u00e1si id\u0151":"1 perc"},"schema":{"@context":"https:\/\/schema.org","@graph":[{"@type":"WebPage","@id":"https:\/\/kinamihealth.com\/hu\/termek\/mediderma-hylanses-md-cleanser-mousse-habos-krem\/","url":"https:\/\/kinamihealth.com\/hu\/termek\/mediderma-hylanses-md-cleanser-mousse-habos-krem\/","name":"V\u00e1s\u00e1roljon HYLANSES MD CLEANSER MOUSSE 200 ml","isPartOf":{"@id":"https:\/\/kinamihealth.com\/#website"},"primaryImageOfPage":{"@id":"https:\/\/kinamihealth.com\/hu\/termek\/mediderma-hylanses-md-cleanser-mousse-habos-krem\/#primaryimage"},"image":{"@id":"https:\/\/kinamihealth.com\/hu\/termek\/mediderma-hylanses-md-cleanser-mousse-habos-krem\/#primaryimage"},"thumbnailUrl":"https:\/\/kinamihealth.com\/wp-content\/uploads\/2025\/02\/MEDIDERMA-HYLANSES-MD-CLEANSER-MOUSSE-01.jpg","datePublished":"2025-02-15T16:55:23+00:00","dateModified":"2025-11-19T20:30:46+00:00","description":"V\u00e1s\u00e1rolja meg online a HYLANSES MD CLEANSER MOUSSE 200 ml term\u00e9ket, \u00e9s haszn\u00e1lja ezt az antibakteri\u00e1lis, habz\u00f3 kr\u00e9met az arc napi tiszt\u00edt\u00e1s\u00e1hoz.","breadcrumb":{"@id":"https:\/\/kinamihealth.com\/hu\/termek\/mediderma-hylanses-md-cleanser-mousse-habos-krem\/#breadcrumb"},"inLanguage":"hu","potentialAction":[{"@type":"ReadAction","target":["https:\/\/kinamihealth.com\/hu\/termek\/mediderma-hylanses-md-cleanser-mousse-habos-krem\/"]}]},{"@type":"ImageObject","inLanguage":"hu","@id":"https:\/\/kinamihealth.com\/hu\/termek\/mediderma-hylanses-md-cleanser-mousse-habos-krem\/#primaryimage","url":"https:\/\/kinamihealth.com\/wp-content\/uploads\/2025\/02\/MEDIDERMA-HYLANSES-MD-CLEANSER-MOUSSE-01.jpg","contentUrl":"https:\/\/kinamihealth.com\/wp-content\/uploads\/2025\/02\/MEDIDERMA-HYLANSES-MD-CLEANSER-MOUSSE-01.jpg","width":800,"height":800},{"@type":"BreadcrumbList","@id":"https:\/\/kinamihealth.com\/hu\/termek\/mediderma-hylanses-md-cleanser-mousse-habos-krem\/#breadcrumb","itemListElement":[{"@type":"ListItem","position":1,"name":"Kezd\u0151lap","item":"https:\/\/kinamihealth.com\/"},{"@type":"ListItem","position":2,"name":"Bolt","item":"https:\/\/kinamihealth.com\/shop\/"},{"@type":"ListItem","position":3,"name":"MEDIDERMA\u00ae HYLANSES MD CLEANSER MOUSSE (habos kr\u00e9m)"}]},{"@type":"WebSite","@id":"https:\/\/kinamihealth.com\/#website","url":"https:\/\/kinamihealth.com\/","name":"Kinami Health","description":"","publisher":{"@id":"https:\/\/kinamihealth.com\/#organization"},"potentialAction":[{"@type":"SearchAction","target":{"@type":"EntryPoint","urlTemplate":"https:\/\/kinamihealth.com\/?s={search_term_string}"},"query-input":{"@type":"PropertyValueSpecification","valueRequired":true,"valueName":"search_term_string"}}],"inLanguage":"hu"},{"@type":"Organization","@id":"https:\/\/kinamihealth.com\/#organization","name":"Kinami Health","url":"https:\/\/kinamihealth.com\/","logo":{"@type":"ImageObject","inLanguage":"hu","@id":"https:\/\/kinamihealth.com\/#\/schema\/logo\/image\/","url":"https:\/\/kinamihealth.com\/wp-content\/uploads\/2025\/01\/KH_logo_black_2-1.png","contentUrl":"https:\/\/kinamihealth.com\/wp-content\/uploads\/2025\/01\/KH_logo_black_2-1.png","width":339,"height":34,"caption":"Kinami Health"},"image":{"@id":"https:\/\/kinamihealth.com\/#\/schema\/logo\/image\/"}}]}},"_links":{"self":[{"href":"https:\/\/kinamihealth.com\/hu\/wp-json\/wp\/v2\/product\/117204","targetHints":{"allow":["GET"]}}],"collection":[{"href":"https:\/\/kinamihealth.com\/hu\/wp-json\/wp\/v2\/product"}],"about":[{"href":"https:\/\/kinamihealth.com\/hu\/wp-json\/wp\/v2\/types\/product"}],"replies":[{"embeddable":true,"href":"https:\/\/kinamihealth.com\/hu\/wp-json\/wp\/v2\/comments?post=117204"}],"version-history":[{"count":0,"href":"https:\/\/kinamihealth.com\/hu\/wp-json\/wp\/v2\/product\/117204\/revisions"}],"wp:featuredmedia":[{"embeddable":true,"href":"https:\/\/kinamihealth.com\/hu\/wp-json\/wp\/v2\/media\/117205"}],"wp:attachment":[{"href":"https:\/\/kinamihealth.com\/hu\/wp-json\/wp\/v2\/media?parent=117204"}],"wp:term":[{"taxonomy":"product_brand","embeddable":true,"href":"https:\/\/kinamihealth.com\/hu\/wp-json\/wp\/v2\/product_brand?post=117204"},{"taxonomy":"product_cat","embeddable":true,"href":"https:\/\/kinamihealth.com\/hu\/wp-json\/wp\/v2\/product_cat?post=117204"},{"taxonomy":"product_tag","embeddable":true,"href":"https:\/\/kinamihealth.com\/hu\/wp-json\/wp\/v2\/product_tag?post=117204"}],"curies":[{"name":"wp","href":"https:\/\/api.w.org\/{rel}","templated":true}]}}