{"id":117158,"date":"2025-02-15T16:57:22","date_gmt":"2025-02-15T16:57:22","guid":{"rendered":"https:\/\/kinamihealth.com\/product\/revofil-aquashine-ptx\/"},"modified":"2025-10-29T19:44:32","modified_gmt":"2025-10-29T19:44:32","slug":"revofil-aquashine-ptx","status":"publish","type":"product","link":"https:\/\/kinamihealth.com\/hu\/termek\/revofil-aquashine-ptx\/","title":{"rendered":"REVOFIL AQUASHINE PTX"},"content":{"rendered":"<p>A Revofil Aquashine BTX egy injekci\u00f3s derm\u00e1lis t\u00f6lt\u0151anyag \u00e9s b\u0151rfeszes\u00edt\u0151, amelyet mezoter\u00e1pi\u00e1ra sz\u00e1nnak. A Revofil Aquashine BTX seg\u00edt a r\u00e1ncos b\u0151rnek ellazulni, ez\u00e1ltal sim\u00e1v\u00e1 t\u00e9ve annak fel\u00fclet\u00e9t. A t\u00f6lt\u0151anyag seg\u00edthet a hiperpigment\u00e1ci\u00f3 korrekci\u00f3j\u00e1ban, \u00e9s a n\u00e1trium-hialuron\u00e1t v\u00edzmegtart\u00f3 tulajdons\u00e1gainak k\u00f6sz\u00f6nhet\u0151en hidrat\u00e1l\u00e1st biztos\u00edt.<\/p>\n","protected":false},"excerpt":{"rendered":"<p>A Revofil Aquashine BTX egy injekci\u00f3s derm\u00e1lis t\u00f6lt\u0151anyag \u00e9s b\u0151rfeszes\u00edt\u0151, amelyet mezoter\u00e1pi\u00e1ra sz\u00e1nnak. A Revofil Aquashine BTX seg\u00edt a r\u00e1ncos b\u0151rnek ellazulni, ez\u00e1ltal sim\u00e1v\u00e1 t\u00e9ve annak fel\u00fclet\u00e9t. A t\u00f6lt\u0151anyag seg\u00edthet a hiperpigment\u00e1ci\u00f3 korrekci\u00f3j\u00e1ban, \u00e9s a n\u00e1trium-hialuron\u00e1t v\u00edzmegtart\u00f3 tulajdons\u00e1gainak k\u00f6sz\u00f6nhet\u0151en hidrat\u00e1l\u00e1st biztos\u00edt.<\/p>\n","protected":false},"featured_media":117159,"comment_status":"closed","ping_status":"closed","template":"","meta":{"_acf_changed":false,"inline_featured_image":false},"product_brand":[2223],"product_cat":[2997,3002],"product_tag":[2979],"class_list":{"0":"post-117158","1":"product","2":"type-product","3":"status-publish","4":"has-post-thumbnail","6":"product_brand-revofil","7":"product_cat-dermalis-toltoanyagok","8":"product_cat-ha-borfeltoltok","9":"product_tag-orvostechnikai-eszkozok","11":"first","12":"instock","13":"taxable","14":"shipping-taxable","15":"purchasable","16":"product-type-simple","17":"add-to-wishlist-before_image"},"acf":[],"yoast_head":"<!-- This site is optimized with the Yoast SEO plugin v27.3 - https:\/\/yoast.com\/product\/yoast-seo-wordpress\/ -->\n<title>V\u00e1s\u00e1roljon Revofil Aquashine PTX-et online \u2013 hidrat\u00e1l \u00e9s feszes\u00edt | Kinami Health<\/title>\n<meta name=\"description\" content=\"V\u00e1s\u00e1rolja meg online a Revofil Aquashine PTX term\u00e9ket a fejlett b\u0151rfiatal\u00edt\u00e1shoz, amely helyre\u00e1ll\u00edtja a b\u0151r t\u00e9rfogat\u00e1t, feszes\u00edti a b\u0151rt \u00e9s cs\u00f6kkenti a r\u00e1ncokat. Rendeljen most a Kinami Health-t\u0151l!\" \/>\n<meta name=\"robots\" content=\"index, follow, max-snippet:-1, max-image-preview:large, max-video-preview:-1\" \/>\n<link rel=\"canonical\" href=\"https:\/\/kinamihealth.com\/hu\/wp-json\/wp\/v2\/product\/117158\" \/>\n<meta property=\"og:locale\" content=\"hu_HU\" \/>\n<meta property=\"og:type\" content=\"article\" \/>\n<meta property=\"og:title\" content=\"V\u00e1s\u00e1roljon Revofil Aquashine PTX-et online \u2013 hidrat\u00e1l \u00e9s feszes\u00edt | Kinami Health\" \/>\n<meta property=\"og:description\" content=\"V\u00e1s\u00e1rolja meg online a Revofil Aquashine PTX term\u00e9ket a fejlett b\u0151rfiatal\u00edt\u00e1shoz, amely helyre\u00e1ll\u00edtja a b\u0151r t\u00e9rfogat\u00e1t, feszes\u00edti a b\u0151rt \u00e9s cs\u00f6kkenti a r\u00e1ncokat. Rendeljen most a Kinami Health-t\u0151l!\" \/>\n<meta property=\"og:url\" content=\"https:\/\/kinamihealth.com\/hu\/termek\/revofil-aquashine-ptx\/\" \/>\n<meta property=\"og:site_name\" content=\"Kinami Health\" \/>\n<meta property=\"article:modified_time\" content=\"2025-10-29T19:44:32+00:00\" \/>\n<meta property=\"og:image\" content=\"https:\/\/kinamihealth.com\/wp-content\/uploads\/2025\/02\/REVOFIL-AQUASHINE-BTX_PTX-01.jpg\" \/>\n\t<meta property=\"og:image:width\" content=\"800\" \/>\n\t<meta property=\"og:image:height\" content=\"800\" \/>\n\t<meta property=\"og:image:type\" content=\"image\/jpeg\" \/>\n<meta name=\"twitter:card\" content=\"summary_large_image\" \/>\n<meta name=\"twitter:label1\" content=\"Becs\u00fclt olvas\u00e1si id\u0151\" \/>\n\t<meta name=\"twitter:data1\" content=\"1 perc\" \/>\n<!-- \/ Yoast SEO plugin. -->","yoast_head_json":{"title":"V\u00e1s\u00e1roljon Revofil Aquashine PTX-et online \u2013 hidrat\u00e1l \u00e9s feszes\u00edt | Kinami Health","description":"V\u00e1s\u00e1rolja meg online a Revofil Aquashine PTX term\u00e9ket a fejlett b\u0151rfiatal\u00edt\u00e1shoz, amely helyre\u00e1ll\u00edtja a b\u0151r t\u00e9rfogat\u00e1t, feszes\u00edti a b\u0151rt \u00e9s cs\u00f6kkenti a r\u00e1ncokat. Rendeljen most a Kinami Health-t\u0151l!","robots":{"index":"index","follow":"follow","max-snippet":"max-snippet:-1","max-image-preview":"max-image-preview:large","max-video-preview":"max-video-preview:-1"},"canonical":"https:\/\/kinamihealth.com\/hu\/wp-json\/wp\/v2\/product\/117158","og_locale":"hu_HU","og_type":"article","og_title":"V\u00e1s\u00e1roljon Revofil Aquashine PTX-et online \u2013 hidrat\u00e1l \u00e9s feszes\u00edt | Kinami Health","og_description":"V\u00e1s\u00e1rolja meg online a Revofil Aquashine PTX term\u00e9ket a fejlett b\u0151rfiatal\u00edt\u00e1shoz, amely helyre\u00e1ll\u00edtja a b\u0151r t\u00e9rfogat\u00e1t, feszes\u00edti a b\u0151rt \u00e9s cs\u00f6kkenti a r\u00e1ncokat. Rendeljen most a Kinami Health-t\u0151l!","og_url":"https:\/\/kinamihealth.com\/hu\/termek\/revofil-aquashine-ptx\/","og_site_name":"Kinami Health","article_modified_time":"2025-10-29T19:44:32+00:00","og_image":[{"width":800,"height":800,"url":"https:\/\/kinamihealth.com\/wp-content\/uploads\/2025\/02\/REVOFIL-AQUASHINE-BTX_PTX-01.jpg","type":"image\/jpeg"}],"twitter_card":"summary_large_image","twitter_misc":{"Becs\u00fclt olvas\u00e1si id\u0151":"1 perc"},"schema":{"@context":"https:\/\/schema.org","@graph":[{"@type":"WebPage","@id":"https:\/\/kinamihealth.com\/hu\/termek\/revofil-aquashine-ptx\/","url":"https:\/\/kinamihealth.com\/hu\/termek\/revofil-aquashine-ptx\/","name":"V\u00e1s\u00e1roljon Revofil Aquashine PTX-et online \u2013 hidrat\u00e1l \u00e9s feszes\u00edt | Kinami Health","isPartOf":{"@id":"https:\/\/kinamihealth.com\/#website"},"primaryImageOfPage":{"@id":"https:\/\/kinamihealth.com\/hu\/termek\/revofil-aquashine-ptx\/#primaryimage"},"image":{"@id":"https:\/\/kinamihealth.com\/hu\/termek\/revofil-aquashine-ptx\/#primaryimage"},"thumbnailUrl":"https:\/\/kinamihealth.com\/wp-content\/uploads\/2025\/02\/REVOFIL-AQUASHINE-BTX_PTX-01.jpg","datePublished":"2025-02-15T16:57:22+00:00","dateModified":"2025-10-29T19:44:32+00:00","description":"V\u00e1s\u00e1rolja meg online a Revofil Aquashine PTX term\u00e9ket a fejlett b\u0151rfiatal\u00edt\u00e1shoz, amely helyre\u00e1ll\u00edtja a b\u0151r t\u00e9rfogat\u00e1t, feszes\u00edti a b\u0151rt \u00e9s cs\u00f6kkenti a r\u00e1ncokat. Rendeljen most a Kinami Health-t\u0151l!","breadcrumb":{"@id":"https:\/\/kinamihealth.com\/hu\/termek\/revofil-aquashine-ptx\/#breadcrumb"},"inLanguage":"hu","potentialAction":[{"@type":"ReadAction","target":["https:\/\/kinamihealth.com\/hu\/termek\/revofil-aquashine-ptx\/"]}]},{"@type":"ImageObject","inLanguage":"hu","@id":"https:\/\/kinamihealth.com\/hu\/termek\/revofil-aquashine-ptx\/#primaryimage","url":"https:\/\/kinamihealth.com\/wp-content\/uploads\/2025\/02\/REVOFIL-AQUASHINE-BTX_PTX-01.jpg","contentUrl":"https:\/\/kinamihealth.com\/wp-content\/uploads\/2025\/02\/REVOFIL-AQUASHINE-BTX_PTX-01.jpg","width":800,"height":800},{"@type":"BreadcrumbList","@id":"https:\/\/kinamihealth.com\/hu\/termek\/revofil-aquashine-ptx\/#breadcrumb","itemListElement":[{"@type":"ListItem","position":1,"name":"Kezd\u0151lap","item":"https:\/\/kinamihealth.com\/"},{"@type":"ListItem","position":2,"name":"Bolt","item":"https:\/\/kinamihealth.com\/shop\/"},{"@type":"ListItem","position":3,"name":"REVOFIL AQUASHINE PTX"}]},{"@type":"WebSite","@id":"https:\/\/kinamihealth.com\/#website","url":"https:\/\/kinamihealth.com\/","name":"Kinami Health","description":"","publisher":{"@id":"https:\/\/kinamihealth.com\/#organization"},"potentialAction":[{"@type":"SearchAction","target":{"@type":"EntryPoint","urlTemplate":"https:\/\/kinamihealth.com\/?s={search_term_string}"},"query-input":{"@type":"PropertyValueSpecification","valueRequired":true,"valueName":"search_term_string"}}],"inLanguage":"hu"},{"@type":"Organization","@id":"https:\/\/kinamihealth.com\/#organization","name":"Kinami Health","url":"https:\/\/kinamihealth.com\/","logo":{"@type":"ImageObject","inLanguage":"hu","@id":"https:\/\/kinamihealth.com\/#\/schema\/logo\/image\/","url":"https:\/\/kinamihealth.com\/wp-content\/uploads\/2025\/01\/KH_logo_black_2-1.png","contentUrl":"https:\/\/kinamihealth.com\/wp-content\/uploads\/2025\/01\/KH_logo_black_2-1.png","width":339,"height":34,"caption":"Kinami Health"},"image":{"@id":"https:\/\/kinamihealth.com\/#\/schema\/logo\/image\/"}}]}},"_links":{"self":[{"href":"https:\/\/kinamihealth.com\/hu\/wp-json\/wp\/v2\/product\/117158","targetHints":{"allow":["GET"]}}],"collection":[{"href":"https:\/\/kinamihealth.com\/hu\/wp-json\/wp\/v2\/product"}],"about":[{"href":"https:\/\/kinamihealth.com\/hu\/wp-json\/wp\/v2\/types\/product"}],"replies":[{"embeddable":true,"href":"https:\/\/kinamihealth.com\/hu\/wp-json\/wp\/v2\/comments?post=117158"}],"version-history":[{"count":0,"href":"https:\/\/kinamihealth.com\/hu\/wp-json\/wp\/v2\/product\/117158\/revisions"}],"wp:featuredmedia":[{"embeddable":true,"href":"https:\/\/kinamihealth.com\/hu\/wp-json\/wp\/v2\/media\/117159"}],"wp:attachment":[{"href":"https:\/\/kinamihealth.com\/hu\/wp-json\/wp\/v2\/media?parent=117158"}],"wp:term":[{"taxonomy":"product_brand","embeddable":true,"href":"https:\/\/kinamihealth.com\/hu\/wp-json\/wp\/v2\/product_brand?post=117158"},{"taxonomy":"product_cat","embeddable":true,"href":"https:\/\/kinamihealth.com\/hu\/wp-json\/wp\/v2\/product_cat?post=117158"},{"taxonomy":"product_tag","embeddable":true,"href":"https:\/\/kinamihealth.com\/hu\/wp-json\/wp\/v2\/product_tag?post=117158"}],"curies":[{"name":"wp","href":"https:\/\/api.w.org\/{rel}","templated":true}]}}