{"id":117143,"date":"2025-02-15T16:55:58","date_gmt":"2025-02-15T16:55:58","guid":{"rendered":"https:\/\/kinamihealth.com\/product\/juvederm-volite-with-lidocaine-skinvive\/"},"modified":"2025-11-16T20:44:20","modified_gmt":"2025-11-16T20:44:20","slug":"juvederm-volite-with-lidocaine-skinvive","status":"publish","type":"product","link":"https:\/\/kinamihealth.com\/hu\/termek\/juvederm-volite-with-lidocaine-skinvive\/","title":{"rendered":"JUV\u00c9DERM\u00ae VOLITE\u00ae with Lidocaine (SKINVIVE\u2122)"},"content":{"rendered":"<p>A Juvederm Volite Lidocaine egy injekci\u00f3s hialuronsav-t\u00f6lt\u0151anyag, amely a b\u0151r min\u0151s\u00e9g\u00e9nek, hidrat\u00e1lts\u00e1g\u00e1nak \u00e9s rugalmass\u00e1g\u00e1nak jav\u00edt\u00e1s\u00e1ra szolg\u00e1l. Ez a t\u00f6lt\u0151anyag az arcra, nyakra, dekolt\u00e1zsra \u00e9s kezekre alkalmazhat\u00f3, \u00e9s l\u00e1gyabb, fiatalosabb megjelen\u00e9st biztos\u00edt.<\/p>\n","protected":false},"excerpt":{"rendered":"<p>A Juvederm Volite Lidocaine egy injekci\u00f3s hialuronsav-t\u00f6lt\u0151anyag, amely a b\u0151r min\u0151s\u00e9g\u00e9nek, hidrat\u00e1lts\u00e1g\u00e1nak \u00e9s rugalmass\u00e1g\u00e1nak jav\u00edt\u00e1s\u00e1ra szolg\u00e1l. Ez a t\u00f6lt\u0151anyag az arcra, nyakra, dekolt\u00e1zsra \u00e9s kezekre alkalmazhat\u00f3, \u00e9s l\u00e1gyabb, fiatalosabb megjelen\u00e9st biztos\u00edt.<\/p>\n","protected":false},"featured_media":117144,"comment_status":"closed","ping_status":"closed","template":"","meta":{"_acf_changed":false,"inline_featured_image":false},"product_brand":[2219],"product_cat":[2997,3099],"product_tag":[2979],"class_list":{"0":"post-117143","1":"product","2":"type-product","3":"status-publish","4":"has-post-thumbnail","6":"product_brand-juvederm","7":"product_cat-dermalis-toltoanyagok","8":"product_cat-skinbooster","9":"product_tag-orvostechnikai-eszkozok","11":"first","12":"instock","13":"taxable","14":"shipping-taxable","15":"purchasable","16":"product-type-simple","17":"add-to-wishlist-before_image"},"acf":[],"yoast_head":"<!-- This site is optimized with the Yoast SEO plugin v27.3 - https:\/\/yoast.com\/product\/yoast-seo-wordpress\/ -->\n<title>V\u00e1s\u00e1roljon Juvederm Volite lidokainnal online \u2013 B\u0151rhidrat\u00e1l\u00f3 kezel\u00e9s<\/title>\n<meta name=\"description\" content=\"V\u00e1s\u00e1roljon online Juvederm Volite lidokainnal a b\u0151r m\u00e9ly hidrat\u00e1l\u00e1s\u00e1hoz \u00e9s fiatal\u00edt\u00e1s\u00e1hoz. Alkalmas arcra, nyakra \u00e9s k\u00e9zre. Rendeljen most a Kinami Health-t\u0151l.\" \/>\n<meta name=\"robots\" content=\"index, follow, max-snippet:-1, max-image-preview:large, max-video-preview:-1\" \/>\n<link rel=\"canonical\" href=\"https:\/\/kinamihealth.com\/hu\/wp-json\/wp\/v2\/product\/117143\" \/>\n<meta property=\"og:locale\" content=\"hu_HU\" \/>\n<meta property=\"og:type\" content=\"article\" \/>\n<meta property=\"og:title\" content=\"V\u00e1s\u00e1roljon Juvederm Volite lidokainnal online \u2013 B\u0151rhidrat\u00e1l\u00f3 kezel\u00e9s\" \/>\n<meta property=\"og:description\" content=\"V\u00e1s\u00e1roljon online Juvederm Volite lidokainnal a b\u0151r m\u00e9ly hidrat\u00e1l\u00e1s\u00e1hoz \u00e9s fiatal\u00edt\u00e1s\u00e1hoz. Alkalmas arcra, nyakra \u00e9s k\u00e9zre. Rendeljen most a Kinami Health-t\u0151l.\" \/>\n<meta property=\"og:url\" content=\"https:\/\/kinamihealth.com\/hu\/termek\/juvederm-volite-with-lidocaine-skinvive\/\" \/>\n<meta property=\"og:site_name\" content=\"Kinami Health\" \/>\n<meta property=\"article:modified_time\" content=\"2025-11-16T20:44:20+00:00\" \/>\n<meta property=\"og:image\" content=\"https:\/\/kinamihealth.com\/wp-content\/uploads\/2025\/02\/JUVEDERM-VOLITE-LIDOCAINE-01.jpg\" \/>\n\t<meta property=\"og:image:width\" content=\"800\" \/>\n\t<meta property=\"og:image:height\" content=\"800\" \/>\n\t<meta property=\"og:image:type\" content=\"image\/jpeg\" \/>\n<meta name=\"twitter:card\" content=\"summary_large_image\" \/>\n<meta name=\"twitter:label1\" content=\"Becs\u00fclt olvas\u00e1si id\u0151\" \/>\n\t<meta name=\"twitter:data1\" content=\"1 perc\" \/>\n<!-- \/ Yoast SEO plugin. -->","yoast_head_json":{"title":"V\u00e1s\u00e1roljon Juvederm Volite lidokainnal online \u2013 B\u0151rhidrat\u00e1l\u00f3 kezel\u00e9s","description":"V\u00e1s\u00e1roljon online Juvederm Volite lidokainnal a b\u0151r m\u00e9ly hidrat\u00e1l\u00e1s\u00e1hoz \u00e9s fiatal\u00edt\u00e1s\u00e1hoz. Alkalmas arcra, nyakra \u00e9s k\u00e9zre. Rendeljen most a Kinami Health-t\u0151l.","robots":{"index":"index","follow":"follow","max-snippet":"max-snippet:-1","max-image-preview":"max-image-preview:large","max-video-preview":"max-video-preview:-1"},"canonical":"https:\/\/kinamihealth.com\/hu\/wp-json\/wp\/v2\/product\/117143","og_locale":"hu_HU","og_type":"article","og_title":"V\u00e1s\u00e1roljon Juvederm Volite lidokainnal online \u2013 B\u0151rhidrat\u00e1l\u00f3 kezel\u00e9s","og_description":"V\u00e1s\u00e1roljon online Juvederm Volite lidokainnal a b\u0151r m\u00e9ly hidrat\u00e1l\u00e1s\u00e1hoz \u00e9s fiatal\u00edt\u00e1s\u00e1hoz. Alkalmas arcra, nyakra \u00e9s k\u00e9zre. Rendeljen most a Kinami Health-t\u0151l.","og_url":"https:\/\/kinamihealth.com\/hu\/termek\/juvederm-volite-with-lidocaine-skinvive\/","og_site_name":"Kinami Health","article_modified_time":"2025-11-16T20:44:20+00:00","og_image":[{"width":800,"height":800,"url":"https:\/\/kinamihealth.com\/wp-content\/uploads\/2025\/02\/JUVEDERM-VOLITE-LIDOCAINE-01.jpg","type":"image\/jpeg"}],"twitter_card":"summary_large_image","twitter_misc":{"Becs\u00fclt olvas\u00e1si id\u0151":"1 perc"},"schema":{"@context":"https:\/\/schema.org","@graph":[{"@type":"WebPage","@id":"https:\/\/kinamihealth.com\/hu\/termek\/juvederm-volite-with-lidocaine-skinvive\/","url":"https:\/\/kinamihealth.com\/hu\/termek\/juvederm-volite-with-lidocaine-skinvive\/","name":"V\u00e1s\u00e1roljon Juvederm Volite lidokainnal online \u2013 B\u0151rhidrat\u00e1l\u00f3 kezel\u00e9s","isPartOf":{"@id":"https:\/\/kinamihealth.com\/#website"},"primaryImageOfPage":{"@id":"https:\/\/kinamihealth.com\/hu\/termek\/juvederm-volite-with-lidocaine-skinvive\/#primaryimage"},"image":{"@id":"https:\/\/kinamihealth.com\/hu\/termek\/juvederm-volite-with-lidocaine-skinvive\/#primaryimage"},"thumbnailUrl":"https:\/\/kinamihealth.com\/wp-content\/uploads\/2025\/02\/JUVEDERM-VOLITE-LIDOCAINE-01.jpg","datePublished":"2025-02-15T16:55:58+00:00","dateModified":"2025-11-16T20:44:20+00:00","description":"V\u00e1s\u00e1roljon online Juvederm Volite lidokainnal a b\u0151r m\u00e9ly hidrat\u00e1l\u00e1s\u00e1hoz \u00e9s fiatal\u00edt\u00e1s\u00e1hoz. Alkalmas arcra, nyakra \u00e9s k\u00e9zre. Rendeljen most a Kinami Health-t\u0151l.","breadcrumb":{"@id":"https:\/\/kinamihealth.com\/hu\/termek\/juvederm-volite-with-lidocaine-skinvive\/#breadcrumb"},"inLanguage":"hu","potentialAction":[{"@type":"ReadAction","target":["https:\/\/kinamihealth.com\/hu\/termek\/juvederm-volite-with-lidocaine-skinvive\/"]}]},{"@type":"ImageObject","inLanguage":"hu","@id":"https:\/\/kinamihealth.com\/hu\/termek\/juvederm-volite-with-lidocaine-skinvive\/#primaryimage","url":"https:\/\/kinamihealth.com\/wp-content\/uploads\/2025\/02\/JUVEDERM-VOLITE-LIDOCAINE-01.jpg","contentUrl":"https:\/\/kinamihealth.com\/wp-content\/uploads\/2025\/02\/JUVEDERM-VOLITE-LIDOCAINE-01.jpg","width":800,"height":800},{"@type":"BreadcrumbList","@id":"https:\/\/kinamihealth.com\/hu\/termek\/juvederm-volite-with-lidocaine-skinvive\/#breadcrumb","itemListElement":[{"@type":"ListItem","position":1,"name":"Kezd\u0151lap","item":"https:\/\/kinamihealth.com\/"},{"@type":"ListItem","position":2,"name":"Bolt","item":"https:\/\/kinamihealth.com\/shop\/"},{"@type":"ListItem","position":3,"name":"JUV\u00c9DERM\u00ae VOLITE\u00ae with Lidocaine (SKINVIVE\u2122)"}]},{"@type":"WebSite","@id":"https:\/\/kinamihealth.com\/#website","url":"https:\/\/kinamihealth.com\/","name":"Kinami Health","description":"","publisher":{"@id":"https:\/\/kinamihealth.com\/#organization"},"potentialAction":[{"@type":"SearchAction","target":{"@type":"EntryPoint","urlTemplate":"https:\/\/kinamihealth.com\/?s={search_term_string}"},"query-input":{"@type":"PropertyValueSpecification","valueRequired":true,"valueName":"search_term_string"}}],"inLanguage":"hu"},{"@type":"Organization","@id":"https:\/\/kinamihealth.com\/#organization","name":"Kinami Health","url":"https:\/\/kinamihealth.com\/","logo":{"@type":"ImageObject","inLanguage":"hu","@id":"https:\/\/kinamihealth.com\/#\/schema\/logo\/image\/","url":"https:\/\/kinamihealth.com\/wp-content\/uploads\/2025\/01\/KH_logo_black_2-1.png","contentUrl":"https:\/\/kinamihealth.com\/wp-content\/uploads\/2025\/01\/KH_logo_black_2-1.png","width":339,"height":34,"caption":"Kinami Health"},"image":{"@id":"https:\/\/kinamihealth.com\/#\/schema\/logo\/image\/"}}]}},"_links":{"self":[{"href":"https:\/\/kinamihealth.com\/hu\/wp-json\/wp\/v2\/product\/117143","targetHints":{"allow":["GET"]}}],"collection":[{"href":"https:\/\/kinamihealth.com\/hu\/wp-json\/wp\/v2\/product"}],"about":[{"href":"https:\/\/kinamihealth.com\/hu\/wp-json\/wp\/v2\/types\/product"}],"replies":[{"embeddable":true,"href":"https:\/\/kinamihealth.com\/hu\/wp-json\/wp\/v2\/comments?post=117143"}],"version-history":[{"count":0,"href":"https:\/\/kinamihealth.com\/hu\/wp-json\/wp\/v2\/product\/117143\/revisions"}],"wp:featuredmedia":[{"embeddable":true,"href":"https:\/\/kinamihealth.com\/hu\/wp-json\/wp\/v2\/media\/117144"}],"wp:attachment":[{"href":"https:\/\/kinamihealth.com\/hu\/wp-json\/wp\/v2\/media?parent=117143"}],"wp:term":[{"taxonomy":"product_brand","embeddable":true,"href":"https:\/\/kinamihealth.com\/hu\/wp-json\/wp\/v2\/product_brand?post=117143"},{"taxonomy":"product_cat","embeddable":true,"href":"https:\/\/kinamihealth.com\/hu\/wp-json\/wp\/v2\/product_cat?post=117143"},{"taxonomy":"product_tag","embeddable":true,"href":"https:\/\/kinamihealth.com\/hu\/wp-json\/wp\/v2\/product_tag?post=117143"}],"curies":[{"name":"wp","href":"https:\/\/api.w.org\/{rel}","templated":true}]}}