{"id":117004,"date":"2025-02-15T16:57:57","date_gmt":"2025-02-15T16:57:57","guid":{"rendered":"https:\/\/kinamihealth.com\/product\/softfil-precision-mikrokanyula-30g-25-mm\/"},"modified":"2025-10-28T19:14:52","modified_gmt":"2025-10-28T19:14:52","slug":"softfil-precision-mikrokanyula-30g-25-mm","status":"publish","type":"product","link":"https:\/\/kinamihealth.com\/hu\/termek\/softfil-precision-mikrokanyula-30g-25-mm\/","title":{"rendered":"SOFTFIL\u00ae PRECISION mikrokannula 30G\/25 mm"},"content":{"rendered":"<p>A SoftFil\u00ae Precision 30G 25MM egy steril, egyszer haszn\u00e1latos orvostechnikai eszk\u00f6z, amelyet az ajkak r\u00e1ncainak \u00e9s finom vonalainak line\u00e1ris kit\u00f6lt\u00e9s\u00e9re terveztek. A kan\u00fclt a sek\u00e9ly b\u0151rr\u00e9tegbe kell beadni. A SoftFil\u00ae Precision mikrokan\u00fcl\u00e9k sorozata cs\u00facstechnol\u00f3gi\u00e1n \u00e9s innov\u00e1ci\u00f3kon alapul, ami ide\u00e1liss\u00e1 teszi \u0151ket a prec\u00edz beavatkoz\u00e1sokhoz. A kan\u00fcl\u00f6k egyedi tulajdons\u00e1gokkal rendelkeznek, p\u00e9ld\u00e1ul centim\u00e9teres sk\u00e1l\u00e1val a cs\u0151 ment\u00e9n, amely szimmetrikus injekci\u00f3s m\u00e9lys\u00e9get biztos\u00edt, valamint fel\u00fcletkezel\u00e9ssel, amely lehet\u0151v\u00e9 teszi a b\u0151rbe val\u00f3 t\u00f6k\u00e9letes cs\u00fasz\u00e1st. Ezenk\u00edv\u00fcl a kan\u00fcl\u00f6k hubj\u00e1n piros pont jelzi az oldals\u00f3 ny\u00edl\u00e1s hely\u00e9t. A SoftFil\u00ae Precision mikrokany\u00e1kat kiz\u00e1r\u00f3lag szakk\u00e9pzett orvosok haszn\u00e1lhatj\u00e1k. A nagy teljes\u00edtm\u00e9ny\u0171 SoftFil kany\u00e1k biztos\u00edtj\u00e1k az injekci\u00f3 prec\u00edz \u00e9s biztons\u00e1gos bead\u00e1s\u00e1t. Cs\u00f6kkentik a sz\u00fcks\u00e9ges injekci\u00f3s nyom\u00e1st, mik\u00f6zben sim\u00e1bb\u00e1 teszik a term\u00e9k \u00e1raml\u00e1s\u00e1t.<\/p>\n","protected":false},"excerpt":{"rendered":"<p>A SoftFil\u00ae Precision 30G 25MM egy steril, egyszer haszn\u00e1latos orvostechnikai eszk\u00f6z, amelyet az ajkak r\u00e1ncainak \u00e9s finom vonalainak line\u00e1ris kit\u00f6lt\u00e9s\u00e9re terveztek. A kan\u00fclt a sek\u00e9ly b\u0151rr\u00e9tegbe kell beadni. A SoftFil\u00ae Precision mikrokan\u00fcl\u00e9k sorozata cs\u00facstechnol\u00f3gi\u00e1n \u00e9s innov\u00e1ci\u00f3kon alapul, ami ide\u00e1liss\u00e1 teszi \u0151ket a prec\u00edz beavatkoz\u00e1sokhoz. A kan\u00fcl\u00f6k egyedi tulajdons\u00e1gokkal rendelkeznek, p\u00e9ld\u00e1ul centim\u00e9teres sk\u00e1l\u00e1val a cs\u0151 ment\u00e9n, [&hellip;]<\/p>\n","protected":false},"featured_media":117005,"comment_status":"closed","ping_status":"closed","template":"","meta":{"_acf_changed":false,"inline_featured_image":false},"product_brand":[2256],"product_cat":[3209],"product_tag":[2979],"class_list":{"0":"post-117004","1":"product","2":"type-product","3":"status-publish","4":"has-post-thumbnail","6":"product_brand-softfil","7":"product_cat-kanulok-es-tuk","8":"product_tag-orvostechnikai-eszkozok","10":"first","11":"instock","12":"taxable","13":"shipping-taxable","14":"purchasable","15":"product-type-simple","16":"add-to-wishlist-before_image"},"acf":[],"yoast_head":"<!-- This site is optimized with the Yoast SEO plugin v27.1.1 - https:\/\/yoast.com\/product\/yoast-seo-wordpress\/ -->\n<title>V\u00e1s\u00e1roljon Softfil Precision mikrokannula 30G\/25mm-t online<\/title>\n<meta name=\"description\" content=\"V\u00e1s\u00e1roljon Softfil Precision mikrokannula 30G\/25mm-t online \u2013 ultrafinom, rugalmas kialak\u00edt\u00e1s a prec\u00edz, k\u00e9nyelmes t\u00f6lt\u0151anyag-injekci\u00f3khoz minim\u00e1lis traum\u00e1val. Rendeljen m\u00e9g ma!\" \/>\n<meta name=\"robots\" content=\"index, follow, max-snippet:-1, max-image-preview:large, max-video-preview:-1\" \/>\n<link rel=\"canonical\" href=\"https:\/\/kinamihealth.com\/hu\/wp-json\/wp\/v2\/product\/117004\" \/>\n<meta property=\"og:locale\" content=\"hu_HU\" \/>\n<meta property=\"og:type\" content=\"article\" \/>\n<meta property=\"og:title\" content=\"V\u00e1s\u00e1roljon Softfil Precision mikrokannula 30G\/25mm-t online\" \/>\n<meta property=\"og:description\" content=\"V\u00e1s\u00e1roljon Softfil Precision mikrokannula 30G\/25mm-t online \u2013 ultrafinom, rugalmas kialak\u00edt\u00e1s a prec\u00edz, k\u00e9nyelmes t\u00f6lt\u0151anyag-injekci\u00f3khoz minim\u00e1lis traum\u00e1val. Rendeljen m\u00e9g ma!\" \/>\n<meta property=\"og:url\" content=\"https:\/\/kinamihealth.com\/hu\/termek\/softfil-precision-mikrokanyula-30g-25-mm\/\" \/>\n<meta property=\"og:site_name\" content=\"Kinami Health\" \/>\n<meta property=\"article:modified_time\" content=\"2025-10-28T19:14:52+00:00\" \/>\n<meta property=\"og:image\" content=\"https:\/\/kinamihealth.com\/wp-content\/uploads\/2025\/02\/SOFTFILL-CANNULA-30G25MMXL-01.jpg\" \/>\n\t<meta property=\"og:image:width\" content=\"800\" \/>\n\t<meta property=\"og:image:height\" content=\"800\" \/>\n\t<meta property=\"og:image:type\" content=\"image\/jpeg\" \/>\n<meta name=\"twitter:card\" content=\"summary_large_image\" \/>\n<meta name=\"twitter:label1\" content=\"Becs\u00fclt olvas\u00e1si id\u0151\" \/>\n\t<meta name=\"twitter:data1\" content=\"1 perc\" \/>\n<!-- \/ Yoast SEO plugin. -->","yoast_head_json":{"title":"V\u00e1s\u00e1roljon Softfil Precision mikrokannula 30G\/25mm-t online","description":"V\u00e1s\u00e1roljon Softfil Precision mikrokannula 30G\/25mm-t online \u2013 ultrafinom, rugalmas kialak\u00edt\u00e1s a prec\u00edz, k\u00e9nyelmes t\u00f6lt\u0151anyag-injekci\u00f3khoz minim\u00e1lis traum\u00e1val. Rendeljen m\u00e9g ma!","robots":{"index":"index","follow":"follow","max-snippet":"max-snippet:-1","max-image-preview":"max-image-preview:large","max-video-preview":"max-video-preview:-1"},"canonical":"https:\/\/kinamihealth.com\/hu\/wp-json\/wp\/v2\/product\/117004","og_locale":"hu_HU","og_type":"article","og_title":"V\u00e1s\u00e1roljon Softfil Precision mikrokannula 30G\/25mm-t online","og_description":"V\u00e1s\u00e1roljon Softfil Precision mikrokannula 30G\/25mm-t online \u2013 ultrafinom, rugalmas kialak\u00edt\u00e1s a prec\u00edz, k\u00e9nyelmes t\u00f6lt\u0151anyag-injekci\u00f3khoz minim\u00e1lis traum\u00e1val. Rendeljen m\u00e9g ma!","og_url":"https:\/\/kinamihealth.com\/hu\/termek\/softfil-precision-mikrokanyula-30g-25-mm\/","og_site_name":"Kinami Health","article_modified_time":"2025-10-28T19:14:52+00:00","og_image":[{"width":800,"height":800,"url":"https:\/\/kinamihealth.com\/wp-content\/uploads\/2025\/02\/SOFTFILL-CANNULA-30G25MMXL-01.jpg","type":"image\/jpeg"}],"twitter_card":"summary_large_image","twitter_misc":{"Becs\u00fclt olvas\u00e1si id\u0151":"1 perc"},"schema":{"@context":"https:\/\/schema.org","@graph":[{"@type":"WebPage","@id":"https:\/\/kinamihealth.com\/hu\/termek\/softfil-precision-mikrokanyula-30g-25-mm\/","url":"https:\/\/kinamihealth.com\/hu\/termek\/softfil-precision-mikrokanyula-30g-25-mm\/","name":"V\u00e1s\u00e1roljon Softfil Precision mikrokannula 30G\/25mm-t online","isPartOf":{"@id":"https:\/\/kinamihealth.com\/#website"},"primaryImageOfPage":{"@id":"https:\/\/kinamihealth.com\/hu\/termek\/softfil-precision-mikrokanyula-30g-25-mm\/#primaryimage"},"image":{"@id":"https:\/\/kinamihealth.com\/hu\/termek\/softfil-precision-mikrokanyula-30g-25-mm\/#primaryimage"},"thumbnailUrl":"https:\/\/kinamihealth.com\/wp-content\/uploads\/2025\/02\/SOFTFILL-CANNULA-30G25MMXL-01.jpg","datePublished":"2025-02-15T16:57:57+00:00","dateModified":"2025-10-28T19:14:52+00:00","description":"V\u00e1s\u00e1roljon Softfil Precision mikrokannula 30G\/25mm-t online \u2013 ultrafinom, rugalmas kialak\u00edt\u00e1s a prec\u00edz, k\u00e9nyelmes t\u00f6lt\u0151anyag-injekci\u00f3khoz minim\u00e1lis traum\u00e1val. Rendeljen m\u00e9g ma!","breadcrumb":{"@id":"https:\/\/kinamihealth.com\/hu\/termek\/softfil-precision-mikrokanyula-30g-25-mm\/#breadcrumb"},"inLanguage":"hu","potentialAction":[{"@type":"ReadAction","target":["https:\/\/kinamihealth.com\/hu\/termek\/softfil-precision-mikrokanyula-30g-25-mm\/"]}]},{"@type":"ImageObject","inLanguage":"hu","@id":"https:\/\/kinamihealth.com\/hu\/termek\/softfil-precision-mikrokanyula-30g-25-mm\/#primaryimage","url":"https:\/\/kinamihealth.com\/wp-content\/uploads\/2025\/02\/SOFTFILL-CANNULA-30G25MMXL-01.jpg","contentUrl":"https:\/\/kinamihealth.com\/wp-content\/uploads\/2025\/02\/SOFTFILL-CANNULA-30G25MMXL-01.jpg","width":800,"height":800},{"@type":"BreadcrumbList","@id":"https:\/\/kinamihealth.com\/hu\/termek\/softfil-precision-mikrokanyula-30g-25-mm\/#breadcrumb","itemListElement":[{"@type":"ListItem","position":1,"name":"Kezd\u0151lap","item":"https:\/\/kinamihealth.com\/"},{"@type":"ListItem","position":2,"name":"Bolt","item":"https:\/\/kinamihealth.com\/shop\/"},{"@type":"ListItem","position":3,"name":"SOFTFIL\u00ae PRECISION mikrokannula 30G\/25 mm"}]},{"@type":"WebSite","@id":"https:\/\/kinamihealth.com\/#website","url":"https:\/\/kinamihealth.com\/","name":"Kinami Health","description":"","publisher":{"@id":"https:\/\/kinamihealth.com\/#organization"},"potentialAction":[{"@type":"SearchAction","target":{"@type":"EntryPoint","urlTemplate":"https:\/\/kinamihealth.com\/?s={search_term_string}"},"query-input":{"@type":"PropertyValueSpecification","valueRequired":true,"valueName":"search_term_string"}}],"inLanguage":"hu"},{"@type":"Organization","@id":"https:\/\/kinamihealth.com\/#organization","name":"Kinami Health","url":"https:\/\/kinamihealth.com\/","logo":{"@type":"ImageObject","inLanguage":"hu","@id":"https:\/\/kinamihealth.com\/#\/schema\/logo\/image\/","url":"https:\/\/kinamihealth.com\/wp-content\/uploads\/2025\/01\/KH_logo_black_2-1.png","contentUrl":"https:\/\/kinamihealth.com\/wp-content\/uploads\/2025\/01\/KH_logo_black_2-1.png","width":339,"height":34,"caption":"Kinami Health"},"image":{"@id":"https:\/\/kinamihealth.com\/#\/schema\/logo\/image\/"}}]}},"_links":{"self":[{"href":"https:\/\/kinamihealth.com\/hu\/wp-json\/wp\/v2\/product\/117004","targetHints":{"allow":["GET"]}}],"collection":[{"href":"https:\/\/kinamihealth.com\/hu\/wp-json\/wp\/v2\/product"}],"about":[{"href":"https:\/\/kinamihealth.com\/hu\/wp-json\/wp\/v2\/types\/product"}],"replies":[{"embeddable":true,"href":"https:\/\/kinamihealth.com\/hu\/wp-json\/wp\/v2\/comments?post=117004"}],"version-history":[{"count":0,"href":"https:\/\/kinamihealth.com\/hu\/wp-json\/wp\/v2\/product\/117004\/revisions"}],"wp:featuredmedia":[{"embeddable":true,"href":"https:\/\/kinamihealth.com\/hu\/wp-json\/wp\/v2\/media\/117005"}],"wp:attachment":[{"href":"https:\/\/kinamihealth.com\/hu\/wp-json\/wp\/v2\/media?parent=117004"}],"wp:term":[{"taxonomy":"product_brand","embeddable":true,"href":"https:\/\/kinamihealth.com\/hu\/wp-json\/wp\/v2\/product_brand?post=117004"},{"taxonomy":"product_cat","embeddable":true,"href":"https:\/\/kinamihealth.com\/hu\/wp-json\/wp\/v2\/product_cat?post=117004"},{"taxonomy":"product_tag","embeddable":true,"href":"https:\/\/kinamihealth.com\/hu\/wp-json\/wp\/v2\/product_tag?post=117004"}],"curies":[{"name":"wp","href":"https:\/\/api.w.org\/{rel}","templated":true}]}}