{"id":116993,"date":"2025-02-15T16:57:53","date_gmt":"2025-02-15T16:57:53","guid":{"rendered":"https:\/\/kinamihealth.com\/product\/softfil-precision-micro-cannula-25g-50mm\/"},"modified":"2025-10-28T19:25:30","modified_gmt":"2025-10-28T19:25:30","slug":"softfil-precision-micro-cannula-25g-50mm","status":"publish","type":"product","link":"https:\/\/kinamihealth.com\/hu\/termek\/softfil-precision-micro-cannula-25g-50mm\/","title":{"rendered":"SOFTFIL\u00ae PRECISION mikrokannula 25G\/50mm"},"content":{"rendered":"<p>A SoftFil\u00ae Precision 25G 50MM egy steril, egyszer haszn\u00e1latos orvostechnikai eszk\u00f6z, amelyet line\u00e1ris t\u00f6lt\u00e9shez \u00e9s nappage-hez terveztek olyan ter\u00fcleteken, mint az arc, az \u00e1ll, az \u00e1llkapocs, a k\u00f6nnycsatorna, a homlok \u00e9s a marionettvonalak. Ezenk\u00edv\u00fcl a kan\u00fcl\u00f6k s\u00f6t\u00e9t karik\u00e1k, az orr \u00e9s a kezek kezel\u00e9s\u00e9re is haszn\u00e1lhat\u00f3k. A kan\u00fclt a k\u00f6zepes b\u0151rr\u00e9tegbe kell beadni.<\/p>\n","protected":false},"excerpt":{"rendered":"<p>A SoftFil\u00ae Precision 25G 50MM egy steril, egyszer haszn\u00e1latos orvostechnikai eszk\u00f6z, amelyet line\u00e1ris t\u00f6lt\u00e9shez \u00e9s nappage-hez terveztek olyan ter\u00fcleteken, mint az arc, az \u00e1ll, az \u00e1llkapocs, a k\u00f6nnycsatorna, a homlok \u00e9s a marionettvonalak. Ezenk\u00edv\u00fcl a kan\u00fcl\u00f6k s\u00f6t\u00e9t karik\u00e1k, az orr \u00e9s a kezek kezel\u00e9s\u00e9re is haszn\u00e1lhat\u00f3k. A kan\u00fclt a k\u00f6zepes b\u0151rr\u00e9tegbe kell beadni.<\/p>\n","protected":false},"featured_media":116994,"comment_status":"closed","ping_status":"closed","template":"","meta":{"_acf_changed":false,"inline_featured_image":false},"product_brand":[2256],"product_cat":[3209],"product_tag":[2979],"class_list":{"0":"post-116993","1":"product","2":"type-product","3":"status-publish","4":"has-post-thumbnail","6":"product_brand-softfil","7":"product_cat-kanulok-es-tuk","8":"product_tag-orvostechnikai-eszkozok","10":"first","11":"instock","12":"taxable","13":"shipping-taxable","14":"purchasable","15":"product-type-simple","16":"add-to-wishlist-before_image"},"acf":[],"yoast_head":"<!-- This site is optimized with the Yoast SEO plugin v27.3 - https:\/\/yoast.com\/product\/yoast-seo-wordpress\/ -->\n<title>V\u00e1s\u00e1roljon Softfil Precision Micro-Cannula 25G\/50mm term\u00e9ket online a Kinami Health weboldalon<\/title>\n<meta name=\"description\" content=\"V\u00e1s\u00e1rolja meg online a Softfil Precision Micro-Cannula 25G\/50mm term\u00e9ket a pontos derm\u00e1lis t\u00f6lt\u0151anyag-injekci\u00f3khoz, amely cs\u00f6kkenti a traum\u00e1t \u00e9s biztos\u00edtja a beteg k\u00e9nyelm\u00e9t. V\u00e1s\u00e1roljon most!\" \/>\n<meta name=\"robots\" content=\"index, follow, max-snippet:-1, max-image-preview:large, max-video-preview:-1\" \/>\n<link rel=\"canonical\" href=\"https:\/\/kinamihealth.com\/hu\/wp-json\/wp\/v2\/product\/116993\" \/>\n<meta property=\"og:locale\" content=\"hu_HU\" \/>\n<meta property=\"og:type\" content=\"article\" \/>\n<meta property=\"og:title\" content=\"V\u00e1s\u00e1roljon Softfil Precision Micro-Cannula 25G\/50mm term\u00e9ket online a Kinami Health weboldalon\" \/>\n<meta property=\"og:description\" content=\"V\u00e1s\u00e1rolja meg online a Softfil Precision Micro-Cannula 25G\/50mm term\u00e9ket a pontos derm\u00e1lis t\u00f6lt\u0151anyag-injekci\u00f3khoz, amely cs\u00f6kkenti a traum\u00e1t \u00e9s biztos\u00edtja a beteg k\u00e9nyelm\u00e9t. V\u00e1s\u00e1roljon most!\" \/>\n<meta property=\"og:url\" content=\"https:\/\/kinamihealth.com\/hu\/termek\/softfil-precision-micro-cannula-25g-50mm\/\" \/>\n<meta property=\"og:site_name\" content=\"Kinami Health\" \/>\n<meta property=\"article:modified_time\" content=\"2025-10-28T19:25:30+00:00\" \/>\n<meta property=\"og:image\" content=\"https:\/\/kinamihealth.com\/wp-content\/uploads\/2025\/02\/SOFTFILL-PRECISION-25G50MM-01.jpg\" \/>\n\t<meta property=\"og:image:width\" content=\"800\" \/>\n\t<meta property=\"og:image:height\" content=\"800\" \/>\n\t<meta property=\"og:image:type\" content=\"image\/jpeg\" \/>\n<meta name=\"twitter:card\" content=\"summary_large_image\" \/>\n<meta name=\"twitter:label1\" content=\"Becs\u00fclt olvas\u00e1si id\u0151\" \/>\n\t<meta name=\"twitter:data1\" content=\"1 perc\" \/>\n<!-- \/ Yoast SEO plugin. -->","yoast_head_json":{"title":"V\u00e1s\u00e1roljon Softfil Precision Micro-Cannula 25G\/50mm term\u00e9ket online a Kinami Health weboldalon","description":"V\u00e1s\u00e1rolja meg online a Softfil Precision Micro-Cannula 25G\/50mm term\u00e9ket a pontos derm\u00e1lis t\u00f6lt\u0151anyag-injekci\u00f3khoz, amely cs\u00f6kkenti a traum\u00e1t \u00e9s biztos\u00edtja a beteg k\u00e9nyelm\u00e9t. V\u00e1s\u00e1roljon most!","robots":{"index":"index","follow":"follow","max-snippet":"max-snippet:-1","max-image-preview":"max-image-preview:large","max-video-preview":"max-video-preview:-1"},"canonical":"https:\/\/kinamihealth.com\/hu\/wp-json\/wp\/v2\/product\/116993","og_locale":"hu_HU","og_type":"article","og_title":"V\u00e1s\u00e1roljon Softfil Precision Micro-Cannula 25G\/50mm term\u00e9ket online a Kinami Health weboldalon","og_description":"V\u00e1s\u00e1rolja meg online a Softfil Precision Micro-Cannula 25G\/50mm term\u00e9ket a pontos derm\u00e1lis t\u00f6lt\u0151anyag-injekci\u00f3khoz, amely cs\u00f6kkenti a traum\u00e1t \u00e9s biztos\u00edtja a beteg k\u00e9nyelm\u00e9t. V\u00e1s\u00e1roljon most!","og_url":"https:\/\/kinamihealth.com\/hu\/termek\/softfil-precision-micro-cannula-25g-50mm\/","og_site_name":"Kinami Health","article_modified_time":"2025-10-28T19:25:30+00:00","og_image":[{"width":800,"height":800,"url":"https:\/\/kinamihealth.com\/wp-content\/uploads\/2025\/02\/SOFTFILL-PRECISION-25G50MM-01.jpg","type":"image\/jpeg"}],"twitter_card":"summary_large_image","twitter_misc":{"Becs\u00fclt olvas\u00e1si id\u0151":"1 perc"},"schema":{"@context":"https:\/\/schema.org","@graph":[{"@type":"WebPage","@id":"https:\/\/kinamihealth.com\/hu\/termek\/softfil-precision-micro-cannula-25g-50mm\/","url":"https:\/\/kinamihealth.com\/hu\/termek\/softfil-precision-micro-cannula-25g-50mm\/","name":"V\u00e1s\u00e1roljon Softfil Precision Micro-Cannula 25G\/50mm term\u00e9ket online a Kinami Health weboldalon","isPartOf":{"@id":"https:\/\/kinamihealth.com\/#website"},"primaryImageOfPage":{"@id":"https:\/\/kinamihealth.com\/hu\/termek\/softfil-precision-micro-cannula-25g-50mm\/#primaryimage"},"image":{"@id":"https:\/\/kinamihealth.com\/hu\/termek\/softfil-precision-micro-cannula-25g-50mm\/#primaryimage"},"thumbnailUrl":"https:\/\/kinamihealth.com\/wp-content\/uploads\/2025\/02\/SOFTFILL-PRECISION-25G50MM-01.jpg","datePublished":"2025-02-15T16:57:53+00:00","dateModified":"2025-10-28T19:25:30+00:00","description":"V\u00e1s\u00e1rolja meg online a Softfil Precision Micro-Cannula 25G\/50mm term\u00e9ket a pontos derm\u00e1lis t\u00f6lt\u0151anyag-injekci\u00f3khoz, amely cs\u00f6kkenti a traum\u00e1t \u00e9s biztos\u00edtja a beteg k\u00e9nyelm\u00e9t. V\u00e1s\u00e1roljon most!","breadcrumb":{"@id":"https:\/\/kinamihealth.com\/hu\/termek\/softfil-precision-micro-cannula-25g-50mm\/#breadcrumb"},"inLanguage":"hu","potentialAction":[{"@type":"ReadAction","target":["https:\/\/kinamihealth.com\/hu\/termek\/softfil-precision-micro-cannula-25g-50mm\/"]}]},{"@type":"ImageObject","inLanguage":"hu","@id":"https:\/\/kinamihealth.com\/hu\/termek\/softfil-precision-micro-cannula-25g-50mm\/#primaryimage","url":"https:\/\/kinamihealth.com\/wp-content\/uploads\/2025\/02\/SOFTFILL-PRECISION-25G50MM-01.jpg","contentUrl":"https:\/\/kinamihealth.com\/wp-content\/uploads\/2025\/02\/SOFTFILL-PRECISION-25G50MM-01.jpg","width":800,"height":800},{"@type":"BreadcrumbList","@id":"https:\/\/kinamihealth.com\/hu\/termek\/softfil-precision-micro-cannula-25g-50mm\/#breadcrumb","itemListElement":[{"@type":"ListItem","position":1,"name":"Kezd\u0151lap","item":"https:\/\/kinamihealth.com\/"},{"@type":"ListItem","position":2,"name":"Bolt","item":"https:\/\/kinamihealth.com\/shop\/"},{"@type":"ListItem","position":3,"name":"SOFTFIL\u00ae PRECISION mikrokannula 25G\/50mm"}]},{"@type":"WebSite","@id":"https:\/\/kinamihealth.com\/#website","url":"https:\/\/kinamihealth.com\/","name":"Kinami Health","description":"","publisher":{"@id":"https:\/\/kinamihealth.com\/#organization"},"potentialAction":[{"@type":"SearchAction","target":{"@type":"EntryPoint","urlTemplate":"https:\/\/kinamihealth.com\/?s={search_term_string}"},"query-input":{"@type":"PropertyValueSpecification","valueRequired":true,"valueName":"search_term_string"}}],"inLanguage":"hu"},{"@type":"Organization","@id":"https:\/\/kinamihealth.com\/#organization","name":"Kinami Health","url":"https:\/\/kinamihealth.com\/","logo":{"@type":"ImageObject","inLanguage":"hu","@id":"https:\/\/kinamihealth.com\/#\/schema\/logo\/image\/","url":"https:\/\/kinamihealth.com\/wp-content\/uploads\/2025\/01\/KH_logo_black_2-1.png","contentUrl":"https:\/\/kinamihealth.com\/wp-content\/uploads\/2025\/01\/KH_logo_black_2-1.png","width":339,"height":34,"caption":"Kinami Health"},"image":{"@id":"https:\/\/kinamihealth.com\/#\/schema\/logo\/image\/"}}]}},"_links":{"self":[{"href":"https:\/\/kinamihealth.com\/hu\/wp-json\/wp\/v2\/product\/116993","targetHints":{"allow":["GET"]}}],"collection":[{"href":"https:\/\/kinamihealth.com\/hu\/wp-json\/wp\/v2\/product"}],"about":[{"href":"https:\/\/kinamihealth.com\/hu\/wp-json\/wp\/v2\/types\/product"}],"replies":[{"embeddable":true,"href":"https:\/\/kinamihealth.com\/hu\/wp-json\/wp\/v2\/comments?post=116993"}],"version-history":[{"count":0,"href":"https:\/\/kinamihealth.com\/hu\/wp-json\/wp\/v2\/product\/116993\/revisions"}],"wp:featuredmedia":[{"embeddable":true,"href":"https:\/\/kinamihealth.com\/hu\/wp-json\/wp\/v2\/media\/116994"}],"wp:attachment":[{"href":"https:\/\/kinamihealth.com\/hu\/wp-json\/wp\/v2\/media?parent=116993"}],"wp:term":[{"taxonomy":"product_brand","embeddable":true,"href":"https:\/\/kinamihealth.com\/hu\/wp-json\/wp\/v2\/product_brand?post=116993"},{"taxonomy":"product_cat","embeddable":true,"href":"https:\/\/kinamihealth.com\/hu\/wp-json\/wp\/v2\/product_cat?post=116993"},{"taxonomy":"product_tag","embeddable":true,"href":"https:\/\/kinamihealth.com\/hu\/wp-json\/wp\/v2\/product_tag?post=116993"}],"curies":[{"name":"wp","href":"https:\/\/api.w.org\/{rel}","templated":true}]}}