{"id":116988,"date":"2025-02-15T16:56:39","date_gmt":"2025-02-15T16:56:39","guid":{"rendered":"https:\/\/kinamihealth.com\/product\/rainbow-pcla-screw-29g50-70mm\/"},"modified":"2025-11-08T15:55:55","modified_gmt":"2025-11-08T15:55:55","slug":"rainbow-pcla-screw-29g50-70mm","status":"publish","type":"product","link":"https:\/\/kinamihealth.com\/hu\/termek\/rainbow-pcla-screw-29g50-70mm\/","title":{"rendered":"RAINBOW PCLA SCREW 29G50-70mm"},"content":{"rendered":"<p>PCLA SCREW 29G50 Ez a sz\u00e1l az I. t\u00edpus\u00fa kollag\u00e9n sejtek \u00f6nstimul\u00e1ci\u00f3j\u00e1n kereszt\u00fcl arcfelvarr\u00f3 hat\u00e1st \u00e9s r\u00e1nctalan\u00edt\u00f3 hat\u00e1st biztos\u00edt. Biol\u00f3giailag lebonthat\u00f3, biokompatibilis, biztons\u00e1gos \u00e9s a szervezetben felold\u00f3dik.<\/p>\n","protected":false},"excerpt":{"rendered":"<p>PCLA SCREW 29G50 Ez a sz\u00e1l az I. t\u00edpus\u00fa kollag\u00e9n sejtek \u00f6nstimul\u00e1ci\u00f3j\u00e1n kereszt\u00fcl arcfelvarr\u00f3 hat\u00e1st \u00e9s r\u00e1nctalan\u00edt\u00f3 hat\u00e1st biztos\u00edt. Biol\u00f3giailag lebonthat\u00f3, biokompatibilis, biztons\u00e1gos \u00e9s a szervezetben felold\u00f3dik.<\/p>\n","protected":false},"featured_media":116990,"comment_status":"closed","ping_status":"closed","template":"","meta":{"_acf_changed":false,"inline_featured_image":false},"product_brand":[2851],"product_cat":[3442,3027],"product_tag":[2979],"class_list":{"0":"post-116988","1":"product","2":"type-product","3":"status-publish","4":"has-post-thumbnail","6":"product_brand-rainbow","7":"product_cat-pcla-szalak","8":"product_cat-szalak","9":"product_tag-orvostechnikai-eszkozok","11":"first","12":"instock","13":"taxable","14":"shipping-taxable","15":"purchasable","16":"product-type-simple","17":"add-to-wishlist-before_image"},"acf":[],"yoast_head":"<!-- This site is optimized with the Yoast SEO plugin v27.3 - https:\/\/yoast.com\/product\/yoast-seo-wordpress\/ -->\n<title>V\u00e1s\u00e1roljon Rainbow PCLA Screw 29G50-70mm-t online<\/title>\n<meta name=\"description\" content=\"V\u00e1s\u00e1roljon Rainbow PCLA Screw 29G50-70mm b\u0151rfeszes\u00edt\u00e9shez \u00e9s fiatal\u00edt\u00e1shoz. Biztons\u00e1gos, hat\u00e9kony lifting sz\u00e1lak a Kinami Health-n\u00e9l. Rendeljen most!\" \/>\n<meta name=\"robots\" content=\"index, follow, max-snippet:-1, max-image-preview:large, max-video-preview:-1\" \/>\n<link rel=\"canonical\" href=\"https:\/\/kinamihealth.com\/hu\/wp-json\/wp\/v2\/product\/116988\" \/>\n<meta property=\"og:locale\" content=\"hu_HU\" \/>\n<meta property=\"og:type\" content=\"article\" \/>\n<meta property=\"og:title\" content=\"V\u00e1s\u00e1roljon Rainbow PCLA Screw 29G50-70mm-t online\" \/>\n<meta property=\"og:description\" content=\"V\u00e1s\u00e1roljon Rainbow PCLA Screw 29G50-70mm b\u0151rfeszes\u00edt\u00e9shez \u00e9s fiatal\u00edt\u00e1shoz. Biztons\u00e1gos, hat\u00e9kony lifting sz\u00e1lak a Kinami Health-n\u00e9l. Rendeljen most!\" \/>\n<meta property=\"og:url\" content=\"https:\/\/kinamihealth.com\/hu\/termek\/rainbow-pcla-screw-29g50-70mm\/\" \/>\n<meta property=\"og:site_name\" content=\"Kinami Health\" \/>\n<meta property=\"article:modified_time\" content=\"2025-11-08T15:55:55+00:00\" \/>\n<meta property=\"og:image\" content=\"https:\/\/kinamihealth.com\/wp-content\/uploads\/2025\/02\/RAINBOW-PCLA-SCREW-29G50_70MM-01.jpg\" \/>\n\t<meta property=\"og:image:width\" content=\"800\" \/>\n\t<meta property=\"og:image:height\" content=\"800\" \/>\n\t<meta property=\"og:image:type\" content=\"image\/jpeg\" \/>\n<meta name=\"twitter:card\" content=\"summary_large_image\" \/>\n<meta name=\"twitter:label1\" content=\"Becs\u00fclt olvas\u00e1si id\u0151\" \/>\n\t<meta name=\"twitter:data1\" content=\"1 perc\" \/>\n<!-- \/ Yoast SEO plugin. -->","yoast_head_json":{"title":"V\u00e1s\u00e1roljon Rainbow PCLA Screw 29G50-70mm-t online","description":"V\u00e1s\u00e1roljon Rainbow PCLA Screw 29G50-70mm b\u0151rfeszes\u00edt\u00e9shez \u00e9s fiatal\u00edt\u00e1shoz. Biztons\u00e1gos, hat\u00e9kony lifting sz\u00e1lak a Kinami Health-n\u00e9l. Rendeljen most!","robots":{"index":"index","follow":"follow","max-snippet":"max-snippet:-1","max-image-preview":"max-image-preview:large","max-video-preview":"max-video-preview:-1"},"canonical":"https:\/\/kinamihealth.com\/hu\/wp-json\/wp\/v2\/product\/116988","og_locale":"hu_HU","og_type":"article","og_title":"V\u00e1s\u00e1roljon Rainbow PCLA Screw 29G50-70mm-t online","og_description":"V\u00e1s\u00e1roljon Rainbow PCLA Screw 29G50-70mm b\u0151rfeszes\u00edt\u00e9shez \u00e9s fiatal\u00edt\u00e1shoz. Biztons\u00e1gos, hat\u00e9kony lifting sz\u00e1lak a Kinami Health-n\u00e9l. Rendeljen most!","og_url":"https:\/\/kinamihealth.com\/hu\/termek\/rainbow-pcla-screw-29g50-70mm\/","og_site_name":"Kinami Health","article_modified_time":"2025-11-08T15:55:55+00:00","og_image":[{"width":800,"height":800,"url":"https:\/\/kinamihealth.com\/wp-content\/uploads\/2025\/02\/RAINBOW-PCLA-SCREW-29G50_70MM-01.jpg","type":"image\/jpeg"}],"twitter_card":"summary_large_image","twitter_misc":{"Becs\u00fclt olvas\u00e1si id\u0151":"1 perc"},"schema":{"@context":"https:\/\/schema.org","@graph":[{"@type":"WebPage","@id":"https:\/\/kinamihealth.com\/hu\/termek\/rainbow-pcla-screw-29g50-70mm\/","url":"https:\/\/kinamihealth.com\/hu\/termek\/rainbow-pcla-screw-29g50-70mm\/","name":"V\u00e1s\u00e1roljon Rainbow PCLA Screw 29G50-70mm-t online","isPartOf":{"@id":"https:\/\/kinamihealth.com\/#website"},"primaryImageOfPage":{"@id":"https:\/\/kinamihealth.com\/hu\/termek\/rainbow-pcla-screw-29g50-70mm\/#primaryimage"},"image":{"@id":"https:\/\/kinamihealth.com\/hu\/termek\/rainbow-pcla-screw-29g50-70mm\/#primaryimage"},"thumbnailUrl":"https:\/\/kinamihealth.com\/wp-content\/uploads\/2025\/02\/RAINBOW-PCLA-SCREW-29G50_70MM-01.jpg","datePublished":"2025-02-15T16:56:39+00:00","dateModified":"2025-11-08T15:55:55+00:00","description":"V\u00e1s\u00e1roljon Rainbow PCLA Screw 29G50-70mm b\u0151rfeszes\u00edt\u00e9shez \u00e9s fiatal\u00edt\u00e1shoz. Biztons\u00e1gos, hat\u00e9kony lifting sz\u00e1lak a Kinami Health-n\u00e9l. Rendeljen most!","breadcrumb":{"@id":"https:\/\/kinamihealth.com\/hu\/termek\/rainbow-pcla-screw-29g50-70mm\/#breadcrumb"},"inLanguage":"hu","potentialAction":[{"@type":"ReadAction","target":["https:\/\/kinamihealth.com\/hu\/termek\/rainbow-pcla-screw-29g50-70mm\/"]}]},{"@type":"ImageObject","inLanguage":"hu","@id":"https:\/\/kinamihealth.com\/hu\/termek\/rainbow-pcla-screw-29g50-70mm\/#primaryimage","url":"https:\/\/kinamihealth.com\/wp-content\/uploads\/2025\/02\/RAINBOW-PCLA-SCREW-29G50_70MM-01.jpg","contentUrl":"https:\/\/kinamihealth.com\/wp-content\/uploads\/2025\/02\/RAINBOW-PCLA-SCREW-29G50_70MM-01.jpg","width":800,"height":800},{"@type":"BreadcrumbList","@id":"https:\/\/kinamihealth.com\/hu\/termek\/rainbow-pcla-screw-29g50-70mm\/#breadcrumb","itemListElement":[{"@type":"ListItem","position":1,"name":"Kezd\u0151lap","item":"https:\/\/kinamihealth.com\/"},{"@type":"ListItem","position":2,"name":"Bolt","item":"https:\/\/kinamihealth.com\/shop\/"},{"@type":"ListItem","position":3,"name":"RAINBOW PCLA SCREW 29G50-70mm"}]},{"@type":"WebSite","@id":"https:\/\/kinamihealth.com\/#website","url":"https:\/\/kinamihealth.com\/","name":"Kinami Health","description":"","publisher":{"@id":"https:\/\/kinamihealth.com\/#organization"},"potentialAction":[{"@type":"SearchAction","target":{"@type":"EntryPoint","urlTemplate":"https:\/\/kinamihealth.com\/?s={search_term_string}"},"query-input":{"@type":"PropertyValueSpecification","valueRequired":true,"valueName":"search_term_string"}}],"inLanguage":"hu"},{"@type":"Organization","@id":"https:\/\/kinamihealth.com\/#organization","name":"Kinami Health","url":"https:\/\/kinamihealth.com\/","logo":{"@type":"ImageObject","inLanguage":"hu","@id":"https:\/\/kinamihealth.com\/#\/schema\/logo\/image\/","url":"https:\/\/kinamihealth.com\/wp-content\/uploads\/2025\/01\/KH_logo_black_2-1.png","contentUrl":"https:\/\/kinamihealth.com\/wp-content\/uploads\/2025\/01\/KH_logo_black_2-1.png","width":339,"height":34,"caption":"Kinami Health"},"image":{"@id":"https:\/\/kinamihealth.com\/#\/schema\/logo\/image\/"}}]}},"_links":{"self":[{"href":"https:\/\/kinamihealth.com\/hu\/wp-json\/wp\/v2\/product\/116988","targetHints":{"allow":["GET"]}}],"collection":[{"href":"https:\/\/kinamihealth.com\/hu\/wp-json\/wp\/v2\/product"}],"about":[{"href":"https:\/\/kinamihealth.com\/hu\/wp-json\/wp\/v2\/types\/product"}],"replies":[{"embeddable":true,"href":"https:\/\/kinamihealth.com\/hu\/wp-json\/wp\/v2\/comments?post=116988"}],"version-history":[{"count":0,"href":"https:\/\/kinamihealth.com\/hu\/wp-json\/wp\/v2\/product\/116988\/revisions"}],"wp:featuredmedia":[{"embeddable":true,"href":"https:\/\/kinamihealth.com\/hu\/wp-json\/wp\/v2\/media\/116990"}],"wp:attachment":[{"href":"https:\/\/kinamihealth.com\/hu\/wp-json\/wp\/v2\/media?parent=116988"}],"wp:term":[{"taxonomy":"product_brand","embeddable":true,"href":"https:\/\/kinamihealth.com\/hu\/wp-json\/wp\/v2\/product_brand?post=116988"},{"taxonomy":"product_cat","embeddable":true,"href":"https:\/\/kinamihealth.com\/hu\/wp-json\/wp\/v2\/product_cat?post=116988"},{"taxonomy":"product_tag","embeddable":true,"href":"https:\/\/kinamihealth.com\/hu\/wp-json\/wp\/v2\/product_tag?post=116988"}],"curies":[{"name":"wp","href":"https:\/\/api.w.org\/{rel}","templated":true}]}}