{"id":116973,"date":"2025-02-15T16:57:30","date_gmt":"2025-02-15T16:57:30","guid":{"rendered":"https:\/\/kinamihealth.com\/product\/revofil-ultra\/"},"modified":"2025-10-28T21:49:50","modified_gmt":"2025-10-28T21:49:50","slug":"revofil-ultra","status":"publish","type":"product","link":"https:\/\/kinamihealth.com\/hu\/termek\/revofil-ultra\/","title":{"rendered":"REVOFIL\u2122 ULTRA"},"content":{"rendered":"<p>A Revofil Plus aj\u00e1nlott k\u00f6zepes \u00e9s m\u00e9ly r\u00e1ncok korrekci\u00f3j\u00e1ra, arcfelvarr\u00e1sra, arc kont\u00faroz\u00e1s\u00e1ra, \u00e1llkapocs kont\u00faroz\u00e1s\u00e1ra, az arcpof\u00e1k t\u00e9rfogat\u00e1nak n\u00f6vel\u00e9s\u00e9re, \u00e1llkapocs korrekci\u00f3j\u00e1ra, valamint az ajkak hidrat\u00e1l\u00e1s\u00e1ra \u00e9s t\u00e9rfogat\u00e1nak n\u00f6vel\u00e9s\u00e9re.<\/p>\n","protected":false},"excerpt":{"rendered":"<p>A Revofil Plus aj\u00e1nlott k\u00f6zepes \u00e9s m\u00e9ly r\u00e1ncok korrekci\u00f3j\u00e1ra, arcfelvarr\u00e1sra, arc kont\u00faroz\u00e1s\u00e1ra, \u00e1llkapocs kont\u00faroz\u00e1s\u00e1ra, az arcpof\u00e1k t\u00e9rfogat\u00e1nak n\u00f6vel\u00e9s\u00e9re, \u00e1llkapocs korrekci\u00f3j\u00e1ra, valamint az ajkak hidrat\u00e1l\u00e1s\u00e1ra \u00e9s t\u00e9rfogat\u00e1nak n\u00f6vel\u00e9s\u00e9re.<\/p>\n","protected":false},"featured_media":116974,"comment_status":"closed","ping_status":"closed","template":"","meta":{"_acf_changed":false,"inline_featured_image":false},"product_brand":[2223],"product_cat":[2997,3002],"product_tag":[2979],"class_list":{"0":"post-116973","1":"product","2":"type-product","3":"status-publish","4":"has-post-thumbnail","6":"product_brand-revofil","7":"product_cat-dermalis-toltoanyagok","8":"product_cat-ha-borfeltoltok","9":"product_tag-orvostechnikai-eszkozok","11":"first","12":"instock","13":"taxable","14":"shipping-taxable","15":"purchasable","16":"product-type-simple","17":"add-to-wishlist-before_image"},"acf":[],"yoast_head":"<!-- This site is optimized with the Yoast SEO plugin v27.3 - https:\/\/yoast.com\/product\/yoast-seo-wordpress\/ -->\n<title>V\u00e1s\u00e1roljon Revofil Ultra - pr\u00e9mium derm\u00e1lis t\u00f6lt\u0151anyag m\u00e9ly r\u00e1ncokhoz<\/title>\n<meta name=\"description\" content=\"V\u00e1s\u00e1rolja meg a Revofil Ultra term\u00e9ket, egy professzion\u00e1lis min\u0151s\u00e9g\u0171 derm\u00e1lis t\u00f6lt\u0151anyagot, amely hialuronsavat \u00e9s biometrikus peptideket kombin\u00e1l a m\u00e9ly r\u00e1ncok korrekci\u00f3ja \u00e9s az arc volumen\u00e9nek helyre\u00e1ll\u00edt\u00e1sa \u00e9rdek\u00e9ben.\" \/>\n<meta name=\"robots\" content=\"index, follow, max-snippet:-1, max-image-preview:large, max-video-preview:-1\" \/>\n<link rel=\"canonical\" href=\"https:\/\/kinamihealth.com\/hu\/wp-json\/wp\/v2\/product\/116973\" \/>\n<meta property=\"og:locale\" content=\"hu_HU\" \/>\n<meta property=\"og:type\" content=\"article\" \/>\n<meta property=\"og:title\" content=\"V\u00e1s\u00e1roljon Revofil Ultra - pr\u00e9mium derm\u00e1lis t\u00f6lt\u0151anyag m\u00e9ly r\u00e1ncokhoz\" \/>\n<meta property=\"og:description\" content=\"V\u00e1s\u00e1rolja meg a Revofil Ultra term\u00e9ket, egy professzion\u00e1lis min\u0151s\u00e9g\u0171 derm\u00e1lis t\u00f6lt\u0151anyagot, amely hialuronsavat \u00e9s biometrikus peptideket kombin\u00e1l a m\u00e9ly r\u00e1ncok korrekci\u00f3ja \u00e9s az arc volumen\u00e9nek helyre\u00e1ll\u00edt\u00e1sa \u00e9rdek\u00e9ben.\" \/>\n<meta property=\"og:url\" content=\"https:\/\/kinamihealth.com\/hu\/termek\/revofil-ultra\/\" \/>\n<meta property=\"og:site_name\" content=\"Kinami Health\" \/>\n<meta property=\"article:modified_time\" content=\"2025-10-28T21:49:50+00:00\" \/>\n<meta property=\"og:image\" content=\"https:\/\/kinamihealth.com\/wp-content\/uploads\/2025\/02\/REVOFIL-ULTRA-01.jpg\" \/>\n\t<meta property=\"og:image:width\" content=\"800\" \/>\n\t<meta property=\"og:image:height\" content=\"800\" \/>\n\t<meta property=\"og:image:type\" content=\"image\/jpeg\" \/>\n<meta name=\"twitter:card\" content=\"summary_large_image\" \/>\n<meta name=\"twitter:label1\" content=\"Becs\u00fclt olvas\u00e1si id\u0151\" \/>\n\t<meta name=\"twitter:data1\" content=\"1 perc\" \/>\n<!-- \/ Yoast SEO plugin. -->","yoast_head_json":{"title":"V\u00e1s\u00e1roljon Revofil Ultra - pr\u00e9mium derm\u00e1lis t\u00f6lt\u0151anyag m\u00e9ly r\u00e1ncokhoz","description":"V\u00e1s\u00e1rolja meg a Revofil Ultra term\u00e9ket, egy professzion\u00e1lis min\u0151s\u00e9g\u0171 derm\u00e1lis t\u00f6lt\u0151anyagot, amely hialuronsavat \u00e9s biometrikus peptideket kombin\u00e1l a m\u00e9ly r\u00e1ncok korrekci\u00f3ja \u00e9s az arc volumen\u00e9nek helyre\u00e1ll\u00edt\u00e1sa \u00e9rdek\u00e9ben.","robots":{"index":"index","follow":"follow","max-snippet":"max-snippet:-1","max-image-preview":"max-image-preview:large","max-video-preview":"max-video-preview:-1"},"canonical":"https:\/\/kinamihealth.com\/hu\/wp-json\/wp\/v2\/product\/116973","og_locale":"hu_HU","og_type":"article","og_title":"V\u00e1s\u00e1roljon Revofil Ultra - pr\u00e9mium derm\u00e1lis t\u00f6lt\u0151anyag m\u00e9ly r\u00e1ncokhoz","og_description":"V\u00e1s\u00e1rolja meg a Revofil Ultra term\u00e9ket, egy professzion\u00e1lis min\u0151s\u00e9g\u0171 derm\u00e1lis t\u00f6lt\u0151anyagot, amely hialuronsavat \u00e9s biometrikus peptideket kombin\u00e1l a m\u00e9ly r\u00e1ncok korrekci\u00f3ja \u00e9s az arc volumen\u00e9nek helyre\u00e1ll\u00edt\u00e1sa \u00e9rdek\u00e9ben.","og_url":"https:\/\/kinamihealth.com\/hu\/termek\/revofil-ultra\/","og_site_name":"Kinami Health","article_modified_time":"2025-10-28T21:49:50+00:00","og_image":[{"width":800,"height":800,"url":"https:\/\/kinamihealth.com\/wp-content\/uploads\/2025\/02\/REVOFIL-ULTRA-01.jpg","type":"image\/jpeg"}],"twitter_card":"summary_large_image","twitter_misc":{"Becs\u00fclt olvas\u00e1si id\u0151":"1 perc"},"schema":{"@context":"https:\/\/schema.org","@graph":[{"@type":"WebPage","@id":"https:\/\/kinamihealth.com\/hu\/termek\/revofil-ultra\/","url":"https:\/\/kinamihealth.com\/hu\/termek\/revofil-ultra\/","name":"V\u00e1s\u00e1roljon Revofil Ultra - pr\u00e9mium derm\u00e1lis t\u00f6lt\u0151anyag m\u00e9ly r\u00e1ncokhoz","isPartOf":{"@id":"https:\/\/kinamihealth.com\/#website"},"primaryImageOfPage":{"@id":"https:\/\/kinamihealth.com\/hu\/termek\/revofil-ultra\/#primaryimage"},"image":{"@id":"https:\/\/kinamihealth.com\/hu\/termek\/revofil-ultra\/#primaryimage"},"thumbnailUrl":"https:\/\/kinamihealth.com\/wp-content\/uploads\/2025\/02\/REVOFIL-ULTRA-01.jpg","datePublished":"2025-02-15T16:57:30+00:00","dateModified":"2025-10-28T21:49:50+00:00","description":"V\u00e1s\u00e1rolja meg a Revofil Ultra term\u00e9ket, egy professzion\u00e1lis min\u0151s\u00e9g\u0171 derm\u00e1lis t\u00f6lt\u0151anyagot, amely hialuronsavat \u00e9s biometrikus peptideket kombin\u00e1l a m\u00e9ly r\u00e1ncok korrekci\u00f3ja \u00e9s az arc volumen\u00e9nek helyre\u00e1ll\u00edt\u00e1sa \u00e9rdek\u00e9ben.","breadcrumb":{"@id":"https:\/\/kinamihealth.com\/hu\/termek\/revofil-ultra\/#breadcrumb"},"inLanguage":"hu","potentialAction":[{"@type":"ReadAction","target":["https:\/\/kinamihealth.com\/hu\/termek\/revofil-ultra\/"]}]},{"@type":"ImageObject","inLanguage":"hu","@id":"https:\/\/kinamihealth.com\/hu\/termek\/revofil-ultra\/#primaryimage","url":"https:\/\/kinamihealth.com\/wp-content\/uploads\/2025\/02\/REVOFIL-ULTRA-01.jpg","contentUrl":"https:\/\/kinamihealth.com\/wp-content\/uploads\/2025\/02\/REVOFIL-ULTRA-01.jpg","width":800,"height":800},{"@type":"BreadcrumbList","@id":"https:\/\/kinamihealth.com\/hu\/termek\/revofil-ultra\/#breadcrumb","itemListElement":[{"@type":"ListItem","position":1,"name":"Kezd\u0151lap","item":"https:\/\/kinamihealth.com\/"},{"@type":"ListItem","position":2,"name":"Bolt","item":"https:\/\/kinamihealth.com\/shop\/"},{"@type":"ListItem","position":3,"name":"REVOFIL\u2122 ULTRA"}]},{"@type":"WebSite","@id":"https:\/\/kinamihealth.com\/#website","url":"https:\/\/kinamihealth.com\/","name":"Kinami Health","description":"","publisher":{"@id":"https:\/\/kinamihealth.com\/#organization"},"potentialAction":[{"@type":"SearchAction","target":{"@type":"EntryPoint","urlTemplate":"https:\/\/kinamihealth.com\/?s={search_term_string}"},"query-input":{"@type":"PropertyValueSpecification","valueRequired":true,"valueName":"search_term_string"}}],"inLanguage":"hu"},{"@type":"Organization","@id":"https:\/\/kinamihealth.com\/#organization","name":"Kinami Health","url":"https:\/\/kinamihealth.com\/","logo":{"@type":"ImageObject","inLanguage":"hu","@id":"https:\/\/kinamihealth.com\/#\/schema\/logo\/image\/","url":"https:\/\/kinamihealth.com\/wp-content\/uploads\/2025\/01\/KH_logo_black_2-1.png","contentUrl":"https:\/\/kinamihealth.com\/wp-content\/uploads\/2025\/01\/KH_logo_black_2-1.png","width":339,"height":34,"caption":"Kinami Health"},"image":{"@id":"https:\/\/kinamihealth.com\/#\/schema\/logo\/image\/"}}]}},"_links":{"self":[{"href":"https:\/\/kinamihealth.com\/hu\/wp-json\/wp\/v2\/product\/116973","targetHints":{"allow":["GET"]}}],"collection":[{"href":"https:\/\/kinamihealth.com\/hu\/wp-json\/wp\/v2\/product"}],"about":[{"href":"https:\/\/kinamihealth.com\/hu\/wp-json\/wp\/v2\/types\/product"}],"replies":[{"embeddable":true,"href":"https:\/\/kinamihealth.com\/hu\/wp-json\/wp\/v2\/comments?post=116973"}],"version-history":[{"count":0,"href":"https:\/\/kinamihealth.com\/hu\/wp-json\/wp\/v2\/product\/116973\/revisions"}],"wp:featuredmedia":[{"embeddable":true,"href":"https:\/\/kinamihealth.com\/hu\/wp-json\/wp\/v2\/media\/116974"}],"wp:attachment":[{"href":"https:\/\/kinamihealth.com\/hu\/wp-json\/wp\/v2\/media?parent=116973"}],"wp:term":[{"taxonomy":"product_brand","embeddable":true,"href":"https:\/\/kinamihealth.com\/hu\/wp-json\/wp\/v2\/product_brand?post=116973"},{"taxonomy":"product_cat","embeddable":true,"href":"https:\/\/kinamihealth.com\/hu\/wp-json\/wp\/v2\/product_cat?post=116973"},{"taxonomy":"product_tag","embeddable":true,"href":"https:\/\/kinamihealth.com\/hu\/wp-json\/wp\/v2\/product_tag?post=116973"}],"curies":[{"name":"wp","href":"https:\/\/api.w.org\/{rel}","templated":true}]}}