{"id":116924,"date":"2025-02-15T16:57:09","date_gmt":"2025-02-15T16:57:09","guid":{"rendered":"https:\/\/kinamihealth.com\/product\/restylane-skinboosters-vital-light-with-lidocaine\/"},"modified":"2026-04-03T11:57:22","modified_gmt":"2026-04-03T11:57:22","slug":"restylane-skinboosters-vital-light-with-lidocaine","status":"publish","type":"product","link":"https:\/\/kinamihealth.com\/hu\/termek\/restylane-skinboosters-vital-light-with-lidocaine\/","title":{"rendered":"RESTYLANE\u00ae SKINBOOSTERS\u2122 VITAL LIGHT with Lidocaine"},"content":{"rendered":"<p>A Restylane\u00ae Vital Light SB Lidocaine c\u00e9lja a b\u0151r min\u0151s\u00e9g\u00e9nek jav\u00edt\u00e1sa a b\u0151r hidrat\u00e1lts\u00e1g\u00e1nak fokoz\u00e1s\u00e1val, valamint simas\u00e1g\u00e1nak, rugalmass\u00e1g\u00e1nak \u00e9s feszess\u00e9g\u00e9nek n\u00f6vel\u00e9s\u00e9vel. A Restylane\u00ae Vital Light alkalmas a finomabb ter\u00fcletek, p\u00e9ld\u00e1ul a nyak vagy a dekolt\u00e1zs kezel\u00e9s\u00e9re. A term\u00e9k a k\u00f6vetkez\u0151 ter\u00fcletek kezel\u00e9s\u00e9re haszn\u00e1lhat\u00f3: arc, ajkak, kezek, nyak \u00e9s dekolt\u00e1zs. Lidokaint tartalmaz, egy er\u0151s \u00e9rz\u00e9stelen\u00edt\u0151t, amely k\u00e9nyelmesebb\u00e9 teszi az injekci\u00f3 bead\u00e1s\u00e1t. Seg\u00edt hidrat\u00e1lni \u00e9s fiatal\u00edtani a b\u0151rt.<\/p>\n","protected":false},"excerpt":{"rendered":"<p>A Restylane\u00ae Vital Light SB Lidocaine c\u00e9lja a b\u0151r min\u0151s\u00e9g\u00e9nek jav\u00edt\u00e1sa a b\u0151r hidrat\u00e1lts\u00e1g\u00e1nak fokoz\u00e1s\u00e1val, valamint simas\u00e1g\u00e1nak, rugalmass\u00e1g\u00e1nak \u00e9s feszess\u00e9g\u00e9nek n\u00f6vel\u00e9s\u00e9vel. A Restylane\u00ae Vital Light alkalmas a finomabb ter\u00fcletek, p\u00e9ld\u00e1ul a nyak vagy a dekolt\u00e1zs kezel\u00e9s\u00e9re. A term\u00e9k a k\u00f6vetkez\u0151 ter\u00fcletek kezel\u00e9s\u00e9re haszn\u00e1lhat\u00f3: arc, ajkak, kezek, nyak \u00e9s dekolt\u00e1zs. Lidokaint tartalmaz, egy er\u0151s \u00e9rz\u00e9stelen\u00edt\u0151t, amely [&hellip;]<\/p>\n","protected":false},"featured_media":116925,"comment_status":"closed","ping_status":"closed","template":"","meta":{"_acf_changed":false,"inline_featured_image":false},"product_brand":[2222],"product_cat":[2997,3099],"product_tag":[2979],"class_list":{"0":"post-116924","1":"product","2":"type-product","3":"status-publish","4":"has-post-thumbnail","6":"product_brand-restylane","7":"product_cat-dermalis-toltoanyagok","8":"product_cat-skinbooster","9":"product_tag-orvostechnikai-eszkozok","11":"first","12":"instock","13":"taxable","14":"shipping-taxable","15":"purchasable","16":"product-type-simple","17":"add-to-wishlist-before_image"},"acf":[],"yoast_head":"<!-- This site is optimized with the Yoast SEO plugin v27.3 - https:\/\/yoast.com\/product\/yoast-seo-wordpress\/ -->\n<title>V\u00e1s\u00e1roljon Restylane Skinboosters Vital Light lidokainnal online<\/title>\n<meta name=\"description\" content=\"V\u00e1s\u00e1rolja meg online a Restylane Skinboosters Vital Light with Lidocaine term\u00e9ket \u2013 egy hialuronsav alap\u00fa b\u0151rfeszes\u00edt\u0151, amely hidrat\u00e1lja, fiatal\u00edtja \u00e9s jav\u00edtja a b\u0151r rugalmass\u00e1g\u00e1t, ide\u00e1lis a k\u00e9nyes ter\u00fcletek kezel\u00e9s\u00e9re, minim\u00e1lis gy\u00f3gyul\u00e1si id\u0151vel.\" \/>\n<meta name=\"robots\" content=\"index, follow, max-snippet:-1, max-image-preview:large, max-video-preview:-1\" \/>\n<link rel=\"canonical\" href=\"https:\/\/kinamihealth.com\/hu\/wp-json\/wp\/v2\/product\/116924\" \/>\n<meta property=\"og:locale\" content=\"hu_HU\" \/>\n<meta property=\"og:type\" content=\"article\" \/>\n<meta property=\"og:title\" content=\"V\u00e1s\u00e1roljon Restylane Skinboosters Vital Light lidokainnal online\" \/>\n<meta property=\"og:description\" content=\"V\u00e1s\u00e1rolja meg online a Restylane Skinboosters Vital Light with Lidocaine term\u00e9ket \u2013 egy hialuronsav alap\u00fa b\u0151rfeszes\u00edt\u0151, amely hidrat\u00e1lja, fiatal\u00edtja \u00e9s jav\u00edtja a b\u0151r rugalmass\u00e1g\u00e1t, ide\u00e1lis a k\u00e9nyes ter\u00fcletek kezel\u00e9s\u00e9re, minim\u00e1lis gy\u00f3gyul\u00e1si id\u0151vel.\" \/>\n<meta property=\"og:url\" content=\"https:\/\/kinamihealth.com\/hu\/termek\/restylane-skinboosters-vital-light-with-lidocaine\/\" \/>\n<meta property=\"og:site_name\" content=\"Kinami Health\" \/>\n<meta property=\"article:modified_time\" content=\"2026-04-03T11:57:22+00:00\" \/>\n<meta property=\"og:image\" content=\"https:\/\/kinamihealth.com\/wp-content\/uploads\/2025\/02\/GALDERMA-RESTYLANE-SKINBOOSTERS-VITALLIGHT-1.5ML-01.jpg\" \/>\n\t<meta property=\"og:image:width\" content=\"800\" \/>\n\t<meta property=\"og:image:height\" content=\"800\" \/>\n\t<meta property=\"og:image:type\" content=\"image\/jpeg\" \/>\n<meta name=\"twitter:card\" content=\"summary_large_image\" \/>\n<meta name=\"twitter:label1\" content=\"Becs\u00fclt olvas\u00e1si id\u0151\" \/>\n\t<meta name=\"twitter:data1\" content=\"1 perc\" \/>\n<!-- \/ Yoast SEO plugin. -->","yoast_head_json":{"title":"V\u00e1s\u00e1roljon Restylane Skinboosters Vital Light lidokainnal online","description":"V\u00e1s\u00e1rolja meg online a Restylane Skinboosters Vital Light with Lidocaine term\u00e9ket \u2013 egy hialuronsav alap\u00fa b\u0151rfeszes\u00edt\u0151, amely hidrat\u00e1lja, fiatal\u00edtja \u00e9s jav\u00edtja a b\u0151r rugalmass\u00e1g\u00e1t, ide\u00e1lis a k\u00e9nyes ter\u00fcletek kezel\u00e9s\u00e9re, minim\u00e1lis gy\u00f3gyul\u00e1si id\u0151vel.","robots":{"index":"index","follow":"follow","max-snippet":"max-snippet:-1","max-image-preview":"max-image-preview:large","max-video-preview":"max-video-preview:-1"},"canonical":"https:\/\/kinamihealth.com\/hu\/wp-json\/wp\/v2\/product\/116924","og_locale":"hu_HU","og_type":"article","og_title":"V\u00e1s\u00e1roljon Restylane Skinboosters Vital Light lidokainnal online","og_description":"V\u00e1s\u00e1rolja meg online a Restylane Skinboosters Vital Light with Lidocaine term\u00e9ket \u2013 egy hialuronsav alap\u00fa b\u0151rfeszes\u00edt\u0151, amely hidrat\u00e1lja, fiatal\u00edtja \u00e9s jav\u00edtja a b\u0151r rugalmass\u00e1g\u00e1t, ide\u00e1lis a k\u00e9nyes ter\u00fcletek kezel\u00e9s\u00e9re, minim\u00e1lis gy\u00f3gyul\u00e1si id\u0151vel.","og_url":"https:\/\/kinamihealth.com\/hu\/termek\/restylane-skinboosters-vital-light-with-lidocaine\/","og_site_name":"Kinami Health","article_modified_time":"2026-04-03T11:57:22+00:00","og_image":[{"width":800,"height":800,"url":"https:\/\/kinamihealth.com\/wp-content\/uploads\/2025\/02\/GALDERMA-RESTYLANE-SKINBOOSTERS-VITALLIGHT-1.5ML-01.jpg","type":"image\/jpeg"}],"twitter_card":"summary_large_image","twitter_misc":{"Becs\u00fclt olvas\u00e1si id\u0151":"1 perc"},"schema":{"@context":"https:\/\/schema.org","@graph":[{"@type":"WebPage","@id":"https:\/\/kinamihealth.com\/hu\/termek\/restylane-skinboosters-vital-light-with-lidocaine\/","url":"https:\/\/kinamihealth.com\/hu\/termek\/restylane-skinboosters-vital-light-with-lidocaine\/","name":"V\u00e1s\u00e1roljon Restylane Skinboosters Vital Light lidokainnal online","isPartOf":{"@id":"https:\/\/kinamihealth.com\/#website"},"primaryImageOfPage":{"@id":"https:\/\/kinamihealth.com\/hu\/termek\/restylane-skinboosters-vital-light-with-lidocaine\/#primaryimage"},"image":{"@id":"https:\/\/kinamihealth.com\/hu\/termek\/restylane-skinboosters-vital-light-with-lidocaine\/#primaryimage"},"thumbnailUrl":"https:\/\/kinamihealth.com\/wp-content\/uploads\/2025\/02\/GALDERMA-RESTYLANE-SKINBOOSTERS-VITALLIGHT-1.5ML-01.jpg","datePublished":"2025-02-15T16:57:09+00:00","dateModified":"2026-04-03T11:57:22+00:00","description":"V\u00e1s\u00e1rolja meg online a Restylane Skinboosters Vital Light with Lidocaine term\u00e9ket \u2013 egy hialuronsav alap\u00fa b\u0151rfeszes\u00edt\u0151, amely hidrat\u00e1lja, fiatal\u00edtja \u00e9s jav\u00edtja a b\u0151r rugalmass\u00e1g\u00e1t, ide\u00e1lis a k\u00e9nyes ter\u00fcletek kezel\u00e9s\u00e9re, minim\u00e1lis gy\u00f3gyul\u00e1si id\u0151vel.","breadcrumb":{"@id":"https:\/\/kinamihealth.com\/hu\/termek\/restylane-skinboosters-vital-light-with-lidocaine\/#breadcrumb"},"inLanguage":"hu","potentialAction":[{"@type":"ReadAction","target":["https:\/\/kinamihealth.com\/hu\/termek\/restylane-skinboosters-vital-light-with-lidocaine\/"]}]},{"@type":"ImageObject","inLanguage":"hu","@id":"https:\/\/kinamihealth.com\/hu\/termek\/restylane-skinboosters-vital-light-with-lidocaine\/#primaryimage","url":"https:\/\/kinamihealth.com\/wp-content\/uploads\/2025\/02\/GALDERMA-RESTYLANE-SKINBOOSTERS-VITALLIGHT-1.5ML-01.jpg","contentUrl":"https:\/\/kinamihealth.com\/wp-content\/uploads\/2025\/02\/GALDERMA-RESTYLANE-SKINBOOSTERS-VITALLIGHT-1.5ML-01.jpg","width":800,"height":800},{"@type":"BreadcrumbList","@id":"https:\/\/kinamihealth.com\/hu\/termek\/restylane-skinboosters-vital-light-with-lidocaine\/#breadcrumb","itemListElement":[{"@type":"ListItem","position":1,"name":"Kezd\u0151lap","item":"https:\/\/kinamihealth.com\/"},{"@type":"ListItem","position":2,"name":"Bolt","item":"https:\/\/kinamihealth.com\/shop\/"},{"@type":"ListItem","position":3,"name":"RESTYLANE\u00ae SKINBOOSTERS\u2122 VITAL LIGHT with Lidocaine"}]},{"@type":"WebSite","@id":"https:\/\/kinamihealth.com\/#website","url":"https:\/\/kinamihealth.com\/","name":"Kinami Health","description":"","publisher":{"@id":"https:\/\/kinamihealth.com\/#organization"},"potentialAction":[{"@type":"SearchAction","target":{"@type":"EntryPoint","urlTemplate":"https:\/\/kinamihealth.com\/?s={search_term_string}"},"query-input":{"@type":"PropertyValueSpecification","valueRequired":true,"valueName":"search_term_string"}}],"inLanguage":"hu"},{"@type":"Organization","@id":"https:\/\/kinamihealth.com\/#organization","name":"Kinami Health","url":"https:\/\/kinamihealth.com\/","logo":{"@type":"ImageObject","inLanguage":"hu","@id":"https:\/\/kinamihealth.com\/#\/schema\/logo\/image\/","url":"https:\/\/kinamihealth.com\/wp-content\/uploads\/2025\/01\/KH_logo_black_2-1.png","contentUrl":"https:\/\/kinamihealth.com\/wp-content\/uploads\/2025\/01\/KH_logo_black_2-1.png","width":339,"height":34,"caption":"Kinami Health"},"image":{"@id":"https:\/\/kinamihealth.com\/#\/schema\/logo\/image\/"}}]}},"_links":{"self":[{"href":"https:\/\/kinamihealth.com\/hu\/wp-json\/wp\/v2\/product\/116924","targetHints":{"allow":["GET"]}}],"collection":[{"href":"https:\/\/kinamihealth.com\/hu\/wp-json\/wp\/v2\/product"}],"about":[{"href":"https:\/\/kinamihealth.com\/hu\/wp-json\/wp\/v2\/types\/product"}],"replies":[{"embeddable":true,"href":"https:\/\/kinamihealth.com\/hu\/wp-json\/wp\/v2\/comments?post=116924"}],"version-history":[{"count":1,"href":"https:\/\/kinamihealth.com\/hu\/wp-json\/wp\/v2\/product\/116924\/revisions"}],"predecessor-version":[{"id":134627,"href":"https:\/\/kinamihealth.com\/hu\/wp-json\/wp\/v2\/product\/116924\/revisions\/134627"}],"wp:featuredmedia":[{"embeddable":true,"href":"https:\/\/kinamihealth.com\/hu\/wp-json\/wp\/v2\/media\/116925"}],"wp:attachment":[{"href":"https:\/\/kinamihealth.com\/hu\/wp-json\/wp\/v2\/media?parent=116924"}],"wp:term":[{"taxonomy":"product_brand","embeddable":true,"href":"https:\/\/kinamihealth.com\/hu\/wp-json\/wp\/v2\/product_brand?post=116924"},{"taxonomy":"product_cat","embeddable":true,"href":"https:\/\/kinamihealth.com\/hu\/wp-json\/wp\/v2\/product_cat?post=116924"},{"taxonomy":"product_tag","embeddable":true,"href":"https:\/\/kinamihealth.com\/hu\/wp-json\/wp\/v2\/product_tag?post=116924"}],"curies":[{"name":"wp","href":"https:\/\/api.w.org\/{rel}","templated":true}]}}