{"id":116905,"date":"2025-02-15T16:57:01","date_gmt":"2025-02-15T16:57:01","guid":{"rendered":"https:\/\/kinamihealth.com\/product\/sesderma-repaskin-invisible-fluid-spf50\/"},"modified":"2025-10-29T21:14:30","modified_gmt":"2025-10-29T21:14:30","slug":"sesderma-repaskin-invisible-fluid-spf50","status":"publish","type":"product","link":"https:\/\/kinamihealth.com\/hu\/termek\/sesderma-repaskin-invisible-fluid-spf50\/","title":{"rendered":"SESDERMA\u00ae REPASKIN INVISIBLE FLUID SPF50+"},"content":{"rendered":"<p>A Repaskin Invisible Fluid SPF50 rendk\u00edv\u00fcl k\u00f6nny\u0171 foly\u00e9kony text\u00far\u00e1val rendelkezik, gyorsan felsz\u00edv\u00f3dik, \u00e9s nem hagy zs\u00edros f\u00e9nyt vagy feh\u00e9r foltokat. Ezenk\u00edv\u00fcl antioxid\u00e1nsokat \u00e9s helyre\u00e1ll\u00edt\u00f3 enzimeket is tartalmaz, egy egyed\u00fcl\u00e1ll\u00f3 kombin\u00e1ci\u00f3t, amely seg\u00edt lek\u00fczdeni a f\u00e9nyk\u00e1rosod\u00e1st \u00e9s megel\u0151zni a b\u0151r id\u0151 el\u0151tti \u00f6reged\u00e9s\u00e9t.<\/p>\n","protected":false},"excerpt":{"rendered":"<p>A Repaskin Invisible Fluid SPF50 rendk\u00edv\u00fcl k\u00f6nny\u0171 foly\u00e9kony text\u00far\u00e1val rendelkezik, gyorsan felsz\u00edv\u00f3dik, \u00e9s nem hagy zs\u00edros f\u00e9nyt vagy feh\u00e9r foltokat. Ezenk\u00edv\u00fcl antioxid\u00e1nsokat \u00e9s helyre\u00e1ll\u00edt\u00f3 enzimeket is tartalmaz, egy egyed\u00fcl\u00e1ll\u00f3 kombin\u00e1ci\u00f3t, amely seg\u00edt lek\u00fczdeni a f\u00e9nyk\u00e1rosod\u00e1st \u00e9s megel\u0151zni a b\u0151r id\u0151 el\u0151tti \u00f6reged\u00e9s\u00e9t.<\/p>\n","protected":false},"featured_media":116906,"comment_status":"closed","ping_status":"closed","template":"","meta":{"_acf_changed":false,"inline_featured_image":false},"product_brand":[2254],"product_cat":[2991],"product_tag":[2979],"class_list":{"0":"post-116905","1":"product","2":"type-product","3":"status-publish","4":"has-post-thumbnail","6":"product_brand-sesderma","7":"product_cat-borapolas","8":"product_tag-orvostechnikai-eszkozok","10":"first","11":"instock","12":"taxable","13":"shipping-taxable","14":"purchasable","15":"product-type-simple","16":"add-to-wishlist-before_image"},"acf":[],"yoast_head":"<!-- This site is optimized with the Yoast SEO plugin v27.3 - https:\/\/yoast.com\/product\/yoast-seo-wordpress\/ -->\n<title>V\u00e1s\u00e1roljon Repaskin Fluid Invisible SPF 50+ term\u00e9ket<\/title>\n<meta name=\"description\" content=\"V\u00e1s\u00e1roljon Repaskin Fluid Invisible SPF 50 term\u00e9ket, \u00e9s szerezzen sz\u00e9les spektrum\u00fa napv\u00e9delmet. Megel\u0151zze a nap okozta k\u00e1rosod\u00e1sokat, \u00e9s cs\u00f6kkentse az \u00f6reged\u00e9s jeleit. Rendeljen a Kinami Health weboldalon!\" \/>\n<meta name=\"robots\" content=\"index, follow, max-snippet:-1, max-image-preview:large, max-video-preview:-1\" \/>\n<link rel=\"canonical\" href=\"https:\/\/kinamihealth.com\/hu\/wp-json\/wp\/v2\/product\/116905\" \/>\n<meta property=\"og:locale\" content=\"hu_HU\" \/>\n<meta property=\"og:type\" content=\"article\" \/>\n<meta property=\"og:title\" content=\"V\u00e1s\u00e1roljon Repaskin Fluid Invisible SPF 50+ term\u00e9ket\" \/>\n<meta property=\"og:description\" content=\"V\u00e1s\u00e1roljon Repaskin Fluid Invisible SPF 50 term\u00e9ket, \u00e9s szerezzen sz\u00e9les spektrum\u00fa napv\u00e9delmet. Megel\u0151zze a nap okozta k\u00e1rosod\u00e1sokat, \u00e9s cs\u00f6kkentse az \u00f6reged\u00e9s jeleit. Rendeljen a Kinami Health weboldalon!\" \/>\n<meta property=\"og:url\" content=\"https:\/\/kinamihealth.com\/hu\/termek\/sesderma-repaskin-invisible-fluid-spf50\/\" \/>\n<meta property=\"og:site_name\" content=\"Kinami Health\" \/>\n<meta property=\"article:modified_time\" content=\"2025-10-29T21:14:30+00:00\" \/>\n<meta property=\"og:image\" content=\"https:\/\/kinamihealth.com\/wp-content\/uploads\/2025\/02\/SESDERMA-REPASKIN-INVISIBLE-FLUID-SPF50-01.jpg\" \/>\n\t<meta property=\"og:image:width\" content=\"800\" \/>\n\t<meta property=\"og:image:height\" content=\"800\" \/>\n\t<meta property=\"og:image:type\" content=\"image\/jpeg\" \/>\n<meta name=\"twitter:card\" content=\"summary_large_image\" \/>\n<meta name=\"twitter:label1\" content=\"Becs\u00fclt olvas\u00e1si id\u0151\" \/>\n\t<meta name=\"twitter:data1\" content=\"1 perc\" \/>\n<!-- \/ Yoast SEO plugin. -->","yoast_head_json":{"title":"V\u00e1s\u00e1roljon Repaskin Fluid Invisible SPF 50+ term\u00e9ket","description":"V\u00e1s\u00e1roljon Repaskin Fluid Invisible SPF 50 term\u00e9ket, \u00e9s szerezzen sz\u00e9les spektrum\u00fa napv\u00e9delmet. Megel\u0151zze a nap okozta k\u00e1rosod\u00e1sokat, \u00e9s cs\u00f6kkentse az \u00f6reged\u00e9s jeleit. Rendeljen a Kinami Health weboldalon!","robots":{"index":"index","follow":"follow","max-snippet":"max-snippet:-1","max-image-preview":"max-image-preview:large","max-video-preview":"max-video-preview:-1"},"canonical":"https:\/\/kinamihealth.com\/hu\/wp-json\/wp\/v2\/product\/116905","og_locale":"hu_HU","og_type":"article","og_title":"V\u00e1s\u00e1roljon Repaskin Fluid Invisible SPF 50+ term\u00e9ket","og_description":"V\u00e1s\u00e1roljon Repaskin Fluid Invisible SPF 50 term\u00e9ket, \u00e9s szerezzen sz\u00e9les spektrum\u00fa napv\u00e9delmet. Megel\u0151zze a nap okozta k\u00e1rosod\u00e1sokat, \u00e9s cs\u00f6kkentse az \u00f6reged\u00e9s jeleit. Rendeljen a Kinami Health weboldalon!","og_url":"https:\/\/kinamihealth.com\/hu\/termek\/sesderma-repaskin-invisible-fluid-spf50\/","og_site_name":"Kinami Health","article_modified_time":"2025-10-29T21:14:30+00:00","og_image":[{"width":800,"height":800,"url":"https:\/\/kinamihealth.com\/wp-content\/uploads\/2025\/02\/SESDERMA-REPASKIN-INVISIBLE-FLUID-SPF50-01.jpg","type":"image\/jpeg"}],"twitter_card":"summary_large_image","twitter_misc":{"Becs\u00fclt olvas\u00e1si id\u0151":"1 perc"},"schema":{"@context":"https:\/\/schema.org","@graph":[{"@type":"WebPage","@id":"https:\/\/kinamihealth.com\/hu\/termek\/sesderma-repaskin-invisible-fluid-spf50\/","url":"https:\/\/kinamihealth.com\/hu\/termek\/sesderma-repaskin-invisible-fluid-spf50\/","name":"V\u00e1s\u00e1roljon Repaskin Fluid Invisible SPF 50+ term\u00e9ket","isPartOf":{"@id":"https:\/\/kinamihealth.com\/#website"},"primaryImageOfPage":{"@id":"https:\/\/kinamihealth.com\/hu\/termek\/sesderma-repaskin-invisible-fluid-spf50\/#primaryimage"},"image":{"@id":"https:\/\/kinamihealth.com\/hu\/termek\/sesderma-repaskin-invisible-fluid-spf50\/#primaryimage"},"thumbnailUrl":"https:\/\/kinamihealth.com\/wp-content\/uploads\/2025\/02\/SESDERMA-REPASKIN-INVISIBLE-FLUID-SPF50-01.jpg","datePublished":"2025-02-15T16:57:01+00:00","dateModified":"2025-10-29T21:14:30+00:00","description":"V\u00e1s\u00e1roljon Repaskin Fluid Invisible SPF 50 term\u00e9ket, \u00e9s szerezzen sz\u00e9les spektrum\u00fa napv\u00e9delmet. Megel\u0151zze a nap okozta k\u00e1rosod\u00e1sokat, \u00e9s cs\u00f6kkentse az \u00f6reged\u00e9s jeleit. Rendeljen a Kinami Health weboldalon!","breadcrumb":{"@id":"https:\/\/kinamihealth.com\/hu\/termek\/sesderma-repaskin-invisible-fluid-spf50\/#breadcrumb"},"inLanguage":"hu","potentialAction":[{"@type":"ReadAction","target":["https:\/\/kinamihealth.com\/hu\/termek\/sesderma-repaskin-invisible-fluid-spf50\/"]}]},{"@type":"ImageObject","inLanguage":"hu","@id":"https:\/\/kinamihealth.com\/hu\/termek\/sesderma-repaskin-invisible-fluid-spf50\/#primaryimage","url":"https:\/\/kinamihealth.com\/wp-content\/uploads\/2025\/02\/SESDERMA-REPASKIN-INVISIBLE-FLUID-SPF50-01.jpg","contentUrl":"https:\/\/kinamihealth.com\/wp-content\/uploads\/2025\/02\/SESDERMA-REPASKIN-INVISIBLE-FLUID-SPF50-01.jpg","width":800,"height":800},{"@type":"BreadcrumbList","@id":"https:\/\/kinamihealth.com\/hu\/termek\/sesderma-repaskin-invisible-fluid-spf50\/#breadcrumb","itemListElement":[{"@type":"ListItem","position":1,"name":"Kezd\u0151lap","item":"https:\/\/kinamihealth.com\/"},{"@type":"ListItem","position":2,"name":"Bolt","item":"https:\/\/kinamihealth.com\/shop\/"},{"@type":"ListItem","position":3,"name":"SESDERMA\u00ae REPASKIN INVISIBLE FLUID SPF50+"}]},{"@type":"WebSite","@id":"https:\/\/kinamihealth.com\/#website","url":"https:\/\/kinamihealth.com\/","name":"Kinami Health","description":"","publisher":{"@id":"https:\/\/kinamihealth.com\/#organization"},"potentialAction":[{"@type":"SearchAction","target":{"@type":"EntryPoint","urlTemplate":"https:\/\/kinamihealth.com\/?s={search_term_string}"},"query-input":{"@type":"PropertyValueSpecification","valueRequired":true,"valueName":"search_term_string"}}],"inLanguage":"hu"},{"@type":"Organization","@id":"https:\/\/kinamihealth.com\/#organization","name":"Kinami Health","url":"https:\/\/kinamihealth.com\/","logo":{"@type":"ImageObject","inLanguage":"hu","@id":"https:\/\/kinamihealth.com\/#\/schema\/logo\/image\/","url":"https:\/\/kinamihealth.com\/wp-content\/uploads\/2025\/01\/KH_logo_black_2-1.png","contentUrl":"https:\/\/kinamihealth.com\/wp-content\/uploads\/2025\/01\/KH_logo_black_2-1.png","width":339,"height":34,"caption":"Kinami Health"},"image":{"@id":"https:\/\/kinamihealth.com\/#\/schema\/logo\/image\/"}}]}},"_links":{"self":[{"href":"https:\/\/kinamihealth.com\/hu\/wp-json\/wp\/v2\/product\/116905","targetHints":{"allow":["GET"]}}],"collection":[{"href":"https:\/\/kinamihealth.com\/hu\/wp-json\/wp\/v2\/product"}],"about":[{"href":"https:\/\/kinamihealth.com\/hu\/wp-json\/wp\/v2\/types\/product"}],"replies":[{"embeddable":true,"href":"https:\/\/kinamihealth.com\/hu\/wp-json\/wp\/v2\/comments?post=116905"}],"version-history":[{"count":0,"href":"https:\/\/kinamihealth.com\/hu\/wp-json\/wp\/v2\/product\/116905\/revisions"}],"wp:featuredmedia":[{"embeddable":true,"href":"https:\/\/kinamihealth.com\/hu\/wp-json\/wp\/v2\/media\/116906"}],"wp:attachment":[{"href":"https:\/\/kinamihealth.com\/hu\/wp-json\/wp\/v2\/media?parent=116905"}],"wp:term":[{"taxonomy":"product_brand","embeddable":true,"href":"https:\/\/kinamihealth.com\/hu\/wp-json\/wp\/v2\/product_brand?post=116905"},{"taxonomy":"product_cat","embeddable":true,"href":"https:\/\/kinamihealth.com\/hu\/wp-json\/wp\/v2\/product_cat?post=116905"},{"taxonomy":"product_tag","embeddable":true,"href":"https:\/\/kinamihealth.com\/hu\/wp-json\/wp\/v2\/product_tag?post=116905"}],"curies":[{"name":"wp","href":"https:\/\/api.w.org\/{rel}","templated":true}]}}