{"id":116903,"date":"2025-02-15T16:56:58","date_gmt":"2025-02-15T16:56:58","guid":{"rendered":"https:\/\/kinamihealth.com\/product\/mediderma-redness-control-aa-sensitive-gel\/"},"modified":"2025-11-03T20:53:09","modified_gmt":"2025-11-03T20:53:09","slug":"mediderma-redness-control-aa-sensitive-gel","status":"publish","type":"product","link":"https:\/\/kinamihealth.com\/hu\/termek\/mediderma-redness-control-aa-sensitive-gel\/","title":{"rendered":"MEDIDERMA\u00ae REDNESS CONTROL A&#038;A SENSITIVE GEL"},"content":{"rendered":"<p>A REDNESS CONTROL A&amp;A SENSITIVE GEL kombin\u00e1lt, \u00e9rz\u00e9keny \u00e9s kipirosodott, akn\u00e9ra hajlamos \u00e9s couperose b\u0151rre val\u00f3 napi haszn\u00e1latra. \u00d6sszet\u00e9tel\u00e9nek k\u00f6sz\u00f6nhet\u0151en tiszt\u00edtja a p\u00f3rusokat, elt\u00e1vol\u00edtja a b\u0151r pikkelyeit \u00e9s cs\u00f6kkenti a felesleges faggy\u00fat. Ez a b\u0151rp\u00edrcs\u00f6kkent\u0151 arckr\u00e9m m\u00e9lyen hidrat\u00e1l, enyh\u00edti a sz\u00e1razs\u00e1g \u00e9rz\u00e9s\u00e9t, seg\u00edt helyre\u00e1ll\u00edtani a b\u0151r barrier funkci\u00f3j\u00e1t az\u00e1ltal, hogy esszenci\u00e1lis zs\u00edrsavakat biztos\u00edt, amelyek meger\u0151s\u00edtik a b\u0151rt a k\u00fcls\u0151 agresszi\u00f3kkal szemben, jav\u00edtja a mikrokering\u00e9st, megnyugtatja az erythem\u00e1t, cs\u00f6kkenti a b\u0151rp\u00edrt \u00e9s vil\u00e1gos\u00edtja a b\u0151r pigment\u00e1ci\u00f3j\u00e1t. B435<\/p>\n","protected":false},"excerpt":{"rendered":"<p>A REDNESS CONTROL A&amp;A SENSITIVE GEL kombin\u00e1lt, \u00e9rz\u00e9keny \u00e9s kipirosodott, akn\u00e9ra hajlamos \u00e9s couperose b\u0151rre val\u00f3 napi haszn\u00e1latra. \u00d6sszet\u00e9tel\u00e9nek k\u00f6sz\u00f6nhet\u0151en tiszt\u00edtja a p\u00f3rusokat, elt\u00e1vol\u00edtja a b\u0151r pikkelyeit \u00e9s cs\u00f6kkenti a felesleges faggy\u00fat. Ez a b\u0151rp\u00edrcs\u00f6kkent\u0151 arckr\u00e9m m\u00e9lyen hidrat\u00e1l, enyh\u00edti a sz\u00e1razs\u00e1g \u00e9rz\u00e9s\u00e9t, seg\u00edt helyre\u00e1ll\u00edtani a b\u0151r barrier funkci\u00f3j\u00e1t az\u00e1ltal, hogy esszenci\u00e1lis zs\u00edrsavakat biztos\u00edt, amelyek meger\u0151s\u00edtik [&hellip;]<\/p>\n","protected":false},"featured_media":116904,"comment_status":"closed","ping_status":"closed","template":"","meta":{"_acf_changed":false,"inline_featured_image":false},"product_brand":[2846],"product_cat":[2991],"product_tag":[2979],"class_list":{"0":"post-116903","1":"product","2":"type-product","3":"status-publish","4":"has-post-thumbnail","6":"product_brand-mediderma","7":"product_cat-borapolas","8":"product_tag-orvostechnikai-eszkozok","10":"first","11":"instock","12":"taxable","13":"shipping-taxable","14":"purchasable","15":"product-type-simple","16":"add-to-wishlist-before_image"},"acf":[],"yoast_head":"<!-- This site is optimized with the Yoast SEO plugin v27.3 - https:\/\/yoast.com\/product\/yoast-seo-wordpress\/ -->\n<title>V\u00e1s\u00e1roljon Redness Control A&amp;A Sensitive g\u00e9lt online<\/title>\n<meta name=\"description\" content=\"V\u00e1s\u00e1roljon Redness Control A&amp;A Sensitive g\u00e9lt. Hidrat\u00e1l, v\u00e9d \u00e9s helyre\u00e1ll\u00edtja az egyens\u00falyt, cs\u00f6kkenti a l\u00e1that\u00f3 b\u0151rp\u00edrt. Rendeljen most a Kinami Health-n\u00e9l!\" \/>\n<meta name=\"robots\" content=\"index, follow, max-snippet:-1, max-image-preview:large, max-video-preview:-1\" \/>\n<link rel=\"canonical\" href=\"https:\/\/kinamihealth.com\/hu\/wp-json\/wp\/v2\/product\/116903\" \/>\n<meta property=\"og:locale\" content=\"hu_HU\" \/>\n<meta property=\"og:type\" content=\"article\" \/>\n<meta property=\"og:title\" content=\"V\u00e1s\u00e1roljon Redness Control A&amp;A Sensitive g\u00e9lt online\" \/>\n<meta property=\"og:description\" content=\"V\u00e1s\u00e1roljon Redness Control A&amp;A Sensitive g\u00e9lt. Hidrat\u00e1l, v\u00e9d \u00e9s helyre\u00e1ll\u00edtja az egyens\u00falyt, cs\u00f6kkenti a l\u00e1that\u00f3 b\u0151rp\u00edrt. Rendeljen most a Kinami Health-n\u00e9l!\" \/>\n<meta property=\"og:url\" content=\"https:\/\/kinamihealth.com\/hu\/termek\/mediderma-redness-control-aa-sensitive-gel\/\" \/>\n<meta property=\"og:site_name\" content=\"Kinami Health\" \/>\n<meta property=\"article:modified_time\" content=\"2025-11-03T20:53:09+00:00\" \/>\n<meta property=\"og:image\" content=\"https:\/\/kinamihealth.com\/wp-content\/uploads\/2025\/02\/MEDIDERMA-REDNESS-CONTROL-AA-SENSITIVE-GEL-01.jpg\" \/>\n\t<meta property=\"og:image:width\" content=\"800\" \/>\n\t<meta property=\"og:image:height\" content=\"800\" \/>\n\t<meta property=\"og:image:type\" content=\"image\/jpeg\" \/>\n<meta name=\"twitter:card\" content=\"summary_large_image\" \/>\n<meta name=\"twitter:label1\" content=\"Becs\u00fclt olvas\u00e1si id\u0151\" \/>\n\t<meta name=\"twitter:data1\" content=\"1 perc\" \/>\n<!-- \/ Yoast SEO plugin. -->","yoast_head_json":{"title":"V\u00e1s\u00e1roljon Redness Control A&A Sensitive g\u00e9lt online","description":"V\u00e1s\u00e1roljon Redness Control A&A Sensitive g\u00e9lt. Hidrat\u00e1l, v\u00e9d \u00e9s helyre\u00e1ll\u00edtja az egyens\u00falyt, cs\u00f6kkenti a l\u00e1that\u00f3 b\u0151rp\u00edrt. Rendeljen most a Kinami Health-n\u00e9l!","robots":{"index":"index","follow":"follow","max-snippet":"max-snippet:-1","max-image-preview":"max-image-preview:large","max-video-preview":"max-video-preview:-1"},"canonical":"https:\/\/kinamihealth.com\/hu\/wp-json\/wp\/v2\/product\/116903","og_locale":"hu_HU","og_type":"article","og_title":"V\u00e1s\u00e1roljon Redness Control A&A Sensitive g\u00e9lt online","og_description":"V\u00e1s\u00e1roljon Redness Control A&A Sensitive g\u00e9lt. Hidrat\u00e1l, v\u00e9d \u00e9s helyre\u00e1ll\u00edtja az egyens\u00falyt, cs\u00f6kkenti a l\u00e1that\u00f3 b\u0151rp\u00edrt. Rendeljen most a Kinami Health-n\u00e9l!","og_url":"https:\/\/kinamihealth.com\/hu\/termek\/mediderma-redness-control-aa-sensitive-gel\/","og_site_name":"Kinami Health","article_modified_time":"2025-11-03T20:53:09+00:00","og_image":[{"width":800,"height":800,"url":"https:\/\/kinamihealth.com\/wp-content\/uploads\/2025\/02\/MEDIDERMA-REDNESS-CONTROL-AA-SENSITIVE-GEL-01.jpg","type":"image\/jpeg"}],"twitter_card":"summary_large_image","twitter_misc":{"Becs\u00fclt olvas\u00e1si id\u0151":"1 perc"},"schema":{"@context":"https:\/\/schema.org","@graph":[{"@type":"WebPage","@id":"https:\/\/kinamihealth.com\/hu\/termek\/mediderma-redness-control-aa-sensitive-gel\/","url":"https:\/\/kinamihealth.com\/hu\/termek\/mediderma-redness-control-aa-sensitive-gel\/","name":"V\u00e1s\u00e1roljon Redness Control A&A Sensitive g\u00e9lt online","isPartOf":{"@id":"https:\/\/kinamihealth.com\/#website"},"primaryImageOfPage":{"@id":"https:\/\/kinamihealth.com\/hu\/termek\/mediderma-redness-control-aa-sensitive-gel\/#primaryimage"},"image":{"@id":"https:\/\/kinamihealth.com\/hu\/termek\/mediderma-redness-control-aa-sensitive-gel\/#primaryimage"},"thumbnailUrl":"https:\/\/kinamihealth.com\/wp-content\/uploads\/2025\/02\/MEDIDERMA-REDNESS-CONTROL-AA-SENSITIVE-GEL-01.jpg","datePublished":"2025-02-15T16:56:58+00:00","dateModified":"2025-11-03T20:53:09+00:00","description":"V\u00e1s\u00e1roljon Redness Control A&A Sensitive g\u00e9lt. Hidrat\u00e1l, v\u00e9d \u00e9s helyre\u00e1ll\u00edtja az egyens\u00falyt, cs\u00f6kkenti a l\u00e1that\u00f3 b\u0151rp\u00edrt. Rendeljen most a Kinami Health-n\u00e9l!","breadcrumb":{"@id":"https:\/\/kinamihealth.com\/hu\/termek\/mediderma-redness-control-aa-sensitive-gel\/#breadcrumb"},"inLanguage":"hu","potentialAction":[{"@type":"ReadAction","target":["https:\/\/kinamihealth.com\/hu\/termek\/mediderma-redness-control-aa-sensitive-gel\/"]}]},{"@type":"ImageObject","inLanguage":"hu","@id":"https:\/\/kinamihealth.com\/hu\/termek\/mediderma-redness-control-aa-sensitive-gel\/#primaryimage","url":"https:\/\/kinamihealth.com\/wp-content\/uploads\/2025\/02\/MEDIDERMA-REDNESS-CONTROL-AA-SENSITIVE-GEL-01.jpg","contentUrl":"https:\/\/kinamihealth.com\/wp-content\/uploads\/2025\/02\/MEDIDERMA-REDNESS-CONTROL-AA-SENSITIVE-GEL-01.jpg","width":800,"height":800},{"@type":"BreadcrumbList","@id":"https:\/\/kinamihealth.com\/hu\/termek\/mediderma-redness-control-aa-sensitive-gel\/#breadcrumb","itemListElement":[{"@type":"ListItem","position":1,"name":"Kezd\u0151lap","item":"https:\/\/kinamihealth.com\/"},{"@type":"ListItem","position":2,"name":"Bolt","item":"https:\/\/kinamihealth.com\/shop\/"},{"@type":"ListItem","position":3,"name":"MEDIDERMA\u00ae REDNESS CONTROL A&#038;A SENSITIVE GEL"}]},{"@type":"WebSite","@id":"https:\/\/kinamihealth.com\/#website","url":"https:\/\/kinamihealth.com\/","name":"Kinami Health","description":"","publisher":{"@id":"https:\/\/kinamihealth.com\/#organization"},"potentialAction":[{"@type":"SearchAction","target":{"@type":"EntryPoint","urlTemplate":"https:\/\/kinamihealth.com\/?s={search_term_string}"},"query-input":{"@type":"PropertyValueSpecification","valueRequired":true,"valueName":"search_term_string"}}],"inLanguage":"hu"},{"@type":"Organization","@id":"https:\/\/kinamihealth.com\/#organization","name":"Kinami Health","url":"https:\/\/kinamihealth.com\/","logo":{"@type":"ImageObject","inLanguage":"hu","@id":"https:\/\/kinamihealth.com\/#\/schema\/logo\/image\/","url":"https:\/\/kinamihealth.com\/wp-content\/uploads\/2025\/01\/KH_logo_black_2-1.png","contentUrl":"https:\/\/kinamihealth.com\/wp-content\/uploads\/2025\/01\/KH_logo_black_2-1.png","width":339,"height":34,"caption":"Kinami Health"},"image":{"@id":"https:\/\/kinamihealth.com\/#\/schema\/logo\/image\/"}}]}},"_links":{"self":[{"href":"https:\/\/kinamihealth.com\/hu\/wp-json\/wp\/v2\/product\/116903","targetHints":{"allow":["GET"]}}],"collection":[{"href":"https:\/\/kinamihealth.com\/hu\/wp-json\/wp\/v2\/product"}],"about":[{"href":"https:\/\/kinamihealth.com\/hu\/wp-json\/wp\/v2\/types\/product"}],"replies":[{"embeddable":true,"href":"https:\/\/kinamihealth.com\/hu\/wp-json\/wp\/v2\/comments?post=116903"}],"version-history":[{"count":0,"href":"https:\/\/kinamihealth.com\/hu\/wp-json\/wp\/v2\/product\/116903\/revisions"}],"wp:featuredmedia":[{"embeddable":true,"href":"https:\/\/kinamihealth.com\/hu\/wp-json\/wp\/v2\/media\/116904"}],"wp:attachment":[{"href":"https:\/\/kinamihealth.com\/hu\/wp-json\/wp\/v2\/media?parent=116903"}],"wp:term":[{"taxonomy":"product_brand","embeddable":true,"href":"https:\/\/kinamihealth.com\/hu\/wp-json\/wp\/v2\/product_brand?post=116903"},{"taxonomy":"product_cat","embeddable":true,"href":"https:\/\/kinamihealth.com\/hu\/wp-json\/wp\/v2\/product_cat?post=116903"},{"taxonomy":"product_tag","embeddable":true,"href":"https:\/\/kinamihealth.com\/hu\/wp-json\/wp\/v2\/product_tag?post=116903"}],"curies":[{"name":"wp","href":"https:\/\/api.w.org\/{rel}","templated":true}]}}