{"id":116898,"date":"2025-02-15T16:57:00","date_gmt":"2025-02-15T16:57:00","guid":{"rendered":"https:\/\/kinamihealth.com\/product\/refine-ultra-soft\/"},"modified":"2025-11-03T20:43:12","modified_gmt":"2025-11-03T20:43:12","slug":"refine-ultra-soft","status":"publish","type":"product","link":"https:\/\/kinamihealth.com\/hu\/termek\/refine-ultra-soft\/","title":{"rendered":"REFINE + ULTRA SOFT"},"content":{"rendered":"<p>A Refine+ Filler Ultra Soft egy b\u0151rfeszes\u00edt\u0151, egyfajta derm\u00e1lis t\u00f6lt\u0151anyag, amely azonnali hidrat\u00e1l\u00e1st biztos\u00edt \u00e9s jav\u00edtja a b\u0151r \u00e1ltal\u00e1nos min\u0151s\u00e9g\u00e9t. K\u00fcl\u00f6nleges biol\u00f3giailag felsz\u00edv\u00f3d\u00f3 tulajdons\u00e1g\u00e1nak k\u00f6sz\u00f6nhet\u0151en a Refine+ Filler Ultra Soft korrig\u00e1lja az arcb\u0151r kisebb m\u00e9lyed\u00e9seit \u00e9s serkenti az \u00faj kollag\u00e9n termel\u0151d\u00e9s\u00e9t a b\u0151rben. Ez jav\u00edtja a b\u0151r text\u00far\u00e1j\u00e1t \u00e9s t\u00f3nus\u00e1t, cs\u00f6kkenti a finom r\u00e1ncok megjelen\u00e9s\u00e9t, \u00e9s \u00e1ltal\u00e1noss\u00e1gban fiatalosabb, meg\u00fajult megjelen\u00e9st biztos\u00edt.<\/p>\n","protected":false},"excerpt":{"rendered":"<p>A Refine+ Filler Ultra Soft egy b\u0151rfeszes\u00edt\u0151, egyfajta derm\u00e1lis t\u00f6lt\u0151anyag, amely azonnali hidrat\u00e1l\u00e1st biztos\u00edt \u00e9s jav\u00edtja a b\u0151r \u00e1ltal\u00e1nos min\u0151s\u00e9g\u00e9t. K\u00fcl\u00f6nleges biol\u00f3giailag felsz\u00edv\u00f3d\u00f3 tulajdons\u00e1g\u00e1nak k\u00f6sz\u00f6nhet\u0151en a Refine+ Filler Ultra Soft korrig\u00e1lja az arcb\u0151r kisebb m\u00e9lyed\u00e9seit \u00e9s serkenti az \u00faj kollag\u00e9n termel\u0151d\u00e9s\u00e9t a b\u0151rben. Ez jav\u00edtja a b\u0151r text\u00far\u00e1j\u00e1t \u00e9s t\u00f3nus\u00e1t, cs\u00f6kkenti a finom r\u00e1ncok megjelen\u00e9s\u00e9t, [&hellip;]<\/p>\n","protected":false},"featured_media":116902,"comment_status":"closed","ping_status":"closed","template":"","meta":{"_acf_changed":false,"inline_featured_image":false},"product_brand":[2252],"product_cat":[2997,3002],"product_tag":[2979],"class_list":{"0":"post-116898","1":"product","2":"type-product","3":"status-publish","4":"has-post-thumbnail","6":"product_brand-refine","7":"product_cat-dermalis-toltoanyagok","8":"product_cat-ha-borfeltoltok","9":"product_tag-orvostechnikai-eszkozok","11":"first","12":"instock","13":"taxable","14":"shipping-taxable","15":"purchasable","16":"product-type-simple","17":"add-to-wishlist-before_image"},"acf":[],"yoast_head":"<!-- This site is optimized with the Yoast SEO plugin v27.3 - https:\/\/yoast.com\/product\/yoast-seo-wordpress\/ -->\n<title>V\u00e1s\u00e1roljon Refine+ Ultra Soft \u2013 hialuronsav t\u00f6lt\u0151anyagot<\/title>\n<meta name=\"description\" content=\"V\u00e1s\u00e1rolja meg a Refine+ Ultra Soft term\u00e9ket, \u00e9s \u00e1ll\u00edtsa vissza a haj t\u00e9rfogat\u00e1t, valamint sim\u00edtsa ki a finom r\u00e1ncokat. Term\u00e9szetes eredm\u00e9nyeket \u00e9rhet el. Rendeljen most a Kinami Health weboldalon!\" \/>\n<meta name=\"robots\" content=\"index, follow, max-snippet:-1, max-image-preview:large, max-video-preview:-1\" \/>\n<link rel=\"canonical\" href=\"https:\/\/kinamihealth.com\/hu\/wp-json\/wp\/v2\/product\/116898\" \/>\n<meta property=\"og:locale\" content=\"hu_HU\" \/>\n<meta property=\"og:type\" content=\"article\" \/>\n<meta property=\"og:title\" content=\"V\u00e1s\u00e1roljon Refine+ Ultra Soft \u2013 hialuronsav t\u00f6lt\u0151anyagot\" \/>\n<meta property=\"og:description\" content=\"V\u00e1s\u00e1rolja meg a Refine+ Ultra Soft term\u00e9ket, \u00e9s \u00e1ll\u00edtsa vissza a haj t\u00e9rfogat\u00e1t, valamint sim\u00edtsa ki a finom r\u00e1ncokat. Term\u00e9szetes eredm\u00e9nyeket \u00e9rhet el. Rendeljen most a Kinami Health weboldalon!\" \/>\n<meta property=\"og:url\" content=\"https:\/\/kinamihealth.com\/hu\/termek\/refine-ultra-soft\/\" \/>\n<meta property=\"og:site_name\" content=\"Kinami Health\" \/>\n<meta property=\"article:modified_time\" content=\"2025-11-03T20:43:12+00:00\" \/>\n<meta property=\"og:image\" content=\"https:\/\/kinamihealth.com\/wp-content\/uploads\/2025\/02\/REFINE-PLUS-ULTRASOFT-03.jpg\" \/>\n\t<meta property=\"og:image:width\" content=\"800\" \/>\n\t<meta property=\"og:image:height\" content=\"800\" \/>\n\t<meta property=\"og:image:type\" content=\"image\/jpeg\" \/>\n<meta name=\"twitter:card\" content=\"summary_large_image\" \/>\n<meta name=\"twitter:label1\" content=\"Becs\u00fclt olvas\u00e1si id\u0151\" \/>\n\t<meta name=\"twitter:data1\" content=\"1 perc\" \/>\n<!-- \/ Yoast SEO plugin. -->","yoast_head_json":{"title":"V\u00e1s\u00e1roljon Refine+ Ultra Soft \u2013 hialuronsav t\u00f6lt\u0151anyagot","description":"V\u00e1s\u00e1rolja meg a Refine+ Ultra Soft term\u00e9ket, \u00e9s \u00e1ll\u00edtsa vissza a haj t\u00e9rfogat\u00e1t, valamint sim\u00edtsa ki a finom r\u00e1ncokat. Term\u00e9szetes eredm\u00e9nyeket \u00e9rhet el. Rendeljen most a Kinami Health weboldalon!","robots":{"index":"index","follow":"follow","max-snippet":"max-snippet:-1","max-image-preview":"max-image-preview:large","max-video-preview":"max-video-preview:-1"},"canonical":"https:\/\/kinamihealth.com\/hu\/wp-json\/wp\/v2\/product\/116898","og_locale":"hu_HU","og_type":"article","og_title":"V\u00e1s\u00e1roljon Refine+ Ultra Soft \u2013 hialuronsav t\u00f6lt\u0151anyagot","og_description":"V\u00e1s\u00e1rolja meg a Refine+ Ultra Soft term\u00e9ket, \u00e9s \u00e1ll\u00edtsa vissza a haj t\u00e9rfogat\u00e1t, valamint sim\u00edtsa ki a finom r\u00e1ncokat. Term\u00e9szetes eredm\u00e9nyeket \u00e9rhet el. Rendeljen most a Kinami Health weboldalon!","og_url":"https:\/\/kinamihealth.com\/hu\/termek\/refine-ultra-soft\/","og_site_name":"Kinami Health","article_modified_time":"2025-11-03T20:43:12+00:00","og_image":[{"width":800,"height":800,"url":"https:\/\/kinamihealth.com\/wp-content\/uploads\/2025\/02\/REFINE-PLUS-ULTRASOFT-03.jpg","type":"image\/jpeg"}],"twitter_card":"summary_large_image","twitter_misc":{"Becs\u00fclt olvas\u00e1si id\u0151":"1 perc"},"schema":{"@context":"https:\/\/schema.org","@graph":[{"@type":"WebPage","@id":"https:\/\/kinamihealth.com\/hu\/termek\/refine-ultra-soft\/","url":"https:\/\/kinamihealth.com\/hu\/termek\/refine-ultra-soft\/","name":"V\u00e1s\u00e1roljon Refine+ Ultra Soft \u2013 hialuronsav t\u00f6lt\u0151anyagot","isPartOf":{"@id":"https:\/\/kinamihealth.com\/#website"},"primaryImageOfPage":{"@id":"https:\/\/kinamihealth.com\/hu\/termek\/refine-ultra-soft\/#primaryimage"},"image":{"@id":"https:\/\/kinamihealth.com\/hu\/termek\/refine-ultra-soft\/#primaryimage"},"thumbnailUrl":"https:\/\/kinamihealth.com\/wp-content\/uploads\/2025\/02\/REFINE-PLUS-ULTRASOFT-03.jpg","datePublished":"2025-02-15T16:57:00+00:00","dateModified":"2025-11-03T20:43:12+00:00","description":"V\u00e1s\u00e1rolja meg a Refine+ Ultra Soft term\u00e9ket, \u00e9s \u00e1ll\u00edtsa vissza a haj t\u00e9rfogat\u00e1t, valamint sim\u00edtsa ki a finom r\u00e1ncokat. Term\u00e9szetes eredm\u00e9nyeket \u00e9rhet el. Rendeljen most a Kinami Health weboldalon!","breadcrumb":{"@id":"https:\/\/kinamihealth.com\/hu\/termek\/refine-ultra-soft\/#breadcrumb"},"inLanguage":"hu","potentialAction":[{"@type":"ReadAction","target":["https:\/\/kinamihealth.com\/hu\/termek\/refine-ultra-soft\/"]}]},{"@type":"ImageObject","inLanguage":"hu","@id":"https:\/\/kinamihealth.com\/hu\/termek\/refine-ultra-soft\/#primaryimage","url":"https:\/\/kinamihealth.com\/wp-content\/uploads\/2025\/02\/REFINE-PLUS-ULTRASOFT-03.jpg","contentUrl":"https:\/\/kinamihealth.com\/wp-content\/uploads\/2025\/02\/REFINE-PLUS-ULTRASOFT-03.jpg","width":800,"height":800},{"@type":"BreadcrumbList","@id":"https:\/\/kinamihealth.com\/hu\/termek\/refine-ultra-soft\/#breadcrumb","itemListElement":[{"@type":"ListItem","position":1,"name":"Kezd\u0151lap","item":"https:\/\/kinamihealth.com\/"},{"@type":"ListItem","position":2,"name":"Bolt","item":"https:\/\/kinamihealth.com\/shop\/"},{"@type":"ListItem","position":3,"name":"REFINE + ULTRA SOFT"}]},{"@type":"WebSite","@id":"https:\/\/kinamihealth.com\/#website","url":"https:\/\/kinamihealth.com\/","name":"Kinami Health","description":"","publisher":{"@id":"https:\/\/kinamihealth.com\/#organization"},"potentialAction":[{"@type":"SearchAction","target":{"@type":"EntryPoint","urlTemplate":"https:\/\/kinamihealth.com\/?s={search_term_string}"},"query-input":{"@type":"PropertyValueSpecification","valueRequired":true,"valueName":"search_term_string"}}],"inLanguage":"hu"},{"@type":"Organization","@id":"https:\/\/kinamihealth.com\/#organization","name":"Kinami Health","url":"https:\/\/kinamihealth.com\/","logo":{"@type":"ImageObject","inLanguage":"hu","@id":"https:\/\/kinamihealth.com\/#\/schema\/logo\/image\/","url":"https:\/\/kinamihealth.com\/wp-content\/uploads\/2025\/01\/KH_logo_black_2-1.png","contentUrl":"https:\/\/kinamihealth.com\/wp-content\/uploads\/2025\/01\/KH_logo_black_2-1.png","width":339,"height":34,"caption":"Kinami Health"},"image":{"@id":"https:\/\/kinamihealth.com\/#\/schema\/logo\/image\/"}}]}},"_links":{"self":[{"href":"https:\/\/kinamihealth.com\/hu\/wp-json\/wp\/v2\/product\/116898","targetHints":{"allow":["GET"]}}],"collection":[{"href":"https:\/\/kinamihealth.com\/hu\/wp-json\/wp\/v2\/product"}],"about":[{"href":"https:\/\/kinamihealth.com\/hu\/wp-json\/wp\/v2\/types\/product"}],"replies":[{"embeddable":true,"href":"https:\/\/kinamihealth.com\/hu\/wp-json\/wp\/v2\/comments?post=116898"}],"version-history":[{"count":0,"href":"https:\/\/kinamihealth.com\/hu\/wp-json\/wp\/v2\/product\/116898\/revisions"}],"wp:featuredmedia":[{"embeddable":true,"href":"https:\/\/kinamihealth.com\/hu\/wp-json\/wp\/v2\/media\/116902"}],"wp:attachment":[{"href":"https:\/\/kinamihealth.com\/hu\/wp-json\/wp\/v2\/media?parent=116898"}],"wp:term":[{"taxonomy":"product_brand","embeddable":true,"href":"https:\/\/kinamihealth.com\/hu\/wp-json\/wp\/v2\/product_brand?post=116898"},{"taxonomy":"product_cat","embeddable":true,"href":"https:\/\/kinamihealth.com\/hu\/wp-json\/wp\/v2\/product_cat?post=116898"},{"taxonomy":"product_tag","embeddable":true,"href":"https:\/\/kinamihealth.com\/hu\/wp-json\/wp\/v2\/product_tag?post=116898"}],"curies":[{"name":"wp","href":"https:\/\/api.w.org\/{rel}","templated":true}]}}