{"id":116893,"date":"2025-02-15T16:56:59","date_gmt":"2025-02-15T16:56:59","guid":{"rendered":"https:\/\/kinamihealth.com\/product\/refine-soft\/"},"modified":"2025-11-03T20:49:42","modified_gmt":"2025-11-03T20:49:42","slug":"refine-soft","status":"publish","type":"product","link":"https:\/\/kinamihealth.com\/hu\/termek\/refine-soft\/","title":{"rendered":"REFINE + SOFT"},"content":{"rendered":"<p>A Filler Soft hossz\u00fa t\u00e1v\u00fa hidrat\u00e1l\u00e1st biztos\u00edt, serkenti az \u00faj kollag\u00e9n termel\u0151d\u00e9s\u00e9t a b\u0151rben, \u00e9s kiegyenl\u00edti a b\u0151r t\u00f3nus\u00e1t. A Refine+ Filler Soft ide\u00e1lis minden b\u0151rt\u00edpus fiatal\u00edt\u00e1s\u00e1ra, \u00e9s az arc, a nyak \u00e9s a kezek kezel\u00e9s\u00e9re is haszn\u00e1lhat\u00f3.<\/p>\n","protected":false},"excerpt":{"rendered":"<p>A Filler Soft hossz\u00fa t\u00e1v\u00fa hidrat\u00e1l\u00e1st biztos\u00edt, serkenti az \u00faj kollag\u00e9n termel\u0151d\u00e9s\u00e9t a b\u0151rben, \u00e9s kiegyenl\u00edti a b\u0151r t\u00f3nus\u00e1t. A Refine+ Filler Soft ide\u00e1lis minden b\u0151rt\u00edpus fiatal\u00edt\u00e1s\u00e1ra, \u00e9s az arc, a nyak \u00e9s a kezek kezel\u00e9s\u00e9re is haszn\u00e1lhat\u00f3.<\/p>\n","protected":false},"featured_media":116897,"comment_status":"closed","ping_status":"closed","template":"","meta":{"_acf_changed":false,"inline_featured_image":false},"product_brand":[2252],"product_cat":[2997,3002],"product_tag":[2979],"class_list":{"0":"post-116893","1":"product","2":"type-product","3":"status-publish","4":"has-post-thumbnail","6":"product_brand-refine","7":"product_cat-dermalis-toltoanyagok","8":"product_cat-ha-borfeltoltok","9":"product_tag-orvostechnikai-eszkozok","11":"first","12":"instock","13":"taxable","14":"shipping-taxable","15":"purchasable","16":"product-type-simple","17":"add-to-wishlist-before_image"},"acf":[],"yoast_head":"<!-- This site is optimized with the Yoast SEO plugin v27.3 - https:\/\/yoast.com\/product\/yoast-seo-wordpress\/ -->\n<title>V\u00e1s\u00e1roljon Refine+ Soft Dermal Filler term\u00e9ket<\/title>\n<meta name=\"description\" content=\"V\u00e1s\u00e1rolja meg a Refine+ Soft term\u00e9ket a b\u0151r hidrat\u00e1l\u00e1s\u00e1hoz \u00e9s fiatal\u00edt\u00e1s\u00e1hoz. Ez a derm\u00e1lis t\u00f6lt\u0151anyag jav\u00edtja a b\u0151r rugalmass\u00e1g\u00e1t \u00e9s cs\u00f6kkenti a r\u00e1ncokat. Rendelje meg most a Kinami Health weboldalon!\" \/>\n<meta name=\"robots\" content=\"index, follow, max-snippet:-1, max-image-preview:large, max-video-preview:-1\" \/>\n<link rel=\"canonical\" href=\"https:\/\/kinamihealth.com\/hu\/wp-json\/wp\/v2\/product\/116893\" \/>\n<meta property=\"og:locale\" content=\"hu_HU\" \/>\n<meta property=\"og:type\" content=\"article\" \/>\n<meta property=\"og:title\" content=\"V\u00e1s\u00e1roljon Refine+ Soft Dermal Filler term\u00e9ket\" \/>\n<meta property=\"og:description\" content=\"V\u00e1s\u00e1rolja meg a Refine+ Soft term\u00e9ket a b\u0151r hidrat\u00e1l\u00e1s\u00e1hoz \u00e9s fiatal\u00edt\u00e1s\u00e1hoz. Ez a derm\u00e1lis t\u00f6lt\u0151anyag jav\u00edtja a b\u0151r rugalmass\u00e1g\u00e1t \u00e9s cs\u00f6kkenti a r\u00e1ncokat. Rendelje meg most a Kinami Health weboldalon!\" \/>\n<meta property=\"og:url\" content=\"https:\/\/kinamihealth.com\/hu\/termek\/refine-soft\/\" \/>\n<meta property=\"og:site_name\" content=\"Kinami Health\" \/>\n<meta property=\"article:modified_time\" content=\"2025-11-03T20:49:42+00:00\" \/>\n<meta property=\"og:image\" content=\"https:\/\/kinamihealth.com\/wp-content\/uploads\/2025\/02\/REFINE-PLUS-SOFT-03.jpg\" \/>\n\t<meta property=\"og:image:width\" content=\"800\" \/>\n\t<meta property=\"og:image:height\" content=\"800\" \/>\n\t<meta property=\"og:image:type\" content=\"image\/jpeg\" \/>\n<meta name=\"twitter:card\" content=\"summary_large_image\" \/>\n<meta name=\"twitter:label1\" content=\"Becs\u00fclt olvas\u00e1si id\u0151\" \/>\n\t<meta name=\"twitter:data1\" content=\"1 perc\" \/>\n<!-- \/ Yoast SEO plugin. -->","yoast_head_json":{"title":"V\u00e1s\u00e1roljon Refine+ Soft Dermal Filler term\u00e9ket","description":"V\u00e1s\u00e1rolja meg a Refine+ Soft term\u00e9ket a b\u0151r hidrat\u00e1l\u00e1s\u00e1hoz \u00e9s fiatal\u00edt\u00e1s\u00e1hoz. Ez a derm\u00e1lis t\u00f6lt\u0151anyag jav\u00edtja a b\u0151r rugalmass\u00e1g\u00e1t \u00e9s cs\u00f6kkenti a r\u00e1ncokat. Rendelje meg most a Kinami Health weboldalon!","robots":{"index":"index","follow":"follow","max-snippet":"max-snippet:-1","max-image-preview":"max-image-preview:large","max-video-preview":"max-video-preview:-1"},"canonical":"https:\/\/kinamihealth.com\/hu\/wp-json\/wp\/v2\/product\/116893","og_locale":"hu_HU","og_type":"article","og_title":"V\u00e1s\u00e1roljon Refine+ Soft Dermal Filler term\u00e9ket","og_description":"V\u00e1s\u00e1rolja meg a Refine+ Soft term\u00e9ket a b\u0151r hidrat\u00e1l\u00e1s\u00e1hoz \u00e9s fiatal\u00edt\u00e1s\u00e1hoz. Ez a derm\u00e1lis t\u00f6lt\u0151anyag jav\u00edtja a b\u0151r rugalmass\u00e1g\u00e1t \u00e9s cs\u00f6kkenti a r\u00e1ncokat. Rendelje meg most a Kinami Health weboldalon!","og_url":"https:\/\/kinamihealth.com\/hu\/termek\/refine-soft\/","og_site_name":"Kinami Health","article_modified_time":"2025-11-03T20:49:42+00:00","og_image":[{"width":800,"height":800,"url":"https:\/\/kinamihealth.com\/wp-content\/uploads\/2025\/02\/REFINE-PLUS-SOFT-03.jpg","type":"image\/jpeg"}],"twitter_card":"summary_large_image","twitter_misc":{"Becs\u00fclt olvas\u00e1si id\u0151":"1 perc"},"schema":{"@context":"https:\/\/schema.org","@graph":[{"@type":"WebPage","@id":"https:\/\/kinamihealth.com\/hu\/termek\/refine-soft\/","url":"https:\/\/kinamihealth.com\/hu\/termek\/refine-soft\/","name":"V\u00e1s\u00e1roljon Refine+ Soft Dermal Filler term\u00e9ket","isPartOf":{"@id":"https:\/\/kinamihealth.com\/#website"},"primaryImageOfPage":{"@id":"https:\/\/kinamihealth.com\/hu\/termek\/refine-soft\/#primaryimage"},"image":{"@id":"https:\/\/kinamihealth.com\/hu\/termek\/refine-soft\/#primaryimage"},"thumbnailUrl":"https:\/\/kinamihealth.com\/wp-content\/uploads\/2025\/02\/REFINE-PLUS-SOFT-03.jpg","datePublished":"2025-02-15T16:56:59+00:00","dateModified":"2025-11-03T20:49:42+00:00","description":"V\u00e1s\u00e1rolja meg a Refine+ Soft term\u00e9ket a b\u0151r hidrat\u00e1l\u00e1s\u00e1hoz \u00e9s fiatal\u00edt\u00e1s\u00e1hoz. Ez a derm\u00e1lis t\u00f6lt\u0151anyag jav\u00edtja a b\u0151r rugalmass\u00e1g\u00e1t \u00e9s cs\u00f6kkenti a r\u00e1ncokat. Rendelje meg most a Kinami Health weboldalon!","breadcrumb":{"@id":"https:\/\/kinamihealth.com\/hu\/termek\/refine-soft\/#breadcrumb"},"inLanguage":"hu","potentialAction":[{"@type":"ReadAction","target":["https:\/\/kinamihealth.com\/hu\/termek\/refine-soft\/"]}]},{"@type":"ImageObject","inLanguage":"hu","@id":"https:\/\/kinamihealth.com\/hu\/termek\/refine-soft\/#primaryimage","url":"https:\/\/kinamihealth.com\/wp-content\/uploads\/2025\/02\/REFINE-PLUS-SOFT-03.jpg","contentUrl":"https:\/\/kinamihealth.com\/wp-content\/uploads\/2025\/02\/REFINE-PLUS-SOFT-03.jpg","width":800,"height":800},{"@type":"BreadcrumbList","@id":"https:\/\/kinamihealth.com\/hu\/termek\/refine-soft\/#breadcrumb","itemListElement":[{"@type":"ListItem","position":1,"name":"Kezd\u0151lap","item":"https:\/\/kinamihealth.com\/"},{"@type":"ListItem","position":2,"name":"Bolt","item":"https:\/\/kinamihealth.com\/shop\/"},{"@type":"ListItem","position":3,"name":"REFINE + SOFT"}]},{"@type":"WebSite","@id":"https:\/\/kinamihealth.com\/#website","url":"https:\/\/kinamihealth.com\/","name":"Kinami Health","description":"","publisher":{"@id":"https:\/\/kinamihealth.com\/#organization"},"potentialAction":[{"@type":"SearchAction","target":{"@type":"EntryPoint","urlTemplate":"https:\/\/kinamihealth.com\/?s={search_term_string}"},"query-input":{"@type":"PropertyValueSpecification","valueRequired":true,"valueName":"search_term_string"}}],"inLanguage":"hu"},{"@type":"Organization","@id":"https:\/\/kinamihealth.com\/#organization","name":"Kinami Health","url":"https:\/\/kinamihealth.com\/","logo":{"@type":"ImageObject","inLanguage":"hu","@id":"https:\/\/kinamihealth.com\/#\/schema\/logo\/image\/","url":"https:\/\/kinamihealth.com\/wp-content\/uploads\/2025\/01\/KH_logo_black_2-1.png","contentUrl":"https:\/\/kinamihealth.com\/wp-content\/uploads\/2025\/01\/KH_logo_black_2-1.png","width":339,"height":34,"caption":"Kinami Health"},"image":{"@id":"https:\/\/kinamihealth.com\/#\/schema\/logo\/image\/"}}]}},"_links":{"self":[{"href":"https:\/\/kinamihealth.com\/hu\/wp-json\/wp\/v2\/product\/116893","targetHints":{"allow":["GET"]}}],"collection":[{"href":"https:\/\/kinamihealth.com\/hu\/wp-json\/wp\/v2\/product"}],"about":[{"href":"https:\/\/kinamihealth.com\/hu\/wp-json\/wp\/v2\/types\/product"}],"replies":[{"embeddable":true,"href":"https:\/\/kinamihealth.com\/hu\/wp-json\/wp\/v2\/comments?post=116893"}],"version-history":[{"count":0,"href":"https:\/\/kinamihealth.com\/hu\/wp-json\/wp\/v2\/product\/116893\/revisions"}],"wp:featuredmedia":[{"embeddable":true,"href":"https:\/\/kinamihealth.com\/hu\/wp-json\/wp\/v2\/media\/116897"}],"wp:attachment":[{"href":"https:\/\/kinamihealth.com\/hu\/wp-json\/wp\/v2\/media?parent=116893"}],"wp:term":[{"taxonomy":"product_brand","embeddable":true,"href":"https:\/\/kinamihealth.com\/hu\/wp-json\/wp\/v2\/product_brand?post=116893"},{"taxonomy":"product_cat","embeddable":true,"href":"https:\/\/kinamihealth.com\/hu\/wp-json\/wp\/v2\/product_cat?post=116893"},{"taxonomy":"product_tag","embeddable":true,"href":"https:\/\/kinamihealth.com\/hu\/wp-json\/wp\/v2\/product_tag?post=116893"}],"curies":[{"name":"wp","href":"https:\/\/api.w.org\/{rel}","templated":true}]}}