{"id":116866,"date":"2025-02-15T16:56:43","date_gmt":"2025-02-15T16:56:43","guid":{"rendered":"https:\/\/kinamihealth.com\/product\/phosphatidylcholine\/"},"modified":"2025-11-04T20:58:41","modified_gmt":"2025-11-04T20:58:41","slug":"phosphatidylcholine","status":"publish","type":"product","link":"https:\/\/kinamihealth.com\/hu\/termek\/phosphatidylcholine\/","title":{"rendered":"PHOSPHATIDYLCHOLINE"},"content":{"rendered":"<p>A foszfatidilkolin oldat emulge\u00e1lja a zs\u00edrt, \u00edgy az felsz\u00edv\u00f3dhat \u00e9s a v\u00e9r\u00e1ramba juthat. Ez teszi ide\u00e1lis megold\u00e1ss\u00e1 a nemk\u00edv\u00e1natos, lokaliz\u00e1lt zs\u00edrlerak\u00f3d\u00e1sok elt\u00e1vol\u00edt\u00e1s\u00e1ra.<\/p>\n","protected":false},"excerpt":{"rendered":"<p>A foszfatidilkolin oldat emulge\u00e1lja a zs\u00edrt, \u00edgy az felsz\u00edv\u00f3dhat \u00e9s a v\u00e9r\u00e1ramba juthat. Ez teszi ide\u00e1lis megold\u00e1ss\u00e1 a nemk\u00edv\u00e1natos, lokaliz\u00e1lt zs\u00edrlerak\u00f3d\u00e1sok elt\u00e1vol\u00edt\u00e1s\u00e1ra.<\/p>\n","protected":false},"featured_media":116867,"comment_status":"closed","ping_status":"closed","template":"","meta":{"_acf_changed":false,"inline_featured_image":false},"product_brand":[2228],"product_cat":[3397],"product_tag":[2979],"class_list":{"0":"post-116866","1":"product","2":"type-product","3":"status-publish","4":"has-post-thumbnail","6":"product_brand-bcn","7":"product_cat-zsir-eltavolitas","8":"product_tag-orvostechnikai-eszkozok","10":"first","11":"instock","12":"taxable","13":"shipping-taxable","14":"purchasable","15":"product-type-simple","16":"add-to-wishlist-before_image"},"acf":[],"yoast_head":"<!-- This site is optimized with the Yoast SEO plugin v27.3 - https:\/\/yoast.com\/product\/yoast-seo-wordpress\/ -->\n<title>V\u00e1s\u00e1roljon BCN Phosphatidylcholine-t online - t\u00e1vol\u00edtsa el a makacs zs\u00edrt<\/title>\n<meta name=\"description\" content=\"A FOSZFATIDILKOLIN-t gyakran haszn\u00e1lj\u00e1k eszt\u00e9tikai kezel\u00e9sekben a zs\u00edrsejtek lebont\u00e1s\u00e1nak el\u0151seg\u00edt\u00e9s\u00e9re \u00e9s a helyi zs\u00edrcs\u00f6kkent\u00e9s jav\u00edt\u00e1s\u00e1ra.\" \/>\n<meta name=\"robots\" content=\"index, follow, max-snippet:-1, max-image-preview:large, max-video-preview:-1\" \/>\n<link rel=\"canonical\" href=\"https:\/\/kinamihealth.com\/hu\/wp-json\/wp\/v2\/product\/116866\" \/>\n<meta property=\"og:locale\" content=\"hu_HU\" \/>\n<meta property=\"og:type\" content=\"article\" \/>\n<meta property=\"og:title\" content=\"V\u00e1s\u00e1roljon BCN Phosphatidylcholine-t online - t\u00e1vol\u00edtsa el a makacs zs\u00edrt\" \/>\n<meta property=\"og:description\" content=\"A FOSZFATIDILKOLIN-t gyakran haszn\u00e1lj\u00e1k eszt\u00e9tikai kezel\u00e9sekben a zs\u00edrsejtek lebont\u00e1s\u00e1nak el\u0151seg\u00edt\u00e9s\u00e9re \u00e9s a helyi zs\u00edrcs\u00f6kkent\u00e9s jav\u00edt\u00e1s\u00e1ra.\" \/>\n<meta property=\"og:url\" content=\"https:\/\/kinamihealth.com\/hu\/termek\/phosphatidylcholine\/\" \/>\n<meta property=\"og:site_name\" content=\"Kinami Health\" \/>\n<meta property=\"article:modified_time\" content=\"2025-11-04T20:58:41+00:00\" \/>\n<meta property=\"og:image\" content=\"https:\/\/kinamihealth.com\/wp-content\/uploads\/2025\/02\/BCN-PHOSPHATIDYCHOLINE-01.jpg\" \/>\n\t<meta property=\"og:image:width\" content=\"800\" \/>\n\t<meta property=\"og:image:height\" content=\"800\" \/>\n\t<meta property=\"og:image:type\" content=\"image\/jpeg\" \/>\n<meta name=\"twitter:card\" content=\"summary_large_image\" \/>\n<meta name=\"twitter:label1\" content=\"Becs\u00fclt olvas\u00e1si id\u0151\" \/>\n\t<meta name=\"twitter:data1\" content=\"1 perc\" \/>\n<!-- \/ Yoast SEO plugin. -->","yoast_head_json":{"title":"V\u00e1s\u00e1roljon BCN Phosphatidylcholine-t online - t\u00e1vol\u00edtsa el a makacs zs\u00edrt","description":"A FOSZFATIDILKOLIN-t gyakran haszn\u00e1lj\u00e1k eszt\u00e9tikai kezel\u00e9sekben a zs\u00edrsejtek lebont\u00e1s\u00e1nak el\u0151seg\u00edt\u00e9s\u00e9re \u00e9s a helyi zs\u00edrcs\u00f6kkent\u00e9s jav\u00edt\u00e1s\u00e1ra.","robots":{"index":"index","follow":"follow","max-snippet":"max-snippet:-1","max-image-preview":"max-image-preview:large","max-video-preview":"max-video-preview:-1"},"canonical":"https:\/\/kinamihealth.com\/hu\/wp-json\/wp\/v2\/product\/116866","og_locale":"hu_HU","og_type":"article","og_title":"V\u00e1s\u00e1roljon BCN Phosphatidylcholine-t online - t\u00e1vol\u00edtsa el a makacs zs\u00edrt","og_description":"A FOSZFATIDILKOLIN-t gyakran haszn\u00e1lj\u00e1k eszt\u00e9tikai kezel\u00e9sekben a zs\u00edrsejtek lebont\u00e1s\u00e1nak el\u0151seg\u00edt\u00e9s\u00e9re \u00e9s a helyi zs\u00edrcs\u00f6kkent\u00e9s jav\u00edt\u00e1s\u00e1ra.","og_url":"https:\/\/kinamihealth.com\/hu\/termek\/phosphatidylcholine\/","og_site_name":"Kinami Health","article_modified_time":"2025-11-04T20:58:41+00:00","og_image":[{"width":800,"height":800,"url":"https:\/\/kinamihealth.com\/wp-content\/uploads\/2025\/02\/BCN-PHOSPHATIDYCHOLINE-01.jpg","type":"image\/jpeg"}],"twitter_card":"summary_large_image","twitter_misc":{"Becs\u00fclt olvas\u00e1si id\u0151":"1 perc"},"schema":{"@context":"https:\/\/schema.org","@graph":[{"@type":"WebPage","@id":"https:\/\/kinamihealth.com\/hu\/termek\/phosphatidylcholine\/","url":"https:\/\/kinamihealth.com\/hu\/termek\/phosphatidylcholine\/","name":"V\u00e1s\u00e1roljon BCN Phosphatidylcholine-t online - t\u00e1vol\u00edtsa el a makacs zs\u00edrt","isPartOf":{"@id":"https:\/\/kinamihealth.com\/#website"},"primaryImageOfPage":{"@id":"https:\/\/kinamihealth.com\/hu\/termek\/phosphatidylcholine\/#primaryimage"},"image":{"@id":"https:\/\/kinamihealth.com\/hu\/termek\/phosphatidylcholine\/#primaryimage"},"thumbnailUrl":"https:\/\/kinamihealth.com\/wp-content\/uploads\/2025\/02\/BCN-PHOSPHATIDYCHOLINE-01.jpg","datePublished":"2025-02-15T16:56:43+00:00","dateModified":"2025-11-04T20:58:41+00:00","description":"A FOSZFATIDILKOLIN-t gyakran haszn\u00e1lj\u00e1k eszt\u00e9tikai kezel\u00e9sekben a zs\u00edrsejtek lebont\u00e1s\u00e1nak el\u0151seg\u00edt\u00e9s\u00e9re \u00e9s a helyi zs\u00edrcs\u00f6kkent\u00e9s jav\u00edt\u00e1s\u00e1ra.","breadcrumb":{"@id":"https:\/\/kinamihealth.com\/hu\/termek\/phosphatidylcholine\/#breadcrumb"},"inLanguage":"hu","potentialAction":[{"@type":"ReadAction","target":["https:\/\/kinamihealth.com\/hu\/termek\/phosphatidylcholine\/"]}]},{"@type":"ImageObject","inLanguage":"hu","@id":"https:\/\/kinamihealth.com\/hu\/termek\/phosphatidylcholine\/#primaryimage","url":"https:\/\/kinamihealth.com\/wp-content\/uploads\/2025\/02\/BCN-PHOSPHATIDYCHOLINE-01.jpg","contentUrl":"https:\/\/kinamihealth.com\/wp-content\/uploads\/2025\/02\/BCN-PHOSPHATIDYCHOLINE-01.jpg","width":800,"height":800},{"@type":"BreadcrumbList","@id":"https:\/\/kinamihealth.com\/hu\/termek\/phosphatidylcholine\/#breadcrumb","itemListElement":[{"@type":"ListItem","position":1,"name":"Kezd\u0151lap","item":"https:\/\/kinamihealth.com\/"},{"@type":"ListItem","position":2,"name":"Bolt","item":"https:\/\/kinamihealth.com\/shop\/"},{"@type":"ListItem","position":3,"name":"PHOSPHATIDYLCHOLINE"}]},{"@type":"WebSite","@id":"https:\/\/kinamihealth.com\/#website","url":"https:\/\/kinamihealth.com\/","name":"Kinami Health","description":"","publisher":{"@id":"https:\/\/kinamihealth.com\/#organization"},"potentialAction":[{"@type":"SearchAction","target":{"@type":"EntryPoint","urlTemplate":"https:\/\/kinamihealth.com\/?s={search_term_string}"},"query-input":{"@type":"PropertyValueSpecification","valueRequired":true,"valueName":"search_term_string"}}],"inLanguage":"hu"},{"@type":"Organization","@id":"https:\/\/kinamihealth.com\/#organization","name":"Kinami Health","url":"https:\/\/kinamihealth.com\/","logo":{"@type":"ImageObject","inLanguage":"hu","@id":"https:\/\/kinamihealth.com\/#\/schema\/logo\/image\/","url":"https:\/\/kinamihealth.com\/wp-content\/uploads\/2025\/01\/KH_logo_black_2-1.png","contentUrl":"https:\/\/kinamihealth.com\/wp-content\/uploads\/2025\/01\/KH_logo_black_2-1.png","width":339,"height":34,"caption":"Kinami Health"},"image":{"@id":"https:\/\/kinamihealth.com\/#\/schema\/logo\/image\/"}}]}},"_links":{"self":[{"href":"https:\/\/kinamihealth.com\/hu\/wp-json\/wp\/v2\/product\/116866","targetHints":{"allow":["GET"]}}],"collection":[{"href":"https:\/\/kinamihealth.com\/hu\/wp-json\/wp\/v2\/product"}],"about":[{"href":"https:\/\/kinamihealth.com\/hu\/wp-json\/wp\/v2\/types\/product"}],"replies":[{"embeddable":true,"href":"https:\/\/kinamihealth.com\/hu\/wp-json\/wp\/v2\/comments?post=116866"}],"version-history":[{"count":0,"href":"https:\/\/kinamihealth.com\/hu\/wp-json\/wp\/v2\/product\/116866\/revisions"}],"wp:featuredmedia":[{"embeddable":true,"href":"https:\/\/kinamihealth.com\/hu\/wp-json\/wp\/v2\/media\/116867"}],"wp:attachment":[{"href":"https:\/\/kinamihealth.com\/hu\/wp-json\/wp\/v2\/media?parent=116866"}],"wp:term":[{"taxonomy":"product_brand","embeddable":true,"href":"https:\/\/kinamihealth.com\/hu\/wp-json\/wp\/v2\/product_brand?post=116866"},{"taxonomy":"product_cat","embeddable":true,"href":"https:\/\/kinamihealth.com\/hu\/wp-json\/wp\/v2\/product_cat?post=116866"},{"taxonomy":"product_tag","embeddable":true,"href":"https:\/\/kinamihealth.com\/hu\/wp-json\/wp\/v2\/product_tag?post=116866"}],"curies":[{"name":"wp","href":"https:\/\/api.w.org\/{rel}","templated":true}]}}