{"id":116692,"date":"2025-02-15T16:56:34","date_gmt":"2025-02-15T16:56:34","guid":{"rendered":"https:\/\/kinamihealth.com\/product\/organic-silica-dmae\/"},"modified":"2025-11-08T16:07:23","modified_gmt":"2025-11-08T16:07:23","slug":"organic-silica-dmae","status":"publish","type":"product","link":"https:\/\/kinamihealth.com\/hu\/termek\/organic-silica-dmae\/","title":{"rendered":"ORGANIC SILICA &#038; DMAE"},"content":{"rendered":"<p>Az Organic Silica &amp; DMAE Firming Solution nemcsak az arcon, hanem a karok, a has, a l\u00e1bak \u00e9s a fen\u00e9k megereszkedett b\u0151r\u00e9nek kezel\u00e9s\u00e9re is hat\u00e9kony. K\u00e9t hat\u00e9kony fiatal\u00edt\u00f3 hat\u00f3anyagot \u00f6tv\u00f6z\u0151 \u00f6reged\u00e9sg\u00e1tl\u00f3 kezel\u00e9s. Azonnal feszes\u00edti \u00e9s sim\u00edtja a b\u0151rt, v\u00e9dve azt a szabad gy\u00f6k\u00f6kt\u0151l.<\/p>\n","protected":false},"excerpt":{"rendered":"<p>Az Organic Silica &amp; DMAE Firming Solution nemcsak az arcon, hanem a karok, a has, a l\u00e1bak \u00e9s a fen\u00e9k megereszkedett b\u0151r\u00e9nek kezel\u00e9s\u00e9re is hat\u00e9kony. K\u00e9t hat\u00e9kony fiatal\u00edt\u00f3 hat\u00f3anyagot \u00f6tv\u00f6z\u0151 \u00f6reged\u00e9sg\u00e1tl\u00f3 kezel\u00e9s. Azonnal feszes\u00edti \u00e9s sim\u00edtja a b\u0151rt, v\u00e9dve azt a szabad gy\u00f6k\u00f6kt\u0151l.<\/p>\n","protected":false},"featured_media":116693,"comment_status":"closed","ping_status":"closed","template":"","meta":{"_acf_changed":false,"inline_featured_image":false},"product_brand":[2228],"product_cat":[3102],"product_tag":[2979],"class_list":{"0":"post-116692","1":"product","2":"type-product","3":"status-publish","4":"has-post-thumbnail","6":"product_brand-bcn","7":"product_cat-mezoterapia","8":"product_tag-orvostechnikai-eszkozok","10":"first","11":"instock","12":"taxable","13":"shipping-taxable","14":"purchasable","15":"product-type-simple","16":"add-to-wishlist-before_image"},"acf":[],"yoast_head":"<!-- This site is optimized with the Yoast SEO plugin v27.5 - https:\/\/yoast.com\/product\/yoast-seo-wordpress\/ -->\n<title>V\u00e1s\u00e1roljon Organic Silica &amp; DMAE-t\u2013 Kinami Health<\/title>\n<meta name=\"description\" content=\"V\u00e1s\u00e1roljon Organic Silica &amp; DMAE-t a Kinami Health-n\u00e9l \u2013 egy er\u0151teljes sz\u00e9rum, amely feszes\u00edti a b\u0151rt, cs\u00f6kkenti a r\u00e1ncokat \u00e9s jav\u00edtja a rugalmass\u00e1got, \u00edgy fiatalos megjelen\u00e9st biztos\u00edt.\" \/>\n<meta name=\"robots\" content=\"index, follow, max-snippet:-1, max-image-preview:large, max-video-preview:-1\" \/>\n<link rel=\"canonical\" href=\"https:\/\/kinamihealth.com\/hu\/wp-json\/wp\/v2\/product\/116692\" \/>\n<meta property=\"og:locale\" content=\"hu_HU\" \/>\n<meta property=\"og:type\" content=\"article\" \/>\n<meta property=\"og:title\" content=\"V\u00e1s\u00e1roljon Organic Silica &amp; DMAE-t\u2013 Kinami Health\" \/>\n<meta property=\"og:description\" content=\"V\u00e1s\u00e1roljon Organic Silica &amp; DMAE-t a Kinami Health-n\u00e9l \u2013 egy er\u0151teljes sz\u00e9rum, amely feszes\u00edti a b\u0151rt, cs\u00f6kkenti a r\u00e1ncokat \u00e9s jav\u00edtja a rugalmass\u00e1got, \u00edgy fiatalos megjelen\u00e9st biztos\u00edt.\" \/>\n<meta property=\"og:url\" content=\"https:\/\/kinamihealth.com\/hu\/termek\/organic-silica-dmae\/\" \/>\n<meta property=\"og:site_name\" content=\"Kinami Health\" \/>\n<meta property=\"article:modified_time\" content=\"2025-11-08T16:07:23+00:00\" \/>\n<meta property=\"og:image\" content=\"https:\/\/kinamihealth.com\/wp-content\/uploads\/2025\/02\/BCN-ORGANIC-SILICADMAE-01.jpg\" \/>\n\t<meta property=\"og:image:width\" content=\"800\" \/>\n\t<meta property=\"og:image:height\" content=\"800\" \/>\n\t<meta property=\"og:image:type\" content=\"image\/jpeg\" \/>\n<meta name=\"twitter:card\" content=\"summary_large_image\" \/>\n<meta name=\"twitter:label1\" content=\"Becs\u00fclt olvas\u00e1si id\u0151\" \/>\n\t<meta name=\"twitter:data1\" content=\"1 perc\" \/>\n<!-- \/ Yoast SEO plugin. -->","yoast_head_json":{"title":"V\u00e1s\u00e1roljon Organic Silica & DMAE-t\u2013 Kinami Health","description":"V\u00e1s\u00e1roljon Organic Silica & DMAE-t a Kinami Health-n\u00e9l \u2013 egy er\u0151teljes sz\u00e9rum, amely feszes\u00edti a b\u0151rt, cs\u00f6kkenti a r\u00e1ncokat \u00e9s jav\u00edtja a rugalmass\u00e1got, \u00edgy fiatalos megjelen\u00e9st biztos\u00edt.","robots":{"index":"index","follow":"follow","max-snippet":"max-snippet:-1","max-image-preview":"max-image-preview:large","max-video-preview":"max-video-preview:-1"},"canonical":"https:\/\/kinamihealth.com\/hu\/wp-json\/wp\/v2\/product\/116692","og_locale":"hu_HU","og_type":"article","og_title":"V\u00e1s\u00e1roljon Organic Silica & DMAE-t\u2013 Kinami Health","og_description":"V\u00e1s\u00e1roljon Organic Silica & DMAE-t a Kinami Health-n\u00e9l \u2013 egy er\u0151teljes sz\u00e9rum, amely feszes\u00edti a b\u0151rt, cs\u00f6kkenti a r\u00e1ncokat \u00e9s jav\u00edtja a rugalmass\u00e1got, \u00edgy fiatalos megjelen\u00e9st biztos\u00edt.","og_url":"https:\/\/kinamihealth.com\/hu\/termek\/organic-silica-dmae\/","og_site_name":"Kinami Health","article_modified_time":"2025-11-08T16:07:23+00:00","og_image":[{"width":800,"height":800,"url":"https:\/\/kinamihealth.com\/wp-content\/uploads\/2025\/02\/BCN-ORGANIC-SILICADMAE-01.jpg","type":"image\/jpeg"}],"twitter_card":"summary_large_image","twitter_misc":{"Becs\u00fclt olvas\u00e1si id\u0151":"1 perc"},"schema":{"@context":"https:\/\/schema.org","@graph":[{"@type":"WebPage","@id":"https:\/\/kinamihealth.com\/hu\/termek\/organic-silica-dmae\/","url":"https:\/\/kinamihealth.com\/hu\/termek\/organic-silica-dmae\/","name":"V\u00e1s\u00e1roljon Organic Silica & DMAE-t\u2013 Kinami Health","isPartOf":{"@id":"https:\/\/kinamihealth.com\/#website"},"primaryImageOfPage":{"@id":"https:\/\/kinamihealth.com\/hu\/termek\/organic-silica-dmae\/#primaryimage"},"image":{"@id":"https:\/\/kinamihealth.com\/hu\/termek\/organic-silica-dmae\/#primaryimage"},"thumbnailUrl":"https:\/\/kinamihealth.com\/wp-content\/uploads\/2025\/02\/BCN-ORGANIC-SILICADMAE-01.jpg","datePublished":"2025-02-15T16:56:34+00:00","dateModified":"2025-11-08T16:07:23+00:00","description":"V\u00e1s\u00e1roljon Organic Silica & DMAE-t a Kinami Health-n\u00e9l \u2013 egy er\u0151teljes sz\u00e9rum, amely feszes\u00edti a b\u0151rt, cs\u00f6kkenti a r\u00e1ncokat \u00e9s jav\u00edtja a rugalmass\u00e1got, \u00edgy fiatalos megjelen\u00e9st biztos\u00edt.","breadcrumb":{"@id":"https:\/\/kinamihealth.com\/hu\/termek\/organic-silica-dmae\/#breadcrumb"},"inLanguage":"hu","potentialAction":[{"@type":"ReadAction","target":["https:\/\/kinamihealth.com\/hu\/termek\/organic-silica-dmae\/"]}]},{"@type":"ImageObject","inLanguage":"hu","@id":"https:\/\/kinamihealth.com\/hu\/termek\/organic-silica-dmae\/#primaryimage","url":"https:\/\/kinamihealth.com\/wp-content\/uploads\/2025\/02\/BCN-ORGANIC-SILICADMAE-01.jpg","contentUrl":"https:\/\/kinamihealth.com\/wp-content\/uploads\/2025\/02\/BCN-ORGANIC-SILICADMAE-01.jpg","width":800,"height":800},{"@type":"BreadcrumbList","@id":"https:\/\/kinamihealth.com\/hu\/termek\/organic-silica-dmae\/#breadcrumb","itemListElement":[{"@type":"ListItem","position":1,"name":"Kezd\u0151lap","item":"https:\/\/kinamihealth.com\/"},{"@type":"ListItem","position":2,"name":"Bolt","item":"https:\/\/kinamihealth.com\/shop\/"},{"@type":"ListItem","position":3,"name":"ORGANIC SILICA &#038; DMAE"}]},{"@type":"WebSite","@id":"https:\/\/kinamihealth.com\/#website","url":"https:\/\/kinamihealth.com\/","name":"Kinami Health","description":"","publisher":{"@id":"https:\/\/kinamihealth.com\/#organization"},"potentialAction":[{"@type":"SearchAction","target":{"@type":"EntryPoint","urlTemplate":"https:\/\/kinamihealth.com\/?s={search_term_string}"},"query-input":{"@type":"PropertyValueSpecification","valueRequired":true,"valueName":"search_term_string"}}],"inLanguage":"hu"},{"@type":"Organization","@id":"https:\/\/kinamihealth.com\/#organization","name":"Kinami Health","url":"https:\/\/kinamihealth.com\/","logo":{"@type":"ImageObject","inLanguage":"hu","@id":"https:\/\/kinamihealth.com\/#\/schema\/logo\/image\/","url":"https:\/\/kinamihealth.com\/wp-content\/uploads\/2025\/01\/KH_logo_black_2-1.png","contentUrl":"https:\/\/kinamihealth.com\/wp-content\/uploads\/2025\/01\/KH_logo_black_2-1.png","width":339,"height":34,"caption":"Kinami Health"},"image":{"@id":"https:\/\/kinamihealth.com\/#\/schema\/logo\/image\/"}}]}},"_links":{"self":[{"href":"https:\/\/kinamihealth.com\/hu\/wp-json\/wp\/v2\/product\/116692","targetHints":{"allow":["GET"]}}],"collection":[{"href":"https:\/\/kinamihealth.com\/hu\/wp-json\/wp\/v2\/product"}],"about":[{"href":"https:\/\/kinamihealth.com\/hu\/wp-json\/wp\/v2\/types\/product"}],"replies":[{"embeddable":true,"href":"https:\/\/kinamihealth.com\/hu\/wp-json\/wp\/v2\/comments?post=116692"}],"version-history":[{"count":0,"href":"https:\/\/kinamihealth.com\/hu\/wp-json\/wp\/v2\/product\/116692\/revisions"}],"wp:featuredmedia":[{"embeddable":true,"href":"https:\/\/kinamihealth.com\/hu\/wp-json\/wp\/v2\/media\/116693"}],"wp:attachment":[{"href":"https:\/\/kinamihealth.com\/hu\/wp-json\/wp\/v2\/media?parent=116692"}],"wp:term":[{"taxonomy":"product_brand","embeddable":true,"href":"https:\/\/kinamihealth.com\/hu\/wp-json\/wp\/v2\/product_brand?post=116692"},{"taxonomy":"product_cat","embeddable":true,"href":"https:\/\/kinamihealth.com\/hu\/wp-json\/wp\/v2\/product_cat?post=116692"},{"taxonomy":"product_tag","embeddable":true,"href":"https:\/\/kinamihealth.com\/hu\/wp-json\/wp\/v2\/product_tag?post=116692"}],"curies":[{"name":"wp","href":"https:\/\/api.w.org\/{rel}","templated":true}]}}