{"id":116684,"date":"2025-02-15T16:56:29","date_gmt":"2025-02-15T16:56:29","guid":{"rendered":"https:\/\/kinamihealth.com\/product\/nithya-endless-beauty\/"},"modified":"2025-11-08T16:45:29","modified_gmt":"2025-11-08T16:45:29","slug":"nithya-endless-beauty","status":"publish","type":"product","link":"https:\/\/kinamihealth.com\/hu\/termek\/nithya-endless-beauty\/","title":{"rendered":"NITHYA ENDLESS BEAUTY"},"content":{"rendered":"<p>A NITHYA ENDLESS BEAUTY cs\u00f6kkenti a r\u00e1ncokat az \u00e9rz\u00e9keny ter\u00fcleteken, p\u00e9ld\u00e1ul a szemk\u00f6rny\u00e9ken, megakad\u00e1lyozza a b\u0151r lazas\u00e1g\u00e1t, \u00e9s hat\u00e9konyan kezeli az akne hegeket is.<\/p>\n","protected":false},"excerpt":{"rendered":"<p>A NITHYA ENDLESS BEAUTY cs\u00f6kkenti a r\u00e1ncokat az \u00e9rz\u00e9keny ter\u00fcleteken, p\u00e9ld\u00e1ul a szemk\u00f6rny\u00e9ken, megakad\u00e1lyozza a b\u0151r lazas\u00e1g\u00e1t, \u00e9s hat\u00e9konyan kezeli az akne hegeket is.<\/p>\n","protected":false},"featured_media":116687,"comment_status":"closed","ping_status":"closed","template":"","meta":{"_acf_changed":false,"inline_featured_image":false},"product_brand":[3344],"product_cat":[2997],"product_tag":[2979],"class_list":{"0":"post-116684","1":"product","2":"type-product","3":"status-publish","4":"has-post-thumbnail","6":"product_brand-nithya-hu","7":"product_cat-dermalis-toltoanyagok","8":"product_tag-orvostechnikai-eszkozok","10":"first","11":"instock","12":"taxable","13":"shipping-taxable","14":"purchasable","15":"product-type-simple","16":"add-to-wishlist-before_image"},"acf":[],"yoast_head":"<!-- This site is optimized with the Yoast SEO plugin v27.3 - https:\/\/yoast.com\/product\/yoast-seo-wordpress\/ -->\n<title>V\u00e1s\u00e1roljon Nithya Endless Beauty term\u00e9ket online \u2013 Kollag\u00e9n-n\u00f6vel\u0151<\/title>\n<meta name=\"description\" content=\"V\u00e1s\u00e1rolja meg online a Nithya Endless Beauty term\u00e9ket \u2013 pr\u00e9mium kollag\u00e9n alap\u00fa kezel\u00e9st, amely jav\u00edtja a b\u0151r rugalmass\u00e1g\u00e1t, cs\u00f6kkenti a r\u00e1ncokat \u00e9s el\u0151seg\u00edti a term\u00e9szetes regener\u00e1l\u00f3d\u00e1st.\" \/>\n<meta name=\"robots\" content=\"index, follow, max-snippet:-1, max-image-preview:large, max-video-preview:-1\" \/>\n<link rel=\"canonical\" href=\"https:\/\/kinamihealth.com\/hu\/wp-json\/wp\/v2\/product\/116684\" \/>\n<meta property=\"og:locale\" content=\"hu_HU\" \/>\n<meta property=\"og:type\" content=\"article\" \/>\n<meta property=\"og:title\" content=\"V\u00e1s\u00e1roljon Nithya Endless Beauty term\u00e9ket online \u2013 Kollag\u00e9n-n\u00f6vel\u0151\" \/>\n<meta property=\"og:description\" content=\"V\u00e1s\u00e1rolja meg online a Nithya Endless Beauty term\u00e9ket \u2013 pr\u00e9mium kollag\u00e9n alap\u00fa kezel\u00e9st, amely jav\u00edtja a b\u0151r rugalmass\u00e1g\u00e1t, cs\u00f6kkenti a r\u00e1ncokat \u00e9s el\u0151seg\u00edti a term\u00e9szetes regener\u00e1l\u00f3d\u00e1st.\" \/>\n<meta property=\"og:url\" content=\"https:\/\/kinamihealth.com\/hu\/termek\/nithya-endless-beauty\/\" \/>\n<meta property=\"og:site_name\" content=\"Kinami Health\" \/>\n<meta property=\"article:modified_time\" content=\"2025-11-08T16:45:29+00:00\" \/>\n<meta property=\"og:image\" content=\"https:\/\/kinamihealth.com\/wp-content\/uploads\/2025\/02\/Nithya_Endless-Beauty_F.webp\" \/>\n\t<meta property=\"og:image:width\" content=\"1500\" \/>\n\t<meta property=\"og:image:height\" content=\"1500\" \/>\n\t<meta property=\"og:image:type\" content=\"image\/webp\" \/>\n<meta name=\"twitter:card\" content=\"summary_large_image\" \/>\n<meta name=\"twitter:label1\" content=\"Becs\u00fclt olvas\u00e1si id\u0151\" \/>\n\t<meta name=\"twitter:data1\" content=\"1 perc\" \/>\n<!-- \/ Yoast SEO plugin. -->","yoast_head_json":{"title":"V\u00e1s\u00e1roljon Nithya Endless Beauty term\u00e9ket online \u2013 Kollag\u00e9n-n\u00f6vel\u0151","description":"V\u00e1s\u00e1rolja meg online a Nithya Endless Beauty term\u00e9ket \u2013 pr\u00e9mium kollag\u00e9n alap\u00fa kezel\u00e9st, amely jav\u00edtja a b\u0151r rugalmass\u00e1g\u00e1t, cs\u00f6kkenti a r\u00e1ncokat \u00e9s el\u0151seg\u00edti a term\u00e9szetes regener\u00e1l\u00f3d\u00e1st.","robots":{"index":"index","follow":"follow","max-snippet":"max-snippet:-1","max-image-preview":"max-image-preview:large","max-video-preview":"max-video-preview:-1"},"canonical":"https:\/\/kinamihealth.com\/hu\/wp-json\/wp\/v2\/product\/116684","og_locale":"hu_HU","og_type":"article","og_title":"V\u00e1s\u00e1roljon Nithya Endless Beauty term\u00e9ket online \u2013 Kollag\u00e9n-n\u00f6vel\u0151","og_description":"V\u00e1s\u00e1rolja meg online a Nithya Endless Beauty term\u00e9ket \u2013 pr\u00e9mium kollag\u00e9n alap\u00fa kezel\u00e9st, amely jav\u00edtja a b\u0151r rugalmass\u00e1g\u00e1t, cs\u00f6kkenti a r\u00e1ncokat \u00e9s el\u0151seg\u00edti a term\u00e9szetes regener\u00e1l\u00f3d\u00e1st.","og_url":"https:\/\/kinamihealth.com\/hu\/termek\/nithya-endless-beauty\/","og_site_name":"Kinami Health","article_modified_time":"2025-11-08T16:45:29+00:00","og_image":[{"width":1500,"height":1500,"url":"https:\/\/kinamihealth.com\/wp-content\/uploads\/2025\/02\/Nithya_Endless-Beauty_F.webp","type":"image\/webp"}],"twitter_card":"summary_large_image","twitter_misc":{"Becs\u00fclt olvas\u00e1si id\u0151":"1 perc"},"schema":{"@context":"https:\/\/schema.org","@graph":[{"@type":"WebPage","@id":"https:\/\/kinamihealth.com\/hu\/termek\/nithya-endless-beauty\/","url":"https:\/\/kinamihealth.com\/hu\/termek\/nithya-endless-beauty\/","name":"V\u00e1s\u00e1roljon Nithya Endless Beauty term\u00e9ket online \u2013 Kollag\u00e9n-n\u00f6vel\u0151","isPartOf":{"@id":"https:\/\/kinamihealth.com\/#website"},"primaryImageOfPage":{"@id":"https:\/\/kinamihealth.com\/hu\/termek\/nithya-endless-beauty\/#primaryimage"},"image":{"@id":"https:\/\/kinamihealth.com\/hu\/termek\/nithya-endless-beauty\/#primaryimage"},"thumbnailUrl":"https:\/\/kinamihealth.com\/wp-content\/uploads\/2025\/02\/Nithya_Endless-Beauty_F.webp","datePublished":"2025-02-15T16:56:29+00:00","dateModified":"2025-11-08T16:45:29+00:00","description":"V\u00e1s\u00e1rolja meg online a Nithya Endless Beauty term\u00e9ket \u2013 pr\u00e9mium kollag\u00e9n alap\u00fa kezel\u00e9st, amely jav\u00edtja a b\u0151r rugalmass\u00e1g\u00e1t, cs\u00f6kkenti a r\u00e1ncokat \u00e9s el\u0151seg\u00edti a term\u00e9szetes regener\u00e1l\u00f3d\u00e1st.","breadcrumb":{"@id":"https:\/\/kinamihealth.com\/hu\/termek\/nithya-endless-beauty\/#breadcrumb"},"inLanguage":"hu","potentialAction":[{"@type":"ReadAction","target":["https:\/\/kinamihealth.com\/hu\/termek\/nithya-endless-beauty\/"]}]},{"@type":"ImageObject","inLanguage":"hu","@id":"https:\/\/kinamihealth.com\/hu\/termek\/nithya-endless-beauty\/#primaryimage","url":"https:\/\/kinamihealth.com\/wp-content\/uploads\/2025\/02\/Nithya_Endless-Beauty_F.webp","contentUrl":"https:\/\/kinamihealth.com\/wp-content\/uploads\/2025\/02\/Nithya_Endless-Beauty_F.webp","width":1500,"height":1500},{"@type":"BreadcrumbList","@id":"https:\/\/kinamihealth.com\/hu\/termek\/nithya-endless-beauty\/#breadcrumb","itemListElement":[{"@type":"ListItem","position":1,"name":"Kezd\u0151lap","item":"https:\/\/kinamihealth.com\/"},{"@type":"ListItem","position":2,"name":"Bolt","item":"https:\/\/kinamihealth.com\/shop\/"},{"@type":"ListItem","position":3,"name":"NITHYA ENDLESS BEAUTY"}]},{"@type":"WebSite","@id":"https:\/\/kinamihealth.com\/#website","url":"https:\/\/kinamihealth.com\/","name":"Kinami Health","description":"","publisher":{"@id":"https:\/\/kinamihealth.com\/#organization"},"potentialAction":[{"@type":"SearchAction","target":{"@type":"EntryPoint","urlTemplate":"https:\/\/kinamihealth.com\/?s={search_term_string}"},"query-input":{"@type":"PropertyValueSpecification","valueRequired":true,"valueName":"search_term_string"}}],"inLanguage":"hu"},{"@type":"Organization","@id":"https:\/\/kinamihealth.com\/#organization","name":"Kinami Health","url":"https:\/\/kinamihealth.com\/","logo":{"@type":"ImageObject","inLanguage":"hu","@id":"https:\/\/kinamihealth.com\/#\/schema\/logo\/image\/","url":"https:\/\/kinamihealth.com\/wp-content\/uploads\/2025\/01\/KH_logo_black_2-1.png","contentUrl":"https:\/\/kinamihealth.com\/wp-content\/uploads\/2025\/01\/KH_logo_black_2-1.png","width":339,"height":34,"caption":"Kinami Health"},"image":{"@id":"https:\/\/kinamihealth.com\/#\/schema\/logo\/image\/"}}]}},"_links":{"self":[{"href":"https:\/\/kinamihealth.com\/hu\/wp-json\/wp\/v2\/product\/116684","targetHints":{"allow":["GET"]}}],"collection":[{"href":"https:\/\/kinamihealth.com\/hu\/wp-json\/wp\/v2\/product"}],"about":[{"href":"https:\/\/kinamihealth.com\/hu\/wp-json\/wp\/v2\/types\/product"}],"replies":[{"embeddable":true,"href":"https:\/\/kinamihealth.com\/hu\/wp-json\/wp\/v2\/comments?post=116684"}],"version-history":[{"count":0,"href":"https:\/\/kinamihealth.com\/hu\/wp-json\/wp\/v2\/product\/116684\/revisions"}],"wp:featuredmedia":[{"embeddable":true,"href":"https:\/\/kinamihealth.com\/hu\/wp-json\/wp\/v2\/media\/116687"}],"wp:attachment":[{"href":"https:\/\/kinamihealth.com\/hu\/wp-json\/wp\/v2\/media?parent=116684"}],"wp:term":[{"taxonomy":"product_brand","embeddable":true,"href":"https:\/\/kinamihealth.com\/hu\/wp-json\/wp\/v2\/product_brand?post=116684"},{"taxonomy":"product_cat","embeddable":true,"href":"https:\/\/kinamihealth.com\/hu\/wp-json\/wp\/v2\/product_cat?post=116684"},{"taxonomy":"product_tag","embeddable":true,"href":"https:\/\/kinamihealth.com\/hu\/wp-json\/wp\/v2\/product_tag?post=116684"}],"curies":[{"name":"wp","href":"https:\/\/api.w.org\/{rel}","templated":true}]}}