{"id":116681,"date":"2025-02-15T16:56:24","date_gmt":"2025-02-15T16:56:24","guid":{"rendered":"https:\/\/kinamihealth.com\/product\/neauvia-organic-stimulate-man\/"},"modified":"2025-11-08T16:50:32","modified_gmt":"2025-11-08T16:50:32","slug":"neauvia-organic-stimulate-man","status":"publish","type":"product","link":"https:\/\/kinamihealth.com\/hu\/termek\/neauvia-organic-stimulate-man\/","title":{"rendered":"NEAUVIA\u2122 ORGANIC STIMULATE MAN"},"content":{"rendered":"<p>A Neauvia Organic Stimulate 1 ml ide\u00e1lis a b\u0151r volumenhi\u00e1ny\u00e1nak \u00e9s s\u0171r\u0171s\u00e9g\u00e9nek kezel\u00e9s\u00e9re. A term\u00e9k azonnal kit\u00f6lti a sz\u00f6veti hi\u00e1nyokat, \u00edgy a b\u0151r megkapja a k\u00edv\u00e1nt form\u00e1t \u00e9s volument, mik\u00f6zben bio-stimul\u00e1l\u00f3 tulajdons\u00e1gainak k\u00f6sz\u00f6nhet\u0151en fokozatosan jav\u00edtja a b\u0151r min\u0151s\u00e9g\u00e9t. A Neauvia Stimulate Man m\u00e9ly b\u0151rdepresszi\u00f3k (t\u00f6bbek k\u00f6z\u00f6tt m\u00e9ly r\u00e1ncok \u00e9s nasolabialis red\u0151k) kit\u00f6lt\u00e9s\u00e9re javallott, t\u00f6k\u00e9letes v\u00e1laszt\u00e1s, ha a p\u00e1ciens volumen- \u00e9s s\u0171r\u0171s\u00e9ghi\u00e1nyban szenved.<\/p>\n","protected":false},"excerpt":{"rendered":"<p>A Neauvia Organic Stimulate 1 ml ide\u00e1lis a b\u0151r volumenhi\u00e1ny\u00e1nak \u00e9s s\u0171r\u0171s\u00e9g\u00e9nek kezel\u00e9s\u00e9re. A term\u00e9k azonnal kit\u00f6lti a sz\u00f6veti hi\u00e1nyokat, \u00edgy a b\u0151r megkapja a k\u00edv\u00e1nt form\u00e1t \u00e9s volument, mik\u00f6zben bio-stimul\u00e1l\u00f3 tulajdons\u00e1gainak k\u00f6sz\u00f6nhet\u0151en fokozatosan jav\u00edtja a b\u0151r min\u0151s\u00e9g\u00e9t. A Neauvia Stimulate Man m\u00e9ly b\u0151rdepresszi\u00f3k (t\u00f6bbek k\u00f6z\u00f6tt m\u00e9ly r\u00e1ncok \u00e9s nasolabialis red\u0151k) kit\u00f6lt\u00e9s\u00e9re javallott, t\u00f6k\u00e9letes v\u00e1laszt\u00e1s, [&hellip;]<\/p>\n","protected":false},"featured_media":116683,"comment_status":"closed","ping_status":"closed","template":"","meta":{"_acf_changed":false,"inline_featured_image":false},"product_brand":[2244],"product_cat":[2997,3002],"product_tag":[2979],"class_list":{"0":"post-116681","1":"product","2":"type-product","3":"status-publish","4":"has-post-thumbnail","6":"product_brand-neauvia","7":"product_cat-dermalis-toltoanyagok","8":"product_cat-ha-borfeltoltok","9":"product_tag-orvostechnikai-eszkozok","11":"first","12":"instock","13":"taxable","14":"shipping-taxable","15":"purchasable","16":"product-type-simple","17":"add-to-wishlist-before_image"},"acf":[],"yoast_head":"<!-- This site is optimized with the Yoast SEO plugin v27.3 - https:\/\/yoast.com\/product\/yoast-seo-wordpress\/ -->\n<title>V\u00e1s\u00e1roljon NEAUVIA Organic STIMULATE Man term\u00e9ket online<\/title>\n<meta name=\"description\" content=\"V\u00e1s\u00e1rolja meg online a NEAUVIA Organic STIMULATE Man term\u00e9ket a b\u0151r revitaliz\u00e1l\u00e1s\u00e1hoz. Ez az egyed\u00fcl\u00e1ll\u00f3 t\u00f6lt\u0151anyag n\u00f6veli a b\u0151r t\u00e9rfogat\u00e1t, cs\u00f6kkenti a r\u00e1ncokat \u00e9s hat\u00e9konyan serkenti a kollag\u00e9n termel\u00e9st.\" \/>\n<meta name=\"robots\" content=\"index, follow, max-snippet:-1, max-image-preview:large, max-video-preview:-1\" \/>\n<link rel=\"canonical\" href=\"https:\/\/kinamihealth.com\/hu\/wp-json\/wp\/v2\/product\/116681\" \/>\n<meta property=\"og:locale\" content=\"hu_HU\" \/>\n<meta property=\"og:type\" content=\"article\" \/>\n<meta property=\"og:title\" content=\"V\u00e1s\u00e1roljon NEAUVIA Organic STIMULATE Man term\u00e9ket online\" \/>\n<meta property=\"og:description\" content=\"V\u00e1s\u00e1rolja meg online a NEAUVIA Organic STIMULATE Man term\u00e9ket a b\u0151r revitaliz\u00e1l\u00e1s\u00e1hoz. Ez az egyed\u00fcl\u00e1ll\u00f3 t\u00f6lt\u0151anyag n\u00f6veli a b\u0151r t\u00e9rfogat\u00e1t, cs\u00f6kkenti a r\u00e1ncokat \u00e9s hat\u00e9konyan serkenti a kollag\u00e9n termel\u00e9st.\" \/>\n<meta property=\"og:url\" content=\"https:\/\/kinamihealth.com\/hu\/termek\/neauvia-organic-stimulate-man\/\" \/>\n<meta property=\"og:site_name\" content=\"Kinami Health\" \/>\n<meta property=\"article:modified_time\" content=\"2025-11-08T16:50:32+00:00\" \/>\n<meta property=\"og:image\" content=\"https:\/\/kinamihealth.com\/wp-content\/uploads\/2025\/02\/Neauvia-Stimulate-Man_Front.webp\" \/>\n\t<meta property=\"og:image:width\" content=\"1500\" \/>\n\t<meta property=\"og:image:height\" content=\"1500\" \/>\n\t<meta property=\"og:image:type\" content=\"image\/webp\" \/>\n<meta name=\"twitter:card\" content=\"summary_large_image\" \/>\n<meta name=\"twitter:label1\" content=\"Becs\u00fclt olvas\u00e1si id\u0151\" \/>\n\t<meta name=\"twitter:data1\" content=\"1 perc\" \/>\n<!-- \/ Yoast SEO plugin. -->","yoast_head_json":{"title":"V\u00e1s\u00e1roljon NEAUVIA Organic STIMULATE Man term\u00e9ket online","description":"V\u00e1s\u00e1rolja meg online a NEAUVIA Organic STIMULATE Man term\u00e9ket a b\u0151r revitaliz\u00e1l\u00e1s\u00e1hoz. Ez az egyed\u00fcl\u00e1ll\u00f3 t\u00f6lt\u0151anyag n\u00f6veli a b\u0151r t\u00e9rfogat\u00e1t, cs\u00f6kkenti a r\u00e1ncokat \u00e9s hat\u00e9konyan serkenti a kollag\u00e9n termel\u00e9st.","robots":{"index":"index","follow":"follow","max-snippet":"max-snippet:-1","max-image-preview":"max-image-preview:large","max-video-preview":"max-video-preview:-1"},"canonical":"https:\/\/kinamihealth.com\/hu\/wp-json\/wp\/v2\/product\/116681","og_locale":"hu_HU","og_type":"article","og_title":"V\u00e1s\u00e1roljon NEAUVIA Organic STIMULATE Man term\u00e9ket online","og_description":"V\u00e1s\u00e1rolja meg online a NEAUVIA Organic STIMULATE Man term\u00e9ket a b\u0151r revitaliz\u00e1l\u00e1s\u00e1hoz. Ez az egyed\u00fcl\u00e1ll\u00f3 t\u00f6lt\u0151anyag n\u00f6veli a b\u0151r t\u00e9rfogat\u00e1t, cs\u00f6kkenti a r\u00e1ncokat \u00e9s hat\u00e9konyan serkenti a kollag\u00e9n termel\u00e9st.","og_url":"https:\/\/kinamihealth.com\/hu\/termek\/neauvia-organic-stimulate-man\/","og_site_name":"Kinami Health","article_modified_time":"2025-11-08T16:50:32+00:00","og_image":[{"width":1500,"height":1500,"url":"https:\/\/kinamihealth.com\/wp-content\/uploads\/2025\/02\/Neauvia-Stimulate-Man_Front.webp","type":"image\/webp"}],"twitter_card":"summary_large_image","twitter_misc":{"Becs\u00fclt olvas\u00e1si id\u0151":"1 perc"},"schema":{"@context":"https:\/\/schema.org","@graph":[{"@type":"WebPage","@id":"https:\/\/kinamihealth.com\/hu\/termek\/neauvia-organic-stimulate-man\/","url":"https:\/\/kinamihealth.com\/hu\/termek\/neauvia-organic-stimulate-man\/","name":"V\u00e1s\u00e1roljon NEAUVIA Organic STIMULATE Man term\u00e9ket online","isPartOf":{"@id":"https:\/\/kinamihealth.com\/#website"},"primaryImageOfPage":{"@id":"https:\/\/kinamihealth.com\/hu\/termek\/neauvia-organic-stimulate-man\/#primaryimage"},"image":{"@id":"https:\/\/kinamihealth.com\/hu\/termek\/neauvia-organic-stimulate-man\/#primaryimage"},"thumbnailUrl":"https:\/\/kinamihealth.com\/wp-content\/uploads\/2025\/02\/Neauvia-Stimulate-Man_Front.webp","datePublished":"2025-02-15T16:56:24+00:00","dateModified":"2025-11-08T16:50:32+00:00","description":"V\u00e1s\u00e1rolja meg online a NEAUVIA Organic STIMULATE Man term\u00e9ket a b\u0151r revitaliz\u00e1l\u00e1s\u00e1hoz. Ez az egyed\u00fcl\u00e1ll\u00f3 t\u00f6lt\u0151anyag n\u00f6veli a b\u0151r t\u00e9rfogat\u00e1t, cs\u00f6kkenti a r\u00e1ncokat \u00e9s hat\u00e9konyan serkenti a kollag\u00e9n termel\u00e9st.","breadcrumb":{"@id":"https:\/\/kinamihealth.com\/hu\/termek\/neauvia-organic-stimulate-man\/#breadcrumb"},"inLanguage":"hu","potentialAction":[{"@type":"ReadAction","target":["https:\/\/kinamihealth.com\/hu\/termek\/neauvia-organic-stimulate-man\/"]}]},{"@type":"ImageObject","inLanguage":"hu","@id":"https:\/\/kinamihealth.com\/hu\/termek\/neauvia-organic-stimulate-man\/#primaryimage","url":"https:\/\/kinamihealth.com\/wp-content\/uploads\/2025\/02\/Neauvia-Stimulate-Man_Front.webp","contentUrl":"https:\/\/kinamihealth.com\/wp-content\/uploads\/2025\/02\/Neauvia-Stimulate-Man_Front.webp","width":1500,"height":1500},{"@type":"BreadcrumbList","@id":"https:\/\/kinamihealth.com\/hu\/termek\/neauvia-organic-stimulate-man\/#breadcrumb","itemListElement":[{"@type":"ListItem","position":1,"name":"Kezd\u0151lap","item":"https:\/\/kinamihealth.com\/"},{"@type":"ListItem","position":2,"name":"Bolt","item":"https:\/\/kinamihealth.com\/shop\/"},{"@type":"ListItem","position":3,"name":"NEAUVIA\u2122 ORGANIC STIMULATE MAN"}]},{"@type":"WebSite","@id":"https:\/\/kinamihealth.com\/#website","url":"https:\/\/kinamihealth.com\/","name":"Kinami Health","description":"","publisher":{"@id":"https:\/\/kinamihealth.com\/#organization"},"potentialAction":[{"@type":"SearchAction","target":{"@type":"EntryPoint","urlTemplate":"https:\/\/kinamihealth.com\/?s={search_term_string}"},"query-input":{"@type":"PropertyValueSpecification","valueRequired":true,"valueName":"search_term_string"}}],"inLanguage":"hu"},{"@type":"Organization","@id":"https:\/\/kinamihealth.com\/#organization","name":"Kinami Health","url":"https:\/\/kinamihealth.com\/","logo":{"@type":"ImageObject","inLanguage":"hu","@id":"https:\/\/kinamihealth.com\/#\/schema\/logo\/image\/","url":"https:\/\/kinamihealth.com\/wp-content\/uploads\/2025\/01\/KH_logo_black_2-1.png","contentUrl":"https:\/\/kinamihealth.com\/wp-content\/uploads\/2025\/01\/KH_logo_black_2-1.png","width":339,"height":34,"caption":"Kinami Health"},"image":{"@id":"https:\/\/kinamihealth.com\/#\/schema\/logo\/image\/"}}]}},"_links":{"self":[{"href":"https:\/\/kinamihealth.com\/hu\/wp-json\/wp\/v2\/product\/116681","targetHints":{"allow":["GET"]}}],"collection":[{"href":"https:\/\/kinamihealth.com\/hu\/wp-json\/wp\/v2\/product"}],"about":[{"href":"https:\/\/kinamihealth.com\/hu\/wp-json\/wp\/v2\/types\/product"}],"replies":[{"embeddable":true,"href":"https:\/\/kinamihealth.com\/hu\/wp-json\/wp\/v2\/comments?post=116681"}],"version-history":[{"count":0,"href":"https:\/\/kinamihealth.com\/hu\/wp-json\/wp\/v2\/product\/116681\/revisions"}],"wp:featuredmedia":[{"embeddable":true,"href":"https:\/\/kinamihealth.com\/hu\/wp-json\/wp\/v2\/media\/116683"}],"wp:attachment":[{"href":"https:\/\/kinamihealth.com\/hu\/wp-json\/wp\/v2\/media?parent=116681"}],"wp:term":[{"taxonomy":"product_brand","embeddable":true,"href":"https:\/\/kinamihealth.com\/hu\/wp-json\/wp\/v2\/product_brand?post=116681"},{"taxonomy":"product_cat","embeddable":true,"href":"https:\/\/kinamihealth.com\/hu\/wp-json\/wp\/v2\/product_cat?post=116681"},{"taxonomy":"product_tag","embeddable":true,"href":"https:\/\/kinamihealth.com\/hu\/wp-json\/wp\/v2\/product_tag?post=116681"}],"curies":[{"name":"wp","href":"https:\/\/api.w.org\/{rel}","templated":true}]}}