{"id":116665,"date":"2025-02-15T16:56:22","date_gmt":"2025-02-15T16:56:22","guid":{"rendered":"https:\/\/kinamihealth.com\/product\/neauvia-organic-intense-man\/"},"modified":"2025-11-08T17:02:13","modified_gmt":"2025-11-08T17:02:13","slug":"neauvia-organic-intense-man","status":"publish","type":"product","link":"https:\/\/kinamihealth.com\/hu\/termek\/neauvia-organic-intense-man\/","title":{"rendered":"NEAUVIA\u2122 ORGANIC INTENSE MAN"},"content":{"rendered":"<p>A Neauvia Organic Intense egy volumenn\u00f6vel\u0151 t\u00f6lt\u0151anyag, amely magas biointegr\u00e1ci\u00f3j\u00fa \u00e9s viszkoelasztikus hialuronsavon (PEG keresztk\u00f6t\u00e9ses technol\u00f3gia) alapul. A Neauvia Organic Intense Man k\u00fcl\u00f6n\u00f6sen alkalmas a b\u0151r m\u00e9lyed\u00e9seinek (bele\u00e9rtve a m\u00e9ly r\u00e1ncokat \u00e9s az orr-sz\u00e1j r\u00e1ncokat), az arccsontok, az orr \u00e9s az arc form\u00e1z\u00e1s\u00e1nak m\u00e9ly kit\u00f6lt\u00e9s\u00e9re, a f\u00e9rfiakn\u00e1l az \u00e9letkor miatt k\u00f6zepesen \u00e9s er\u0151sen \u00f6regedett b\u0151r\u00f6n.<\/p>\n","protected":false},"excerpt":{"rendered":"<p>A Neauvia Organic Intense egy volumenn\u00f6vel\u0151 t\u00f6lt\u0151anyag, amely magas biointegr\u00e1ci\u00f3j\u00fa \u00e9s viszkoelasztikus hialuronsavon (PEG keresztk\u00f6t\u00e9ses technol\u00f3gia) alapul. A Neauvia Organic Intense Man k\u00fcl\u00f6n\u00f6sen alkalmas a b\u0151r m\u00e9lyed\u00e9seinek (bele\u00e9rtve a m\u00e9ly r\u00e1ncokat \u00e9s az orr-sz\u00e1j r\u00e1ncokat), az arccsontok, az orr \u00e9s az arc form\u00e1z\u00e1s\u00e1nak m\u00e9ly kit\u00f6lt\u00e9s\u00e9re, a f\u00e9rfiakn\u00e1l az \u00e9letkor miatt k\u00f6zepesen \u00e9s er\u0151sen \u00f6regedett b\u0151r\u00f6n.<\/p>\n","protected":false},"featured_media":116668,"comment_status":"closed","ping_status":"closed","template":"","meta":{"_acf_changed":false,"inline_featured_image":false},"product_brand":[2244],"product_cat":[2997,3002],"product_tag":[2979],"class_list":{"0":"post-116665","1":"product","2":"type-product","3":"status-publish","4":"has-post-thumbnail","6":"product_brand-neauvia","7":"product_cat-dermalis-toltoanyagok","8":"product_cat-ha-borfeltoltok","9":"product_tag-orvostechnikai-eszkozok","11":"first","12":"instock","13":"taxable","14":"shipping-taxable","15":"purchasable","16":"product-type-simple","17":"add-to-wishlist-before_image"},"acf":[],"yoast_head":"<!-- This site is optimized with the Yoast SEO plugin v27.3 - https:\/\/yoast.com\/product\/yoast-seo-wordpress\/ -->\n<title>V\u00e1s\u00e1roljon NEAUVIA ORGANIC INTENSE MAN term\u00e9ket online<\/title>\n<meta name=\"description\" content=\"V\u00e1s\u00e1rolja meg online a NEAUVIA ORGANIC INTENSE MAN term\u00e9ket, hogy feszesebb b\u0151rt \u00e9rjen el a f\u00e9rfiakn\u00e1l, helyre\u00e1ll\u00edtsa a fiatalos ragyog\u00e1st, n\u00f6velje a b\u0151r rugalmass\u00e1g\u00e1t \u00e9s lek\u00fczdje az \u00f6reged\u00e9s jeleit.\" \/>\n<meta name=\"robots\" content=\"index, follow, max-snippet:-1, max-image-preview:large, max-video-preview:-1\" \/>\n<link rel=\"canonical\" href=\"https:\/\/kinamihealth.com\/hu\/wp-json\/wp\/v2\/product\/116665\" \/>\n<meta property=\"og:locale\" content=\"hu_HU\" \/>\n<meta property=\"og:type\" content=\"article\" \/>\n<meta property=\"og:title\" content=\"V\u00e1s\u00e1roljon NEAUVIA ORGANIC INTENSE MAN term\u00e9ket online\" \/>\n<meta property=\"og:description\" content=\"V\u00e1s\u00e1rolja meg online a NEAUVIA ORGANIC INTENSE MAN term\u00e9ket, hogy feszesebb b\u0151rt \u00e9rjen el a f\u00e9rfiakn\u00e1l, helyre\u00e1ll\u00edtsa a fiatalos ragyog\u00e1st, n\u00f6velje a b\u0151r rugalmass\u00e1g\u00e1t \u00e9s lek\u00fczdje az \u00f6reged\u00e9s jeleit.\" \/>\n<meta property=\"og:url\" content=\"https:\/\/kinamihealth.com\/hu\/termek\/neauvia-organic-intense-man\/\" \/>\n<meta property=\"og:site_name\" content=\"Kinami Health\" \/>\n<meta property=\"article:modified_time\" content=\"2025-11-08T17:02:13+00:00\" \/>\n<meta property=\"og:image\" content=\"https:\/\/kinamihealth.com\/wp-content\/uploads\/2025\/02\/Neauvia-Intense-Man_FRONT.webp\" \/>\n\t<meta property=\"og:image:width\" content=\"1500\" \/>\n\t<meta property=\"og:image:height\" content=\"1500\" \/>\n\t<meta property=\"og:image:type\" content=\"image\/webp\" \/>\n<meta name=\"twitter:card\" content=\"summary_large_image\" \/>\n<meta name=\"twitter:label1\" content=\"Becs\u00fclt olvas\u00e1si id\u0151\" \/>\n\t<meta name=\"twitter:data1\" content=\"1 perc\" \/>\n<!-- \/ Yoast SEO plugin. -->","yoast_head_json":{"title":"V\u00e1s\u00e1roljon NEAUVIA ORGANIC INTENSE MAN term\u00e9ket online","description":"V\u00e1s\u00e1rolja meg online a NEAUVIA ORGANIC INTENSE MAN term\u00e9ket, hogy feszesebb b\u0151rt \u00e9rjen el a f\u00e9rfiakn\u00e1l, helyre\u00e1ll\u00edtsa a fiatalos ragyog\u00e1st, n\u00f6velje a b\u0151r rugalmass\u00e1g\u00e1t \u00e9s lek\u00fczdje az \u00f6reged\u00e9s jeleit.","robots":{"index":"index","follow":"follow","max-snippet":"max-snippet:-1","max-image-preview":"max-image-preview:large","max-video-preview":"max-video-preview:-1"},"canonical":"https:\/\/kinamihealth.com\/hu\/wp-json\/wp\/v2\/product\/116665","og_locale":"hu_HU","og_type":"article","og_title":"V\u00e1s\u00e1roljon NEAUVIA ORGANIC INTENSE MAN term\u00e9ket online","og_description":"V\u00e1s\u00e1rolja meg online a NEAUVIA ORGANIC INTENSE MAN term\u00e9ket, hogy feszesebb b\u0151rt \u00e9rjen el a f\u00e9rfiakn\u00e1l, helyre\u00e1ll\u00edtsa a fiatalos ragyog\u00e1st, n\u00f6velje a b\u0151r rugalmass\u00e1g\u00e1t \u00e9s lek\u00fczdje az \u00f6reged\u00e9s jeleit.","og_url":"https:\/\/kinamihealth.com\/hu\/termek\/neauvia-organic-intense-man\/","og_site_name":"Kinami Health","article_modified_time":"2025-11-08T17:02:13+00:00","og_image":[{"width":1500,"height":1500,"url":"https:\/\/kinamihealth.com\/wp-content\/uploads\/2025\/02\/Neauvia-Intense-Man_FRONT.webp","type":"image\/webp"}],"twitter_card":"summary_large_image","twitter_misc":{"Becs\u00fclt olvas\u00e1si id\u0151":"1 perc"},"schema":{"@context":"https:\/\/schema.org","@graph":[{"@type":"WebPage","@id":"https:\/\/kinamihealth.com\/hu\/termek\/neauvia-organic-intense-man\/","url":"https:\/\/kinamihealth.com\/hu\/termek\/neauvia-organic-intense-man\/","name":"V\u00e1s\u00e1roljon NEAUVIA ORGANIC INTENSE MAN term\u00e9ket online","isPartOf":{"@id":"https:\/\/kinamihealth.com\/#website"},"primaryImageOfPage":{"@id":"https:\/\/kinamihealth.com\/hu\/termek\/neauvia-organic-intense-man\/#primaryimage"},"image":{"@id":"https:\/\/kinamihealth.com\/hu\/termek\/neauvia-organic-intense-man\/#primaryimage"},"thumbnailUrl":"https:\/\/kinamihealth.com\/wp-content\/uploads\/2025\/02\/Neauvia-Intense-Man_FRONT.webp","datePublished":"2025-02-15T16:56:22+00:00","dateModified":"2025-11-08T17:02:13+00:00","description":"V\u00e1s\u00e1rolja meg online a NEAUVIA ORGANIC INTENSE MAN term\u00e9ket, hogy feszesebb b\u0151rt \u00e9rjen el a f\u00e9rfiakn\u00e1l, helyre\u00e1ll\u00edtsa a fiatalos ragyog\u00e1st, n\u00f6velje a b\u0151r rugalmass\u00e1g\u00e1t \u00e9s lek\u00fczdje az \u00f6reged\u00e9s jeleit.","breadcrumb":{"@id":"https:\/\/kinamihealth.com\/hu\/termek\/neauvia-organic-intense-man\/#breadcrumb"},"inLanguage":"hu","potentialAction":[{"@type":"ReadAction","target":["https:\/\/kinamihealth.com\/hu\/termek\/neauvia-organic-intense-man\/"]}]},{"@type":"ImageObject","inLanguage":"hu","@id":"https:\/\/kinamihealth.com\/hu\/termek\/neauvia-organic-intense-man\/#primaryimage","url":"https:\/\/kinamihealth.com\/wp-content\/uploads\/2025\/02\/Neauvia-Intense-Man_FRONT.webp","contentUrl":"https:\/\/kinamihealth.com\/wp-content\/uploads\/2025\/02\/Neauvia-Intense-Man_FRONT.webp","width":1500,"height":1500},{"@type":"BreadcrumbList","@id":"https:\/\/kinamihealth.com\/hu\/termek\/neauvia-organic-intense-man\/#breadcrumb","itemListElement":[{"@type":"ListItem","position":1,"name":"Kezd\u0151lap","item":"https:\/\/kinamihealth.com\/"},{"@type":"ListItem","position":2,"name":"Bolt","item":"https:\/\/kinamihealth.com\/shop\/"},{"@type":"ListItem","position":3,"name":"NEAUVIA\u2122 ORGANIC INTENSE MAN"}]},{"@type":"WebSite","@id":"https:\/\/kinamihealth.com\/#website","url":"https:\/\/kinamihealth.com\/","name":"Kinami Health","description":"","publisher":{"@id":"https:\/\/kinamihealth.com\/#organization"},"potentialAction":[{"@type":"SearchAction","target":{"@type":"EntryPoint","urlTemplate":"https:\/\/kinamihealth.com\/?s={search_term_string}"},"query-input":{"@type":"PropertyValueSpecification","valueRequired":true,"valueName":"search_term_string"}}],"inLanguage":"hu"},{"@type":"Organization","@id":"https:\/\/kinamihealth.com\/#organization","name":"Kinami Health","url":"https:\/\/kinamihealth.com\/","logo":{"@type":"ImageObject","inLanguage":"hu","@id":"https:\/\/kinamihealth.com\/#\/schema\/logo\/image\/","url":"https:\/\/kinamihealth.com\/wp-content\/uploads\/2025\/01\/KH_logo_black_2-1.png","contentUrl":"https:\/\/kinamihealth.com\/wp-content\/uploads\/2025\/01\/KH_logo_black_2-1.png","width":339,"height":34,"caption":"Kinami Health"},"image":{"@id":"https:\/\/kinamihealth.com\/#\/schema\/logo\/image\/"}}]}},"_links":{"self":[{"href":"https:\/\/kinamihealth.com\/hu\/wp-json\/wp\/v2\/product\/116665","targetHints":{"allow":["GET"]}}],"collection":[{"href":"https:\/\/kinamihealth.com\/hu\/wp-json\/wp\/v2\/product"}],"about":[{"href":"https:\/\/kinamihealth.com\/hu\/wp-json\/wp\/v2\/types\/product"}],"replies":[{"embeddable":true,"href":"https:\/\/kinamihealth.com\/hu\/wp-json\/wp\/v2\/comments?post=116665"}],"version-history":[{"count":0,"href":"https:\/\/kinamihealth.com\/hu\/wp-json\/wp\/v2\/product\/116665\/revisions"}],"wp:featuredmedia":[{"embeddable":true,"href":"https:\/\/kinamihealth.com\/hu\/wp-json\/wp\/v2\/media\/116668"}],"wp:attachment":[{"href":"https:\/\/kinamihealth.com\/hu\/wp-json\/wp\/v2\/media?parent=116665"}],"wp:term":[{"taxonomy":"product_brand","embeddable":true,"href":"https:\/\/kinamihealth.com\/hu\/wp-json\/wp\/v2\/product_brand?post=116665"},{"taxonomy":"product_cat","embeddable":true,"href":"https:\/\/kinamihealth.com\/hu\/wp-json\/wp\/v2\/product_cat?post=116665"},{"taxonomy":"product_tag","embeddable":true,"href":"https:\/\/kinamihealth.com\/hu\/wp-json\/wp\/v2\/product_tag?post=116665"}],"curies":[{"name":"wp","href":"https:\/\/api.w.org\/{rel}","templated":true}]}}